{"id":6162,"date":"2026-04-02T11:33:54","date_gmt":"2026-04-02T03:33:54","guid":{"rendered":"https:\/\/minghanggroup.com\/?post_type=product&#038;p=6162"},"modified":"2026-04-02T13:25:44","modified_gmt":"2026-04-02T05:25:44","slug":"smoky-lantern-shape-ribbed-glass-vases-bulk","status":"publish","type":"product","link":"https:\/\/minghanggroup.com\/pt\/produto\/smoky-lantern-shape-ribbed-glass-vases-bulk\/","title":{"rendered":"Vasos de vidro canelado em formato de lanterna fum\u00ea (a granel)"},"content":{"rendered":"<p>O design do vaso de vidro canelado inspira-se no design tradicional das lanternas. O produto de vidro transparente com tonalidade cinza fum\u00ea apresenta nervuras verticais profundas que cobrem toda a sua superf\u00edcie, e o acabamento em metal dourado na abertura cria uma impress\u00e3o de opul\u00eancia.<\/p>\n<h2>Caracter\u00edsticas do produto<\/h2>\n<ul>\n<li><strong>Formato cl\u00e1ssico de lanterna:<\/strong> O design combina tr\u00eas partes atrav\u00e9s de seu pesco\u00e7o esguio, corpo arredondado e base alargada, que se inspiram em lanternas tradicionais para criar um design permanente.<\/li>\n<li><strong>Costelas verticais profundas:<\/strong> As nervuras verticais criam um efeito visual impressionante atrav\u00e9s da textura marcante do vaso, que produz efeitos visuais profundos e cria padr\u00f5es atraentes de luz e sombra.<\/li>\n<li><strong>Vidro cinza fum\u00ea com detalhes dourados:<\/strong> O material de vidro exibe um estilo moderno atrav\u00e9s de sua apar\u00eancia transparente em tom cinza fum\u00ea, enquanto o acabamento em metal dourado confere um toque de sofistica\u00e7\u00e3o ao design.<\/li>\n<\/ul>\n<h2 style=\"text-align: left;\">Especifica\u00e7\u00f5es principais<\/h2>\n<table class=\"aligncenter\" style=\"border-collapse: collapse; width: 432.77pt;\" border=\"0\" width=\"577\" cellspacing=\"0\" cellpadding=\"0\">\n<tbody>\n<tr style=\"height: 13.50pt;\">\n<td style=\"height: 13.50pt; width: 117.75pt;\" width=\"157\" height=\"18\">Atributo<\/td>\n<td style=\"width: 315.00pt;\" width=\"420\">Detalhes<\/td>\n<\/tr>\n<tr style=\"height: 13.50pt;\">\n<td style=\"height: 13.50pt;\" height=\"18\">Dimens\u00f5es aproximadas (altura x largura)<\/td>\n<td>19,8 cm (A) \u00d7 12 cm (L)<\/td>\n<\/tr>\n<tr style=\"height: 13.50pt;\">\n<td style=\"height: 13.50pt;\" height=\"18\">Material<\/td>\n<td>Vidro transparente cinza-fum\u00ea, aro de metal dourado<\/td>\n<\/tr>\n<tr style=\"height: 13.50pt;\">\n<td style=\"height: 13.50pt;\" height=\"18\">Formato de vaso<\/td>\n<td>silhueta de lanterna em tr\u00eas partes<\/td>\n<\/tr>\n<tr style=\"height: 13.50pt;\">\n<td style=\"height: 13.50pt;\" height=\"18\">Faixa de personaliza\u00e7\u00e3o<\/td>\n<td>Cor, tipo de costela, acabamento, tamanho<\/td>\n<\/tr>\n<tr style=\"height: 13.50pt;\">\n<td style=\"height: 13.50pt;\" height=\"18\">Artesanato<\/td>\n<td>Vidro soprado ou moldado de alta qualidade<\/td>\n<\/tr>\n<tr style=\"height: 13.50pt;\">\n<td style=\"height: 13.50pt;\" height=\"18\">Uso principal<\/td>\n<td>Vaso decorativo de vidro para flores, vaso de vidro canelado<\/td>\n<\/tr>\n<tr style=\"height: 13.50pt;\">\n<td style=\"height: 13.50pt;\" height=\"18\">Ind\u00fastrias-alvo<\/td>\n<td>Lojas de decora\u00e7\u00e3o para casa, floriculturas boutique<\/td>\n<\/tr>\n<\/tbody>\n<\/table>\n<h2>Caso de Sucesso: Um Produto Campe\u00e3o de Vendas em uma Rede Nacional de Lojas de Decora\u00e7\u00e3o<\/h2>\n<p>Uma grande rede de lojas de decora\u00e7\u00e3o encomendou nosso vaso de vidro canelado cinza-fum\u00ea, personalizando-o com um tom de cinza claro &#034;geado&#034; e detalhes em ouro rosa. O vaso, com seu design exclusivo, esgotou seu estoque online de 20.000 unidades em apenas dois dias ap\u00f3s o lan\u00e7amento. O produto gerou um aumento de 350% nas vendas de acess\u00f3rios decorativos em seu primeiro trimestre de comercializa\u00e7\u00e3o, enquanto os clientes avaliaram sua durabilidade com 99,5% de satisfa\u00e7\u00e3o. O sucesso da rede resultou em um pedido adicional de 620.000 vasos para suas pr\u00f3ximas cole\u00e7\u00f5es de primavera e festas de fim de ano.<\/p>\n<h2>Vaso de vidro para flores: op\u00e7\u00f5es de personaliza\u00e7\u00e3o<\/h2>\n<ul>\n<li>Existem diversas op\u00e7\u00f5es para o acabamento met\u00e1lico do bra\u00e7o do instrumento, como polimento dourado, lat\u00e3o envelhecido, prata preta e cobre.<\/li>\n<li>Os padr\u00f5es com nervuras podem ser de ranhuras finas, nervuras largas ou em espiral.<\/li>\n<li>O produto est\u00e1 dispon\u00edvel em tr\u00eas tamanhos de tela: mini, padr\u00e3o e grande, para atender a diversas necessidades de exibi\u00e7\u00e3o e diferentes aplica\u00e7\u00f5es.<\/li>\n<\/ul>","protected":false},"excerpt":{"rendered":"<p>Vaso de vidro canelado em tom cinza fum\u00ea, com formato de lanterna e borda dourada. Este vaso de vidro para flores adiciona eleg\u00e2ncia \u00e0 decora\u00e7\u00e3o. Op\u00e7\u00f5es de design personalizado dispon\u00edveis. Envio r\u00e1pido.<\/p>","protected":false},"featured_media":6167,"template":"","meta":{"postBodyCss":"","postBodyMargin":[],"postBodyPadding":[],"postBodyBackground":{"backgroundType":"classic","gradient":""}},"product_brand":[],"product_cat":[107,15,16],"product_tag":[],"class_list":{"0":"post-6162","1":"product","2":"type-product","3":"status-publish","4":"has-post-thumbnail","6":"product_cat-glass-bud-vases","7":"product_cat-glass-containers","8":"product_cat-glass-bottles","10":"first","11":"instock","12":"shipping-taxable","13":"product-type-simple"},"jetpack_sharing_enabled":true,"_links":{"self":[{"href":"https:\/\/minghanggroup.com\/pt\/wp-json\/wp\/v2\/product\/6162","targetHints":{"allow":["GET"]}}],"collection":[{"href":"https:\/\/minghanggroup.com\/pt\/wp-json\/wp\/v2\/product"}],"about":[{"href":"https:\/\/minghanggroup.com\/pt\/wp-json\/wp\/v2\/types\/product"}],"wp:featuredmedia":[{"embeddable":true,"href":"https:\/\/minghanggroup.com\/pt\/wp-json\/wp\/v2\/media\/6167"}],"wp:attachment":[{"href":"https:\/\/minghanggroup.com\/pt\/wp-json\/wp\/v2\/media?parent=6162"}],"wp:term":[{"taxonomy":"product_brand","embeddable":true,"href":"https:\/\/minghanggroup.com\/pt\/wp-json\/wp\/v2\/product_brand?post=6162"},{"taxonomy":"product_cat","embeddable":true,"href":"https:\/\/minghanggroup.com\/pt\/wp-json\/wp\/v2\/product_cat?post=6162"},{"taxonomy":"product_tag","embeddable":true,"href":"https:\/\/minghanggroup.com\/pt\/wp-json\/wp\/v2\/product_tag?post=6162"}],"curies":[{"name":"wp","href":"https:\/\/api.w.org\/{rel}","templated":true}]}}