{"id":6122,"date":"2026-03-30T13:42:57","date_gmt":"2026-03-30T05:42:57","guid":{"rendered":"https:\/\/minghanggroup.com\/?post_type=product&#038;p=6122"},"modified":"2026-03-30T13:42:58","modified_gmt":"2026-03-30T05:42:58","slug":"green-frosted-cosmetics-glass-jars-for-skincare-bulk","status":"publish","type":"product","link":"https:\/\/minghanggroup.com\/pt\/produto\/green-frosted-cosmetics-glass-jars-for-skincare-bulk\/","title":{"rendered":"5g \u2013 250g Potes de Vidro para Cosm\u00e9ticos Verdes Foscos para Revenda em Larga Escala"},"content":{"rendered":"<p>Os potes de vidro para cosm\u00e9ticos possuem prote\u00e7\u00e3o natural contra a luz com vidro verde transl\u00facido com um leve acabamento fosco, que \u00e9 suave e elegante, al\u00e9m de proporcionar uma apar\u00eancia elegante a cremes e s\u00e9runs t\u00e3o delicados. Eles s\u00e3o combinados com tampas de rosca de pl\u00e1stico lisas em uma escolha de cores que garantem a veda\u00e7\u00e3o herm\u00e9tica e uma possibilidade de dispensa\u00e7\u00e3o sem dificuldades. Estes potes de vidro para cosm\u00e9ticos s\u00e3o ideais como embalagens luxuosas ou atacado de baixo custo, oferecendo um equil\u00edbrio entre beleza e funcionalidade, e personaliza\u00e7\u00e3o. Exiba-se nas prateleiras e impressione seus compradores com uma apresenta\u00e7\u00e3o de alta qualidade.<\/p>\n<h2>Principais caracter\u00edsticas<\/h2>\n<ul>\n<li><strong>O Protetor Solar Embutido da Natureza:<\/strong> O vidro verde bloqueia os raios UV, evitando que as f\u00f3rmulas sens\u00edveis desbotem na prateleira.<\/li>\n<li><strong>Praticidade da boca larga:<\/strong> A abertura extra-larga facilita muito o enchimento do produto, bem como o seu uso pelo cliente.<\/li>\n<li><strong>Design de Topo Plano Empilh\u00e1vel:<\/strong> A superf\u00edcie plana da tampa permite o empilhamento seguro no armazenamento e transporte ap\u00f3s a tampa plana para evitar derramamentos.<\/li>\n<\/ul>\n<h2>Tabela de especifica\u00e7\u00f5es<\/h2>\n<table style=\"border-collapse: collapse; width: 80%; margin-left: auto; margin-right: auto;\" border=\"0\" width=\"144\" cellspacing=\"0\" cellpadding=\"0\">\n<tbody>\n<tr style=\"height: 13.50pt;\">\n<td style=\"height: 13.5pt; width: 54pt; text-align: center;\" width=\"72\" height=\"18\">Especifica\u00e7\u00e3o<\/td>\n<td style=\"width: 54pt; text-align: center;\" width=\"72\">Detalhes<\/td>\n<\/tr>\n<tr style=\"height: 13.50pt;\">\n<td style=\"height: 13.5pt; text-align: center;\" height=\"18\">Capacidade<\/td>\n<td style=\"text-align: center;\">5g, 10g, 15g, 30g, 50g, 60g, 100g, 120g, 250g<\/td>\n<\/tr>\n<tr style=\"height: 13.50pt;\">\n<td style=\"height: 13.5pt; text-align: center;\" height=\"18\">Forma<\/td>\n<td style=\"text-align: center;\">Redondo<\/td>\n<\/tr>\n<tr style=\"height: 13.50pt;\">\n<td style=\"height: 13.5pt; text-align: center;\" height=\"18\">Cor do Corpo<\/td>\n<td style=\"text-align: center;\">Verde ou Personalizado<\/td>\n<\/tr>\n<tr style=\"height: 13.50pt;\">\n<td style=\"height: 13.5pt; text-align: center;\" height=\"18\">Material da tampa<\/td>\n<td style=\"text-align: center;\">Pl\u00e1stico com rosca<\/td>\n<\/tr>\n<\/tbody>\n<\/table>\n<h2>Caso de sucesso<\/h2>\n<p>Uma das startups de cuidados com a pele sediada nos Estados Unidos nos procurou, e fomos nomeados como seus \u00fanicos fornecedores de potes cosm\u00e9ticos. As garrafas tamb\u00e9m possuem um sistema de duas veda\u00e7\u00f5es; contendo um forro interno de PE e uma tampa de rosca apertada que \u00e9 muito melhor na prote\u00e7\u00e3o contra vazamentos da garrafa. Al\u00e9m disso, estabelecemos tampas foscas com equil\u00edbrio de cores e processo de tratamento de revestimento soft-touch, conferindo ao produto um acabamento de alta qualidade; ao mesmo tempo, decidimos designar um espa\u00e7o espec\u00edfico na parte inferior da garrafa para carregar a impress\u00e3o do c\u00f3digo do lote, de modo a garantir a rastreabilidade completa do produto.<\/p>\n<p>Ap\u00f3s o lan\u00e7amento desta solu\u00e7\u00e3o de embalagem no mercado, o creme facial carro-chefe da marca experimentou um aumento fenomenal de 30% em suas vendas em um curto per\u00edodo de seis semanas. \u00c0 medida que estenderam seus neg\u00f3cios para outros pontos de venda, eles imediatamente fizeram um novo pedido de 40.000 unidades conosco.<\/p>\n<h2>Dicas de personaliza\u00e7\u00e3o<\/h2>\n<ol>\n<li><strong>Op\u00e7\u00f5es de Acabamentos de Vidro:<\/strong> Selecione um acabamento transparente, fosco, acetinado ou degrad\u00ea para criar variados efeitos visuais e posicionamento da marca.<\/li>\n<li><strong>Estruturas de Veda\u00e7\u00e3o Interna:<\/strong> Forros de PE, selos de press\u00e3o ou sistemas de gaxetas podem ser adicionados para aprimorar o desempenho de sistemas herm\u00e9ticos e garantir a seguran\u00e7a do produto.<\/li>\n<li><strong>Acess\u00f3rios Adicionais:<\/strong> Adicione esp\u00e1tulas, tampas internas ou discos protetores para aumentar a experi\u00eancia do usu\u00e1rio.<\/li>\n<\/ol>","protected":false},"excerpt":{"rendered":"<p>Descubra potes de vidro para cosm\u00e9ticos verdes para marcas de beleza e atacadistas. Ideal para cremes, s\u00e9runs. Contacte-nos para encomendas em larga escala ou solu\u00e7\u00f5es de branding. Envio r\u00e1pido.<\/p>","protected":false},"featured_media":6125,"template":"","meta":{"postBodyCss":"","postBodyMargin":[],"postBodyPadding":[],"postBodyBackground":{"backgroundType":"classic","gradient":""}},"product_brand":[],"product_cat":[106,15,17],"product_tag":[],"class_list":{"0":"post-6122","1":"product","2":"type-product","3":"status-publish","4":"has-post-thumbnail","6":"product_cat-cosmetic-jars","7":"product_cat-glass-containers","8":"product_cat-glass-jars","10":"first","11":"instock","12":"shipping-taxable","13":"product-type-simple"},"jetpack_sharing_enabled":true,"_links":{"self":[{"href":"https:\/\/minghanggroup.com\/pt\/wp-json\/wp\/v2\/product\/6122","targetHints":{"allow":["GET"]}}],"collection":[{"href":"https:\/\/minghanggroup.com\/pt\/wp-json\/wp\/v2\/product"}],"about":[{"href":"https:\/\/minghanggroup.com\/pt\/wp-json\/wp\/v2\/types\/product"}],"wp:featuredmedia":[{"embeddable":true,"href":"https:\/\/minghanggroup.com\/pt\/wp-json\/wp\/v2\/media\/6125"}],"wp:attachment":[{"href":"https:\/\/minghanggroup.com\/pt\/wp-json\/wp\/v2\/media?parent=6122"}],"wp:term":[{"taxonomy":"product_brand","embeddable":true,"href":"https:\/\/minghanggroup.com\/pt\/wp-json\/wp\/v2\/product_brand?post=6122"},{"taxonomy":"product_cat","embeddable":true,"href":"https:\/\/minghanggroup.com\/pt\/wp-json\/wp\/v2\/product_cat?post=6122"},{"taxonomy":"product_tag","embeddable":true,"href":"https:\/\/minghanggroup.com\/pt\/wp-json\/wp\/v2\/product_tag?post=6122"}],"curies":[{"name":"wp","href":"https:\/\/api.w.org\/{rel}","templated":true}]}}