{"id":6115,"date":"2026-03-30T08:53:41","date_gmt":"2026-03-30T00:53:41","guid":{"rendered":"https:\/\/minghanggroup.com\/?post_type=product&#038;p=6115"},"modified":"2026-03-30T10:49:18","modified_gmt":"2026-03-30T02:49:18","slug":"cylindrical-amber-cosmetic-glass-jars-wholesale","status":"publish","type":"product","link":"https:\/\/minghanggroup.com\/pt\/produto\/cylindrical-amber-cosmetic-glass-jars-wholesale\/","title":{"rendered":"Potes de vidro \u00e2mbar cil\u00edndricos para cosm\u00e9ticos, tamanhos 1 oz, 2 oz, 4 oz e 8 oz, para venda por atacado."},"content":{"rendered":"<p>Esses potes de vidro para cosm\u00e9ticos, dispon\u00edveis para venda no atacado, apresentam um design elegante e cil\u00edndrico. Os potes s\u00e3o feitos de vidro \u00e2mbar escuro, que oferece alta prote\u00e7\u00e3o contra a radia\u00e7\u00e3o UV. Est\u00e3o dispon\u00edveis em quatro tamanhos funcionais e podem ser equipados com tampas brancas, douradas, pretas ou prateadas.<\/p>\n<h2>Caracter\u00edsticas do produto<\/h2>\n<ul>\n<li><strong>Vidro \u00e2mbar com prote\u00e7\u00e3o UV:<\/strong> O vidro \u00e2mbar oferece melhor prote\u00e7\u00e3o contra a luz, o que prolonga a vida \u00fatil dos produtos f\u00edsicos e aumenta a efic\u00e1cia das f\u00f3rmulas fotossens\u00edveis.<\/li>\n<li><strong>Quatro op\u00e7\u00f5es de bon\u00e9:<\/strong> Escolha entre tampas brancas, pretas, douradas ou prateadas para combinar perfeitamente com a imagem e o estilo da sua marca, seja ela profissional ou luxuosa.<\/li>\n<li><strong>Design cil\u00edndrico simples:<\/strong> Este \u00e9 um design cil\u00edndrico limpo e est\u00e1vel, f\u00e1cil de etiquetar, empilhar e encher de forma eficiente na linha de produ\u00e7\u00e3o.<\/li>\n<\/ul>\n<h2 style=\"text-align: left;\">Especifica\u00e7\u00f5es principais<\/h2>\n<table class=\"aligncenter\" style=\"border-collapse: collapse; width: 427.52pt;\" border=\"0\" width=\"570\" cellspacing=\"0\" cellpadding=\"0\">\n<tbody>\n<tr style=\"height: 13.50pt;\">\n<td style=\"height: 13.50pt; width: 120.75pt;\" width=\"161\" height=\"18\">Atributo<\/td>\n<td style=\"width: 306.75pt;\" width=\"409\">Detalhes<\/td>\n<\/tr>\n<tr style=\"height: 13.50pt;\">\n<td style=\"height: 13.50pt;\" height=\"18\">Capacidade<\/td>\n<td>1 oz (30 ml), 2 oz (60 ml), 4 oz (120 ml), 8 oz (240 ml)<\/td>\n<\/tr>\n<tr style=\"height: 13.50pt;\">\n<td style=\"height: 13.50pt;\" height=\"18\">Material<\/td>\n<td>Vidro \u00e2mbar, tampas em diversos materiais (pl\u00e1stico, metal)<\/td>\n<\/tr>\n<tr style=\"height: 13.50pt;\">\n<td style=\"height: 13.50pt;\" height=\"18\">Formato de jarro<\/td>\n<td>Cilindro de paredes retas<\/td>\n<\/tr>\n<tr style=\"height: 13.50pt;\">\n<td style=\"height: 13.50pt;\" height=\"18\">Faixa de personaliza\u00e7\u00e3o<\/td>\n<td>Tamanho, tampas, cor, formato<\/td>\n<\/tr>\n<tr style=\"height: 13.50pt;\">\n<td style=\"height: 13.50pt;\" height=\"18\">Artesanato<\/td>\n<td>F\u00f3rmula de vidro com prote\u00e7\u00e3o UV, rosca precisa.<\/td>\n<\/tr>\n<tr style=\"height: 13.50pt;\">\n<td style=\"height: 13.50pt;\" height=\"18\">Uso principal<\/td>\n<td>Potes para cremes faciais, potes de vidro para cosm\u00e9ticos no atacado<\/td>\n<\/tr>\n<tr style=\"height: 13.50pt;\">\n<td style=\"height: 13.50pt;\" height=\"18\">Ind\u00fastrias-alvo<\/td>\n<td>Cuidados com a pele, cosmec\u00eauticos, est\u00e9tica m\u00e9dica<\/td>\n<\/tr>\n<\/tbody>\n<\/table>\n<h2>Hist\u00f3ria de sucesso<\/h2>\n<p>Uma empresa de cuidados com a pele, com produtos de qualidade m\u00e9dica, escolheu nossos frascos de vidro \u00e2mbar de 60 ml (2 on\u00e7as) para cosm\u00e9ticos e imprimiu o logotipo e o lacre de seguran\u00e7a Rx. Este produto obteve um enorme sucesso cl\u00ednico e comercial: o frasco de vidro \u00e2mbar oferece mais de 99% de prote\u00e7\u00e3o UVA\/UVB, essencial para testar a estabilidade do produto e que aumenta em 50% a vida \u00fatil dos produtos certificados. A marca est\u00e1 muito satisfeita com o produto e encomendou mais 320.000 frascos de vidro para atender ao seu projeto de marca pr\u00f3pria, que j\u00e1 dura 18 meses.<\/p>\n<h2>Personaliza\u00e7\u00e3o de Potes de Vidro para Cosm\u00e9ticos no Atacado<\/h2>\n<ul>\n<li>Expans\u00e3o das op\u00e7\u00f5es de material para a tampa: A tampa pode ser feita de bambu, corti\u00e7a ou metais de alta qualidade, como cobre e ouro rosa.<\/li>\n<li>Relevo: Para criar uma melhor imagem de marca e experi\u00eancia do usu\u00e1rio, aplique um relevo na borda da garrafa de vidro com material texturizado que n\u00e3o escorregue.<\/li>\n<li>Contraste fosco ou brilhante: Aplique um acabamento fosco ou brilhante na garrafa de vidro \u00e2mbar, criando uma sensa\u00e7\u00e3o suave e aveludada, ou mantenha o acabamento brilhante, que lembra mais uma farm\u00e1cia.<\/li>\n<\/ul>","protected":false},"excerpt":{"rendered":"<p>Potes de vidro \u00e2mbar para cosm\u00e9ticos com prote\u00e7\u00e3o UV e diversas op\u00e7\u00f5es de tampa. Potes de vidro para cosm\u00e9ticos no atacado, ideais para cremes e b\u00e1lsamos. Pre\u00e7os direto da f\u00e1brica dispon\u00edveis.<\/p>","protected":false},"featured_media":6118,"template":"","meta":{"postBodyCss":"","postBodyMargin":[],"postBodyPadding":[],"postBodyBackground":{"backgroundType":"classic","gradient":""}},"product_brand":[],"product_cat":[106,15,17],"product_tag":[],"class_list":{"0":"post-6115","1":"product","2":"type-product","3":"status-publish","4":"has-post-thumbnail","6":"product_cat-cosmetic-jars","7":"product_cat-glass-containers","8":"product_cat-glass-jars","10":"first","11":"instock","12":"shipping-taxable","13":"product-type-simple"},"jetpack_sharing_enabled":true,"_links":{"self":[{"href":"https:\/\/minghanggroup.com\/pt\/wp-json\/wp\/v2\/product\/6115","targetHints":{"allow":["GET"]}}],"collection":[{"href":"https:\/\/minghanggroup.com\/pt\/wp-json\/wp\/v2\/product"}],"about":[{"href":"https:\/\/minghanggroup.com\/pt\/wp-json\/wp\/v2\/types\/product"}],"wp:featuredmedia":[{"embeddable":true,"href":"https:\/\/minghanggroup.com\/pt\/wp-json\/wp\/v2\/media\/6118"}],"wp:attachment":[{"href":"https:\/\/minghanggroup.com\/pt\/wp-json\/wp\/v2\/media?parent=6115"}],"wp:term":[{"taxonomy":"product_brand","embeddable":true,"href":"https:\/\/minghanggroup.com\/pt\/wp-json\/wp\/v2\/product_brand?post=6115"},{"taxonomy":"product_cat","embeddable":true,"href":"https:\/\/minghanggroup.com\/pt\/wp-json\/wp\/v2\/product_cat?post=6115"},{"taxonomy":"product_tag","embeddable":true,"href":"https:\/\/minghanggroup.com\/pt\/wp-json\/wp\/v2\/product_tag?post=6115"}],"curies":[{"name":"wp","href":"https:\/\/api.w.org\/{rel}","templated":true}]}}