{"id":6107,"date":"2026-03-27T09:05:25","date_gmt":"2026-03-27T01:05:25","guid":{"rendered":"https:\/\/minghanggroup.com\/?post_type=product&#038;p=6107"},"modified":"2026-03-27T16:50:47","modified_gmt":"2026-03-27T08:50:47","slug":"round-cosmetic-containers-with-lids-wholesale","status":"publish","type":"product","link":"https:\/\/minghanggroup.com\/pt\/produto\/round-cosmetic-containers-with-lids-wholesale\/","title":{"rendered":"Recipientes cosm\u00e9ticos redondos de 20g, 30g e 50g com tampas - Atacado"},"content":{"rendered":"<p>Estes s\u00e3o recipientes cosm\u00e9ticos cil\u00edndricos em forma de cogumelo com tampas. A tampa e o corpo s\u00e3o curvos e arredondados. Eles v\u00eam em branco e preto e s\u00e3o perfeitos para embalar seus cremes faciais, protetores labiais e produtos de cuidados com a pele.<\/p>\n<h2>Caracter\u00edsticas do produto<\/h2>\n<ul>\n<li><strong>Forma de cogumelo Pe\u00e7a \u00fanica:<\/strong> A tampa e o corpo s\u00e3o feitos em forma de cogumelo com contornos suaves e arredondados que lhe conferem uma apar\u00eancia limpa e moderna.<\/li>\n<li><strong>Acabamento branco de alto brilho ou preto de alto brilho:<\/strong> Pode ser visto no branco brilhante e limpo de alto brilho e no preto profundo e elegante de alto brilho, com uma sensa\u00e7\u00e3o de minimalismo e sofistica\u00e7\u00e3o.<\/li>\n<li><strong>Forma cil\u00edndrica m\u00ednima:<\/strong> A forma cil\u00edndrica m\u00ednima e larga \u00e9 est\u00e1vel e f\u00e1cil de segurar, e tem muito espa\u00e7o para carregar publicidade sutil da marca.<\/li>\n<\/ul>\n<h2 style=\"text-align: left;\">Especifica\u00e7\u00f5es principais<\/h2>\n<table class=\"aligncenter\" style=\"border-collapse: collapse; width: 417.77pt;\" border=\"0\" width=\"557\" cellspacing=\"0\" cellpadding=\"0\">\n<tbody>\n<tr style=\"height: 13.50pt;\">\n<td style=\"height: 13.50pt; width: 118.50pt;\" width=\"158\" height=\"18\">Especifica\u00e7\u00e3o<\/td>\n<td style=\"width: 299.25pt;\" width=\"399\">Detalhes<\/td>\n<\/tr>\n<tr style=\"height: 13.50pt;\">\n<td style=\"height: 13.50pt;\" height=\"18\">Capacidade<\/td>\n<td>20g, 30g, 50g<\/td>\n<\/tr>\n<tr style=\"height: 13.50pt;\">\n<td style=\"height: 13.50pt;\" height=\"18\">Material<\/td>\n<td>Vidro s\u00f3dio-c\u00e1lcio<\/td>\n<\/tr>\n<tr style=\"height: 13.50pt;\">\n<td style=\"height: 13.50pt;\" height=\"18\">Formato de jarro<\/td>\n<td>Cilindro com perfil de tampa \"cogumelo\"<\/td>\n<\/tr>\n<tr style=\"height: 13.50pt;\">\n<td style=\"height: 13.50pt;\" height=\"18\">Faixa de personaliza\u00e7\u00e3o<\/td>\n<td>Cor, acabamento, tamanho, material<\/td>\n<\/tr>\n<tr style=\"height: 13.50pt;\">\n<td style=\"height: 13.50pt;\" height=\"18\">Artesanato<\/td>\n<td>Moldagem por inje\u00e7\u00e3o de precis\u00e3o para acabamento de pulveriza\u00e7\u00e3o<\/td>\n<\/tr>\n<tr style=\"height: 13.50pt;\">\n<td style=\"height: 13.50pt;\" height=\"18\">Uso principal<\/td>\n<td>Potes de creme, recipientes cosm\u00e9ticos a granel<\/td>\n<\/tr>\n<tr style=\"height: 13.50pt;\">\n<td style=\"height: 13.50pt;\" height=\"18\">Ind\u00fastrias-alvo<\/td>\n<td>Cuidados com a pele, cosm\u00e9ticos, est\u00e9tica profissional<\/td>\n<\/tr>\n<\/tbody>\n<\/table>\n<h2>Hist\u00f3ria de Sucesso: Campanha de Teste Global de uma Marca de Beleza Coreana<\/h2>\n<p>Uma das marcas de cosm\u00e9ticos coreanas escolheu nossos recipientes cosm\u00e9ticos brancos de 30g com tampas, e um design de serigrafia gradiente e um topo fosco foram personalizados para n\u00f3s. A forma distinta de cogumelo \u00e9 extremamente fotog\u00eanica, o que leva a um conte\u00fado gerado pelo usu\u00e1rio 500% maior no Tik Tok e Instagram. Seu tamanho menor os tornou os melhores companheiros de viagem e houve um crescimento de 200% nas vendas de tamanho de viagem de 20g. A marca tem sido um enorme sucesso e vai da ordem de mais 5 milh\u00f5es de recipientes para novos produtos e conjuntos de presentes VIP.<\/p>\n<h2>Sugest\u00f5es de Personaliza\u00e7\u00e3o de Recipientes Cosm\u00e9ticos a Granel<\/h2>\n<ul>\n<li>Esquema de Cores Personalizado: Tenha a op\u00e7\u00e3o de incluir um acabamento brilhante, que corresponde \u00e0 tabela de cores Pantone e se encaixa perfeitamente com a marca em si e sua identidade, sem se referir ao esquema de cores usual preto e branco.<\/li>\n<li>Acabamento Fosco ou Soft-Touch: O mesmo acabamento fosco ou soft-touch da forma de cogumelo ser\u00e1 usado para garantir uma experi\u00eancia t\u00e1til clara e de alta qualidade.<\/li>\n<li>Anel Decorativo Met\u00e1lico: Um pequeno anel de metal (dourado, prateado, ouro rosa) entre a garrafa e a tampa \u00e9 um detalhe desnecess\u00e1rio, mas luxuoso.<\/li>\n<\/ul>","protected":false},"excerpt":{"rendered":"<p>Recipientes cosm\u00e9ticos atacado com design elegante de cogumelo e acabamento brilhante. Recipientes cosm\u00e9ticos com tampas garantem veda\u00e7\u00e3o segura. Amostras gr\u00e1tis dispon\u00edveis.<\/p>","protected":false},"featured_media":6109,"template":"","meta":{"postBodyCss":"","postBodyMargin":[],"postBodyPadding":[],"postBodyBackground":{"backgroundType":"classic","gradient":""}},"product_brand":[],"product_cat":[106,15,17],"product_tag":[],"class_list":{"0":"post-6107","1":"product","2":"type-product","3":"status-publish","4":"has-post-thumbnail","6":"product_cat-cosmetic-jars","7":"product_cat-glass-containers","8":"product_cat-glass-jars","10":"first","11":"instock","12":"shipping-taxable","13":"product-type-simple"},"jetpack_sharing_enabled":true,"_links":{"self":[{"href":"https:\/\/minghanggroup.com\/pt\/wp-json\/wp\/v2\/product\/6107","targetHints":{"allow":["GET"]}}],"collection":[{"href":"https:\/\/minghanggroup.com\/pt\/wp-json\/wp\/v2\/product"}],"about":[{"href":"https:\/\/minghanggroup.com\/pt\/wp-json\/wp\/v2\/types\/product"}],"wp:featuredmedia":[{"embeddable":true,"href":"https:\/\/minghanggroup.com\/pt\/wp-json\/wp\/v2\/media\/6109"}],"wp:attachment":[{"href":"https:\/\/minghanggroup.com\/pt\/wp-json\/wp\/v2\/media?parent=6107"}],"wp:term":[{"taxonomy":"product_brand","embeddable":true,"href":"https:\/\/minghanggroup.com\/pt\/wp-json\/wp\/v2\/product_brand?post=6107"},{"taxonomy":"product_cat","embeddable":true,"href":"https:\/\/minghanggroup.com\/pt\/wp-json\/wp\/v2\/product_cat?post=6107"},{"taxonomy":"product_tag","embeddable":true,"href":"https:\/\/minghanggroup.com\/pt\/wp-json\/wp\/v2\/product_tag?post=6107"}],"curies":[{"name":"wp","href":"https:\/\/api.w.org\/{rel}","templated":true}]}}