{"id":6087,"date":"2026-03-25T13:06:38","date_gmt":"2026-03-25T05:06:38","guid":{"rendered":"https:\/\/minghanggroup.com\/?post_type=product&#038;p=6087"},"modified":"2026-03-25T13:06:39","modified_gmt":"2026-03-25T05:06:39","slug":"glass-small-cream-containers-with-metallic-lid-bulk","status":"publish","type":"product","link":"https:\/\/minghanggroup.com\/pt\/produto\/glass-small-cream-containers-with-metallic-lid-bulk\/","title":{"rendered":"Potes de vidro pequenos para creme, de 15 ml e 50 ml, com tampa met\u00e1lica (em grande quantidade)"},"content":{"rendered":"<p>Nossos recipientes pequenos de creme transparentes unem o conceito fresco de minimalismo \u00e0 sua linha de cuidados com a pele com um design inteligente e realmente funcional de dupla camada. O corpo transparente exp\u00f5e a cor e a textura da sua f\u00f3rmula e o quadrado contrasta com a forma redonda de outros. As tampas de rosca s\u00e3o apertadas para manter o ar fora e a frescura dentro. Os tamanhos de 15ml e 50ml est\u00e3o dispon\u00edveis, que s\u00e3o perfeitos como parte de qualquer linha de produtos \u2013 tanto para amostras quanto para varejo completo. Estes potes cosm\u00e9ticos personalizados n\u00e3o cont\u00eam simplesmente o seu creme. Eles o protegem, o apresentam e o vendem.<\/p>\n<h2>Caracter\u00edsticas do produto<\/h2>\n<ul>\n<li><strong>Prote\u00e7\u00e3o de Dupla Camada:<\/strong> Este design possui uma camada interna e externa de 2 paredes, limitando o contato do conte\u00fado com o ar, portanto, as formula\u00e7\u00f5es sens\u00edveis permanecem mais tempo na prateleira de varejo em sua forma original, fresca e potente.<\/li>\n<li><strong>Perfil Quadrado Moderno:<\/strong> A figura geom\u00e9trica distintamente n\u00edtida far\u00e1 com que sua marca se destaque em uma fileira de prateleiras de varejo, proporcionando um visual \u00fanico que a distinguir\u00e1 entre as tradicionais garrafas redondas.<\/li>\n<li><strong>Acessibilidade de Boca Larga:<\/strong> A grande abertura n\u00e3o s\u00f3 promove a efici\u00eancia no enchimento do produto, mas tamb\u00e9m permite que os consumidores acessem todas as gotas restantes do produto sem o inc\u00f4modo de lutar para dispensar \u00e1reas de dif\u00edcil acesso.<\/li>\n<\/ul>\n<h2>Especifica\u00e7\u00f5es principais<\/h2>\n<table style=\"border-collapse: collapse; width: 80%; margin-left: auto; margin-right: auto;\" border=\"0\" width=\"144\" cellspacing=\"0\" cellpadding=\"0\">\n<tbody>\n<tr style=\"height: 13.50pt;\">\n<td style=\"height: 13.5pt; width: 54pt; text-align: center;\" width=\"72\" height=\"18\">Especifica\u00e7\u00e3o<\/td>\n<td style=\"width: 54pt; text-align: center;\" width=\"72\">Detalhes<\/td>\n<\/tr>\n<tr style=\"height: 13.50pt;\">\n<td style=\"height: 13.5pt; text-align: center;\" height=\"18\">Capacidade<\/td>\n<td style=\"text-align: center;\">15ml, 50ml<\/td>\n<\/tr>\n<tr style=\"height: 13.50pt;\">\n<td style=\"height: 13.5pt; text-align: center;\" height=\"18\">Forma<\/td>\n<td style=\"text-align: center;\">Quadrado<\/td>\n<\/tr>\n<tr style=\"height: 13.50pt;\">\n<td style=\"height: 13.5pt; text-align: center;\" height=\"18\">Cor<\/td>\n<td style=\"text-align: center;\">Transparente claro<\/td>\n<\/tr>\n<tr style=\"height: 13.50pt;\">\n<td style=\"height: 13.5pt; text-align: center;\" height=\"18\">Tipo de veda\u00e7\u00e3o<\/td>\n<td style=\"text-align: center;\">Tampa de rosca com forro interno<\/td>\n<\/tr>\n<tr style=\"height: 13.50pt;\">\n<td style=\"height: 13.5pt; text-align: center;\" height=\"18\">Uso<\/td>\n<td style=\"text-align: center;\">Creme facial, creme para os olhos, b\u00e1lsamo para cuidados com a pele<\/td>\n<\/tr>\n<\/tbody>\n<\/table>\n<h2>Hist\u00f3ria de sucesso<\/h2>\n<p>No caso de um novo creme hidratante, uma das marcas francesas de cosm\u00e9ticos de luxo escolheu o nosso frasco de creme de 50ml e optou por personaliz\u00e1-lo ao m\u00e1ximo. Adicionaram um acabamento em spray fosco \u00e0 parte inferior do material utilizado na constru\u00e7\u00e3o do frasco, que foi selecionado devido \u00e0 sua clareza excecional, e conferiram a todo o efeito um aspeto mais delicado e sofisticado. A paleta foi adaptada a um branco leitoso de baixa satura\u00e7\u00e3o, que se encaixa perfeitamente na filosofia da marca, chamada pureza natural. Al\u00e9m disso, o design foi combinado com uma tampa prateada galvanizada e o nome da marca e o volume impressos na lateral do frasco em serigrafia para aumentar o reconhecimento da marca.<\/p>\n<p>As vendas desta s\u00e9rie de cremes aumentaram cerca de 35% nos primeiros tr\u00eas meses ap\u00f3s a introdu\u00e7\u00e3o do produto no mercado. Este cliente em particular fez ent\u00e3o uma nova encomenda deste frasco de creme espec\u00edfico e pretende implementar este tipo de embalagem noutras linhas de cuidados com a pele no futuro.<\/p>\n<h2>Recomenda\u00e7\u00f5es de personaliza\u00e7\u00e3o<\/h2>\n<ol>\n<li><strong>Op\u00e7\u00f5es de Acabamento do Corpo do Frasco:<\/strong> Numa base de vidro de alta clareza, temos outros acabamentos como revestimento fosco, pulveriza\u00e7\u00e3o degrad\u00ea ou revestimento interno. Estes m\u00e9todos n\u00e3o s\u00f3 melhoram as caracter\u00edsticas t\u00e1teis e as propriedades visuais do produto, como tamb\u00e9m oferecem propriedades de bloqueio de luz que estabilizariam os ingredientes do creme.<\/li>\n<li><strong>Personaliza\u00e7\u00e3o de bon\u00e9s:<\/strong> Apoiamos in\u00fameros efeitos de superf\u00edcie - galvanoplastia (em ouro, prata ou ouro rosa), pulveriza\u00e7\u00e3o fosca e acabamentos UV de alto brilho. Al\u00e9m disso, a altura e o serrilhado da tampa podem ser adaptados para melhorar a ader\u00eancia e tornar o processo de abertura e fecho da tampa melhor.<\/li>\n<li><strong>Otimiza\u00e7\u00e3o de Componentes de Fecho:<\/strong> Oferecemos a possibilidade de ter selantes internos ou selagem secund\u00e1ria (e tampas internas de PP ou design de aba de puxar). Tais adi\u00e7\u00f5es ajudam fortemente na opera\u00e7\u00e3o \u00e0 prova de fugas, tornando a embalagem bastante apropriada para o transporte de longa dist\u00e2ncia de produtos \u00e0 base de creme e semiss\u00f3lidos.<\/li>\n<\/ol>","protected":false},"excerpt":{"rendered":"<p>Recipientes pequenos de creme premium com vidro espesso e tampas de metal. Potes cosm\u00e9ticos personalizados direto da f\u00e1brica com amostras gr\u00e1tis e op\u00e7\u00f5es de personaliza\u00e7\u00e3o a granel.<\/p>","protected":false},"featured_media":6095,"template":"","meta":{"postBodyCss":"","postBodyMargin":[],"postBodyPadding":[],"postBodyBackground":{"backgroundType":"classic","gradient":""}},"product_brand":[],"product_cat":[106,15,17],"product_tag":[],"class_list":{"0":"post-6087","1":"product","2":"type-product","3":"status-publish","4":"has-post-thumbnail","6":"product_cat-cosmetic-jars","7":"product_cat-glass-containers","8":"product_cat-glass-jars","10":"first","11":"instock","12":"shipping-taxable","13":"product-type-simple"},"jetpack_sharing_enabled":true,"_links":{"self":[{"href":"https:\/\/minghanggroup.com\/pt\/wp-json\/wp\/v2\/product\/6087","targetHints":{"allow":["GET"]}}],"collection":[{"href":"https:\/\/minghanggroup.com\/pt\/wp-json\/wp\/v2\/product"}],"about":[{"href":"https:\/\/minghanggroup.com\/pt\/wp-json\/wp\/v2\/types\/product"}],"wp:featuredmedia":[{"embeddable":true,"href":"https:\/\/minghanggroup.com\/pt\/wp-json\/wp\/v2\/media\/6095"}],"wp:attachment":[{"href":"https:\/\/minghanggroup.com\/pt\/wp-json\/wp\/v2\/media?parent=6087"}],"wp:term":[{"taxonomy":"product_brand","embeddable":true,"href":"https:\/\/minghanggroup.com\/pt\/wp-json\/wp\/v2\/product_brand?post=6087"},{"taxonomy":"product_cat","embeddable":true,"href":"https:\/\/minghanggroup.com\/pt\/wp-json\/wp\/v2\/product_cat?post=6087"},{"taxonomy":"product_tag","embeddable":true,"href":"https:\/\/minghanggroup.com\/pt\/wp-json\/wp\/v2\/product_tag?post=6087"}],"curies":[{"name":"wp","href":"https:\/\/api.w.org\/{rel}","templated":true}]}}