{"id":6086,"date":"2026-03-25T09:15:28","date_gmt":"2026-03-25T01:15:28","guid":{"rendered":"https:\/\/minghanggroup.com\/?post_type=product&#038;p=6086"},"modified":"2026-03-25T11:01:56","modified_gmt":"2026-03-25T03:01:56","slug":"white-glass-cosmetic-jars-and-lids-wholesale","status":"publish","type":"product","link":"https:\/\/minghanggroup.com\/pt\/produto\/white-glass-cosmetic-jars-and-lids-wholesale\/","title":{"rendered":"Potes de vidro branco para cosm\u00e9ticos de 300ml com tampas - Atacado"},"content":{"rendered":"<p>Esses potes e tampas para cosm\u00e9ticos t\u00eam um formato ligeiramente afunilado na cintura e arredondado, com um formato quadrado e uma al\u00e7a ergon\u00f4mica. Os potes s\u00e3o feitos de cer\u00e2mica esmaltada de alta qualidade, lisa, que n\u00e3o deixa marcas de dedos e tamb\u00e9m brilhante.<\/p>\n<h2>Caracter\u00edsticas do produto<\/h2>\n<ul>\n<li><strong>Formato quadrado arredondado e suave:<\/strong> O formato quadrado arredondado com cintura afunilada oferece muita estabilidade, um visual moderno e uma pegada confort\u00e1vel.<\/li>\n<li><strong>Superf\u00edcie cer\u00e2mica branca brilhante:<\/strong> A superf\u00edcie cer\u00e2mica vitrificada com acabamento brilhante \u00e9 f\u00e1cil de limpar, resistente \u00e0 \u00e1gua e possui um aspecto luminoso e elegante.<\/li>\n<li><strong>Grande capacidade de 300ml:<\/strong> O tamanho enorme \u00e9 bastante adequado para lo\u00e7\u00f5es corporais, cremes, m\u00e1scaras ou qualquer outro produto que exija aplica\u00e7\u00e3o constante ou uso em todo o corpo.<\/li>\n<\/ul>\n<h2 style=\"text-align: left;\">Especifica\u00e7\u00f5es principais<\/h2>\n<table class=\"aligncenter\" style=\"border-collapse: collapse; width: 371.27pt;\" border=\"0\" width=\"495\" cellspacing=\"0\" cellpadding=\"0\">\n<tbody>\n<tr style=\"height: 13.50pt;\">\n<td style=\"height: 13.50pt; width: 117.75pt;\" width=\"157\" height=\"18\">Atributo<\/td>\n<td style=\"width: 253.50pt;\" width=\"338\">Detalhes<\/td>\n<\/tr>\n<tr style=\"height: 13.50pt;\">\n<td style=\"height: 13.50pt;\" height=\"18\">Capacidade<\/td>\n<td>300ml<\/td>\n<\/tr>\n<tr style=\"height: 13.50pt;\">\n<td style=\"height: 13.50pt;\" height=\"18\">Material<\/td>\n<td>Cer\u00e2mica esmaltada branca<\/td>\n<\/tr>\n<tr style=\"height: 13.50pt;\">\n<td style=\"height: 13.50pt;\" height=\"18\">Formato de jarro<\/td>\n<td>Quadrado arredondado com cintura afunilada<\/td>\n<\/tr>\n<tr style=\"height: 13.50pt;\">\n<td style=\"height: 13.50pt;\" height=\"18\">Faixa de personaliza\u00e7\u00e3o<\/td>\n<td>Cor, tampas, acabamento, tamanho<\/td>\n<\/tr>\n<tr style=\"height: 13.50pt;\">\n<td style=\"height: 13.50pt;\" height=\"18\">Artesanato<\/td>\n<td>Queima de alto brilho, roscagem precisa<\/td>\n<\/tr>\n<tr style=\"height: 13.50pt;\">\n<td style=\"height: 13.50pt;\" height=\"18\">Uso principal<\/td>\n<td>Potes para cosm\u00e9ticos no atacado, potes para lo\u00e7\u00e3o corporal<\/td>\n<\/tr>\n<tr style=\"height: 13.50pt;\">\n<td style=\"height: 13.50pt;\" height=\"18\">Ind\u00fastrias-alvo<\/td>\n<td>marcas de luxo para cuidados com a pele, spa e produtos profissionais<\/td>\n<\/tr>\n<\/tbody>\n<\/table>\n<h2>Caso de Sucesso: Um Creme Facial Exclusivo da West Coast Spa<\/h2>\n<p>Uma das marcas de spas de luxo da Costa Oeste decidiu utilizar nossos potes cosm\u00e9ticos brancos de 300ml com tampas e tampas foscas com impress\u00e3o de logotipo. A abertura do pote foi aumentada em 20%, tornando-o mais eficiente e pr\u00e1tico para o cliente, permitindo o uso de cada gota. A capacidade de 300ml tamb\u00e9m possibilitou a venda de um n\u00famero maior de produtos com pre\u00e7os mais elevados, o que aumentou o valor m\u00e9dio do pedido em 25%. A marca obteve resultados muito positivos e j\u00e1 fez um novo pedido de 500.000 potes, que ser\u00e3o personalizados com toda a linha de produtos para cuidados corporais.<\/p>\n<h2>Personaliza\u00e7\u00e3o de potes cosm\u00e9ticos por atacado<\/h2>\n<ul>\n<li>Cores do esmalte: Scott pode selecionar qualquer cor do cat\u00e1logo Pantone que corresponda \u00e0s cores do esmalte cer\u00e2mico, desde tons pastel suaves at\u00e9 tons de joias profundos.<\/li>\n<li>Acabamentos de superf\u00edcie: Possui acabamento brilhante, acetinado ou totalmente fosco.<\/li>\n<li>Decora\u00e7\u00f5es nas tampas: Essas tampas (nem sempre iguais) podem ser decoradas em diversas cores, de diferentes materiais (por exemplo, madeira, pedra) ou incrustadas com cristais.<\/li>\n<\/ul>","protected":false},"excerpt":{"rendered":"<p>Potes cosm\u00e9ticos no atacado com acabamento branco liso e tampas seguras. Ideais para cremes e produtos para a pele. Potes e tampas cosm\u00e9ticos dispon\u00edveis em estoque com pre\u00e7os direto da f\u00e1brica.<\/p>","protected":false},"featured_media":6090,"template":"","meta":{"postBodyCss":"","postBodyMargin":[],"postBodyPadding":[],"postBodyBackground":{"backgroundType":"classic","gradient":""}},"product_brand":[],"product_cat":[106,15,17],"product_tag":[],"class_list":{"0":"post-6086","1":"product","2":"type-product","3":"status-publish","4":"has-post-thumbnail","6":"product_cat-cosmetic-jars","7":"product_cat-glass-containers","8":"product_cat-glass-jars","10":"first","11":"instock","12":"shipping-taxable","13":"product-type-simple"},"jetpack_sharing_enabled":true,"_links":{"self":[{"href":"https:\/\/minghanggroup.com\/pt\/wp-json\/wp\/v2\/product\/6086","targetHints":{"allow":["GET"]}}],"collection":[{"href":"https:\/\/minghanggroup.com\/pt\/wp-json\/wp\/v2\/product"}],"about":[{"href":"https:\/\/minghanggroup.com\/pt\/wp-json\/wp\/v2\/types\/product"}],"wp:featuredmedia":[{"embeddable":true,"href":"https:\/\/minghanggroup.com\/pt\/wp-json\/wp\/v2\/media\/6090"}],"wp:attachment":[{"href":"https:\/\/minghanggroup.com\/pt\/wp-json\/wp\/v2\/media?parent=6086"}],"wp:term":[{"taxonomy":"product_brand","embeddable":true,"href":"https:\/\/minghanggroup.com\/pt\/wp-json\/wp\/v2\/product_brand?post=6086"},{"taxonomy":"product_cat","embeddable":true,"href":"https:\/\/minghanggroup.com\/pt\/wp-json\/wp\/v2\/product_cat?post=6086"},{"taxonomy":"product_tag","embeddable":true,"href":"https:\/\/minghanggroup.com\/pt\/wp-json\/wp\/v2\/product_tag?post=6086"}],"curies":[{"name":"wp","href":"https:\/\/api.w.org\/{rel}","templated":true}]}}