{"id":6075,"date":"2026-03-24T09:05:49","date_gmt":"2026-03-24T01:05:49","guid":{"rendered":"https:\/\/minghanggroup.com\/?post_type=product&#038;p=6075"},"modified":"2026-03-24T10:40:46","modified_gmt":"2026-03-24T02:40:46","slug":"amber-cosmetic-glass-jars-with-lids-wholesale","status":"publish","type":"product","link":"https:\/\/minghanggroup.com\/pt\/produto\/amber-cosmetic-glass-jars-with-lids-wholesale\/","title":{"rendered":"Potes de vidro \u00e2mbar para cosm\u00e9ticos, de 5 ml a 80 ml, com tampas, para venda por atacado."},"content":{"rendered":"<p>O formato destes frascos de vidro \u00e2mbar para cosm\u00e9ticos \u00e9 o tradicional formato cil\u00edndrico, fabricados com vidro \u00e2mbar de alta qualidade para oferecer m\u00e1xima prote\u00e7\u00e3o contra a luz. Est\u00e3o dispon\u00edveis em diferentes tamanhos e possuem tampa de rosca preta, o que os torna ideais para embalar cremes, protetores labiais, pomadas e outros produtos para cuidados com a pele.<\/p>\n<h2>Caracter\u00edsticas do produto<\/h2>\n<ul>\n<li><strong>Vidro \u00e2mbar fotoest\u00e1vel:<\/strong> O frasco de vidro \u00e2mbar escuro \u00e9 colocado sobre os componentes ativos fotossens\u00edveis (retinol, vitamina C, etc.), mantendo a efic\u00e1cia e a estabilidade da f\u00f3rmula.<\/li>\n<li><strong>Tampa de rosca lisa e firme:<\/strong> A tampa de rosca preta encaixa-se perfeitamente no frasco, com um acabamento liso e brilhante, proporcionando uma veda\u00e7\u00e3o ideal e evitando umidade, oxida\u00e7\u00e3o e vazamentos.<\/li>\n<li><strong>Forma cil\u00edndrica \u00fanica:<\/strong> O formato cil\u00edndrico simples \u00e9 o formato cil\u00edndrico comum de parede reta, que \u00e9 est\u00e1vel, f\u00e1cil de etiquetar e possui a maior capacidade interna.<\/li>\n<\/ul>\n<h2 style=\"text-align: left;\">Especifica\u00e7\u00f5es principais<\/h2>\n<table class=\"aligncenter\" style=\"border-collapse: collapse; width: 354.02pt;\" border=\"0\" width=\"472\" cellspacing=\"0\" cellpadding=\"0\">\n<tbody>\n<tr style=\"height: 13.50pt;\">\n<td style=\"height: 13.50pt; width: 98.25pt;\" width=\"131\" height=\"18\">Especifica\u00e7\u00e3o<\/td>\n<td style=\"width: 255.75pt;\" width=\"341\">Detalhes<\/td>\n<\/tr>\n<tr style=\"height: 13.50pt;\">\n<td style=\"height: 13.50pt;\" height=\"18\">Capacidade<\/td>\n<td>5 ml, 8 ml, 10 ml, 15 ml, 30 ml, 40 ml, 80 ml<\/td>\n<\/tr>\n<tr style=\"height: 13.50pt;\">\n<td style=\"height: 13.50pt;\" height=\"18\">Material<\/td>\n<td>Vidro \u00e2mbar, tampa de pl\u00e1stico preto brilhante<\/td>\n<\/tr>\n<tr style=\"height: 13.50pt;\">\n<td style=\"height: 13.50pt;\" height=\"18\">Formato de jarro<\/td>\n<td>Cilindro de lados retos com gargalo roscado<\/td>\n<\/tr>\n<tr style=\"height: 13.50pt;\">\n<td style=\"height: 13.50pt;\" height=\"18\">Escopo de personaliza\u00e7\u00e3o<\/td>\n<td>Cor, Acabamento, Tampas, Tamanho<\/td>\n<\/tr>\n<tr style=\"height: 13.50pt;\">\n<td style=\"height: 13.50pt;\" height=\"18\">Artesanato<\/td>\n<td>Moldagem de vidro de precis\u00e3o para prote\u00e7\u00e3o UV<\/td>\n<\/tr>\n<tr style=\"height: 13.50pt;\">\n<td style=\"height: 13.50pt;\" height=\"18\">Finalidade do produto<\/td>\n<td>Potes para cremes para os olhos, potes de vidro para cosm\u00e9ticos<\/td>\n<\/tr>\n<tr style=\"height: 13.50pt;\">\n<td style=\"height: 13.50pt;\" height=\"18\">Ind\u00fastrias adequadas<\/td>\n<td>Marcas de cuidados com a pele, fornecedores para spas e sal\u00f5es de beleza<\/td>\n<\/tr>\n<\/tbody>\n<\/table>\n<h2>Hist\u00f3ria de sucesso<\/h2>\n<p>Uma das empresas coreanas de cuidados com a pele selecionou nossos frascos \u00e2mbar de 30 ml, com dosagens impressas e tampas de alum\u00ednio inviol\u00e1veis. Os frascos de vidro \u00e2mbar foram essenciais para evitar o desperd\u00edcio de retinol devido \u00e0 exposi\u00e7\u00e3o \u00e0 luz, al\u00e9m de preservar 99% da atividade do retinol ap\u00f3s 12 meses e aumentar a fideliza\u00e7\u00e3o de clientes em 30%. A marca obteve tanto sucesso que encomendou mais um lote de 2 milh\u00f5es de frascos para abastecer todo o seu creme para cuidados com a pele destinado ao mercado internacional.<\/p>\n<h2>Esses potes de vidro para cosm\u00e9ticos oferecem algumas op\u00e7\u00f5es de personaliza\u00e7\u00e3o.<\/h2>\n<ul>\n<li>Gradiente \u00c2mbar: S\u00e3o apresentados em v\u00e1rios frascos de vidro \u00e2mbar, que variam entre um tom claro de mel e um marrom escuro (quase opacos).<\/li>\n<li>Material e acabamento da tampa: Pode-se usar tampa preta ou branca fosca, prateada ou com revestimento met\u00e1lico.<\/li>\n<li>Design quadrado: Garrafas quadradas que economizam espa\u00e7o, t\u00eam um visual moderno e marcante e combinam com embalagens de presente e prateleiras.<\/li>\n<\/ul>","protected":false},"excerpt":{"rendered":"<p>Potes de vidro \u00e2mbar para cosm\u00e9ticos com tampas, projetados para proteger cremes da luz. Ideais para armazenar cremes, b\u00e1lsamos e produtos para a pele. Venda direta da f\u00e1brica, entrega r\u00e1pida.<\/p>","protected":false},"featured_media":6079,"template":"","meta":{"postBodyCss":"","postBodyMargin":[],"postBodyPadding":[],"postBodyBackground":{"backgroundType":"classic","gradient":""}},"product_brand":[],"product_cat":[106,15,17],"product_tag":[],"class_list":{"0":"post-6075","1":"product","2":"type-product","3":"status-publish","4":"has-post-thumbnail","6":"product_cat-cosmetic-jars","7":"product_cat-glass-containers","8":"product_cat-glass-jars","10":"first","11":"instock","12":"shipping-taxable","13":"product-type-simple"},"jetpack_sharing_enabled":true,"_links":{"self":[{"href":"https:\/\/minghanggroup.com\/pt\/wp-json\/wp\/v2\/product\/6075","targetHints":{"allow":["GET"]}}],"collection":[{"href":"https:\/\/minghanggroup.com\/pt\/wp-json\/wp\/v2\/product"}],"about":[{"href":"https:\/\/minghanggroup.com\/pt\/wp-json\/wp\/v2\/types\/product"}],"wp:featuredmedia":[{"embeddable":true,"href":"https:\/\/minghanggroup.com\/pt\/wp-json\/wp\/v2\/media\/6079"}],"wp:attachment":[{"href":"https:\/\/minghanggroup.com\/pt\/wp-json\/wp\/v2\/media?parent=6075"}],"wp:term":[{"taxonomy":"product_brand","embeddable":true,"href":"https:\/\/minghanggroup.com\/pt\/wp-json\/wp\/v2\/product_brand?post=6075"},{"taxonomy":"product_cat","embeddable":true,"href":"https:\/\/minghanggroup.com\/pt\/wp-json\/wp\/v2\/product_cat?post=6075"},{"taxonomy":"product_tag","embeddable":true,"href":"https:\/\/minghanggroup.com\/pt\/wp-json\/wp\/v2\/product_tag?post=6075"}],"curies":[{"name":"wp","href":"https:\/\/api.w.org\/{rel}","templated":true}]}}