{"id":6065,"date":"2026-03-23T10:39:26","date_gmt":"2026-03-23T02:39:26","guid":{"rendered":"https:\/\/minghanggroup.com\/?post_type=product&#038;p=6065"},"modified":"2026-03-23T10:39:28","modified_gmt":"2026-03-23T02:39:28","slug":"frosted-glass-cream-jars-with-bamboo-lids-bulk","status":"publish","type":"product","link":"https:\/\/minghanggroup.com\/pt\/produto\/frosted-glass-cream-jars-with-bamboo-lids-bulk\/","title":{"rendered":"Potes de vidro fosco de 30ml para creme com tampas de bambu (em grande quantidade)"},"content":{"rendered":"<p><span class=\"qk-md-text complete\" data-spm-anchor-id=\"5176.28103460.0.i5.51627551XUs49R\">Este cremeiro de vidro com laterais retas combina um corpo fosco refinado com uma tampa de rosca de bambu ecol\u00f3gica, que transmite luxo e sustentabilidade.<\/span> A veda\u00e7\u00e3o \u00e9 rosqueada para garantir um encaixe perfeito e a base \u00e9 ligeiramente mais espessa para proporcionar peso e estabilidade. Voc\u00ea adquire potes cosm\u00e9ticos de vidro fosco que rendem belas fotos para redes sociais e s\u00e3o pesados \u200b\u200bo suficiente para justificar um pre\u00e7o mais elevado. Os potes cosm\u00e9ticos s\u00e3o feitos com vidro fosco, o que proporciona aos clientes o visual sofisticado e ecol\u00f3gico desejado.<\/p>\n<h2>Caracter\u00edsticas do produto<\/h2>\n<ul>\n<li><strong>Tampa de bambu ecol\u00f3gica:<\/strong> A embalagem apresenta uma textura de gr\u00e3o de madeira natural combinada com vidro fosco, criando um design que transmite sustentabilidade sem perder a eleg\u00e2ncia.<\/li>\n<li><strong>Corpo fosco com prote\u00e7\u00e3o contra a luz:<\/strong> A superf\u00edcie fosca cobre f\u00f3rmulas sens\u00edveis \u00e0 luz e n\u00e3o perde aquele aspecto semitransparente sofisticado que os clientes tanto apreciam.<\/li>\n<li><strong>Fecho roscado seguro:<\/strong> As tampas s\u00e3o de encaixe perfeito e possuem um revestimento interno para garantir que os recipientes de vidro para cosm\u00e9ticos permane\u00e7am frescos at\u00e9 chegarem ao cliente.<\/li>\n<\/ul>\n<h2>Especifica\u00e7\u00f5es principais<\/h2>\n<table style=\"border-collapse: collapse; width: 80%; margin-left: auto; margin-right: auto;\" border=\"0\" width=\"144\" cellspacing=\"0\" cellpadding=\"0\">\n<tbody>\n<tr style=\"height: 13.50pt;\">\n<td style=\"height: 13.5pt; width: 54pt; text-align: center;\" width=\"72\" height=\"18\">Especifica\u00e7\u00e3o<\/td>\n<td style=\"width: 54pt; text-align: center;\" width=\"72\">Detalhes<\/td>\n<\/tr>\n<tr style=\"height: 13.50pt;\">\n<td style=\"height: 13.5pt; text-align: center;\" height=\"18\">Capacidade<\/td>\n<td style=\"text-align: center;\">30ml \/ 1oz<\/td>\n<\/tr>\n<tr style=\"height: 13.50pt;\">\n<td style=\"height: 13.5pt; text-align: center;\" height=\"18\">Forma<\/td>\n<td style=\"text-align: center;\">lados retos<\/td>\n<\/tr>\n<tr style=\"height: 13.50pt;\">\n<td style=\"height: 13.5pt; text-align: center;\" height=\"18\">Tipo de veda\u00e7\u00e3o<\/td>\n<td style=\"text-align: center;\">Parafuso roscado com tampa de bambu<\/td>\n<\/tr>\n<tr style=\"height: 13.50pt;\">\n<td style=\"height: 13.5pt; text-align: center;\" height=\"18\">Cor<\/td>\n<td style=\"text-align: center;\">Fosco<\/td>\n<\/tr>\n<tr style=\"height: 13.50pt;\">\n<td style=\"height: 13.5pt; text-align: center;\" height=\"18\">Material da tampa<\/td>\n<td style=\"text-align: center;\">Bambu natural com forro interno<\/td>\n<\/tr>\n<tr style=\"height: 13.50pt;\">\n<td style=\"height: 13.5pt; text-align: center;\" height=\"18\">Conformit\u00e0 normativa:<\/td>\n<td style=\"text-align: center;\">Vidro<\/td>\n<\/tr>\n<tr style=\"height: 13.50pt;\">\n<td style=\"height: 13.5pt; text-align: center;\" height=\"18\">Uso<\/td>\n<td style=\"text-align: center;\">Creme facial, creme para os olhos, b\u00e1lsamo corporal, m\u00e1scara labial<\/td>\n<\/tr>\n<\/tbody>\n<\/table>\n<h2>Caso de sucesso<\/h2>\n<p>No caso de uma nova linha de cremes restauradores org\u00e2nicos, uma empresa australiana de cosm\u00e9ticos naturais escolheu nosso pote de vidro fosco como embalagem principal. Nossa solu\u00e7\u00e3o tamb\u00e9m foi uma personaliza\u00e7\u00e3o diferenciada: pegamos o pote com acabamento fosco, mas o refinamos com um acabamento fosco degrad\u00ea (com uma textura mais densa e transl\u00facida na base). Al\u00e9m disso, a tampa de bambu foi carbonizada em tom escuro e recebeu uma junta de silicone especialmente projetada para garantir maior veda\u00e7\u00e3o.<\/p>\n<p>A s\u00e9rie vendeu quase 52 unidades nos tr\u00eas meses seguintes ao seu lan\u00e7amento. Ap\u00f3s a primeira reposi\u00e7\u00e3o de estoque, o produto registrou tr\u00eas rodadas de recompras, tornando-se rapidamente um dos produtos mais vendidos da marca.<\/p>\n<h2>Recomenda\u00e7\u00f5es de personaliza\u00e7\u00e3o<\/h2>\n<ol>\n<li><strong>Materiais de tampa aprimorados:<\/strong> As tampas de bambu podem ser substitu\u00eddas por tampas de alum\u00ednio, galvanizadas ou com acabamento em ABS imitando madeira, para se adequarem a diferentes faixas de pre\u00e7o e estilos de design.<\/li>\n<li><strong>Solu\u00e7\u00f5es de veda\u00e7\u00e3o otimizadas:<\/strong> Revestimentos de PE, selos de folha de alum\u00ednio ou tamp\u00f5es internos podem ser adicionados para aumentar a preven\u00e7\u00e3o de vazamentos e a frescura do produto.<\/li>\n<li><strong>Personaliza\u00e7\u00e3o da marca:<\/strong> S\u00e3o aceitos diferentes tipos de personaliza\u00e7\u00e3o, como serigrafia, estampagem a quente (dourada\/prateada), etiquetagem ou grava\u00e7\u00e3o a laser de logotipos em tampas de bambu.<\/li>\n<\/ol>","protected":false},"excerpt":{"rendered":"<p>Potes de vidro de alta qualidade para creme, com acabamento fosco e tampas de bambu. Potes cosm\u00e9ticos de vidro fosco ideais, fornecimento direto da f\u00e1brica com op\u00e7\u00e3o de personaliza\u00e7\u00e3o em grandes quantidades.<\/p>","protected":false},"featured_media":6074,"template":"","meta":{"postBodyCss":"","postBodyMargin":[],"postBodyPadding":[],"postBodyBackground":{"backgroundType":"classic","gradient":""}},"product_brand":[],"product_cat":[106,15,17],"product_tag":[],"class_list":{"0":"post-6065","1":"product","2":"type-product","3":"status-publish","4":"has-post-thumbnail","6":"product_cat-cosmetic-jars","7":"product_cat-glass-containers","8":"product_cat-glass-jars","10":"first","11":"instock","12":"shipping-taxable","13":"product-type-simple"},"jetpack_sharing_enabled":true,"_links":{"self":[{"href":"https:\/\/minghanggroup.com\/pt\/wp-json\/wp\/v2\/product\/6065","targetHints":{"allow":["GET"]}}],"collection":[{"href":"https:\/\/minghanggroup.com\/pt\/wp-json\/wp\/v2\/product"}],"about":[{"href":"https:\/\/minghanggroup.com\/pt\/wp-json\/wp\/v2\/types\/product"}],"wp:featuredmedia":[{"embeddable":true,"href":"https:\/\/minghanggroup.com\/pt\/wp-json\/wp\/v2\/media\/6074"}],"wp:attachment":[{"href":"https:\/\/minghanggroup.com\/pt\/wp-json\/wp\/v2\/media?parent=6065"}],"wp:term":[{"taxonomy":"product_brand","embeddable":true,"href":"https:\/\/minghanggroup.com\/pt\/wp-json\/wp\/v2\/product_brand?post=6065"},{"taxonomy":"product_cat","embeddable":true,"href":"https:\/\/minghanggroup.com\/pt\/wp-json\/wp\/v2\/product_cat?post=6065"},{"taxonomy":"product_tag","embeddable":true,"href":"https:\/\/minghanggroup.com\/pt\/wp-json\/wp\/v2\/product_tag?post=6065"}],"curies":[{"name":"wp","href":"https:\/\/api.w.org\/{rel}","templated":true}]}}