{"id":6047,"date":"2026-03-19T16:54:26","date_gmt":"2026-03-19T08:54:26","guid":{"rendered":"https:\/\/minghanggroup.com\/?post_type=product&#038;p=6047"},"modified":"2026-03-19T16:56:23","modified_gmt":"2026-03-19T08:56:23","slug":"clear-small-cosmetic-containers-with-lid-bulk","status":"publish","type":"product","link":"https:\/\/minghanggroup.com\/pt\/produto\/clear-small-cosmetic-containers-with-lid-bulk\/","title":{"rendered":"Potes cosm\u00e9ticos pequenos e transparentes de 30ml com tampa (a granel)"},"content":{"rendered":"<p>Seus cremes devem ser apresentados em um recipiente que realce seu brilho. Isso agora est\u00e1 resolvido com nossos pequenos recipientes cosm\u00e9ticos! Recipientes de vidro de 30ml com tampas de rosca de alta qualidade - \u00e0 prova de vazamentos e com visibilidade do creme. Segure na palma da m\u00e3o, sem frascos pesados. Atrav\u00e9s do seu produto de beleza, voc\u00ea brilha.<\/p>\n<h2>Caracter\u00edsticas do produto<\/h2>\n<ul>\n<li><strong>Est\u00e9tica minimalista:<\/strong> O recipiente transparente \u00e9 t\u00e3o simples, com um formato cil\u00edndrico tradicional, que permite ver claramente o que est\u00e1 dentro dele \u2013 uma op\u00e7\u00e3o perfeita para enfatizar a simplicidade e a beleza dos produtos das marcas de cuidados com a pele de alta qualidade.<\/li>\n<li><strong>Constru\u00e7\u00e3o em vidro premium:<\/strong> A garrafa \u00e9 feita de vidro transparente, o que melhora a experi\u00eancia t\u00e1til do produto, oferece excelente prote\u00e7\u00e3o e permite ao consumidor visualizar facilmente a quantidade de conte\u00fado restante.<\/li>\n<li><strong>Veda\u00e7\u00e3o superior:<\/strong> Com uma tampa branca de rosca, o recipiente possui uma veda\u00e7\u00e3o herm\u00e9tica que impede a entrada de contamina\u00e7\u00e3o e ar, mantendo o produto fresco.<\/li>\n<\/ul>\n<h2>Especifica\u00e7\u00f5es principais<\/h2>\n<table style=\"border-collapse: collapse; width: 80%; margin-left: auto; margin-right: auto;\" border=\"0\" width=\"360\" cellspacing=\"0\" cellpadding=\"0\">\n<tbody>\n<tr style=\"height: 13.50pt;\">\n<td style=\"height: 13.5pt; width: 54pt; text-align: center;\" width=\"72\" height=\"18\">Capacidade<\/td>\n<td style=\"width: 54pt; text-align: center;\" width=\"72\">Forma<\/td>\n<td style=\"width: 54pt; text-align: center;\" width=\"72\">Veda\u00e7\u00e3o<\/td>\n<td style=\"width: 54pt; text-align: center;\" width=\"72\">Cor<\/td>\n<td style=\"width: 54pt; text-align: center;\" width=\"72\">Uso<\/td>\n<\/tr>\n<tr style=\"height: 13.50pt;\">\n<td style=\"height: 13.5pt; text-align: center;\" height=\"18\">30ml<\/td>\n<td style=\"text-align: center;\">Lados retos<\/td>\n<td style=\"text-align: center;\">Rosqueado<\/td>\n<td style=\"text-align: center;\">Claro<\/td>\n<td style=\"text-align: center;\">Creme facial, creme para os olhos, b\u00e1lsamo corporal<\/td>\n<\/tr>\n<\/tbody>\n<\/table>\n<h2>Caso de sucesso<\/h2>\n<p>Quando uma marca canadense decidiu lan\u00e7ar uma linha de cremes faciais especificamente desenvolvida para peles sens\u00edveis, escolheu nossos potes de vidro de 30 ml. Para personalizar ainda mais o produto, o cliente solicitou uma melhoria no recipiente de vidro: uma fina camada semitransparente branco-leitosa foi aplicada na parede interna. A tampa, por sua vez, recebeu um design com uma textura emborrachada tradicional na parte superior, chamada de &#034;toque de pele&#034; \u2013 uma escolha que visa n\u00e3o apenas melhorar a ader\u00eancia e evitar que o produto escorregue, mas tamb\u00e9m conferir \u00e0 tampa um toque luxuoso e sofisticado.<\/p>\n<p>As vendas online do produto aumentaram impressionantes 31% j\u00e1 no primeiro trimestre ap\u00f3s o lan\u00e7amento no mercado. O cliente fez mais quatro pedidos nos seis meses seguintes, o que serviu de incentivo para expandir sua linha de produtos para outros segmentos de cuidados com a pele.<\/p>\n<h2>Op\u00e7\u00f5es de personaliza\u00e7\u00e3o<\/h2>\n<ol>\n<li><strong>Op\u00e7\u00f5es de tampa interna: <\/strong>Tampas internas de PE, PP ou folha de alum\u00ednio contribuem para tornar a lata mais herm\u00e9tica e proteger o produto.<\/li>\n<li><strong>Personaliza\u00e7\u00e3o da cor do vidro: <\/strong>Oferecemos op\u00e7\u00f5es de cores em spray transparente, \u00e2mbar, fosco ou personalizadas para atender a diversas est\u00e9ticas de marca.<\/li>\n<li><strong>Decora\u00e7\u00e3o de superf\u00edcie: <\/strong>Estampagem a quente, suporte para serigrafia, etiquetagem ou impress\u00e3o UV para personaliza\u00e7\u00e3o da marca.<\/li>\n<\/ol>","protected":false},"excerpt":{"rendered":"<p>Recipientes cosm\u00e9ticos compactos e potes para cremes com design em vidro transparente. Fornecimento direto da f\u00e1brica, personaliza\u00e7\u00e3o em grande quantidade dispon\u00edvel para marcas de cuidados com a pele. Envio r\u00e1pido.<\/p>","protected":false},"featured_media":6050,"template":"","meta":{"postBodyCss":"","postBodyMargin":[],"postBodyPadding":[],"postBodyBackground":{"backgroundType":"classic","gradient":""}},"product_brand":[],"product_cat":[106,15,17],"product_tag":[],"class_list":{"0":"post-6047","1":"product","2":"type-product","3":"status-publish","4":"has-post-thumbnail","6":"product_cat-cosmetic-jars","7":"product_cat-glass-containers","8":"product_cat-glass-jars","10":"first","11":"instock","12":"shipping-taxable","13":"product-type-simple"},"jetpack_sharing_enabled":true,"_links":{"self":[{"href":"https:\/\/minghanggroup.com\/pt\/wp-json\/wp\/v2\/product\/6047","targetHints":{"allow":["GET"]}}],"collection":[{"href":"https:\/\/minghanggroup.com\/pt\/wp-json\/wp\/v2\/product"}],"about":[{"href":"https:\/\/minghanggroup.com\/pt\/wp-json\/wp\/v2\/types\/product"}],"wp:featuredmedia":[{"embeddable":true,"href":"https:\/\/minghanggroup.com\/pt\/wp-json\/wp\/v2\/media\/6050"}],"wp:attachment":[{"href":"https:\/\/minghanggroup.com\/pt\/wp-json\/wp\/v2\/media?parent=6047"}],"wp:term":[{"taxonomy":"product_brand","embeddable":true,"href":"https:\/\/minghanggroup.com\/pt\/wp-json\/wp\/v2\/product_brand?post=6047"},{"taxonomy":"product_cat","embeddable":true,"href":"https:\/\/minghanggroup.com\/pt\/wp-json\/wp\/v2\/product_cat?post=6047"},{"taxonomy":"product_tag","embeddable":true,"href":"https:\/\/minghanggroup.com\/pt\/wp-json\/wp\/v2\/product_tag?post=6047"}],"curies":[{"name":"wp","href":"https:\/\/api.w.org\/{rel}","templated":true}]}}