{"id":6042,"date":"2026-03-19T10:04:29","date_gmt":"2026-03-19T02:04:29","guid":{"rendered":"https:\/\/minghanggroup.com\/?post_type=product&#038;p=6042"},"modified":"2026-03-20T16:58:02","modified_gmt":"2026-03-20T08:58:02","slug":"empty-luxury-glass-cosmetic-jars-with-gold-lid-bulk","status":"publish","type":"product","link":"https:\/\/minghanggroup.com\/pt\/produto\/empty-luxury-glass-cosmetic-jars-with-gold-lid-bulk\/","title":{"rendered":"Potes de vidro cosm\u00e9ticos de luxo vazios de 20ml com tampa dourada (pacote com 20ml)"},"content":{"rendered":"<p>Esses luxuosos frascos de vidro para cosm\u00e9ticos t\u00eam um formato arredondado e suave, s\u00e3o feitos de vidro cristalino e possuem uma tampa banhada a ouro com um elegante puxador esf\u00e9rico que contribui para o seu toque de requinte.<\/p>\n<h2>Caracter\u00edsticas do produto<\/h2>\n<ul>\n<li><strong>Base hemisf\u00e9rica de vidro transparente:<\/strong> A base hemisf\u00e9rica de vidro cristalino \u00e9 ideal para exibir a textura e a cor do produto, revelando sua qualidade mais pura.<\/li>\n<li><strong>Tampa superior em metal dourado:<\/strong> Trata-se de um material dur\u00e1vel, feito de metal espesso, que confere um toque sofisticado e elegante \u00e0 tampa superior.<\/li>\n<li><strong>Forma esf\u00e9rica suave:<\/strong> O formato esf\u00e9rico perfeito \u00e9 bem organizado e f\u00e1cil de segurar, tornando-se um item atraente em qualquer penteadeira.<\/li>\n<\/ul>\n<h2 style=\"text-align: left;\">Especifica\u00e7\u00f5es principais<\/h2>\n<table class=\"aligncenter\" style=\"border-collapse: collapse; width: 417.77pt;\" border=\"0\" width=\"557\" cellspacing=\"0\" cellpadding=\"0\">\n<tbody>\n<tr style=\"height: 13.50pt;\">\n<td style=\"height: 13.50pt; width: 120.00pt;\" width=\"160\" height=\"18\">Especifica\u00e7\u00e3o<\/td>\n<td style=\"width: 297.75pt;\" width=\"397\">Detalhes<\/td>\n<\/tr>\n<tr style=\"height: 13.50pt;\">\n<td style=\"height: 13.50pt;\" height=\"18\">Capacidade<\/td>\n<td>20ml<\/td>\n<\/tr>\n<tr style=\"height: 13.50pt;\">\n<td style=\"height: 13.50pt;\" height=\"18\">Material<\/td>\n<td>Vidro transparente, metal banhado a ouro<\/td>\n<\/tr>\n<tr style=\"height: 13.50pt;\">\n<td style=\"height: 13.50pt;\" height=\"18\">Formato de jarro<\/td>\n<td>Esfera com tampa em forma de c\u00fapula<\/td>\n<\/tr>\n<tr style=\"height: 13.50pt;\">\n<td style=\"height: 13.50pt;\" height=\"18\">Escopo de personaliza\u00e7\u00e3o<\/td>\n<td>Cor, Acabamento, Tampas, Tamanho<\/td>\n<\/tr>\n<tr style=\"height: 13.50pt;\">\n<td style=\"height: 13.50pt;\" height=\"18\">Artesanato<\/td>\n<td>Moldagem de precis\u00e3o em vidro e metal<\/td>\n<\/tr>\n<tr style=\"height: 13.50pt;\">\n<td style=\"height: 13.50pt;\" height=\"18\">Finalidade do produto<\/td>\n<td>Potes de vidro luxuosos para cosm\u00e9ticos, potes de cosm\u00e9ticos premium.<\/td>\n<\/tr>\n<tr style=\"height: 13.50pt;\">\n<td style=\"height: 13.50pt;\" height=\"18\">Ind\u00fastrias adequadas<\/td>\n<td>Marcas de luxo para cuidados com a pele, conjuntos de presentes sofisticados<\/td>\n<\/tr>\n<\/tbody>\n<\/table>\n<h2>Hist\u00f3ria de Sucesso: O Creme Exclusivo de uma Marca Su\u00ed\u00e7a de Cuidados com a Pele<\/h2>\n<p>Uma marca su\u00ed\u00e7a de cuidados com a pele utilizou nossos recipientes cosm\u00e9ticos esf\u00e9ricos vazios e encomendou um frasco personalizado em metal com revestimento PVD de platina e um frasco de vidro fosco. A sensa\u00e7\u00e3o de frescor e o peso do frasco refor\u00e7aram a tecnologia de resfriamento do produto, o que aumentou as vendas em 25% em lojas de departamento de alto padr\u00e3o e em 300% na intera\u00e7\u00e3o nas redes sociais. A marca obteve um enorme sucesso e fez um novo pedido de 500.000 frascos, que se tornaram a \u00fanica embalagem para sua linha de produtos principal nos tr\u00eas anos seguintes.<\/p>\n<h2>Op\u00e7\u00f5es de personaliza\u00e7\u00e3o para embalagens de cosm\u00e9ticos vazias<\/h2>\n<ul>\n<li>Acabamento met\u00e1lico: O acabamento na metade superior \u00e9 em ouro rosa, prata, cobre, cromo preto ou cinza met\u00e1lico.<\/li>\n<li>Decora\u00e7\u00e3o da tampa: Cristais, pedras semipreciosas ou o logotipo da marca podem ser adicionados ao topo da tampa em formato de c\u00fapula.<\/li>\n<li>Ajuste de tamanho: Produza tamanhos menores (10 ml, por exemplo, creme para os olhos) e tamanhos maiores (50 ml, por exemplo, creme noturno) com o mesmo design, em formato esf\u00e9rico.<\/li>\n<\/ul>","protected":false},"excerpt":{"rendered":"<p>Potes cosm\u00e9ticos de vidro de luxo com tampa dourada e base transparente. Recipientes cosm\u00e9ticos vazios premium, ideais para cremes, s\u00e9runs e produtos de cuidados com a pele de alta qualidade. Amostras gr\u00e1tis.<\/p>","protected":false},"featured_media":6046,"template":"","meta":{"postBodyCss":"","postBodyMargin":[],"postBodyPadding":[],"postBodyBackground":{"backgroundType":"classic","gradient":""}},"product_brand":[],"product_cat":[106,15,17],"product_tag":[],"class_list":{"0":"post-6042","1":"product","2":"type-product","3":"status-publish","4":"has-post-thumbnail","6":"product_cat-cosmetic-jars","7":"product_cat-glass-containers","8":"product_cat-glass-jars","10":"first","11":"instock","12":"shipping-taxable","13":"product-type-simple"},"jetpack_sharing_enabled":true,"_links":{"self":[{"href":"https:\/\/minghanggroup.com\/pt\/wp-json\/wp\/v2\/product\/6042","targetHints":{"allow":["GET"]}}],"collection":[{"href":"https:\/\/minghanggroup.com\/pt\/wp-json\/wp\/v2\/product"}],"about":[{"href":"https:\/\/minghanggroup.com\/pt\/wp-json\/wp\/v2\/types\/product"}],"wp:featuredmedia":[{"embeddable":true,"href":"https:\/\/minghanggroup.com\/pt\/wp-json\/wp\/v2\/media\/6046"}],"wp:attachment":[{"href":"https:\/\/minghanggroup.com\/pt\/wp-json\/wp\/v2\/media?parent=6042"}],"wp:term":[{"taxonomy":"product_brand","embeddable":true,"href":"https:\/\/minghanggroup.com\/pt\/wp-json\/wp\/v2\/product_brand?post=6042"},{"taxonomy":"product_cat","embeddable":true,"href":"https:\/\/minghanggroup.com\/pt\/wp-json\/wp\/v2\/product_cat?post=6042"},{"taxonomy":"product_tag","embeddable":true,"href":"https:\/\/minghanggroup.com\/pt\/wp-json\/wp\/v2\/product_tag?post=6042"}],"curies":[{"name":"wp","href":"https:\/\/api.w.org\/{rel}","templated":true}]}}