{"id":6034,"date":"2026-03-18T11:25:48","date_gmt":"2026-03-18T03:25:48","guid":{"rendered":"https:\/\/minghanggroup.com\/?post_type=product&#038;p=6034"},"modified":"2026-03-20T16:57:52","modified_gmt":"2026-03-20T08:57:52","slug":"colored-glass-lotion-bottle-with-pump-bulk","status":"publish","type":"product","link":"https:\/\/minghanggroup.com\/pt\/produto\/colored-glass-lotion-bottle-with-pump-bulk\/","title":{"rendered":"Frasco de lo\u00e7\u00e3o de vidro colorido de 20ml e 30ml com bomba dosadora (em grande quantidade)"},"content":{"rendered":"<p>Este frasco de lo\u00e7\u00e3o com bomba dosadora tem um formato cil\u00edndrico, curto e elegante. O frasco de vidro est\u00e1 dispon\u00edvel em duas cores: amarelo claro e azul claro, com uma bomba dosadora branca e lisa para uma dosagem precisa. As vers\u00f5es de 20 ml e 30 ml s\u00e3o ideais para amostras, s\u00e9runs ou kits de viagem.<\/p>\n<h2>Caracter\u00edsticas do produto<\/h2>\n<ul>\n<li><strong>Design cil\u00edndrico compacto:<\/strong> Um cilindro estreito e curto confere-lhe uma forma s\u00f3lida e ideal para segurar na m\u00e3o, al\u00e9m de uma apar\u00eancia minimalista.<\/li>\n<li><strong>Alta transpar\u00eancia:<\/strong> Vitrais: Foi desenvolvido como uma cor suave para a marca, com um toque de alta qualidade, utilizando vitrais transparentes.<\/li>\n<li><strong>Cabe\u00e7ote da bomba refinado:<\/strong> O design da cabe\u00e7a da bomba \u00e9 branco e minimalista, garantindo controle preciso da dosagem com facilidade e higiene, proporcionando um contraste visual impressionante com o frasco de vidro colorido.<\/li>\n<\/ul>\n<h2 style=\"text-align: left;\">Especifica\u00e7\u00f5es principais<\/h2>\n<table class=\"aligncenter\" style=\"border-collapse: collapse; width: 373.52pt;\" border=\"0\" width=\"498\" cellspacing=\"0\" cellpadding=\"0\">\n<tbody>\n<tr style=\"height: 13.50pt;\">\n<td style=\"height: 13.50pt; width: 120.00pt;\" width=\"160\" height=\"18\">Especifica\u00e7\u00e3o<\/td>\n<td style=\"width: 253.50pt;\" width=\"338\">Detalhes<\/td>\n<\/tr>\n<tr style=\"height: 13.50pt;\">\n<td style=\"height: 13.50pt;\" height=\"18\">Capacidade<\/td>\n<td>20 ml, 30 ml<\/td>\n<\/tr>\n<tr style=\"height: 13.50pt;\">\n<td style=\"height: 13.50pt;\" height=\"18\">Material<\/td>\n<td>Vidro transl\u00facido em tons pastel, bomba de pl\u00e1stico branco<\/td>\n<\/tr>\n<tr style=\"height: 13.50pt;\">\n<td style=\"height: 13.50pt;\" height=\"18\">Formato de garrafa<\/td>\n<td>Cilindro curto com ombros arredondados<\/td>\n<\/tr>\n<tr style=\"height: 13.50pt;\">\n<td style=\"height: 13.50pt;\" height=\"18\">Escopo de personaliza\u00e7\u00e3o<\/td>\n<td>Cor, Tamanho, Tampas, Tamanho<\/td>\n<\/tr>\n<tr style=\"height: 13.50pt;\">\n<td style=\"height: 13.50pt;\" height=\"18\">Artesanato<\/td>\n<td>Moldagem de vidro de precis\u00e3o, montagem de bomba<\/td>\n<\/tr>\n<tr style=\"height: 13.50pt;\">\n<td style=\"height: 13.50pt;\" height=\"18\">Finalidade do produto<\/td>\n<td>Frascos para s\u00e9rum facial, frascos para lo\u00e7\u00e3o de viagem<\/td>\n<\/tr>\n<tr style=\"height: 13.50pt;\">\n<td style=\"height: 13.50pt;\" height=\"18\">Ind\u00fastrias adequadas<\/td>\n<td>Marcas de cuidados com a pele, caixas de assinatura de beleza<\/td>\n<\/tr>\n<\/tbody>\n<\/table>\n<h2>Hist\u00f3ria de sucesso<\/h2>\n<p>Nossa embalagem de vidro com bomba dosadora foi escolhida por uma empresa de cuidados com a pele vegana da Calif\u00f3rnia para produzir seu novo s\u00e9rum de \u00e1cido hialur\u00f4nico. A empresa personalizou a embalagem rosa e a bomba dosadora branca fosca. O design preciso da bomba dosadora reduziu o consumo excessivo em uma m\u00e9dia de 18%, agregando valor ao produto. A embalagem compacta e com design elegante torna o produto ideal para levar para qualquer lugar, o que resultou em um aumento de 60% nas vendas da vers\u00e3o viagem de 20ml. A marca ficou extremamente satisfeita e fez um novo pedido de 1,5 milh\u00e3o de embalagens para seu programa global de experi\u00eancia do cliente e para a nova linha de embalagens mini viagem.<\/p>\n<h2>Sugest\u00f5es de personaliza\u00e7\u00e3o de frascos de lo\u00e7\u00e3o com bomba dosadora.<\/h2>\n<ul>\n<li>Design da tampa: A bomba possui tampas simples de silicone ou pl\u00e1stico, que podem ser usadas para facilitar o transporte.<\/li>\n<li>Bomba Airless Upgrade: Esta bomba airless opcional ajuda a evitar a oxida\u00e7\u00e3o de ingredientes ativos muito sens\u00edveis, como a vitamina C ou os retinoides.<\/li>\n<li>Calibra\u00e7\u00e3o da Cabe\u00e7a da Bomba: A cabe\u00e7a da bomba pode ser calibrada para dispensar com precis\u00e3o (por exemplo, 0,3 ml) s\u00e9runs ou produtos concentrados para a pele.<\/li>\n<\/ul>","protected":false},"excerpt":{"rendered":"<p>Frasco de vidro resistente com bomba dosadora, apresentando design elegante e bico dur\u00e1vel. Frasco estiloso para lo\u00e7\u00f5es e produtos de beleza. Envio r\u00e1pido.<\/p>","protected":false},"featured_media":6037,"template":"","meta":{"postBodyCss":"","postBodyMargin":[],"postBodyPadding":[],"postBodyBackground":{"backgroundType":"classic","gradient":""}},"product_brand":[],"product_cat":[105,15,16],"product_tag":[],"class_list":{"0":"post-6034","1":"product","2":"type-product","3":"status-publish","4":"has-post-thumbnail","6":"product_cat-glass-lotion-bottles","7":"product_cat-glass-containers","8":"product_cat-glass-bottles","10":"first","11":"instock","12":"shipping-taxable","13":"product-type-simple"},"jetpack_sharing_enabled":true,"_links":{"self":[{"href":"https:\/\/minghanggroup.com\/pt\/wp-json\/wp\/v2\/product\/6034","targetHints":{"allow":["GET"]}}],"collection":[{"href":"https:\/\/minghanggroup.com\/pt\/wp-json\/wp\/v2\/product"}],"about":[{"href":"https:\/\/minghanggroup.com\/pt\/wp-json\/wp\/v2\/types\/product"}],"wp:featuredmedia":[{"embeddable":true,"href":"https:\/\/minghanggroup.com\/pt\/wp-json\/wp\/v2\/media\/6037"}],"wp:attachment":[{"href":"https:\/\/minghanggroup.com\/pt\/wp-json\/wp\/v2\/media?parent=6034"}],"wp:term":[{"taxonomy":"product_brand","embeddable":true,"href":"https:\/\/minghanggroup.com\/pt\/wp-json\/wp\/v2\/product_brand?post=6034"},{"taxonomy":"product_cat","embeddable":true,"href":"https:\/\/minghanggroup.com\/pt\/wp-json\/wp\/v2\/product_cat?post=6034"},{"taxonomy":"product_tag","embeddable":true,"href":"https:\/\/minghanggroup.com\/pt\/wp-json\/wp\/v2\/product_tag?post=6034"}],"curies":[{"name":"wp","href":"https:\/\/api.w.org\/{rel}","templated":true}]}}