{"id":6029,"date":"2026-03-18T10:48:50","date_gmt":"2026-03-18T02:48:50","guid":{"rendered":"https:\/\/minghanggroup.com\/?post_type=product&#038;p=6029"},"modified":"2026-04-14T09:48:29","modified_gmt":"2026-04-14T01:48:29","slug":"frosted-glass-cosmetic-bottles-for-shampoo-bulk","status":"publish","type":"product","link":"https:\/\/minghanggroup.com\/pt\/produto\/frosted-glass-cosmetic-bottles-for-shampoo-bulk\/","title":{"rendered":"Frascos de vidro fosco de 40ml para cosm\u00e9ticos, ideais para shampoo (em atacado)"},"content":{"rendered":"<p>O que voc\u00ea v\u00ea \u00e9 uma das solu\u00e7\u00f5es mais belas em embalagens de vidro para cosm\u00e9ticos: os frascos de 40ml em vidro fosco possuem um formato oval elegante que proporciona uma sensa\u00e7\u00e3o confort\u00e1vel e agrad\u00e1vel ao toque, al\u00e9m de conferir um visual sofisticado a qualquer prateleira. A beleza transl\u00facida e et\u00e9rea do acabamento em vidro fosco \u00e9 complementada por um anel de metal dourado no gargalo do frasco. Com um leve aperto na v\u00e1lvula pump, a quantidade perfeita do produto \u00e9 sempre dispensada.<\/p>\n<h2>Caracter\u00edsticas do produto<\/h2>\n<ul>\n<li><strong>Acabamento fosco elegante:<\/strong> A superf\u00edcie de vidro fosco proporciona uma apar\u00eancia luxuosa de semitranspar\u00eancia que aumenta o apelo dos produtos, al\u00e9m de proteger as f\u00f3rmulas sens\u00edveis \u00e0 luz.<\/li>\n<li><strong>Tecnologia de bomba sem ar:<\/strong> Nosso sistema de bombeamento sem ar evita a contamina\u00e7\u00e3o e prolonga a vida \u00fatil do produto, sendo por isso indicado para frascos de lo\u00e7\u00e3o e s\u00e9runs de alta qualidade.<\/li>\n<li><strong>Design redondo est\u00e1vel:<\/strong> Os frascos redondos com bomba dosadora para shampoo possuem uma base espessa, o que os torna est\u00e1veis \u200b\u200bem qualquer superf\u00edcie, minimizando derramamentos e facilitando o uso.<\/li>\n<\/ul>\n<h2>Especifica\u00e7\u00f5es principais<\/h2>\n<table style=\"border-collapse: collapse; width: 80%; margin-left: auto; margin-right: auto;\" border=\"0\" width=\"144\" cellspacing=\"0\" cellpadding=\"0\">\n<tbody>\n<tr style=\"height: 13.50pt;\">\n<td style=\"height: 13.5pt; width: 54pt; text-align: center;\" width=\"72\" height=\"18\">Especifica\u00e7\u00e3o<\/td>\n<td style=\"width: 54pt; text-align: center;\" width=\"72\">Detalhes<\/td>\n<\/tr>\n<tr style=\"height: 13.50pt;\">\n<td style=\"height: 13.5pt; text-align: center;\" height=\"18\">Capacidade<\/td>\n<td style=\"text-align: center;\">40ml<\/td>\n<\/tr>\n<tr style=\"height: 13.50pt;\">\n<td style=\"height: 13.5pt; text-align: center;\" height=\"18\">Material<\/td>\n<td style=\"text-align: center;\">Corpo de vidro fosco<\/td>\n<\/tr>\n<tr style=\"height: 13.50pt;\">\n<td style=\"height: 13.5pt; text-align: center;\" height=\"18\">Tipo de bomba<\/td>\n<td style=\"text-align: center;\">Sistema de bomba sem ar<\/td>\n<\/tr>\n<tr style=\"height: 13.50pt;\">\n<td style=\"height: 13.5pt; text-align: center;\" height=\"18\">Cabe\u00e7ote da bomba<\/td>\n<td style=\"text-align: center;\">Metal dourado com tampa transparente<\/td>\n<\/tr>\n<tr style=\"height: 13.50pt;\">\n<td style=\"height: 13.5pt; text-align: center;\" height=\"18\">Cor<\/td>\n<td style=\"text-align: center;\">Fosco (personaliz\u00e1vel)<\/td>\n<\/tr>\n<tr style=\"height: 13.50pt;\">\n<td style=\"height: 13.5pt; text-align: center;\" height=\"18\">Personaliza\u00e7\u00e3o<\/td>\n<td style=\"text-align: center;\">Logotipo, cor e embalagem dispon\u00edveis<\/td>\n<\/tr>\n<\/tbody>\n<\/table>\n<h2>Caso de sucesso<\/h2>\n<p>Nossos frascos ovais foscos de 40ml com pump para shampoo foram escolhidos por uma empresa de cosm\u00e9ticos de luxo com sede na Austr\u00e1lia. Em termos de personaliza\u00e7\u00e3o, o cliente solicitou um acabamento fosco refinado, que foi aprimorado com um acabamento anti-impress\u00e3o digital adicional; al\u00e9m disso, o anel dourado ornamental no gargalo do frasco n\u00e3o recebeu o acabamento polido espelhado solicitado pelo cliente, mas sim um acabamento em metal escovado. A tampa, antes transparente, tamb\u00e9m foi redesenhada na cor cinza esfuma\u00e7ado, com um tom suave e discreto, para tornar o produto ainda mais exclusivo e diferenciado.<\/p>\n<p>Ap\u00f3s o lan\u00e7amento oficial do produto, a marca afirmou que as taxas de convers\u00e3o nas plataformas de com\u00e9rcio eletr\u00f4nico aumentaram consideravelmente, em 34%, em um per\u00edodo de apenas dois meses.<\/p>\n<h2>Recomenda\u00e7\u00f5es de personaliza\u00e7\u00e3o<\/h2>\n<ol>\n<li><strong>Acabamento fosco. V\u00e1rias varia\u00e7\u00f5es:<\/strong> Escolha a quantidade de glac\u00ea, incluindo glac\u00ea leve, glac\u00ea pesado ou glac\u00ea degrad\u00ea, para obter diferentes efeitos.<\/li>\n<li><strong>Sele\u00e7\u00e3o de Colares Galvanizados:<\/strong> A escolha entre dourado, prateado, ouro rosa ou met\u00e1lico escovado se adequa ao posicionamento da marca.<\/li>\n<li><strong>Caracter\u00edsticas antifalsifica\u00e7\u00e3o:<\/strong> Forne\u00e7a ao produto um c\u00f3digo QR, c\u00f3digo de lote ou grava\u00e7\u00e3o a laser na parte inferior da garrafa, que ser\u00e1 utilizado para rastrear o produto.<\/li>\n<\/ol>","protected":false},"excerpt":{"rendered":"<p>Frascos cosm\u00e9ticos de vidro fosco com bomba airless. Perfeitos para lo\u00e7\u00f5es e shampoos. Embalagens personalizadas no atacado de um fabricante confi\u00e1vel. Amostras gr\u00e1tis.<\/p>","protected":false},"featured_media":6033,"template":"","meta":{"postBodyCss":"","postBodyMargin":[],"postBodyPadding":[],"postBodyBackground":{"backgroundType":"classic","gradient":""}},"product_brand":[],"product_cat":[105,15,16],"product_tag":[110],"class_list":{"0":"post-6029","1":"product","2":"type-product","3":"status-publish","4":"has-post-thumbnail","6":"product_cat-glass-lotion-bottles","7":"product_cat-glass-containers","8":"product_cat-glass-bottles","9":"product_tag-glass-foundation-bottles","11":"first","12":"instock","13":"shipping-taxable","14":"product-type-simple"},"jetpack_sharing_enabled":true,"_links":{"self":[{"href":"https:\/\/minghanggroup.com\/pt\/wp-json\/wp\/v2\/product\/6029","targetHints":{"allow":["GET"]}}],"collection":[{"href":"https:\/\/minghanggroup.com\/pt\/wp-json\/wp\/v2\/product"}],"about":[{"href":"https:\/\/minghanggroup.com\/pt\/wp-json\/wp\/v2\/types\/product"}],"wp:featuredmedia":[{"embeddable":true,"href":"https:\/\/minghanggroup.com\/pt\/wp-json\/wp\/v2\/media\/6033"}],"wp:attachment":[{"href":"https:\/\/minghanggroup.com\/pt\/wp-json\/wp\/v2\/media?parent=6029"}],"wp:term":[{"taxonomy":"product_brand","embeddable":true,"href":"https:\/\/minghanggroup.com\/pt\/wp-json\/wp\/v2\/product_brand?post=6029"},{"taxonomy":"product_cat","embeddable":true,"href":"https:\/\/minghanggroup.com\/pt\/wp-json\/wp\/v2\/product_cat?post=6029"},{"taxonomy":"product_tag","embeddable":true,"href":"https:\/\/minghanggroup.com\/pt\/wp-json\/wp\/v2\/product_tag?post=6029"}],"curies":[{"name":"wp","href":"https:\/\/api.w.org\/{rel}","templated":true}]}}