{"id":6019,"date":"2026-03-17T09:13:29","date_gmt":"2026-03-17T01:13:29","guid":{"rendered":"https:\/\/minghanggroup.com\/?post_type=product&#038;p=6019"},"modified":"2026-03-20T16:58:35","modified_gmt":"2026-03-20T08:58:35","slug":"cylindrical-white-lotion-bottles-for-skincare-wholesale","status":"publish","type":"product","link":"https:\/\/minghanggroup.com\/pt\/produto\/cylindrical-white-lotion-bottles-for-skincare-wholesale\/","title":{"rendered":"Frascos cil\u00edndricos brancos de lo\u00e7\u00e3o para cuidados com a pele, de 20 ml a 60 ml, para venda por atacado."},"content":{"rendered":"<p>Este \u00e9 um frasco de lo\u00e7\u00e3o branco com formato cil\u00edndrico. O corpo \u00e9 de um branco puro com um gargalo que imita a textura natural da madeira, combinando perfeitamente com o dispensador branco da bomba, que \u00e9 ecologicamente correto.<\/p>\n<h2>Caracter\u00edsticas do produto<\/h2>\n<ul>\n<li><strong>Anel decorativo de madeira natural:<\/strong> O anel decorativo com veios de madeira no bra\u00e7o do instrumento proporciona uma sensa\u00e7\u00e3o de calor natural e uma apar\u00eancia especial.<\/li>\n<li><strong>Bomba pr\u00e1tica e tampa transparente:<\/strong> A bomba branca dispensa o produto de forma higi\u00eanica, e a tampa transparente oferece prote\u00e7\u00e3o e completa o visual limpo.<\/li>\n<li><strong>Estrutura pequena e robusta:<\/strong> O formato cil\u00edndrico curto e largo, assim como a base plana, contribuem para um alto n\u00edvel de estabilidade e solidez.<\/li>\n<\/ul>\n<h2 style=\"text-align: left;\">Especifica\u00e7\u00f5es principais<\/h2>\n<table class=\"aligncenter\" style=\"border-collapse: collapse; width: 467.27pt;\" border=\"0\" width=\"623\" cellspacing=\"0\" cellpadding=\"0\">\n<tbody>\n<tr style=\"height: 13.50pt;\">\n<td style=\"height: 13.50pt; width: 120.00pt;\" width=\"160\" height=\"18\">Especifica\u00e7\u00e3o<\/td>\n<td style=\"width: 347.25pt;\" width=\"463\">Detalhes<\/td>\n<\/tr>\n<tr style=\"height: 13.50pt;\">\n<td style=\"height: 13.50pt;\" height=\"18\">Capacidade<\/td>\n<td>20ml, 30ml, 40ml, 60ml<\/td>\n<\/tr>\n<tr style=\"height: 13.50pt;\">\n<td style=\"height: 13.50pt;\" height=\"18\">Material<\/td>\n<td>Vidro branco opaco<\/td>\n<\/tr>\n<tr style=\"height: 13.50pt;\">\n<td style=\"height: 13.50pt;\" height=\"18\">Formato de garrafa<\/td>\n<td>Cilindro curto e arredondado com base plana<\/td>\n<\/tr>\n<tr style=\"height: 13.50pt;\">\n<td style=\"height: 13.50pt;\" height=\"18\">Escopo de personaliza\u00e7\u00e3o<\/td>\n<td>Formato, Material\/Cor do Anel Decorativo, Tampas, Tamanho<\/td>\n<\/tr>\n<tr style=\"height: 13.50pt;\">\n<td style=\"height: 13.50pt;\" height=\"18\">Artesanato<\/td>\n<td>Moldagem de vidro de precis\u00e3o para cores opacas<\/td>\n<\/tr>\n<tr style=\"height: 13.50pt;\">\n<td style=\"height: 13.50pt;\" height=\"18\">Finalidade do produto<\/td>\n<td>Frascos de lo\u00e7\u00e3o brancos, frascos de lo\u00e7\u00e3o no atacado<\/td>\n<\/tr>\n<tr style=\"height: 13.50pt;\">\n<td style=\"height: 13.50pt;\" height=\"18\">Ind\u00fastrias adequadas<\/td>\n<td>Marcas de cosm\u00e9ticos naturais e org\u00e2nicos, fornecedores de spa e bem-estar<\/td>\n<\/tr>\n<\/tbody>\n<\/table>\n<h2>Hist\u00f3ria de Sucesso: A Trajet\u00f3ria de Sucesso de uma Marca Canadense de Beleza Natural<\/h2>\n<p>Uma das marcas de beleza de Vancouver escolheu nosso frasco de lo\u00e7\u00e3o branca de 30ml com anel decorativo de bambu. A embalagem tornou-se um \u00edcone da marca; o design exclusivo da bomba aumentou as men\u00e7\u00f5es da marca no Instagram em 200% no primeiro m\u00eas de lan\u00e7amento. O design espec\u00edfico da bomba reduziu o desperd\u00edcio em cerca de 18%, agregando valor ao produto, e o tamanho compacto da embalagem tornou a caixa de assinatura mais eficiente e com uma apar\u00eancia mais enxuta. O sucesso do produto resultou em um segundo pedido de 1 milh\u00e3o de frascos para embalar toda a sua linha de produtos de beleza.<\/p>\n<h2>Personaliza\u00e7\u00e3o de frascos de lo\u00e7\u00e3o para venda por atacado<\/h2>\n<ul>\n<li>Escolha da cor da cabe\u00e7a da bomba: As cabe\u00e7as das bombas podem ser escolhidas em cores diferentes do branco, como preto, dourado ou na mesma cor do anel decorativo.<\/li>\n<li>Sistema de bomba sem ar: Existe a op\u00e7\u00e3o de sistema de bomba sem ar para f\u00f3rmulas que necessitam de resist\u00eancia \u00e0 oxida\u00e7\u00e3o.<\/li>\n<li>Detalhes do logotipo em relevo: Grave um pequeno logotipo em relevo na parte inferior da garrafa para uma express\u00e3o de marca simples e permanente.<\/li>\n<\/ul>","protected":false},"excerpt":{"rendered":"<p>Frasco branco para lo\u00e7\u00e3o com bomba dosadora e colarinho imitando madeira. Frascos premium para lo\u00e7\u00e3o, ideais para embalagens de produtos para cuidados com a pele, s\u00e9runs e cosm\u00e9ticos. Amostras gr\u00e1tis.<\/p>","protected":false},"featured_media":6021,"template":"","meta":{"postBodyCss":"","postBodyMargin":[],"postBodyPadding":[],"postBodyBackground":{"backgroundType":"classic","gradient":""}},"product_brand":[],"product_cat":[105,15,16],"product_tag":[],"class_list":{"0":"post-6019","1":"product","2":"type-product","3":"status-publish","4":"has-post-thumbnail","6":"product_cat-glass-lotion-bottles","7":"product_cat-glass-containers","8":"product_cat-glass-bottles","10":"first","11":"instock","12":"shipping-taxable","13":"product-type-simple"},"jetpack_sharing_enabled":true,"_links":{"self":[{"href":"https:\/\/minghanggroup.com\/pt\/wp-json\/wp\/v2\/product\/6019","targetHints":{"allow":["GET"]}}],"collection":[{"href":"https:\/\/minghanggroup.com\/pt\/wp-json\/wp\/v2\/product"}],"about":[{"href":"https:\/\/minghanggroup.com\/pt\/wp-json\/wp\/v2\/types\/product"}],"wp:featuredmedia":[{"embeddable":true,"href":"https:\/\/minghanggroup.com\/pt\/wp-json\/wp\/v2\/media\/6021"}],"wp:attachment":[{"href":"https:\/\/minghanggroup.com\/pt\/wp-json\/wp\/v2\/media?parent=6019"}],"wp:term":[{"taxonomy":"product_brand","embeddable":true,"href":"https:\/\/minghanggroup.com\/pt\/wp-json\/wp\/v2\/product_brand?post=6019"},{"taxonomy":"product_cat","embeddable":true,"href":"https:\/\/minghanggroup.com\/pt\/wp-json\/wp\/v2\/product_cat?post=6019"},{"taxonomy":"product_tag","embeddable":true,"href":"https:\/\/minghanggroup.com\/pt\/wp-json\/wp\/v2\/product_tag?post=6019"}],"curies":[{"name":"wp","href":"https:\/\/api.w.org\/{rel}","templated":true}]}}