{"id":6014,"date":"2026-03-16T10:13:19","date_gmt":"2026-03-16T02:13:19","guid":{"rendered":"https:\/\/minghanggroup.com\/?post_type=product&#038;p=6014"},"modified":"2026-04-14T14:20:14","modified_gmt":"2026-04-14T06:20:14","slug":"cylindrical-glass-lotion-bottles-with-pump-bulk","status":"publish","type":"product","link":"https:\/\/minghanggroup.com\/pt\/produto\/cylindrical-glass-lotion-bottles-with-pump-bulk\/","title":{"rendered":"Frascos cil\u00edndricos de vidro para lo\u00e7\u00e3o de 30ml com bomba dosadora (em grande quantidade)"},"content":{"rendered":"<p>Esses frascos de lo\u00e7\u00e3o com bomba dosadora possuem um corpo cil\u00edndrico, espesso e liso, com uma base arredondada e tamb\u00e9m espessa. Uma bomba dosadora dourada e brilhante garante precis\u00e3o e evita derramamentos.<\/p>\n<h2>Caracter\u00edsticas do produto<\/h2>\n<ul>\n<li><strong>Corpo cil\u00edndrico est\u00e1vel com base espessa:<\/strong> A base espessa do cilindro e o formato arredondado conferem estabilidade ao corpo da garrafa e impedem que ela tombe.<\/li>\n<li><strong>Bomba de ouro de luxo:<\/strong> A bomba de metal dourado foi projetada para facilitar a descarga f\u00e1cil e higi\u00eanica dos produtos, conferindo-lhe uma eleg\u00e2ncia opulenta.<\/li>\n<li><strong>Capacidade de 30 ml:<\/strong> Ideal para usar com s\u00e9runs concentrados, \u00f3leos faciais ou produtos de alta qualidade em tamanho viagem.<\/li>\n<\/ul>\n<h2 style=\"text-align: left;\">Especifica\u00e7\u00f5es principais<\/h2>\n<table class=\"aligncenter\" style=\"border-collapse: collapse; width: 411.77pt;\" border=\"0\" width=\"549\" cellspacing=\"0\" cellpadding=\"0\">\n<tbody>\n<tr style=\"height: 13.50pt;\">\n<td style=\"height: 13.50pt; width: 120.00pt;\" width=\"160\" height=\"18\">Especifica\u00e7\u00e3o<\/td>\n<td style=\"width: 291.75pt;\" width=\"389\">Detalhes<\/td>\n<\/tr>\n<tr style=\"height: 13.50pt;\">\n<td style=\"height: 13.50pt;\" height=\"18\">Capacidade<\/td>\n<td>30ml<\/td>\n<\/tr>\n<tr style=\"height: 13.50pt;\">\n<td style=\"height: 13.50pt;\" height=\"18\">Dimens\u00f5es<\/td>\n<td>49\u00d769mm (Di\u00e2metro \u00d7 Altura)<\/td>\n<\/tr>\n<tr style=\"height: 13.50pt;\">\n<td style=\"height: 13.50pt;\" height=\"18\">Material<\/td>\n<td>Bomba de metal dourado com vidro degrad\u00ea\/colorido ou transparente<\/td>\n<\/tr>\n<tr style=\"height: 13.50pt;\">\n<td style=\"height: 13.50pt;\" height=\"18\">Formato de garrafa<\/td>\n<td>Cilindro liso com base arredondada e pesada<\/td>\n<\/tr>\n<tr style=\"height: 13.50pt;\">\n<td style=\"height: 13.50pt;\" height=\"18\">Escopo de personaliza\u00e7\u00e3o<\/td>\n<td>Cor, tamanho, tampas, acabamento<\/td>\n<\/tr>\n<tr style=\"height: 13.50pt;\">\n<td style=\"height: 13.50pt;\" height=\"18\">Finalidade do produto<\/td>\n<td>Frascos de s\u00e9rum de luxo, frascos de lo\u00e7\u00e3o a granel<\/td>\n<\/tr>\n<tr style=\"height: 13.50pt;\">\n<td style=\"height: 13.50pt;\" height=\"18\">Ind\u00fastrias adequadas<\/td>\n<td>Marcas de luxo para cuidados com a pele, linhas de cosm\u00e9ticos de nicho<\/td>\n<\/tr>\n<\/tbody>\n<\/table>\n<h2>Hist\u00f3ria de sucesso<\/h2>\n<p>Nossos frascos de lo\u00e7\u00e3o \u00e2mbar de 30 ml com bomba dosadora e tampa especial preta fosca foram escolhidos por uma marca alem\u00e3 de cosm\u00e9ticos org\u00e2nicos. Os frascos de vidro \u00e2mbar tamb\u00e9m prolongaram a vida \u00fatil do produto, que antes tinha um prazo de validade de 6 a 12 meses. Com a bomba dosadora, a oxida\u00e7\u00e3o e a contamina\u00e7\u00e3o foram minimizadas, o que aumentou a satisfa\u00e7\u00e3o dos clientes em 40%. A marca obteve grande sucesso e, posteriormente, encomendou mais 600.000 frascos para abastecer todos os seus s\u00e9runs com ingredientes ativos.<\/p>\n<h2>Personaliza\u00e7\u00e3o de frascos de lo\u00e7\u00e3o a granel<\/h2>\n<ul>\n<li>Cores dos sapatos: Dispon\u00edveis em preto, cinza ou cores personalizadas para combinar com a imagem da sua marca.<\/li>\n<li>Fosco ou brilhante: escolha entre garrafas de vidro fosco com um visual delicadamente moderno ou opte pelo acabamento brilhante.<\/li>\n<li>Cabe\u00e7ote da bomba: Dependendo dos produtos com diferentes viscosidades, os cabe\u00e7otes das bombas est\u00e3o dispon\u00edveis em diferentes tipos (bomba padr\u00e3o, bomba sem ar).<\/li>\n<li>Tamanho e Propor\u00e7\u00e3o: A rela\u00e7\u00e3o entre altura e di\u00e2metro da garrafa pode ser ajustada para produzir garrafas mais baixas ou mais altas com o mesmo volume.<\/li>\n<\/ul>","protected":false},"excerpt":{"rendered":"<p>Frascos cil\u00edndricos de vidro com bomba dosadora para lo\u00e7\u00e3o, em diversas cores degrad\u00ea. Frascos resistentes para lo\u00e7\u00e3o em grande quantidade, ideais para cuidados com a pele de alta qualidade. Envio r\u00e1pido e estoque dispon\u00edvel.<\/p>","protected":false},"featured_media":6015,"template":"","meta":{"postBodyCss":"","postBodyMargin":[],"postBodyPadding":[],"postBodyBackground":{"backgroundType":"classic","gradient":""}},"product_brand":[],"product_cat":[105,15,16],"product_tag":[116],"class_list":{"0":"post-6014","1":"product","2":"type-product","3":"status-publish","4":"has-post-thumbnail","6":"product_cat-glass-lotion-bottles","7":"product_cat-glass-containers","8":"product_cat-glass-bottles","9":"product_tag-fine-mist-spray-bottles","11":"first","12":"instock","13":"shipping-taxable","14":"product-type-simple"},"jetpack_sharing_enabled":true,"_links":{"self":[{"href":"https:\/\/minghanggroup.com\/pt\/wp-json\/wp\/v2\/product\/6014","targetHints":{"allow":["GET"]}}],"collection":[{"href":"https:\/\/minghanggroup.com\/pt\/wp-json\/wp\/v2\/product"}],"about":[{"href":"https:\/\/minghanggroup.com\/pt\/wp-json\/wp\/v2\/types\/product"}],"wp:featuredmedia":[{"embeddable":true,"href":"https:\/\/minghanggroup.com\/pt\/wp-json\/wp\/v2\/media\/6015"}],"wp:attachment":[{"href":"https:\/\/minghanggroup.com\/pt\/wp-json\/wp\/v2\/media?parent=6014"}],"wp:term":[{"taxonomy":"product_brand","embeddable":true,"href":"https:\/\/minghanggroup.com\/pt\/wp-json\/wp\/v2\/product_brand?post=6014"},{"taxonomy":"product_cat","embeddable":true,"href":"https:\/\/minghanggroup.com\/pt\/wp-json\/wp\/v2\/product_cat?post=6014"},{"taxonomy":"product_tag","embeddable":true,"href":"https:\/\/minghanggroup.com\/pt\/wp-json\/wp\/v2\/product_tag?post=6014"}],"curies":[{"name":"wp","href":"https:\/\/api.w.org\/{rel}","templated":true}]}}