{"id":6009,"date":"2026-03-16T10:11:07","date_gmt":"2026-03-16T02:11:07","guid":{"rendered":"https:\/\/minghanggroup.com\/?post_type=product&#038;p=6009"},"modified":"2026-04-14T09:48:46","modified_gmt":"2026-04-14T01:48:46","slug":"clear-cosmetic-glass-bottles-with-pump-wholesale","status":"publish","type":"product","link":"https:\/\/minghanggroup.com\/pt\/produto\/clear-cosmetic-glass-bottles-with-pump-wholesale\/","title":{"rendered":"Frascos de vidro transparente para cosm\u00e9ticos com bomba dosadora, 60ml, 100ml e 120ml, para venda por atacado."},"content":{"rendered":"<p>Este frasco de vidro cosm\u00e9tico com bomba dosadora tem um design elegante e retangular, com corpo liso e transparente que permite visualizar o conte\u00fado. Possui um dispensador de bomba de alta qualidade que proporciona uma dosagem precisa e higi\u00eanica de lo\u00e7\u00f5es, s\u00e9runs e outros produtos para a pele. A tampa da bomba, na cor preta, confere um toque sofisticado, sendo ideal para marcas de luxo de cuidados com a pele. Este frasco resistente e pr\u00e1tico \u00e9 perfeito tanto para venda quanto para uso pessoal.<\/p>\n<h2>Caracter\u00edsticas do produto<\/h2>\n<ul>\n<li><strong>Corpo em vidro transparente:<\/strong> O corpo de vidro transparente oferece uma vis\u00e3o clara do produto em seu interior, permitindo que os consumidores acompanhem o uso e a quantidade restante.<\/li>\n<li><strong>Formato retangular e bordas suaves:<\/strong> O formato retangular contempor\u00e2neo com bordas suaves oferece uma apar\u00eancia elegante e sofisticada, sendo adequado para produtos cosm\u00e9ticos e de cuidados com a pele de alta qualidade.<\/li>\n<li><strong>Sapato de salto e bon\u00e9 pretos elegantes:<\/strong> A bomba e a tampa pretas da garrafa contrastam com o vidro transparente, conferindo um toque de classe e sofistica\u00e7\u00e3o ao conjunto.<\/li>\n<\/ul>\n<h2>Especifica\u00e7\u00f5es principais<\/h2>\n<table style=\"border-collapse: collapse; width: 80%; margin-left: auto; margin-right: auto;\" border=\"0\" width=\"288\" cellspacing=\"0\" cellpadding=\"0\">\n<tbody>\n<tr style=\"height: 13.50pt;\">\n<td style=\"height: 13.5pt; width: 54pt; text-align: center;\" width=\"72\" height=\"18\">Capacidade (ml)<\/td>\n<td style=\"width: 54pt; text-align: center;\" width=\"72\">Dimens\u00f5es (mm)<\/td>\n<td style=\"width: 54pt; text-align: center;\" width=\"72\">Forma<\/td>\n<td style=\"width: 54pt; text-align: center;\" width=\"72\">Op\u00e7\u00f5es de cores<\/td>\n<\/tr>\n<tr style=\"height: 13.50pt;\">\n<td style=\"height: 13.5pt; text-align: center;\" align=\"right\" height=\"18\">60<\/td>\n<td style=\"text-align: center;\">34 \u00d7 130<\/td>\n<td class=\"et2\" style=\"text-align: center;\" rowspan=\"3\">Retangular<\/td>\n<td class=\"et2\" style=\"text-align: center;\" rowspan=\"3\">Limpar\/Personalizar<\/td>\n<\/tr>\n<tr style=\"height: 13.50pt;\">\n<td style=\"height: 13.5pt; text-align: center;\" align=\"right\" height=\"18\">100<\/td>\n<td style=\"text-align: center;\">40 \u00d7 164<\/td>\n<\/tr>\n<tr style=\"height: 13.50pt;\">\n<td style=\"height: 13.5pt; text-align: center;\" align=\"right\" height=\"18\">120<\/td>\n<td style=\"text-align: center;\">40 \u00d7 180<\/td>\n<\/tr>\n<\/tbody>\n<\/table>\n<h2>Caso de sucesso<\/h2>\n<p>Uma das marcas de luxo de cuidados com a pele escolheu nosso frasco de lo\u00e7\u00e3o de vidro de 100ml, com formato retangular elegante e uma v\u00e1lvula pump preta de alta qualidade. O r\u00f3tulo tamb\u00e9m apresenta um acabamento dourado personalizado na tampa da v\u00e1lvula e uma superf\u00edcie fosca, conferindo \u00e0 marca uma apar\u00eancia ainda mais sofisticada ao toque.<\/p>\n<p>Ap\u00f3s essa implementa\u00e7\u00e3o, a demanda no varejo aumentou 35%. Atualmente, eles adotaram completamente esse frasco de lo\u00e7\u00e3o de 100ml em toda a sua linha de produtos.<\/p>\n<h2>Op\u00e7\u00f5es de personaliza\u00e7\u00e3o<\/h2>\n<ol>\n<li><strong>Caracter\u00edsticas de cor e acabamento da tampa:<\/strong> Ofereceremos diversas op\u00e7\u00f5es de cores para as tampas, incluindo dourado, prateado, preto fosco ou cobre escovado, para combinar com a est\u00e9tica ou linhas de diferentes marcas.<\/li>\n<li><strong>Impress\u00e3o de logotipos personalizados:<\/strong> Imprima o logotipo ou design da marca na garrafa, seja por meio de estampagem a quente ou impress\u00e3o UV, para garantir uma identidade visual duradoura e de alta qualidade.<\/li>\n<li><strong>Rotulagem:<\/strong> Ofere\u00e7a rotulagem personalizada, incluindo r\u00f3tulos que envolvem toda a embalagem ou apenas parte dela, com adesivos transparentes ou foscos para criar uma apar\u00eancia elegante e minimalista, ou r\u00f3tulos ornamentais para criar uma imagem de marca mais art\u00edstica.<\/li>\n<\/ol>","protected":false},"excerpt":{"rendered":"<p>Conhe\u00e7a frascos elegantes com bomba dosadora para lo\u00e7\u00f5es e s\u00e9runs. Nossos frascos de vidro para cosm\u00e9ticos oferecem durabilidade, design sofisticado e op\u00e7\u00f5es de compra em grande quantidade personaliz\u00e1veis. Amostra gr\u00e1tis.<\/p>","protected":false},"featured_media":6013,"template":"","meta":{"postBodyCss":"","postBodyMargin":[],"postBodyPadding":[],"postBodyBackground":{"backgroundType":"classic","gradient":""}},"product_brand":[],"product_cat":[15,105,16],"product_tag":[110],"class_list":{"0":"post-6009","1":"product","2":"type-product","3":"status-publish","4":"has-post-thumbnail","6":"product_cat-glass-containers","7":"product_cat-glass-lotion-bottles","8":"product_cat-glass-bottles","9":"product_tag-glass-foundation-bottles","11":"first","12":"instock","13":"shipping-taxable","14":"product-type-simple"},"jetpack_sharing_enabled":true,"_links":{"self":[{"href":"https:\/\/minghanggroup.com\/pt\/wp-json\/wp\/v2\/product\/6009","targetHints":{"allow":["GET"]}}],"collection":[{"href":"https:\/\/minghanggroup.com\/pt\/wp-json\/wp\/v2\/product"}],"about":[{"href":"https:\/\/minghanggroup.com\/pt\/wp-json\/wp\/v2\/types\/product"}],"wp:featuredmedia":[{"embeddable":true,"href":"https:\/\/minghanggroup.com\/pt\/wp-json\/wp\/v2\/media\/6013"}],"wp:attachment":[{"href":"https:\/\/minghanggroup.com\/pt\/wp-json\/wp\/v2\/media?parent=6009"}],"wp:term":[{"taxonomy":"product_brand","embeddable":true,"href":"https:\/\/minghanggroup.com\/pt\/wp-json\/wp\/v2\/product_brand?post=6009"},{"taxonomy":"product_cat","embeddable":true,"href":"https:\/\/minghanggroup.com\/pt\/wp-json\/wp\/v2\/product_cat?post=6009"},{"taxonomy":"product_tag","embeddable":true,"href":"https:\/\/minghanggroup.com\/pt\/wp-json\/wp\/v2\/product_tag?post=6009"}],"curies":[{"name":"wp","href":"https:\/\/api.w.org\/{rel}","templated":true}]}}