{"id":6004,"date":"2026-03-13T11:55:31","date_gmt":"2026-03-13T03:55:31","guid":{"rendered":"https:\/\/minghanggroup.com\/?post_type=product&#038;p=6004"},"modified":"2026-03-13T11:55:33","modified_gmt":"2026-03-13T03:55:33","slug":"frosted-glass-lotion-bottles-for-cosmetic-wholesale","status":"publish","type":"product","link":"https:\/\/minghanggroup.com\/pt\/produto\/frosted-glass-lotion-bottles-for-cosmetic-wholesale\/","title":{"rendered":"Frascos de vidro fosco para lo\u00e7\u00e3o, de 20 ml a 120 ml, para venda por atacado de cosm\u00e9ticos."},"content":{"rendered":"<p>O produto \u00e9 uma cole\u00e7\u00e3o de frascos de vidro para lo\u00e7\u00e3o, utilizados para embalagens de cosm\u00e9ticos e produtos para a pele. Os frascos apresentam um design minimalista e elegante, com formato cil\u00edndrico suave, que se harmoniza perfeitamente com as marcas de beleza modernas. Fabricados em vidro fosco, possuem um acabamento acetinado suave, al\u00e9m de uma base de vidro espessa que oferece maior estabilidade e durabilidade. Ideais para embalar lo\u00e7\u00f5es faciais, hidratantes, s\u00e9runs, emuls\u00f5es e outras formula\u00e7\u00f5es l\u00edquidas para a pele, esses frascos representam uma op\u00e7\u00e3o pr\u00e1tica para marcas que buscam frascos cosm\u00e9ticos no atacado para suas linhas de produtos profissionais.<\/p>\n<h2>Caracter\u00edsticas do produto<\/h2>\n<ul>\n<li><strong>Corpo da garrafa em vidro fosco:<\/strong> A garrafa ser\u00e1 feita de vidro fosco, o que lhe confere um aspecto suave e mate, al\u00e9m de ajudar a evitar impress\u00f5es digitais e real\u00e7ar a sensa\u00e7\u00e3o de luxo da embalagem.<\/li>\n<li><strong>Manga dourada met\u00e1lica no ombro:<\/strong> O gargalo da garrafa possui um revestimento decorativo dourado, que confere um toque visual luxuoso e melhora a apar\u00eancia da garrafa na prateleira.<\/li>\n<li><strong>Perfil cil\u00edndrico reto para etiqueta:<\/strong> A \u00e1rea para etiquetas \u00e9 plana e suficientemente ampla para permitir que as marcas de cosm\u00e9ticos coloquem facilmente etiquetas, serigrafia ou qualquer outro tipo de rotulagem que desejem utilizar.<\/li>\n<\/ul>\n<h2>Especifica\u00e7\u00f5es principais<\/h2>\n<table style=\"border-collapse: collapse; width: 80%; margin-left: auto; margin-right: auto;\" border=\"0\" width=\"144\" cellspacing=\"0\" cellpadding=\"0\">\n<tbody>\n<tr style=\"height: 13.50pt;\">\n<td style=\"height: 13.5pt; width: 54pt; text-align: center;\" width=\"72\" height=\"18\">Recurso<\/td>\n<td style=\"width: 54pt; text-align: center;\" width=\"72\">Detalhes<\/td>\n<\/tr>\n<tr style=\"height: 13.50pt;\">\n<td style=\"height: 13.5pt; text-align: center;\" height=\"18\">Capacidade<\/td>\n<td style=\"text-align: center;\">20ml 30ml 50ml 100ml 120ml<\/td>\n<\/tr>\n<tr style=\"height: 13.50pt;\">\n<td style=\"height: 13.5pt; text-align: center;\" height=\"18\">Cor<\/td>\n<td style=\"text-align: center;\">Fosco<\/td>\n<\/tr>\n<tr style=\"height: 13.50pt;\">\n<td style=\"height: 13.5pt; text-align: center;\" height=\"18\">Forma<\/td>\n<td style=\"text-align: center;\">Cilindro<\/td>\n<\/tr>\n<tr style=\"height: 13.50pt;\">\n<td style=\"height: 13.5pt; text-align: center;\" height=\"18\">Tampas<\/td>\n<td style=\"text-align: center;\">Tampa de rosca dourada + cabe\u00e7a da bomba de pl\u00e1stico<\/td>\n<\/tr>\n<\/tbody>\n<\/table>\n<h2>Caso de sucesso<\/h2>\n<p>A empresa \u00e9 uma marca europeia de cuidados com a pele, especializada em lo\u00e7\u00f5es faciais, e escolheu nossos frascos de vidro fosco de 30ml, cada um com dispensador de bomba. Nosso objetivo era garantir que o design da embalagem estivesse em sintonia com a filosofia da marca; por isso, incorporamos um anel decorativo de alum\u00ednio dourado-champanhe ao redor do gargalo do frasco. Al\u00e9m disso, o logotipo da marca foi impresso diretamente na superf\u00edcie do vidro fosco, dispensando a necessidade de r\u00f3tulos externos e conferindo ao produto uma apar\u00eancia mais minimalista e elegante.<br \/>\nA linha de lo\u00e7\u00f5es faciais experimentou um crescimento fenomenal de 32% nos pedidos de reposi\u00e7\u00e3o por parte dos distribuidores nos dois meses seguintes ao seu lan\u00e7amento no mercado. A marca tem feito pedidos recorrentes conosco, o que demonstra que essa colabora\u00e7\u00e3o tem sido fundamental para a expans\u00e3o e o desenvolvimento da sua linha de produtos para cuidados com a pele.<\/p>\n<h2>Op\u00e7\u00f5es de personaliza\u00e7\u00e3o<\/h2>\n<ol>\n<li><strong>Personaliza\u00e7\u00e3o do n\u00edvel de cobertura:<\/strong> \u00c9 poss\u00edvel obter diversos efeitos visuais e, consequentemente, diferentes estilos de marcas de cuidados com a pele ajustando a quantidade de fosco no corpo de vidro (fosco leve, totalmente fosco ou fosco degrad\u00ea).<\/li>\n<li><strong>Op\u00e7\u00f5es de cores para a gola com revestimento eletrol\u00edtico:<\/strong> Substitua o acabamento dourado da gola por outros, como prata fosca, ouro rosa, preto brilhante ou ouro champanhe, de acordo com os diferentes temas das embalagens de cosm\u00e9ticos.<\/li>\n<li><strong>Op\u00e7\u00f5es de design para a tampa protetora:<\/strong> Personalize a tampa transparente com uma tampa protetora colorida, fosca ou mais resistente para que ela tenha maior capacidade de suportar o transporte e tamb\u00e9m para melhorar a apar\u00eancia geral.<\/li>\n<\/ol>","protected":false},"excerpt":{"rendered":"<p>Descubra frascos de vidro elegantes para lo\u00e7\u00e3o para sua linha de cuidados com a pele. Oferecemos frascos cosm\u00e9ticos no atacado com recursos personaliz\u00e1veis, amostras gr\u00e1tis e pedidos em grande quantidade.<\/p>","protected":false},"featured_media":6008,"template":"","meta":{"postBodyCss":"","postBodyMargin":[],"postBodyPadding":[],"postBodyBackground":{"backgroundType":"classic","gradient":""}},"product_brand":[],"product_cat":[15,105,16],"product_tag":[],"class_list":{"0":"post-6004","1":"product","2":"type-product","3":"status-publish","4":"has-post-thumbnail","6":"product_cat-glass-containers","7":"product_cat-glass-lotion-bottles","8":"product_cat-glass-bottles","10":"first","11":"instock","12":"shipping-taxable","13":"product-type-simple"},"jetpack_sharing_enabled":true,"_links":{"self":[{"href":"https:\/\/minghanggroup.com\/pt\/wp-json\/wp\/v2\/product\/6004","targetHints":{"allow":["GET"]}}],"collection":[{"href":"https:\/\/minghanggroup.com\/pt\/wp-json\/wp\/v2\/product"}],"about":[{"href":"https:\/\/minghanggroup.com\/pt\/wp-json\/wp\/v2\/types\/product"}],"wp:featuredmedia":[{"embeddable":true,"href":"https:\/\/minghanggroup.com\/pt\/wp-json\/wp\/v2\/media\/6008"}],"wp:attachment":[{"href":"https:\/\/minghanggroup.com\/pt\/wp-json\/wp\/v2\/media?parent=6004"}],"wp:term":[{"taxonomy":"product_brand","embeddable":true,"href":"https:\/\/minghanggroup.com\/pt\/wp-json\/wp\/v2\/product_brand?post=6004"},{"taxonomy":"product_cat","embeddable":true,"href":"https:\/\/minghanggroup.com\/pt\/wp-json\/wp\/v2\/product_cat?post=6004"},{"taxonomy":"product_tag","embeddable":true,"href":"https:\/\/minghanggroup.com\/pt\/wp-json\/wp\/v2\/product_tag?post=6004"}],"curies":[{"name":"wp","href":"https:\/\/api.w.org\/{rel}","templated":true}]}}