{"id":5999,"date":"2026-03-13T10:10:14","date_gmt":"2026-03-13T02:10:14","guid":{"rendered":"https:\/\/minghanggroup.com\/?post_type=product&#038;p=5999"},"modified":"2026-03-20T16:58:51","modified_gmt":"2026-03-20T08:58:51","slug":"amber-empty-lotion-bottles-with-pump-bulk","status":"publish","type":"product","link":"https:\/\/minghanggroup.com\/pt\/produto\/amber-empty-lotion-bottles-with-pump-bulk\/","title":{"rendered":"Frascos vazios \u00e2mbar para lo\u00e7\u00e3o, com bomba dosadora, de 20 ml, 30 ml e 40 ml (em grande quantidade)."},"content":{"rendered":"<p>Este frasco de lo\u00e7\u00e3o vazio com bomba dosadora \u00e9 de cor \u00e2mbar e possui um frasco de vidro marrom escuro com prote\u00e7\u00e3o UV, linhas suaves e arredondadas e uma bomba dosadora branca simples para dispensar o produto de forma f\u00e1cil e precisa.<\/p>\n<h2>Caracter\u00edsticas do produto<\/h2>\n<ul>\n<li><strong>\u00d3culos opacos de cor \u00e2mbar:<\/strong> Este tipo de vidro \u00e9 feito de \u00e2mbar escuro e \u00e9 t\u00e3o eficaz na prote\u00e7\u00e3o contra os raios UV quanto mencionado anteriormente; ele preserva os ingredientes fotossens\u00edveis presentes nos produtos para cuidados com a pele.<\/li>\n<li><strong>Cabe\u00e7a da bomba branca:<\/strong> Possui uma cabe\u00e7a de bomba m\u00ednima e control\u00e1vel que dispensa o produto uniformemente, tornando-o higi\u00eanico e conveniente de usar, al\u00e9m de minimizar o contato entre o conte\u00fado e o ar.<\/li>\n<li><strong>Corpo da garrafa cil\u00edndrico arredondado:<\/strong> Este \u00e9 o formato tradicional de garrafa cil\u00edndrica arredondada, que possui linhas suaves, boa ader\u00eancia e alta estabilidade.<\/li>\n<\/ul>\n<h2 style=\"text-align: left;\">Especifica\u00e7\u00f5es principais<\/h2>\n<table class=\"aligncenter\" style=\"border-collapse: collapse; width: 501.77pt;\" border=\"0\" width=\"669\" cellspacing=\"0\" cellpadding=\"0\">\n<tbody>\n<tr style=\"height: 13.50pt;\">\n<td style=\"height: 13.50pt; width: 120.00pt;\" width=\"160\" height=\"18\">Atributo<\/td>\n<td style=\"width: 381.75pt;\" width=\"509\">Detalhes<\/td>\n<\/tr>\n<tr style=\"height: 13.50pt;\">\n<td style=\"height: 13.50pt;\" height=\"18\">Capacidade<\/td>\n<td>20 ml, 30 ml, 40 ml<\/td>\n<\/tr>\n<tr style=\"height: 13.50pt;\">\n<td style=\"height: 13.50pt;\" height=\"18\">Material<\/td>\n<td>Bomba de pl\u00e1stico branco com vidro \u00e2mbar<\/td>\n<\/tr>\n<tr style=\"height: 13.50pt;\">\n<td style=\"height: 13.50pt;\" height=\"18\">Formato de garrafa<\/td>\n<td>Cilindro arredondado<\/td>\n<\/tr>\n<tr style=\"height: 13.50pt;\">\n<td style=\"height: 13.50pt;\" height=\"18\">Faixa de personaliza\u00e7\u00e3o<\/td>\n<td>Intensidade da tonalidade \u00e2mbar, cor da bomba, tamanho<\/td>\n<\/tr>\n<tr style=\"height: 13.50pt;\">\n<td style=\"height: 13.50pt;\" height=\"18\">Artesanato<\/td>\n<td>Cor \u00e2mbar uniforme, mecanismo de bomba \u00e0 prova de vazamentos, vidro de paredes espessas.<\/td>\n<\/tr>\n<tr style=\"height: 13.50pt;\">\n<td style=\"height: 13.50pt;\" height=\"18\">Uso principal<\/td>\n<td>Frasco \u00e2mbar com bomba dosadora para s\u00e9runs, frascos vazios para lo\u00e7\u00f5es com bomba dosadora.<\/td>\n<\/tr>\n<tr style=\"height: 13.50pt;\">\n<td style=\"height: 13.50pt;\" height=\"18\">Ind\u00fastrias-alvo<\/td>\n<td>Cuidados com a pele, cosmec\u00eauticos, est\u00e9tica profissional<\/td>\n<\/tr>\n<\/tbody>\n<\/table>\n<h2>A linha de s\u00e9runs da marca alem\u00e3 de cosm\u00e9ticos org\u00e2nicos \u00e9 um caso de sucesso.<\/h2>\n<p>Uma das empresas alem\u00e3s de cosm\u00e9ticos org\u00e2nicos de maior sucesso decidiu adotar nosso frasco \u00e2mbar e encomendar uma v\u00e1lvula pump preta. O frasco de vidro \u00e2mbar bloqueia mais de 99% dos raios UVA\/UVB, o que desempenha um papel crucial na manuten\u00e7\u00e3o da estabilidade da f\u00f3rmula e aumenta a vida \u00fatil do produto em mais de 40%. O frasco com v\u00e1lvula pump reduz com sucesso a oxida\u00e7\u00e3o e a contamina\u00e7\u00e3o, aumentando a satisfa\u00e7\u00e3o do cliente em 40%. A marca obteve um excelente resultado e encomendou um novo lote de 800.000 frascos para embalar todos os seus s\u00e9runs ativos.<\/p>\n<h2>Personaliza\u00e7\u00e3o de frascos de lo\u00e7\u00e3o vazios com bomba dosadora<\/h2>\n<ul>\n<li>Cores da bomba: Pode ser preta, cinza ou a cor pode ser personalizada para se adequar \u00e0 est\u00e9tica da marca.<\/li>\n<li>Cabe\u00e7otes de bomba: Existem v\u00e1rios tipos de cabe\u00e7otes de bomba (bomba padr\u00e3o, bomba sem ar) para atender produtos com diferentes viscosidades.<\/li>\n<li>Tampa externa\/protetor contra poeira: Existem tampas externas simples de pl\u00e1stico ou metal que podem ser adicionadas para fornecer prote\u00e7\u00e3o extra durante viagens.<\/li>\n<\/ul>","protected":false},"excerpt":{"rendered":"<p>Frascos de lo\u00e7\u00e3o vazios personalizados com bomba dosadora, feitos de vidro \u00e2mbar resistente. Frasco pr\u00e1tico com bomba dosadora, ideal para marcas de cuidados com a pele. Amostras gr\u00e1tis dispon\u00edveis.<\/p>","protected":false},"featured_media":6003,"template":"","meta":{"postBodyCss":"","postBodyMargin":[],"postBodyPadding":[],"postBodyBackground":{"backgroundType":"classic","gradient":""}},"product_brand":[],"product_cat":[105,15,16],"product_tag":[],"class_list":{"0":"post-5999","1":"product","2":"type-product","3":"status-publish","4":"has-post-thumbnail","6":"product_cat-glass-lotion-bottles","7":"product_cat-glass-containers","8":"product_cat-glass-bottles","10":"first","11":"instock","12":"shipping-taxable","13":"product-type-simple"},"jetpack_sharing_enabled":true,"_links":{"self":[{"href":"https:\/\/minghanggroup.com\/pt\/wp-json\/wp\/v2\/product\/5999","targetHints":{"allow":["GET"]}}],"collection":[{"href":"https:\/\/minghanggroup.com\/pt\/wp-json\/wp\/v2\/product"}],"about":[{"href":"https:\/\/minghanggroup.com\/pt\/wp-json\/wp\/v2\/types\/product"}],"wp:featuredmedia":[{"embeddable":true,"href":"https:\/\/minghanggroup.com\/pt\/wp-json\/wp\/v2\/media\/6003"}],"wp:attachment":[{"href":"https:\/\/minghanggroup.com\/pt\/wp-json\/wp\/v2\/media?parent=5999"}],"wp:term":[{"taxonomy":"product_brand","embeddable":true,"href":"https:\/\/minghanggroup.com\/pt\/wp-json\/wp\/v2\/product_brand?post=5999"},{"taxonomy":"product_cat","embeddable":true,"href":"https:\/\/minghanggroup.com\/pt\/wp-json\/wp\/v2\/product_cat?post=5999"},{"taxonomy":"product_tag","embeddable":true,"href":"https:\/\/minghanggroup.com\/pt\/wp-json\/wp\/v2\/product_tag?post=5999"}],"curies":[{"name":"wp","href":"https:\/\/api.w.org\/{rel}","templated":true}]}}