{"id":5993,"date":"2026-03-12T13:54:13","date_gmt":"2026-03-12T05:54:13","guid":{"rendered":"https:\/\/minghanggroup.com\/?post_type=product&#038;p=5993"},"modified":"2026-03-12T16:35:39","modified_gmt":"2026-03-12T08:35:39","slug":"frosted-glass-bottles-with-pumps-for-cosmetic-bulk","status":"publish","type":"product","link":"https:\/\/minghanggroup.com\/pt\/produto\/frosted-glass-bottles-with-pumps-for-cosmetic-bulk\/","title":{"rendered":"Frascos de vidro fosco de 10ml, 15ml e 50ml com bomba dosadora para cosm\u00e9ticos a granel."},"content":{"rendered":"<p>Estas garrafas cil\u00edndricas de vidro com bomba dosadora s\u00e3o feitas de vidro transparente com a tampa fosca. O gargalo \u00e9 feito de um tampo cil\u00edndrico com textura de madeira, que lembra bambu e tem uma cor clara, conferindo \u00e0 garrafa um toque natural e ecol\u00f3gico. Essas garrafas s\u00e3o frequentemente utilizadas para embalar lo\u00e7\u00f5es, cremes, s\u00e9runs ou outros produtos cosm\u00e9ticos, sendo ideais para cuidados di\u00e1rios com a pele ou para levar em viagens.<\/p>\n<h2>Caracter\u00edsticas do produto<\/h2>\n<ul>\n<li><strong>Acabamento em vidro fosco:<\/strong> O acabamento fosco proporciona uma apar\u00eancia suave e elegante, al\u00e9m de ajudar a disfar\u00e7ar as impress\u00f5es digitais.<\/li>\n<li><strong>Bon\u00e9s em estilo bambu natural:<\/strong> As tampas com textura de madeira proporcionar\u00e3o um visual natural e ecol\u00f3gico, adequado para marcas modernas de cuidados com a pele.<\/li>\n<li><strong>Recarreg\u00e1vel e reutiliz\u00e1vel:<\/strong> O design da garrafa ser\u00e1 recarreg\u00e1vel e reutiliz\u00e1vel, podendo assim ser utilizado no conceito de embalagem sustent\u00e1vel.<\/li>\n<\/ul>\n<h2>Especifica\u00e7\u00f5es principais<\/h2>\n<table style=\"border-collapse: collapse; width: 80%; margin-left: auto; margin-right: auto;\" border=\"0\" width=\"360\" cellspacing=\"0\" cellpadding=\"0\">\n<tbody>\n<tr style=\"height: 13.50pt;\">\n<td style=\"height: 13.5pt; width: 54pt; text-align: center;\" width=\"72\" height=\"18\">Capacidade (ml)<\/td>\n<td style=\"width: 54pt; text-align: center;\" width=\"72\">Terminar<\/td>\n<td style=\"width: 54pt; text-align: center;\" width=\"72\">Material da tampa<\/td>\n<td style=\"width: 54pt; text-align: center;\" width=\"72\">Forma<\/td>\n<td style=\"width: 54pt; text-align: center;\" width=\"72\">Uso<\/td>\n<\/tr>\n<tr style=\"height: 13.50pt;\">\n<td style=\"height: 13.5pt; text-align: center;\" align=\"right\" height=\"18\">10<\/td>\n<td class=\"et2\" style=\"text-align: center;\" rowspan=\"3\">Fosco<\/td>\n<td class=\"et2\" style=\"text-align: center;\" rowspan=\"3\">Bambu Natural<\/td>\n<td class=\"et2\" style=\"text-align: center;\" rowspan=\"3\">Redondo<\/td>\n<td class=\"et2\" style=\"text-align: center;\" rowspan=\"3\">S\u00e9runs, lo\u00e7\u00f5es, \u00f3leos faciais, t\u00f4nicos<\/td>\n<\/tr>\n<tr style=\"height: 13.50pt;\">\n<td style=\"height: 13.5pt; text-align: center;\" align=\"right\" height=\"18\">15<\/td>\n<\/tr>\n<tr style=\"height: 13.50pt;\">\n<td style=\"height: 13.5pt; text-align: center;\" align=\"right\" height=\"18\">50<\/td>\n<\/tr>\n<\/tbody>\n<\/table>\n<h2>Caso de sucesso<\/h2>\n<p>Uma das marcas australianas de cuidados com a pele estava desenvolvendo uma nova linha de lo\u00e7\u00f5es org\u00e2nicas e decidiu utilizar nossos frascos de vidro fosco com bomba airless de 50ml. O frasco possui um acabamento fosco suave e o logotipo da marca impresso em serigrafia verde escuro, como identidade visual da marca bot\u00e2nica. Al\u00e9m disso, a embalagem tamb\u00e9m foi modernizada e elegante, com uma tampa externa texturizada em bambu e uma bomba airless projetada para aumentar a prote\u00e7\u00e3o do produto e aprimorar a experi\u00eancia do usu\u00e1rio.<\/p>\n<p>Com a introdu\u00e7\u00e3o da nova embalagem, as vendas online da marca aumentaram 30% em seis meses. O cliente fez quatro grandes encomendas apenas no primeiro ano, gra\u00e7as \u00e0s avalia\u00e7\u00f5es positivas dos usu\u00e1rios sobre essa embalagem de alta qualidade.<\/p>\n<h2>Op\u00e7\u00f5es de personaliza\u00e7\u00e3o<\/h2>\n<ol>\n<li><strong>Varia\u00e7\u00e3o da altura manom\u00e9trica da bomba:<\/strong> Oferecemos diversos tipos de bombas, como bombas sem ar, bombas para lo\u00e7\u00e3o ou bombas de pulveriza\u00e7\u00e3o de n\u00e9voa fina, dependendo da f\u00f3rmula do produto.<\/li>\n<li><strong>Tratamento de superf\u00edcie:<\/strong> Acabamentos decorativos como pintura degrad\u00ea, fosco ou parcialmente fosco podem ser adicionados para tornar a apar\u00eancia da superf\u00edcie mais sofisticada.<\/li>\n<li><strong>Design da base da garrafa:<\/strong> Aumentar a espessura ou o formato da base proporciona maior estabilidade e confere \u00e0 garrafa um toque mais luxuoso.<\/li>\n<\/ol>","protected":false},"excerpt":{"rendered":"<p>Frascos de vidro com bomba dosadora em acabamento fosco e tampas de bambu. Frascos de vidro com bomba airless para embalagens de produtos para a pele. Fornecimento direto da f\u00e1brica com personaliza\u00e7\u00e3o em grandes quantidades.<\/p>","protected":false},"featured_media":5997,"template":"","meta":{"postBodyCss":"","postBodyMargin":[],"postBodyPadding":[],"postBodyBackground":{"backgroundType":"classic","gradient":""}},"product_brand":[],"product_cat":[15,105,16],"product_tag":[],"class_list":{"0":"post-5993","1":"product","2":"type-product","3":"status-publish","4":"has-post-thumbnail","6":"product_cat-glass-containers","7":"product_cat-glass-lotion-bottles","8":"product_cat-glass-bottles","10":"first","11":"instock","12":"shipping-taxable","13":"product-type-simple"},"jetpack_sharing_enabled":true,"_links":{"self":[{"href":"https:\/\/minghanggroup.com\/pt\/wp-json\/wp\/v2\/product\/5993","targetHints":{"allow":["GET"]}}],"collection":[{"href":"https:\/\/minghanggroup.com\/pt\/wp-json\/wp\/v2\/product"}],"about":[{"href":"https:\/\/minghanggroup.com\/pt\/wp-json\/wp\/v2\/types\/product"}],"wp:featuredmedia":[{"embeddable":true,"href":"https:\/\/minghanggroup.com\/pt\/wp-json\/wp\/v2\/media\/5997"}],"wp:attachment":[{"href":"https:\/\/minghanggroup.com\/pt\/wp-json\/wp\/v2\/media?parent=5993"}],"wp:term":[{"taxonomy":"product_brand","embeddable":true,"href":"https:\/\/minghanggroup.com\/pt\/wp-json\/wp\/v2\/product_brand?post=5993"},{"taxonomy":"product_cat","embeddable":true,"href":"https:\/\/minghanggroup.com\/pt\/wp-json\/wp\/v2\/product_cat?post=5993"},{"taxonomy":"product_tag","embeddable":true,"href":"https:\/\/minghanggroup.com\/pt\/wp-json\/wp\/v2\/product_tag?post=5993"}],"curies":[{"name":"wp","href":"https:\/\/api.w.org\/{rel}","templated":true}]}}