{"id":5988,"date":"2026-03-12T11:09:35","date_gmt":"2026-03-12T03:09:35","guid":{"rendered":"https:\/\/minghanggroup.com\/?post_type=product&#038;p=5988"},"modified":"2026-04-14T10:19:52","modified_gmt":"2026-04-14T02:19:52","slug":"amber-glass-empty-pump-bottles-wholesale","status":"publish","type":"product","link":"https:\/\/minghanggroup.com\/pt\/produto\/amber-glass-empty-pump-bottles-wholesale\/","title":{"rendered":"Frascos de vidro \u00e2mbar vazios com bomba dosadora, de 5 ml a 100 ml, para venda por atacado."},"content":{"rendered":"<p>Esses frascos vazios com bomba dosadora s\u00e3o de cor \u00e2mbar e possuem o design tradicional, liso, arredondado e cil\u00edndrico. S\u00e3o feitos de vidro marrom escuro com prote\u00e7\u00e3o UV, muito eficaz na prote\u00e7\u00e3o de ingredientes fotossens\u00edveis para cuidados com a pele. Os frascos ser\u00e3o equipados com uma elegante bomba dosadora preta, que facilita e torna precisa a dosagem do produto.<\/p>\n<h2>Caracter\u00edsticas do produto<\/h2>\n<ul>\n<li><strong>Frasco \u00e2mbar com prote\u00e7\u00e3o UV:<\/strong> O frasco \u00e2mbar escuro filtra a luz nociva, o que aumenta consideravelmente a vida \u00fatil dos ingredientes ativos que s\u00e3o afetados pela luz.<\/li>\n<li><strong>Corpo cil\u00edndrico arredondado:<\/strong> O design cil\u00edndrico arredondado facilita o manuseio e a exibi\u00e7\u00e3o, al\u00e9m de melhorar a estabilidade estrutural.<\/li>\n<li><strong>N\u00edveis de capacidade m\u00faltipla:<\/strong> Desde amostras de uso \u00fanico at\u00e9 dosagens de tratamento de grande volume, dependendo das suas diversas necessidades.<\/li>\n<\/ul>\n<h2 style=\"text-align: left;\">Especifica\u00e7\u00f5es principais<\/h2>\n<table class=\"aligncenter\" style=\"border-collapse: collapse; width: 444.77pt;\" border=\"0\" width=\"593\" cellspacing=\"0\" cellpadding=\"0\">\n<tbody>\n<tr style=\"height: 13.50pt;\">\n<td style=\"height: 13.50pt; width: 120.00pt;\" width=\"160\" height=\"18\">Atributo<\/td>\n<td style=\"width: 324.75pt;\" width=\"433\">Detalhes<\/td>\n<\/tr>\n<tr style=\"height: 13.50pt;\">\n<td style=\"height: 13.50pt;\" height=\"18\">Capacidade<\/td>\n<td>5 ml, 10 ml, 15 ml, 20 ml, 30 ml, 50 ml, 100 ml<\/td>\n<\/tr>\n<tr style=\"height: 13.50pt;\">\n<td style=\"height: 13.50pt;\" height=\"18\">Dimens\u00f5es<\/td>\n<td>Di\u00e2metro: 22\u201344,5 mm, Altura: 50\u2013112 mm<\/td>\n<\/tr>\n<tr style=\"height: 13.50pt;\">\n<td style=\"height: 13.50pt;\" height=\"18\">Material<\/td>\n<td>Dispensador de bomba em pl\u00e1stico preto com vidro \u00e2mbar com prote\u00e7\u00e3o UV<\/td>\n<\/tr>\n<tr style=\"height: 13.50pt;\">\n<td style=\"height: 13.50pt;\" height=\"18\">Formato de garrafa<\/td>\n<td>Boston Round cil\u00edndrico<\/td>\n<\/tr>\n<tr style=\"height: 13.50pt;\">\n<td style=\"height: 13.50pt;\" height=\"18\">Escopo de personaliza\u00e7\u00e3o<\/td>\n<td>Capacidade, Cor, Acabamento, Bomba, Colarinho<\/td>\n<\/tr>\n<tr style=\"height: 13.50pt;\">\n<td style=\"height: 13.50pt;\" height=\"18\">Finalidade do produto<\/td>\n<td>Frascos de soro, frascos de vidro \u00e2mbar com bomba dosadora.<\/td>\n<\/tr>\n<tr style=\"height: 13.50pt;\">\n<td style=\"height: 13.50pt;\" height=\"18\">Ind\u00fastrias Ideais<\/td>\n<td>Marcas de cuidados com a pele e cosm\u00e9ticos, marcas de aromaterapia<\/td>\n<\/tr>\n<\/tbody>\n<\/table>\n<h2>Caso de sucesso: S\u00e9rum de vitamina C de uma marca de cuidados com a pele da Calif\u00f3rnia<\/h2>\n<p>Uma das marcas de cuidados com a pele da Calif\u00f3rnia escolheu nossos frascos com bomba dosadora de 30 ml em vidro \u00e2mbar, com dosadores calibrados sob medida. O vidro \u00e2mbar \u00e9 muito eficaz para garantir que o s\u00e9rum n\u00e3o oxide e dure at\u00e9 12 meses. A capacidade de 30 ml tamb\u00e9m permite um ciclo de recompra de 90 dias. A marca ficou t\u00e3o satisfeita que fez um novo pedido de 3 milh\u00f5es de frascos no segundo trimestre para embalar toda a sua linha de s\u00e9runs antioxidantes e distribu\u00ed-los para varejistas em todo o mundo.<\/p>\n<h2>Frascos de bomba personalizados, frascos de bomba vazios<\/h2>\n<ul>\n<li>Cores e acabamentos da cabe\u00e7a da bomba: Cabe\u00e7a da bomba dispon\u00edvel nas cores branca, dourada ou prateada, com acabamento fosco ou brilhante.<\/li>\n<li>Grava\u00e7\u00e3o a laser: N\u00fameros de lote, datas de validade ou c\u00f3digos QR podem ser gravados a laser no fundo da garrafa.<\/li>\n<li>Cabe\u00e7otes de bomba: Os cabe\u00e7otes de bomba s\u00e3o do tipo padr\u00e3o ou sem ar, para se adequarem a produtos de diferentes viscosidades.<\/li>\n<\/ul>","protected":false},"excerpt":{"rendered":"<p>Frascos de vidro \u00e2mbar espesso e resistentes, com bomba dosadora preta. Pr\u00e1ticos frascos de vidro \u00e2mbar com bomba dosadora para embalagens de cosm\u00e9ticos. Dispon\u00edveis em estoque.<\/p>","protected":false},"featured_media":5989,"template":"","meta":{"postBodyCss":"","postBodyMargin":[],"postBodyPadding":[],"postBodyBackground":{"backgroundType":"classic","gradient":""}},"product_brand":[],"product_cat":[105,15,16],"product_tag":[112],"class_list":{"0":"post-5988","1":"product","2":"type-product","3":"status-publish","4":"has-post-thumbnail","6":"product_cat-glass-lotion-bottles","7":"product_cat-glass-containers","8":"product_cat-glass-bottles","9":"product_tag-soap-dispensers","11":"first","12":"instock","13":"shipping-taxable","14":"product-type-simple"},"jetpack_sharing_enabled":true,"_links":{"self":[{"href":"https:\/\/minghanggroup.com\/pt\/wp-json\/wp\/v2\/product\/5988","targetHints":{"allow":["GET"]}}],"collection":[{"href":"https:\/\/minghanggroup.com\/pt\/wp-json\/wp\/v2\/product"}],"about":[{"href":"https:\/\/minghanggroup.com\/pt\/wp-json\/wp\/v2\/types\/product"}],"wp:featuredmedia":[{"embeddable":true,"href":"https:\/\/minghanggroup.com\/pt\/wp-json\/wp\/v2\/media\/5989"}],"wp:attachment":[{"href":"https:\/\/minghanggroup.com\/pt\/wp-json\/wp\/v2\/media?parent=5988"}],"wp:term":[{"taxonomy":"product_brand","embeddable":true,"href":"https:\/\/minghanggroup.com\/pt\/wp-json\/wp\/v2\/product_brand?post=5988"},{"taxonomy":"product_cat","embeddable":true,"href":"https:\/\/minghanggroup.com\/pt\/wp-json\/wp\/v2\/product_cat?post=5988"},{"taxonomy":"product_tag","embeddable":true,"href":"https:\/\/minghanggroup.com\/pt\/wp-json\/wp\/v2\/product_tag?post=5988"}],"curies":[{"name":"wp","href":"https:\/\/api.w.org\/{rel}","templated":true}]}}