{"id":5983,"date":"2026-03-12T09:06:06","date_gmt":"2026-03-12T01:06:06","guid":{"rendered":"https:\/\/minghanggroup.com\/?post_type=product&#038;p=5983"},"modified":"2026-03-20T16:59:04","modified_gmt":"2026-03-20T08:59:04","slug":"frosted-small-lotion-bottles-with-gold-pump-bulk","status":"publish","type":"product","link":"https:\/\/minghanggroup.com\/pt\/produto\/frosted-small-lotion-bottles-with-gold-pump-bulk\/","title":{"rendered":"Frascos pequenos de lo\u00e7\u00e3o fosca de 30ml com bomba dourada (pacote com v\u00e1rios)"},"content":{"rendered":"<p>O pequeno frasco de lo\u00e7\u00e3o tem 30 ml, formato cil\u00edndrico arredondado, corpo em vidro branco fosco, muito suave ao toque, e uma pequena bomba dosadora dourada brilhante. Por ser compacto, \u00e9 ideal para armazenar s\u00e9runs e lo\u00e7\u00f5es.<\/p>\n<h2>Caracter\u00edsticas do produto<\/h2>\n<ul>\n<li><strong>Corpo em vidro fosco:<\/strong> O corpo em vidro branco fosco \u00e9 feito de um material mate, suave e agrad\u00e1vel ao toque, que tamb\u00e9m n\u00e3o deixa marcas de dedos, contribuindo para a apar\u00eancia sofisticada do produto.<\/li>\n<li><strong>Bomba de ouro de luxo:<\/strong> Trata-se de uma bomba dosadora em metal dourado brilhante, que contrasta com o frasco fosco; \u00e9 um luxo, mas n\u00e3o um luxo exagerado.<\/li>\n<li><strong>Capacidade pequena e port\u00e1til:<\/strong> Isso se deve ao fato de o frasco pequeno e arredondado ter um tamanho moderado, que permite carreg\u00e1-lo consigo e atender \u00e0s necessidades de retoques a qualquer hora do dia ou da noite.<\/li>\n<\/ul>\n<h2 style=\"text-align: left;\">Especifica\u00e7\u00f5es principais<\/h2>\n<table class=\"aligncenter\" style=\"border-collapse: collapse; width: 444.77pt;\" border=\"0\" width=\"593\" cellspacing=\"0\" cellpadding=\"0\">\n<tbody>\n<tr style=\"height: 13.50pt;\">\n<td style=\"height: 13.50pt; width: 120.00pt;\" width=\"160\" height=\"18\">Especifica\u00e7\u00e3o<\/td>\n<td style=\"width: 324.75pt;\" width=\"433\">Detalhes<\/td>\n<\/tr>\n<tr style=\"height: 13.50pt;\">\n<td style=\"height: 13.50pt;\" height=\"18\">Capacidade<\/td>\n<td>30ml<\/td>\n<\/tr>\n<tr style=\"height: 13.50pt;\">\n<td style=\"height: 13.50pt;\" height=\"18\">Dimens\u00f5es<\/td>\n<td>41\u00d786mm (Di\u00e2metro \u00d7 Altura)<\/td>\n<\/tr>\n<tr style=\"height: 13.50pt;\">\n<td style=\"height: 13.50pt;\" height=\"18\">Material<\/td>\n<td>Conjunto de bomba em metal banhado a ouro com vidro branco fosco<\/td>\n<\/tr>\n<tr style=\"height: 13.50pt;\">\n<td style=\"height: 13.50pt;\" height=\"18\">Formato de garrafa<\/td>\n<td>Cilindro arredondado<\/td>\n<\/tr>\n<tr style=\"height: 13.50pt;\">\n<td style=\"height: 13.50pt;\" height=\"18\">Escopo de personaliza\u00e7\u00e3o<\/td>\n<td>Tamanho, Cor, Tampas, Formato<\/td>\n<\/tr>\n<tr style=\"height: 13.50pt;\">\n<td style=\"height: 13.50pt;\" height=\"18\">Artesanato<\/td>\n<td>Moldagem de vidro de precis\u00e3o com tratamento de superf\u00edcie fosca<\/td>\n<\/tr>\n<tr style=\"height: 13.50pt;\">\n<td style=\"height: 13.50pt;\" height=\"18\">Finalidade do produto<\/td>\n<td>Frascos de s\u00e9rum facial, frascos de lo\u00e7\u00e3o vazios<\/td>\n<\/tr>\n<tr style=\"height: 13.50pt;\">\n<td style=\"height: 13.50pt;\" height=\"18\">Ind\u00fastrias adequadas<\/td>\n<td>Marcas de luxo para cuidados com a pele, comodidades premium para hot\u00e9is.<\/td>\n<\/tr>\n<\/tbody>\n<\/table>\n<h2>Caso de Sucesso: O S\u00e9rum Exclusivo de uma Marca Francesa de Cuidados com a Pele<\/h2>\n<p>Uma marca francesa de cuidados com a pele escolheu um frasco pequeno de lo\u00e7\u00e3o, branco fosco, com capacidade para 30ml, e adicionou uma bomba dourada. A apar\u00eancia luxuosa representou um aumento de 60% no valor da embalagem anterior. A dosagem de 0,3ml \u00e9 controlada pela bomba, e a refer\u00eancia \u00e0s redes sociais no design do frasco aumentou em 40%. A marca obteve sucesso e, em apenas tr\u00eas anos, distribuiu mais 1,2 milh\u00e3o de frascos como embalagem exclusiva para sua linha de s\u00e9runs.<\/p>\n<h2>Alternativas na personaliza\u00e7\u00e3o de frascos de lo\u00e7\u00e3o vazios<\/h2>\n<ul>\n<li>Acabamento met\u00e1lico da cabe\u00e7a da bomba: As cabe\u00e7as das bombas est\u00e3o dispon\u00edveis em ouro rosa, prata escovada, preto fosco ou cromado polido.<\/li>\n<li>Grava\u00e7\u00e3o a laser: padr\u00f5es delicados, n\u00famero do lote ou logotipos da marca s\u00e3o gravados na parte inferior da garrafa.<\/li>\n<li>Calibra\u00e7\u00e3o da Cabe\u00e7a da Bomba: A cabe\u00e7a da bomba dourada deve ser calibrada em quase 100% para evitar a pulveriza\u00e7\u00e3o da f\u00f3rmula da marca.<\/li>\n<\/ul>","protected":false},"excerpt":{"rendered":"<p>Frascos de lo\u00e7\u00e3o vazios premium com acabamento branco fosco e v\u00e1lvula dosadora de metal. Frasco compacto, ideal para embalagens de cosm\u00e9ticos. Amostras gr\u00e1tis dispon\u00edveis.<\/p>","protected":false},"featured_media":5984,"template":"","meta":{"postBodyCss":"","postBodyMargin":[],"postBodyPadding":[],"postBodyBackground":{"backgroundType":"classic","gradient":""}},"product_brand":[],"product_cat":[105,15,16],"product_tag":[],"class_list":{"0":"post-5983","1":"product","2":"type-product","3":"status-publish","4":"has-post-thumbnail","6":"product_cat-glass-lotion-bottles","7":"product_cat-glass-containers","8":"product_cat-glass-bottles","10":"first","11":"instock","12":"shipping-taxable","13":"product-type-simple"},"jetpack_sharing_enabled":true,"_links":{"self":[{"href":"https:\/\/minghanggroup.com\/pt\/wp-json\/wp\/v2\/product\/5983","targetHints":{"allow":["GET"]}}],"collection":[{"href":"https:\/\/minghanggroup.com\/pt\/wp-json\/wp\/v2\/product"}],"about":[{"href":"https:\/\/minghanggroup.com\/pt\/wp-json\/wp\/v2\/types\/product"}],"wp:featuredmedia":[{"embeddable":true,"href":"https:\/\/minghanggroup.com\/pt\/wp-json\/wp\/v2\/media\/5984"}],"wp:attachment":[{"href":"https:\/\/minghanggroup.com\/pt\/wp-json\/wp\/v2\/media?parent=5983"}],"wp:term":[{"taxonomy":"product_brand","embeddable":true,"href":"https:\/\/minghanggroup.com\/pt\/wp-json\/wp\/v2\/product_brand?post=5983"},{"taxonomy":"product_cat","embeddable":true,"href":"https:\/\/minghanggroup.com\/pt\/wp-json\/wp\/v2\/product_cat?post=5983"},{"taxonomy":"product_tag","embeddable":true,"href":"https:\/\/minghanggroup.com\/pt\/wp-json\/wp\/v2\/product_tag?post=5983"}],"curies":[{"name":"wp","href":"https:\/\/api.w.org\/{rel}","templated":true}]}}