{"id":5963,"date":"2026-03-10T11:36:19","date_gmt":"2026-03-10T03:36:19","guid":{"rendered":"https:\/\/minghanggroup.com\/?post_type=product&#038;p=5963"},"modified":"2026-03-10T11:36:21","modified_gmt":"2026-03-10T03:36:21","slug":"curved-glass-roller-ball-bottles-with-dome-caps-bulk","status":"publish","type":"product","link":"https:\/\/minghanggroup.com\/pt\/produto\/curved-glass-roller-ball-bottles-with-dome-caps-bulk\/","title":{"rendered":"Frascos de vidro curvo com aplicador roll-on de 30ml e 50ml com tampas em forma de c\u00fapula (embalagem a granel)"},"content":{"rendered":"<p>Estas s\u00e3o algumas embalagens roll-on de vidro curvas, compactas e de pequena capacidade. O frasco \u00e9 longo e fino, com laterais levemente texturizadas para maior estabilidade. \u00c9 feito de vidro transparente e degrad\u00ea vermelho, com uma vers\u00e3o em vidro fosco para proporcionar diferentes efeitos visuais. Possui uma tampa em formato de c\u00fapula, de apar\u00eancia simples, por\u00e9m decorativa, com revestimento eletrodepositado de alto brilho, geralmente em dourado ou preto. S\u00e3o ideais para aplica\u00e7\u00f5es localizadas e para o transporte de produtos l\u00edquidos, incluindo \u00f3leos essenciais, \u00f3leos de perfume e \u00f3leos de aromaterapia.<\/p>\n<h2>Caracter\u00edsticas do produto<\/h2>\n<ul>\n<li><strong>Design de garrafas curvas:<\/strong> O corpo de vidro \u00e9 projetado com curvas elegantes e leves ranhuras que lhe conferem um aspecto decorativo.<\/li>\n<li><strong>Tampa em forma de c\u00fapula eletrodepositada:<\/strong> As tampas brilhantes em formato de c\u00fapula com acabamento met\u00e1lico conferem \u00e0 garrafa um aspecto sofisticado.<\/li>\n<li><strong>Diversos acabamentos em vidro:<\/strong> Possui diversas op\u00e7\u00f5es de acabamento em vidro; pode ser vidro transparente, colorido ou fosco, dependendo do estilo da marca.<\/li>\n<\/ul>\n<h2>Especifica\u00e7\u00f5es principais<\/h2>\n<table style=\"border-collapse: collapse; width: 80%; margin-left: auto; margin-right: auto;\" border=\"0\" width=\"360\" cellspacing=\"0\" cellpadding=\"0\">\n<tbody>\n<tr style=\"height: 13.50pt;\">\n<td style=\"height: 13.5pt; width: 54pt; text-align: center;\" width=\"72\" height=\"18\">Capacidade (ml)<\/td>\n<td style=\"width: 54pt; text-align: center;\" width=\"72\">Di\u00e2metro do pesco\u00e7o (cm)<\/td>\n<td style=\"width: 54pt; text-align: center;\" width=\"72\">Terminar<\/td>\n<td style=\"width: 54pt; text-align: center;\" width=\"72\">Material do rolo<\/td>\n<td style=\"width: 54pt; text-align: center;\" width=\"72\">Cor do bon\u00e9<\/td>\n<\/tr>\n<tr style=\"height: 13.50pt;\">\n<td style=\"height: 13.5pt; text-align: center;\" align=\"right\" height=\"18\">30<\/td>\n<td style=\"text-align: center;\" align=\"right\">4<\/td>\n<td class=\"et2\" style=\"text-align: center;\" rowspan=\"2\">Fosco\/Transparente\/Degrad\u00ea<\/td>\n<td class=\"et2\" style=\"text-align: center;\" rowspan=\"2\">Vidro\/A\u00e7o inoxid\u00e1vel\/Pl\u00e1stico<\/td>\n<td class=\"et2\" style=\"text-align: center;\" rowspan=\"2\">Preto\/Dourado<\/td>\n<\/tr>\n<tr style=\"height: 13.50pt;\">\n<td style=\"height: 13.5pt; text-align: center;\" align=\"right\" height=\"18\">50<\/td>\n<td style=\"text-align: center;\" align=\"right\">4.5<\/td>\n<\/tr>\n<\/tbody>\n<\/table>\n<h2>Caso de sucesso<\/h2>\n<p>Um dos nossos frascos roll-on de vidro curvo de 30ml foi utilizado por um distribuidor de perfumes e \u00f3leos essenciais no Oriente M\u00e9dio, pois o frasco se encaixava perfeitamente na imagem sofisticada que a marca buscava. Para diferenciar os v\u00e1rios tipos de fragr\u00e2ncias, eles encomendaram dois tipos de vidro: transparente e com um degrad\u00ea vermelho escuro. A tampa tamb\u00e9m foi aprimorada com uma tampa em formato de c\u00fapula banhada a ouro, o que a tornou ainda mais luxuosa. A superf\u00edcie do frasco possui uma excelente impress\u00e3o em folha de ouro com o logotipo da marca.<\/p>\n<p>Ap\u00f3s a introdu\u00e7\u00e3o da nova embalagem, a distribuidora registrou um crescimento de 35% nas vendas no primeiro trimestre. A resposta do mercado foi t\u00e3o entusiasmada que a empresa fez cinco grandes encomendas repetidas em um ano e adicionou mais fragr\u00e2ncias \u00e0 sua linha de produtos.<\/p>\n<h2>Op\u00e7\u00f5es de personaliza\u00e7\u00e3o<\/h2>\n<ol>\n<li><strong>Maximize os acabamentos das tampas em forma de c\u00fapula:<\/strong> Especifique a tampa em forma de c\u00fapula utilizando acabamentos como ouro, prata, ouro rosa, preto fosco ou galvanoplastia brilhante para posicion\u00e1-la no mercado.<\/li>\n<li><strong>T\u00e9cnicas de decora\u00e7\u00e3o de logotipos:<\/strong> Utilize serigrafia, estampagem a quente, grava\u00e7\u00e3o a laser ou impress\u00e3o UV para exibir logotipos de marcas e nomes de produtos.<\/li>\n<li><strong>Op\u00e7\u00f5es de componentes do rolo interno:<\/strong> Oferecemos esferas de a\u00e7o inoxid\u00e1vel, vidro ou pedras preciosas para rolos, dependendo do tipo de produto e da marca escolhida.<\/li>\n<\/ol>","protected":false},"excerpt":{"rendered":"<p>Frascos de vidro com aplicador roll-on, design curvo e tampa em formato de c\u00fapula. Ideais para \u00f3leos ou perfumes. Fornecimento direto da f\u00e1brica com op\u00e7\u00e3o de personaliza\u00e7\u00e3o em grandes quantidades.<\/p>","protected":false},"featured_media":5970,"template":"","meta":{"postBodyCss":"","postBodyMargin":[],"postBodyPadding":[],"postBodyBackground":{"backgroundType":"classic","gradient":""}},"product_brand":[],"product_cat":[15,104,16],"product_tag":[],"class_list":{"0":"post-5963","1":"product","2":"type-product","3":"status-publish","4":"has-post-thumbnail","6":"product_cat-glass-containers","7":"product_cat-roller-ball-bottles","8":"product_cat-glass-bottles","10":"first","11":"instock","12":"shipping-taxable","13":"product-type-simple"},"jetpack_sharing_enabled":true,"_links":{"self":[{"href":"https:\/\/minghanggroup.com\/pt\/wp-json\/wp\/v2\/product\/5963","targetHints":{"allow":["GET"]}}],"collection":[{"href":"https:\/\/minghanggroup.com\/pt\/wp-json\/wp\/v2\/product"}],"about":[{"href":"https:\/\/minghanggroup.com\/pt\/wp-json\/wp\/v2\/types\/product"}],"wp:featuredmedia":[{"embeddable":true,"href":"https:\/\/minghanggroup.com\/pt\/wp-json\/wp\/v2\/media\/5970"}],"wp:attachment":[{"href":"https:\/\/minghanggroup.com\/pt\/wp-json\/wp\/v2\/media?parent=5963"}],"wp:term":[{"taxonomy":"product_brand","embeddable":true,"href":"https:\/\/minghanggroup.com\/pt\/wp-json\/wp\/v2\/product_brand?post=5963"},{"taxonomy":"product_cat","embeddable":true,"href":"https:\/\/minghanggroup.com\/pt\/wp-json\/wp\/v2\/product_cat?post=5963"},{"taxonomy":"product_tag","embeddable":true,"href":"https:\/\/minghanggroup.com\/pt\/wp-json\/wp\/v2\/product_tag?post=5963"}],"curies":[{"name":"wp","href":"https:\/\/api.w.org\/{rel}","templated":true}]}}