{"id":5959,"date":"2026-03-10T10:08:01","date_gmt":"2026-03-10T02:08:01","guid":{"rendered":"https:\/\/minghanggroup.com\/?post_type=product&#038;p=5959"},"modified":"2026-03-20T16:59:26","modified_gmt":"2026-03-20T08:59:26","slug":"octagon-glass-roll-on-bottles-with-printed-bulk","status":"publish","type":"product","link":"https:\/\/minghanggroup.com\/pt\/produto\/octagon-glass-roll-on-bottles-with-printed-bulk\/","title":{"rendered":"Frascos de vidro octogonais roll-on de 3 ml, 6 ml e 12 ml com impress\u00e3o, em grandes quantidades."},"content":{"rendered":"<p>Nossos frascos roll-on de vidro s\u00e3o feitos de vidro transparente, t\u00eam formato octogonal e uma delicada estampa bot\u00e2nica dourada com galhos, folhas e bolinhas. Dispon\u00edveis em tr\u00eas tamanhos pr\u00e1ticos para facilitar o transporte.<\/p>\n<h2>Caracter\u00edsticas do produto<\/h2>\n<ul>\n<li><strong>Design especial:<\/strong> O formato octogonal suavemente arredondado impede que role e possui uma al\u00e7a confort\u00e1vel e segura.<\/li>\n<li><strong>Estampa bot\u00e2nica elegante em tons de dourado:<\/strong> A garrafa de vidro transparente \u00e9 adornada com elegantes padr\u00f5es de folha de ouro e pontos, conferindo-lhe um toque de requinte e sofistica\u00e7\u00e3o.<\/li>\n<li><strong>Tamanhos port\u00e1teis:<\/strong> Existem 3 tamanhos pequenos (3ml, 6ml, 12ml) ideais para viagens, testes e uso di\u00e1rio.<\/li>\n<\/ul>\n<h2 style=\"text-align: left;\">Especifica\u00e7\u00f5es principais<\/h2>\n<table class=\"aligncenter\" style=\"border-collapse: collapse; width: 447.77pt;\" border=\"0\" width=\"597\" cellspacing=\"0\" cellpadding=\"0\">\n<tbody>\n<tr style=\"height: 13.50pt;\">\n<td style=\"height: 13.50pt; width: 115.50pt;\" width=\"154\" height=\"18\">Especifica\u00e7\u00e3o<\/td>\n<td style=\"width: 332.25pt;\" width=\"443\">Detalhes<\/td>\n<\/tr>\n<tr style=\"height: 13.50pt;\">\n<td style=\"height: 13.50pt;\" height=\"18\">Capacidade<\/td>\n<td>3 ml, 6 ml, 12 ml<\/td>\n<\/tr>\n<tr style=\"height: 13.50pt;\">\n<td style=\"height: 13.50pt;\" height=\"18\">Dimens\u00f5es<\/td>\n<td>1,9\u00d75,4cm a 2,6\u00d76,9cm (Di\u00e2metro \u00d7 Altura)<\/td>\n<\/tr>\n<tr style=\"height: 13.50pt;\">\n<td style=\"height: 13.50pt;\" height=\"18\">Material<\/td>\n<td>Vidro transparente, impress\u00e3o em folha de ouro<\/td>\n<\/tr>\n<tr style=\"height: 13.50pt;\">\n<td style=\"height: 13.50pt;\" height=\"18\">Formato de garrafa<\/td>\n<td>Pequeno prisma octogonal com bordas arredondadas<\/td>\n<\/tr>\n<tr style=\"height: 13.50pt;\">\n<td style=\"height: 13.50pt;\" height=\"18\">Escopo de personaliza\u00e7\u00e3o<\/td>\n<td>Formato, Cor, Tampas, Tamanho<\/td>\n<\/tr>\n<tr style=\"height: 13.50pt;\">\n<td style=\"height: 13.50pt;\" height=\"18\">Artesanato<\/td>\n<td>Moldagem de vidro de precis\u00e3o para formato octogonal, impress\u00e3o de decalques<\/td>\n<\/tr>\n<tr style=\"height: 13.50pt;\">\n<td style=\"height: 13.50pt;\" height=\"18\">Finalidade do produto<\/td>\n<td>Frascos de \u00d3leos Essenciais, Frascos Roll-on de Vidro<\/td>\n<\/tr>\n<tr style=\"height: 13.50pt;\">\n<td style=\"height: 13.50pt;\" height=\"18\">Ind\u00fastrias adequadas<\/td>\n<td>Marcas de aromaterapia, perfumistas de nicho<\/td>\n<\/tr>\n<\/tbody>\n<\/table>\n<h2>Caso de sucesso: Cole\u00e7\u00e3o de perfumes franceses criada por um perfumista franc\u00eas.<\/h2>\n<p>Uma perfumaria boutique francesa selecionou nosso frasco roll-on octogonal de 6 ml para \u00f3leos essenciais, feito de vidro, e o personalizou com impress\u00e3o dourada. O design da impress\u00e3o e o formato especial do frasco fizeram com que o conjunto se esgotasse em menos de 48 horas. O tamanho de 6 ml permite mais de 30 aplica\u00e7\u00f5es com um \u00fanico frasco, o que \u00e9 ideal para experimenta\u00e7\u00e3o. O sucesso deste produto levou a perfumaria a encomendar mais 600.000 frascos para ampliar sua linha de fragr\u00e2ncias e lan\u00e7ar uma s\u00e9rie de perfumes roll-on pr\u00e9-misturados nas principais lojas de departamento.<\/p>\n<h2>Personaliza\u00e7\u00e3o de frascos roll-on de vidro<\/h2>\n<ul>\n<li>Cor do vidro: Pode-se escolher entre vidro transparente, \u00e2mbar claro ou azul claro, dependendo do estilo vintage desejado.<\/li>\n<li>Design e cores da impress\u00e3o: Ilustra\u00e7\u00f5es, padr\u00f5es ou letras personalizadas podem ser feitas em tinta dourada, prateada ou colorida.<\/li>\n<li>Tamanho e Propor\u00e7\u00e3o: Altere o aspecto do oct\u00f3gono e fa\u00e7a a silhueta parecer mais alta ou mais baixa.<\/li>\n<li>Anel decorativo de metal: Para adicionar um detalhe decorativo, um pequeno anel de metal colorido \u00e9 adicionado \u00e0 base do pesco\u00e7o.<\/li>\n<\/ul>","protected":false},"excerpt":{"rendered":"<p>Frascos roll-on de vidro elegantes, com formato octogonal e estampa bot\u00e2nica dourada. Frasco roll-on sofisticado para \u00f3leos essenciais e perfumes. Amostras gr\u00e1tis dispon\u00edveis.<\/p>","protected":false},"featured_media":5965,"template":"","meta":{"postBodyCss":"","postBodyMargin":[],"postBodyPadding":[],"postBodyBackground":{"backgroundType":"classic","gradient":""}},"product_brand":[],"product_cat":[104,15,16],"product_tag":[],"class_list":{"0":"post-5959","1":"product","2":"type-product","3":"status-publish","4":"has-post-thumbnail","6":"product_cat-roller-ball-bottles","7":"product_cat-glass-containers","8":"product_cat-glass-bottles","10":"first","11":"instock","12":"shipping-taxable","13":"product-type-simple"},"jetpack_sharing_enabled":true,"_links":{"self":[{"href":"https:\/\/minghanggroup.com\/pt\/wp-json\/wp\/v2\/product\/5959","targetHints":{"allow":["GET"]}}],"collection":[{"href":"https:\/\/minghanggroup.com\/pt\/wp-json\/wp\/v2\/product"}],"about":[{"href":"https:\/\/minghanggroup.com\/pt\/wp-json\/wp\/v2\/types\/product"}],"wp:featuredmedia":[{"embeddable":true,"href":"https:\/\/minghanggroup.com\/pt\/wp-json\/wp\/v2\/media\/5965"}],"wp:attachment":[{"href":"https:\/\/minghanggroup.com\/pt\/wp-json\/wp\/v2\/media?parent=5959"}],"wp:term":[{"taxonomy":"product_brand","embeddable":true,"href":"https:\/\/minghanggroup.com\/pt\/wp-json\/wp\/v2\/product_brand?post=5959"},{"taxonomy":"product_cat","embeddable":true,"href":"https:\/\/minghanggroup.com\/pt\/wp-json\/wp\/v2\/product_cat?post=5959"},{"taxonomy":"product_tag","embeddable":true,"href":"https:\/\/minghanggroup.com\/pt\/wp-json\/wp\/v2\/product_tag?post=5959"}],"curies":[{"name":"wp","href":"https:\/\/api.w.org\/{rel}","templated":true}]}}