{"id":5946,"date":"2026-03-09T11:15:22","date_gmt":"2026-03-09T03:15:22","guid":{"rendered":"https:\/\/minghanggroup.com\/?post_type=product&#038;p=5946"},"modified":"2026-03-09T16:30:57","modified_gmt":"2026-03-09T08:30:57","slug":"frosted-oil-roller-ball-bottles-with-wood-style-caps-bulk","status":"publish","type":"product","link":"https:\/\/minghanggroup.com\/pt\/produto\/frosted-oil-roller-ball-bottles-with-wood-style-caps-bulk\/","title":{"rendered":"Frascos de vidro fosco para \u00f3leo com aplicador roll-on de 5ml e 10ml com tampas estilo madeira (embalagem a granel)"},"content":{"rendered":"<p>Os frascos roll-on foscos para \u00f3leos, de formato cil\u00edndrico e fino, permitem que a cor do l\u00edquido seja suavemente revelada. A aplica\u00e7\u00e3o uniforme do l\u00edquido \u00e9 garantida por um mecanismo de dispensa\u00e7\u00e3o roll-on no gargalo do frasco, com tampa rosqueada. A tampa possui um acabamento amadeirado claro. Esses frascos roll-on vazios s\u00e3o ideais para a aplica\u00e7\u00e3o e o transporte de \u00f3leos essenciais, \u00f3leos de aromaterapia, perfumes ou outros produtos de fragr\u00e2ncia l\u00edquida.<\/p>\n<h2>Caracter\u00edsticas do produto<\/h2>\n<ul>\n<li><strong>Acabamento em vidro fosco:<\/strong> A superf\u00edcie fosca oferece um toque suave e um visual minimalista e elegante.<\/li>\n<li><strong>Tampa com acabamento em madeira natural:<\/strong> A tampa com apar\u00eancia de gr\u00e3o de madeira contribui para o estilo natural e ecol\u00f3gico.<\/li>\n<li><strong>Rosca de pesco\u00e7o \u00e0 prova de vazamentos:<\/strong> O uso de tampa de rosca pode evitar vazamentos, garantindo que o produto n\u00e3o vaze durante o armazenamento e o transporte.<\/li>\n<\/ul>\n<h2>Especifica\u00e7\u00f5es principais<\/h2>\n<table style=\"border-collapse: collapse; width: 80%; margin-left: auto; margin-right: auto;\" border=\"0\" width=\"288\" cellspacing=\"0\" cellpadding=\"0\">\n<tbody>\n<tr style=\"height: 13.50pt;\">\n<td style=\"height: 13.5pt; width: 54pt; text-align: center;\" width=\"72\" height=\"18\">Capacidade (ml)<\/td>\n<td style=\"width: 54pt; text-align: center;\" width=\"72\">Di\u00e2metro do pesco\u00e7o<\/td>\n<td style=\"width: 54pt; text-align: center;\" width=\"72\">Terminar<\/td>\n<td style=\"width: 54pt; text-align: center;\" width=\"72\">Tipo de tampa<\/td>\n<\/tr>\n<tr style=\"height: 13.50pt;\">\n<td style=\"height: 13.5pt; text-align: center;\" align=\"right\" height=\"18\">5<\/td>\n<td class=\"et2\" style=\"text-align: center;\" rowspan=\"2\">2,0 cm<\/td>\n<td class=\"et2\" style=\"text-align: center;\" rowspan=\"2\">Fosco<\/td>\n<td class=\"et2\" style=\"text-align: center;\" rowspan=\"2\">De madeira<\/td>\n<\/tr>\n<tr style=\"height: 13.50pt;\">\n<td style=\"height: 13.5pt; text-align: center;\" align=\"right\" height=\"18\">10<\/td>\n<\/tr>\n<\/tbody>\n<\/table>\n<h2>Caso de sucesso<\/h2>\n<p>Uma das marcas canadenses de aromaterapia natural estava lan\u00e7ando uma nova linha de \u00f3leos essenciais em tamanho viagem e optou por nosso frasco roll-on de vidro fosco de 10ml com tampa imitando madeira. Escolheram um roll-on de a\u00e7o inoxid\u00e1vel para uma aplica\u00e7\u00e3o mais suave e maior compatibilidade com misturas mais densas de \u00f3leos essenciais. Tamb\u00e9m oferecemos um servi\u00e7o especial de serigrafia com o logotipo da marca em tinta verde escura. Quatro meses ap\u00f3s o lan\u00e7amento da nova embalagem, a marca registrou um aumento de 31% nas vendas online. Gra\u00e7as ao excelente feedback do cliente sobre o design e a praticidade da embalagem, fizeram quatro grandes pedidos repetidos em um per\u00edodo de um ano, e suas compras totais aumentaram quase 55%.<\/p>\n<h2>Op\u00e7\u00f5es de personaliza\u00e7\u00e3o<\/h2>\n<ol>\n<li><strong>Impress\u00e3o em superf\u00edcie fosca:<\/strong> Impress\u00e3o de logotipo: a serigrafia, a impress\u00e3o UV ou a estampagem a quente podem ser aplicadas na parte traseira do vidro fosco para que a marca seja facilmente identificada.<\/li>\n<li><strong>Aumento da espessura da parede da garrafa:<\/strong> Aumenta o peso da garrafa, refor\u00e7ando a espessura do vidro para torn\u00e1-la mais resistente e conferir maior qualidade ao produto.<\/li>\n<li><strong>Acabamento fosco em spray colorido:<\/strong> Substitua o aspecto fosco transparente por acabamentos em cores mate, como bege, verde s\u00e1lvia ou preto mate.<\/li>\n<\/ol>","protected":false},"excerpt":{"rendered":"<p>Frascos roll-on minimalistas para \u00f3leos essenciais, em vidro fosco com tampas imitando madeira. Frascos roll-on vazios de alta qualidade para \u00f3leos essenciais. Fornecimento direto da f\u00e1brica com op\u00e7\u00f5es de personaliza\u00e7\u00e3o em grandes quantidades.<\/p>","protected":false},"featured_media":5957,"template":"","meta":{"postBodyCss":"","postBodyMargin":[],"postBodyPadding":[],"postBodyBackground":{"backgroundType":"classic","gradient":""}},"product_brand":[],"product_cat":[15,104,16],"product_tag":[],"class_list":{"0":"post-5946","1":"product","2":"type-product","3":"status-publish","4":"has-post-thumbnail","6":"product_cat-glass-containers","7":"product_cat-roller-ball-bottles","8":"product_cat-glass-bottles","10":"first","11":"instock","12":"shipping-taxable","13":"product-type-simple"},"jetpack_sharing_enabled":true,"_links":{"self":[{"href":"https:\/\/minghanggroup.com\/pt\/wp-json\/wp\/v2\/product\/5946","targetHints":{"allow":["GET"]}}],"collection":[{"href":"https:\/\/minghanggroup.com\/pt\/wp-json\/wp\/v2\/product"}],"about":[{"href":"https:\/\/minghanggroup.com\/pt\/wp-json\/wp\/v2\/types\/product"}],"wp:featuredmedia":[{"embeddable":true,"href":"https:\/\/minghanggroup.com\/pt\/wp-json\/wp\/v2\/media\/5957"}],"wp:attachment":[{"href":"https:\/\/minghanggroup.com\/pt\/wp-json\/wp\/v2\/media?parent=5946"}],"wp:term":[{"taxonomy":"product_brand","embeddable":true,"href":"https:\/\/minghanggroup.com\/pt\/wp-json\/wp\/v2\/product_brand?post=5946"},{"taxonomy":"product_cat","embeddable":true,"href":"https:\/\/minghanggroup.com\/pt\/wp-json\/wp\/v2\/product_cat?post=5946"},{"taxonomy":"product_tag","embeddable":true,"href":"https:\/\/minghanggroup.com\/pt\/wp-json\/wp\/v2\/product_tag?post=5946"}],"curies":[{"name":"wp","href":"https:\/\/api.w.org\/{rel}","templated":true}]}}