{"id":5945,"date":"2026-03-09T09:25:53","date_gmt":"2026-03-09T01:25:53","guid":{"rendered":"https:\/\/minghanggroup.com\/?post_type=product&#038;p=5945"},"modified":"2026-03-09T11:06:12","modified_gmt":"2026-03-09T03:06:12","slug":"gold-plated-essential-oils-roller-bottles-bulk","status":"publish","type":"product","link":"https:\/\/minghanggroup.com\/pt\/produto\/gold-plated-essential-oils-roller-bottles-bulk\/","title":{"rendered":"Frascos roll-on de 10ml para \u00f3leos essenciais banhados a ouro (em grande quantidade)"},"content":{"rendered":"<p>Esses frascos roll-on para \u00f3leos essenciais t\u00eam um design magn\u00edfico, combinando perfeitamente o vidro transparente com o luxuoso revestimento em ouro e decora\u00e7\u00f5es sutis. Est\u00e3o dispon\u00edveis nos formatos estrela, quadrado e esf\u00e9rico, acompanhados de tampas cil\u00edndricas e em formato de c\u00fapula.<\/p>\n<h2>Caracter\u00edsticas do produto<\/h2>\n<ul>\n<li><strong>Revestimento luxuoso em ouro:<\/strong> A estrutura e a tampa em metal banhado a ouro possuem um acabamento brilhante, o que combina perfeitamente com o posicionamento sofisticado dos produtos de fragr\u00e2ncia.<\/li>\n<li><strong>Diversos modelos de garrafas:<\/strong> As garrafas s\u00e3o oferecidas em diferentes formatos, como esf\u00e9rico, c\u00fabico ou em forma de estrela, e cada uma delas \u00e9 distinta e atraente.<\/li>\n<li><strong>Vidro de alta transpar\u00eancia:<\/strong> Os frascos s\u00e3o feitos de vidro de alta transpar\u00eancia e exibem claramente a cor do l\u00edquido perfumado, al\u00e9m de destacarem os detalhes deslumbrantes das decora\u00e7\u00f5es em ouro.<\/li>\n<\/ul>\n<h2 style=\"text-align: left;\">Especifica\u00e7\u00f5es principais<\/h2>\n<table class=\"aligncenter\" style=\"border-collapse: collapse; width: 447.77pt;\" border=\"0\" width=\"597\" cellspacing=\"0\" cellpadding=\"0\">\n<tbody>\n<tr style=\"height: 13.50pt;\">\n<td style=\"height: 13.50pt; width: 115.50pt;\" width=\"154\" height=\"18\">Especifica\u00e7\u00e3o<\/td>\n<td style=\"width: 332.25pt;\" width=\"443\">Detalhes<\/td>\n<\/tr>\n<tr style=\"height: 13.50pt;\">\n<td style=\"height: 13.50pt;\" height=\"18\">Capacidade<\/td>\n<td>10ml (Todos os formatos)<\/td>\n<\/tr>\n<tr style=\"height: 13.50pt;\">\n<td style=\"height: 13.50pt;\" height=\"18\">Dimens\u00f5es<\/td>\n<td>4,1\u00d76,7cm (Estrela), 3\u00d76cm (Quadrado), 3,9\u00d76,5cm (Esfera)<\/td>\n<\/tr>\n<tr style=\"height: 13.50pt;\">\n<td style=\"height: 13.50pt;\" height=\"18\">Material<\/td>\n<td>Vidro transparente, estrutura e tampa em metal com revestimento dourado.<\/td>\n<\/tr>\n<tr style=\"height: 13.50pt;\">\n<td style=\"height: 13.50pt;\" height=\"18\">Formato de garrafa<\/td>\n<td>Estrela, Cubo, Esfera com Conjunto de Bola de Rolagem Integrada<\/td>\n<\/tr>\n<tr style=\"height: 13.50pt;\">\n<td style=\"height: 13.50pt;\" height=\"18\">Escopo de personaliza\u00e7\u00e3o<\/td>\n<td>Tamanho, Cor, Acabamento, Tampas, Formato<\/td>\n<\/tr>\n<tr style=\"height: 13.50pt;\">\n<td style=\"height: 13.50pt;\" height=\"18\">Artesanato<\/td>\n<td>Moldagem de vidro de precis\u00e3o, fabrica\u00e7\u00e3o e revestimento de metais.<\/td>\n<\/tr>\n<tr style=\"height: 13.50pt;\">\n<td style=\"height: 13.50pt;\" height=\"18\">Finalidade do produto<\/td>\n<td>Frascos de \u00f3leos de perfume de luxo, frascos roll-on para \u00f3leos essenciais<\/td>\n<\/tr>\n<tr style=\"height: 13.50pt;\">\n<td style=\"height: 13.50pt;\" height=\"18\">Ind\u00fastrias adequadas<\/td>\n<td>Perfumaria de Nicho, Fabricantes de Presentes de Luxo<\/td>\n<\/tr>\n<\/tbody>\n<\/table>\n<h2>Caso de Sucesso: Edi\u00e7\u00e3o de Colecionador de uma Marca Europeia de Perfumes de Luxo<\/h2>\n<p>Uma das mais conceituadas empresas europeias de perfumes selecionou nossos frascos roll-on, com formato de estrela com um cubo e tamb\u00e9m de esfera, banhados a ouro rosa e com diversos detalhes vazados. Em 72 horas, os frascos geom\u00e9tricos esgotaram, e 80% dos compradores adquiriram o conjunto como item de colecionador. O sucesso foi estrondoso e a marca encomendou mais 300.000 frascos, planejando lan\u00e7ar uma edi\u00e7\u00e3o de colecionador a cada ano pelos pr\u00f3ximos cinco anos.<\/p>\n<h2>Decis\u00e3o de design de frascos roll-on de perfume<\/h2>\n<ul>\n<li>Acabamentos adicionais Acabamentos em metal: O metal pode receber tratamento com banho de ouro rosa, prata antiga, cromo preto ou cobre.<\/li>\n<li>Trabalhos personalizados em arame e grava\u00e7\u00e3o: Crie seu pr\u00f3prio padr\u00e3o personalizado ou grave as iniciais\/emblema da sua marca na pe\u00e7a de metal.<\/li>\n<li>Material dos rolos: Os rolos de prata de lei ou banhados a ouro s\u00e3o os que proporcionam a experi\u00eancia mais luxuosa.<\/li>\n<li>Altera\u00e7\u00f5es de forma: Aumentar o n\u00famero de formas geom\u00e9tricas para diferenciar a linha de produtos.<\/li>\n<\/ul>","protected":false},"excerpt":{"rendered":"<p>Frascos roll-on de perfume premium em formatos de estrela, quadrado e esfera. Frascos roll-on exclusivos para \u00f3leos essenciais com detalhes em metal. Amostras gr\u00e1tis dispon\u00edveis.<\/p>","protected":false},"featured_media":5950,"template":"","meta":{"postBodyCss":"","postBodyMargin":[],"postBodyPadding":[],"postBodyBackground":{"backgroundType":"classic","gradient":""}},"product_brand":[],"product_cat":[15,104,16],"product_tag":[],"class_list":{"0":"post-5945","1":"product","2":"type-product","3":"status-publish","4":"has-post-thumbnail","6":"product_cat-glass-containers","7":"product_cat-roller-ball-bottles","8":"product_cat-glass-bottles","10":"first","11":"instock","12":"shipping-taxable","13":"product-type-simple"},"jetpack_sharing_enabled":true,"_links":{"self":[{"href":"https:\/\/minghanggroup.com\/pt\/wp-json\/wp\/v2\/product\/5945","targetHints":{"allow":["GET"]}}],"collection":[{"href":"https:\/\/minghanggroup.com\/pt\/wp-json\/wp\/v2\/product"}],"about":[{"href":"https:\/\/minghanggroup.com\/pt\/wp-json\/wp\/v2\/types\/product"}],"wp:featuredmedia":[{"embeddable":true,"href":"https:\/\/minghanggroup.com\/pt\/wp-json\/wp\/v2\/media\/5950"}],"wp:attachment":[{"href":"https:\/\/minghanggroup.com\/pt\/wp-json\/wp\/v2\/media?parent=5945"}],"wp:term":[{"taxonomy":"product_brand","embeddable":true,"href":"https:\/\/minghanggroup.com\/pt\/wp-json\/wp\/v2\/product_brand?post=5945"},{"taxonomy":"product_cat","embeddable":true,"href":"https:\/\/minghanggroup.com\/pt\/wp-json\/wp\/v2\/product_cat?post=5945"},{"taxonomy":"product_tag","embeddable":true,"href":"https:\/\/minghanggroup.com\/pt\/wp-json\/wp\/v2\/product_tag?post=5945"}],"curies":[{"name":"wp","href":"https:\/\/api.w.org\/{rel}","templated":true}]}}