{"id":5940,"date":"2026-03-06T13:46:54","date_gmt":"2026-03-06T05:46:54","guid":{"rendered":"https:\/\/minghanggroup.com\/?post_type=product&#038;p=5940"},"modified":"2026-03-06T13:46:56","modified_gmt":"2026-03-06T05:46:56","slug":"colorful-glass-roller-essential-oil-bottles-with-caps-bulk","status":"publish","type":"product","link":"https:\/\/minghanggroup.com\/pt\/produto\/colorful-glass-roller-essential-oil-bottles-with-caps-bulk\/","title":{"rendered":"Frascos de vidro coloridos com aplicador roll-on para \u00f3leos essenciais, de 3ml a 12ml, com tampas (em grande quantidade)."},"content":{"rendered":"<p>Esta linha de frascos roll-on apresenta diversas cores, incluindo \u00e2mbar claro, cinza esfuma\u00e7ado, rosa e azul-turquesa, o que confere \u00e0 linha de produtos um visual vibrante e atraente. Todos os frascos possuem aplicadores roll-on no gargalo para aplicar os \u00f3leos l\u00edquidos na pele de forma suave e precisa. A s\u00e9rie est\u00e1 dispon\u00edvel em tamanhos compactos, entre 3 ml e 12 ml, e \u00e9 ideal para armazenar misturas de \u00f3leos essenciais, perfumes, solu\u00e7\u00f5es de aromaterapia, s\u00e9runs e fragr\u00e2ncias pessoais.<\/p>\n<h2>Caracter\u00edsticas do produto<\/h2>\n<ul>\n<li><strong>Formato octogonal da base:<\/strong> A garrafa tem formato octogonal com base espessa, o que a torna est\u00e1vel e evita que tombe.<\/li>\n<li><strong>Garrafas de vidro transparente multicoloridas:<\/strong> As garrafas s\u00e3o oferecidas em diversas cores de vidro transparente, como \u00e2mbar, cinza fum\u00ea, rosa e azul, e exibem o produto em seu interior, dando origem a v\u00e1rias linhas de produtos.<\/li>\n<li><strong>Estrutura remov\u00edvel com esfera rolante:<\/strong> Essa estrutura de esfera roll-on geralmente \u00e9 remov\u00edvel, facilitando a coloca\u00e7\u00e3o de \u00f3leos essenciais ou perfumes, al\u00e9m de permitir a limpeza e reutiliza\u00e7\u00e3o.<\/li>\n<\/ul>\n<h2>Especifica\u00e7\u00f5es principais<\/h2>\n<table style=\"border-collapse: collapse; width: 80%; margin-left: AUTO; margin-right: auto;\" border=\"0\" width=\"288\" cellspacing=\"0\" cellpadding=\"0\">\n<tbody>\n<tr style=\"height: 13.50pt;\">\n<td style=\"height: 13.5pt; width: 54pt; text-align: center;\" width=\"72\" height=\"18\">Capacidade (ml)<\/td>\n<td style=\"width: 54pt; text-align: center;\" width=\"72\">Dimens\u00f5es (cm)<\/td>\n<td style=\"width: 54pt; text-align: center;\" width=\"72\">Op\u00e7\u00f5es de cores<\/td>\n<td style=\"width: 54pt; text-align: center;\" width=\"72\">Material do rolo<\/td>\n<\/tr>\n<tr style=\"height: 13.50pt;\">\n<td style=\"height: 13.5pt; text-align: center;\" align=\"right\" height=\"18\">3<\/td>\n<td style=\"text-align: center;\">1,8 \u00d7 5,4<\/td>\n<td class=\"et2\" style=\"text-align: center;\" rowspan=\"4\">Rosa, preto, amarelo, laranja, azul, verde<\/td>\n<td class=\"et2\" style=\"text-align: center;\" rowspan=\"4\">Vidro\/A\u00e7o inoxid\u00e1vel<\/td>\n<\/tr>\n<tr style=\"height: 13.50pt;\">\n<td style=\"height: 13.5pt; text-align: center;\" align=\"right\" height=\"18\">6<\/td>\n<td style=\"text-align: center;\">2,2 \u00d7 6,0<\/td>\n<\/tr>\n<tr style=\"height: 13.50pt;\">\n<td style=\"height: 13.5pt; text-align: center;\" align=\"right\" height=\"18\">10<\/td>\n<td style=\"text-align: center;\">2,5 \u00d7 6,6<\/td>\n<\/tr>\n<tr style=\"height: 13.50pt;\">\n<td style=\"height: 13.5pt; text-align: center;\" align=\"right\" height=\"18\">12<\/td>\n<td style=\"text-align: center;\">1,8 \u00d7 5,4<\/td>\n<\/tr>\n<\/tbody>\n<\/table>\n<h2>Caso de sucesso<\/h2>\n<p>Nosso frasco roll-on octogonal de vidro de 10 ml foi escolhido por uma marca boutique de \u00f3leos essenciais para aromaterapia como embalagem base. Ele foi produzido em tons de rosa claro e \u00e1gua-marinha, com uma pequena decora\u00e7\u00e3o que lembra uma pedra preciosa aplicada \u00e0 tampa dourada. Al\u00e9m disso, substitu\u00edmos o material do roll-on por a\u00e7o inoxid\u00e1vel para tornar a aplica\u00e7\u00e3o mais agrad\u00e1vel e dur\u00e1vel.<\/p>\n<p>Ap\u00f3s a introdu\u00e7\u00e3o da embalagem personalizada, o tempo de exposi\u00e7\u00e3o dos produtos nas lojas parceiras aumentou consideravelmente em quase 30%. A cole\u00e7\u00e3o, que era de edi\u00e7\u00e3o limitada, esgotou em dois meses.<\/p>\n<h2>Op\u00e7\u00f5es de personaliza\u00e7\u00e3o<\/h2>\n<ol>\n<li><strong>Estilo da tampa e acabamento:<\/strong> Troque a tampa por modelos com acabamentos diferentes, como dourado, prateado, preto fosco, ouro rosa ou com revestimento eletrol\u00edtico, para dar um aspecto de alta qualidade ao produto.<\/li>\n<li><strong>Material da esfera de rolo:<\/strong> As esferas de rolo podem ser feitas de a\u00e7o inoxid\u00e1vel, vidro ou pedra preciosa (como jade ou quartzo rosa) para se adaptarem a diversas posi\u00e7\u00f5es do produto.<\/li>\n<li><strong>Impress\u00e3o de logotipos: <\/strong>Isso permite o uso de serigrafia, estampagem a quente ou impress\u00e3o UV, para que logotipos de marcas, padr\u00f5es ou nomes de produtos possam ser impressos na superf\u00edcie das garrafas.<\/li>\n<\/ol>","protected":false},"excerpt":{"rendered":"<p>Os frascos roll-on para \u00f3leos essenciais s\u00e3o feitos de vidro resistente e coloridos, em formato octogonal. Op\u00e7\u00f5es de personaliza\u00e7\u00e3o para grandes quantidades dispon\u00edveis. Amostras gr\u00e1tis.<\/p>","protected":false},"featured_media":5944,"template":"","meta":{"postBodyCss":"","postBodyMargin":[],"postBodyPadding":[],"postBodyBackground":{"backgroundType":"classic","gradient":""}},"product_brand":[],"product_cat":[15,104,16],"product_tag":[],"class_list":{"0":"post-5940","1":"product","2":"type-product","3":"status-publish","4":"has-post-thumbnail","6":"product_cat-glass-containers","7":"product_cat-roller-ball-bottles","8":"product_cat-glass-bottles","10":"first","11":"instock","12":"shipping-taxable","13":"product-type-simple"},"jetpack_sharing_enabled":true,"_links":{"self":[{"href":"https:\/\/minghanggroup.com\/pt\/wp-json\/wp\/v2\/product\/5940","targetHints":{"allow":["GET"]}}],"collection":[{"href":"https:\/\/minghanggroup.com\/pt\/wp-json\/wp\/v2\/product"}],"about":[{"href":"https:\/\/minghanggroup.com\/pt\/wp-json\/wp\/v2\/types\/product"}],"wp:featuredmedia":[{"embeddable":true,"href":"https:\/\/minghanggroup.com\/pt\/wp-json\/wp\/v2\/media\/5944"}],"wp:attachment":[{"href":"https:\/\/minghanggroup.com\/pt\/wp-json\/wp\/v2\/media?parent=5940"}],"wp:term":[{"taxonomy":"product_brand","embeddable":true,"href":"https:\/\/minghanggroup.com\/pt\/wp-json\/wp\/v2\/product_brand?post=5940"},{"taxonomy":"product_cat","embeddable":true,"href":"https:\/\/minghanggroup.com\/pt\/wp-json\/wp\/v2\/product_cat?post=5940"},{"taxonomy":"product_tag","embeddable":true,"href":"https:\/\/minghanggroup.com\/pt\/wp-json\/wp\/v2\/product_tag?post=5940"}],"curies":[{"name":"wp","href":"https:\/\/api.w.org\/{rel}","templated":true}]}}