{"id":5930,"date":"2026-03-06T11:30:43","date_gmt":"2026-03-06T03:30:43","guid":{"rendered":"https:\/\/minghanggroup.com\/?post_type=product&#038;p=5930"},"modified":"2026-03-05T13:37:17","modified_gmt":"2026-03-05T05:37:17","slug":"gourd-design-amber-glass-roller-bottles-bulk","status":"publish","type":"product","link":"https:\/\/minghanggroup.com\/pt\/produto\/gourd-design-amber-glass-roller-bottles-bulk\/","title":{"rendered":"Frascos roll-on de vidro \u00e2mbar com design de caba\u00e7a, de 10 ml a 100 ml (em grande quantidade)"},"content":{"rendered":"<p>Esses frascos roll-on de vidro s\u00e3o de um tipo especial, com formato de caba\u00e7a dupla e vidro de cor \u00e2mbar intensa. Est\u00e3o dispon\u00edveis em cinco tamanhos diferentes e possuem uma esfera met\u00e1lica deslizante que permite o uso em qualquer lugar e a qualquer hora.<\/p>\n<h2>Caracter\u00edsticas do produto<\/h2>\n<ul>\n<li><strong>Design em formato de caba\u00e7a:<\/strong> O formato da caba\u00e7a apresenta um design redondo de duas camadas com linhas suaves e arredondadas, que combinam o design tradicional com uma pega confort\u00e1vel.<\/li>\n<li><strong>Vidro opaco (cor \u00e2mbar):<\/strong> Este tipo de vidro \u00e9 composto de vidro \u00e2mbar e marrom escuro e \u00e9 usado principalmente no processo de bloqueio dos raios UV em l\u00edquidos que cont\u00eam componentes ativos que se oxidam facilmente, como \u00f3leos essenciais.<\/li>\n<li><strong>Aplica\u00e7\u00e3o pr\u00e1tica da bola de rolo:<\/strong> A esfera de metal misto permite uma aplica\u00e7\u00e3o t\u00f3pica precisa, controlada e sem sujeira.<\/li>\n<\/ul>\n<h2 style=\"text-align: left;\">Especifica\u00e7\u00f5es principais<\/h2>\n<table class=\"aligncenter\" style=\"border-collapse: collapse; width: 450.77pt;\" border=\"0\" width=\"601\" cellspacing=\"0\" cellpadding=\"0\">\n<tbody>\n<tr style=\"height: 13.50pt;\">\n<td style=\"height: 13.50pt; width: 115.50pt;\" width=\"154\" height=\"18\">Especifica\u00e7\u00e3o<\/td>\n<td style=\"width: 335.25pt;\" width=\"447\">Detalhes<\/td>\n<\/tr>\n<tr style=\"height: 13.50pt;\">\n<td style=\"height: 13.50pt;\" height=\"18\">Capacidade<\/td>\n<td>10 ml, 20 ml, 30 ml, 50 ml, 100 ml<\/td>\n<\/tr>\n<tr style=\"height: 13.50pt;\">\n<td style=\"height: 13.50pt;\" height=\"18\">Dimens\u00f5es<\/td>\n<td>3,2\u00d75,5cm a 6\u00d711,4cm (Di\u00e2metro \u00d7 Altura)<\/td>\n<\/tr>\n<tr style=\"height: 13.50pt;\">\n<td style=\"height: 13.50pt;\" height=\"18\">Material<\/td>\n<td>Vidro \u00e2mbar degrad\u00ea<\/td>\n<\/tr>\n<tr style=\"height: 13.50pt;\">\n<td style=\"height: 13.50pt;\" height=\"18\">Formato de garrafa<\/td>\n<td>Formato tradicional de caba\u00e7a de dupla esfera<\/td>\n<\/tr>\n<tr style=\"height: 13.50pt;\">\n<td style=\"height: 13.50pt;\" height=\"18\">Escopo de personaliza\u00e7\u00e3o<\/td>\n<td>Formato, Cor, Material da esfera, Tamanho<\/td>\n<\/tr>\n<tr style=\"height: 13.50pt;\">\n<td style=\"height: 13.50pt;\" height=\"18\">Artesanato<\/td>\n<td>T\u00e9cnica complexa de sopro de vidro para criar um formato de caba\u00e7a com cores em degrad\u00ea.<\/td>\n<\/tr>\n<tr style=\"height: 13.50pt;\">\n<td style=\"height: 13.50pt;\" height=\"18\">Finalidade do produto<\/td>\n<td>Frascos para \u00f3leos essenciais, frascos roll-on<\/td>\n<\/tr>\n<tr style=\"height: 13.50pt;\">\n<td style=\"height: 13.50pt;\" height=\"18\">Ind\u00fastrias adequadas<\/td>\n<td>Marcas de bem-estar, empresas de aromaterapia<\/td>\n<\/tr>\n<\/tbody>\n<\/table>\n<h2>Caso de Sucesso: Linha de Produtos T\u00f3picos da California Health Brand<\/h2>\n<p>Nosso frasco roll-on de vidro \u00e2mbar de 30 ml e as instru\u00e7\u00f5es impressas em serigrafia foram escolhidos por uma marca da California Health, especializada em produtos t\u00f3picos calmantes \u00e0 base de ervas. O frasco de vidro com prote\u00e7\u00e3o UV aumentou em 40% a vida \u00fatil dos ingredientes vegetais fotossens\u00edveis. O formato de caba\u00e7a foi adotado como design da marca e impulsionou um crescimento de 50% nas vendas diretas online. A marca obteve um enorme sucesso e, posteriormente, encomendou mais 2 milh\u00f5es de frascos para distribui\u00e7\u00e3o nas principais redes de farm\u00e1cias do pa\u00eds.<\/p>\n<h2>Propostas para a personaliza\u00e7\u00e3o das garrafas Roller<\/h2>\n<ul>\n<li>Material da caneta rollerball: As canetas rollerball est\u00e3o dispon\u00edveis em a\u00e7o inoxid\u00e1vel, tit\u00e2nio e vidro para atender \u00e0s diversas necessidades dos usu\u00e1rios.<\/li>\n<li>Cor da tampa e do anel: Os an\u00e9is de pl\u00e1stico e as tampas decorativas podem ser personalizados em qualquer cor.<\/li>\n<li>Serigrafia: Apresente belos s\u00edmbolos, s\u00edmbolos culturais ou instru\u00e7\u00f5es detalhadas sobre como usar a garrafa de vidro impressas na serigrafia.<\/li>\n<\/ul>","protected":false},"excerpt":{"rendered":"<p>Elegante frasco roll-on de vidro \u00e2mbar em formato \u00fanico de caba\u00e7a. Frascos roll-on resistentes aos raios UV, ideais para \u00f3leos essenciais. Pre\u00e7os direto da f\u00e1brica para compras em grande quantidade.<\/p>","protected":false},"featured_media":5936,"template":"","meta":{"postBodyCss":"","postBodyMargin":[],"postBodyPadding":[],"postBodyBackground":{"backgroundType":"classic","gradient":""}},"product_brand":[],"product_cat":[15,104,16],"product_tag":[],"class_list":{"0":"post-5930","1":"product","2":"type-product","3":"status-publish","4":"has-post-thumbnail","6":"product_cat-glass-containers","7":"product_cat-roller-ball-bottles","8":"product_cat-glass-bottles","10":"first","11":"instock","12":"shipping-taxable","13":"product-type-simple"},"jetpack_sharing_enabled":true,"_links":{"self":[{"href":"https:\/\/minghanggroup.com\/pt\/wp-json\/wp\/v2\/product\/5930","targetHints":{"allow":["GET"]}}],"collection":[{"href":"https:\/\/minghanggroup.com\/pt\/wp-json\/wp\/v2\/product"}],"about":[{"href":"https:\/\/minghanggroup.com\/pt\/wp-json\/wp\/v2\/types\/product"}],"wp:featuredmedia":[{"embeddable":true,"href":"https:\/\/minghanggroup.com\/pt\/wp-json\/wp\/v2\/media\/5936"}],"wp:attachment":[{"href":"https:\/\/minghanggroup.com\/pt\/wp-json\/wp\/v2\/media?parent=5930"}],"wp:term":[{"taxonomy":"product_brand","embeddable":true,"href":"https:\/\/minghanggroup.com\/pt\/wp-json\/wp\/v2\/product_brand?post=5930"},{"taxonomy":"product_cat","embeddable":true,"href":"https:\/\/minghanggroup.com\/pt\/wp-json\/wp\/v2\/product_cat?post=5930"},{"taxonomy":"product_tag","embeddable":true,"href":"https:\/\/minghanggroup.com\/pt\/wp-json\/wp\/v2\/product_tag?post=5930"}],"curies":[{"name":"wp","href":"https:\/\/api.w.org\/{rel}","templated":true}]}}