{"id":5924,"date":"2026-03-05T09:26:09","date_gmt":"2026-03-05T01:26:09","guid":{"rendered":"https:\/\/minghanggroup.com\/?post_type=product&#038;p=5924"},"modified":"2026-03-05T11:30:23","modified_gmt":"2026-03-05T03:30:23","slug":"gold-decorated-essential-oil-bottles-with-rollers-bulk","status":"publish","type":"product","link":"https:\/\/minghanggroup.com\/pt\/produto\/gold-decorated-essential-oil-bottles-with-rollers-bulk\/","title":{"rendered":"Frascos de \u00f3leo essencial decorados em dourado, 7ml e 8ml, com aplicador roll-on (em grande quantidade)"},"content":{"rendered":"<p>Esses frascos de \u00f3leo essencial com aplicador roll-on possuem corpo de vidro transparente com delicados detalhes em dourado e tampa banhada a ouro de alta qualidade. Apresentam dois formatos distintos: geom\u00e9trico multifacetado e cil\u00edndrico esguio.<\/p>\n<h2>Caracter\u00edsticas do produto<\/h2>\n<ul>\n<li><strong>Decora\u00e7\u00e3o Luxuosa:<\/strong> A decora\u00e7\u00e3o \u00e9 elaborada com padr\u00f5es de fios de ouro e vidros multifacetados ou de formato irregular, conferindo um ar luxuoso ao ambiente.<\/li>\n<li><strong>Duas formas especiais:<\/strong> Selecione o formato: um formato multifacetado de natureza geom\u00e9trica ou um formato cil\u00edndrico longo e esguio.<\/li>\n<li><strong>Vidro de alta transpar\u00eancia:<\/strong> Feitas de vidro de alta transpar\u00eancia, essas garrafas deixam claro o conte\u00fado das fragr\u00e2ncias e os detalhes deslumbrantes das decora\u00e7\u00f5es em ouro.<\/li>\n<\/ul>\n<h2 style=\"text-align: left;\">Especifica\u00e7\u00f5es principais<\/h2>\n<table class=\"aligncenter\" style=\"border-collapse: collapse; width: 490.52pt;\" border=\"0\" width=\"654\" cellspacing=\"0\" cellpadding=\"0\">\n<tbody>\n<tr style=\"height: 13.50pt;\">\n<td style=\"height: 13.50pt; width: 115.50pt;\" width=\"154\" height=\"18\">Especifica\u00e7\u00e3o<\/td>\n<td style=\"width: 375.00pt;\" width=\"500\">Detalhes<\/td>\n<\/tr>\n<tr style=\"height: 13.50pt;\">\n<td style=\"height: 13.50pt;\" height=\"18\">Capacidade<\/td>\n<td>8ml (Faceted), 7ml (Waisted)<\/td>\n<\/tr>\n<tr style=\"height: 13.50pt;\">\n<td style=\"height: 13.50pt;\" height=\"18\">Dimens\u00f5es<\/td>\n<td>2,5\u00d76cm (Facetado), 2,8\u00d76,6cm (Cintura)<\/td>\n<\/tr>\n<tr style=\"height: 13.50pt;\">\n<td style=\"height: 13.50pt;\" height=\"18\">Material<\/td>\n<td>Vidro transparente lapidado, metal banhado a ouro<\/td>\n<\/tr>\n<tr style=\"height: 13.50pt;\">\n<td style=\"height: 13.50pt;\" height=\"18\">Formato de garrafa<\/td>\n<td>Coluna geom\u00e9trica multifacetada ou coluna facetada com cintura<\/td>\n<\/tr>\n<tr style=\"height: 13.50pt;\">\n<td style=\"height: 13.50pt;\" height=\"18\">Escopo de personaliza\u00e7\u00e3o<\/td>\n<td>Cor, Acabamento do Revestimento, Padr\u00e3o de Filigrana, Design da Tampa<\/td>\n<\/tr>\n<tr style=\"height: 13.50pt;\">\n<td style=\"height: 13.50pt;\" height=\"18\">Artesanato<\/td>\n<td>Corte e facetamento complexos de vidro<\/td>\n<\/tr>\n<tr style=\"height: 13.50pt;\">\n<td style=\"height: 13.50pt;\" height=\"18\">Finalidade do produto<\/td>\n<td>Frascos de luxo para \u00f3leos essenciais e perfumes, com aplicador roll-on.<\/td>\n<\/tr>\n<tr style=\"height: 13.50pt;\">\n<td style=\"height: 13.50pt;\" height=\"18\">Ind\u00fastrias adequadas<\/td>\n<td>Perfumaria de Nicho, Aromaterapia de Alta Qualidade<\/td>\n<\/tr>\n<\/tbody>\n<\/table>\n<h2>Caso de Sucesso: \u00d3leo Essencial Exclusivo de uma Marca de Perfumes de Dubai<\/h2>\n<p>Uma das marcas de \u00f3leos essenciais de Dubai decidiu usar nossos frascos multifuncionais dourados com aplicador roll-on, criando um frasco de vidro azul escuro com um design vazado exclusivo. Esse design sofisticado agradou seus clientes e, por isso, o pre\u00e7o foi 300% maior do que o dos frascos comuns. O tamanho de 7 ml tamb\u00e9m se mostrou ideal para a f\u00f3rmula luxuosa da fragr\u00e2ncia. As vendas da linha de \u00f3leos perfumados foram um enorme sucesso, o que levou a marca a fazer um novo pedido de 500.000 frascos, tornando-se a \u00fanica fornecedora das tr\u00eas linhas de perfumes mais premium.<\/p>\n<h2>Op\u00e7\u00f5es de personaliza\u00e7\u00e3o para frascos roll-on<\/h2>\n<ul>\n<li>Acabamentos folheados: Al\u00e9m do folheado a ouro tradicional, tamb\u00e9m est\u00e3o dispon\u00edveis op\u00e7\u00f5es em ouro rosa, bronze ou prata.<\/li>\n<li>Material do aplicador roll-on: Selecione entre rolos banhados a ouro, prata de lei ou cer\u00e2mica para obter uma determinada sensa\u00e7\u00e3o.<\/li>\n<li>Dimens\u00f5es e propor\u00e7\u00f5es da chapa: altere a dimens\u00e3o da se\u00e7\u00e3o transversal ou o \u00e2ngulo de uma forma cil\u00edndrica para criar um formato diferenciado.<\/li>\n<\/ul>","protected":false},"excerpt":{"rendered":"<p>Frascos de luxo para \u00f3leos essenciais com aplicador roll-on, banhados a ouro e com padr\u00f5es ornamentados. Elegantes frascos roll-on ideais para perfumes e \u00f3leos. Dispon\u00edvel em estoque.<\/p>","protected":false},"featured_media":5925,"template":"","meta":{"postBodyCss":"","postBodyMargin":[],"postBodyPadding":[],"postBodyBackground":{"backgroundType":"classic","gradient":""}},"product_brand":[],"product_cat":[15,104,16],"product_tag":[],"class_list":{"0":"post-5924","1":"product","2":"type-product","3":"status-publish","4":"has-post-thumbnail","6":"product_cat-glass-containers","7":"product_cat-roller-ball-bottles","8":"product_cat-glass-bottles","10":"first","11":"instock","12":"shipping-taxable","13":"product-type-simple"},"jetpack_sharing_enabled":true,"_links":{"self":[{"href":"https:\/\/minghanggroup.com\/pt\/wp-json\/wp\/v2\/product\/5924","targetHints":{"allow":["GET"]}}],"collection":[{"href":"https:\/\/minghanggroup.com\/pt\/wp-json\/wp\/v2\/product"}],"about":[{"href":"https:\/\/minghanggroup.com\/pt\/wp-json\/wp\/v2\/types\/product"}],"wp:featuredmedia":[{"embeddable":true,"href":"https:\/\/minghanggroup.com\/pt\/wp-json\/wp\/v2\/media\/5925"}],"wp:attachment":[{"href":"https:\/\/minghanggroup.com\/pt\/wp-json\/wp\/v2\/media?parent=5924"}],"wp:term":[{"taxonomy":"product_brand","embeddable":true,"href":"https:\/\/minghanggroup.com\/pt\/wp-json\/wp\/v2\/product_brand?post=5924"},{"taxonomy":"product_cat","embeddable":true,"href":"https:\/\/minghanggroup.com\/pt\/wp-json\/wp\/v2\/product_cat?post=5924"},{"taxonomy":"product_tag","embeddable":true,"href":"https:\/\/minghanggroup.com\/pt\/wp-json\/wp\/v2\/product_tag?post=5924"}],"curies":[{"name":"wp","href":"https:\/\/api.w.org\/{rel}","templated":true}]}}