{"id":5918,"date":"2026-03-04T14:00:19","date_gmt":"2026-03-04T06:00:19","guid":{"rendered":"https:\/\/minghanggroup.com\/?post_type=product&#038;p=5918"},"modified":"2026-03-04T14:34:30","modified_gmt":"2026-03-04T06:34:30","slug":"colored-10ml-essential-oil-roller-bottles-bulk","status":"publish","type":"product","link":"https:\/\/minghanggroup.com\/pt\/produto\/colored-10ml-essential-oil-roller-bottles-bulk\/","title":{"rendered":"Frascos roll-on de 10ml para \u00f3leos essenciais coloridos (a granel)"},"content":{"rendered":"<p>S\u00e3o frascos roll-on de 10ml para \u00f3leos essenciais, com formato cil\u00edndrico e elegante, dispon\u00edveis em diversas texturas e cores. Os frascos possuem tampa met\u00e1lica (prateada, dourada, azul, etc.) com uma esfera roll-on de metal ou vidro que permite uma aplica\u00e7\u00e3o suave.<\/p>\n<h2>Caracter\u00edsticas do produto<\/h2>\n<ul>\n<li><strong>Design cil\u00edndrico port\u00e1til:<\/strong> O design cil\u00edndrico \u00e9 feito de prata, sendo fino e alongado, o que facilita o armazenamento em uma carteira, bolso ou estojo de viagem.<\/li>\n<li><strong>Rollerball suave:<\/strong> A esfera do aplicador \u00e9 feita de metal ou vidro, oferece boa aplica\u00e7\u00e3o, controle e n\u00e3o borra.<\/li>\n<li><strong>Sele\u00e7\u00e3o variada de garrafas:<\/strong> A sele\u00e7\u00e3o de garrafas inclui vidros texturizados, brilhantes e multicoloridos, oferecendo a possibilidade de se adequarem de forma flex\u00edvel ao posicionamento dos produtos e \u00e0 sua imagem.<\/li>\n<\/ul>\n<h2 style=\"text-align: left;\">Especifica\u00e7\u00f5es principais<\/h2>\n<table class=\"aligncenter\" style=\"border-collapse: collapse; width: 482.27pt;\" border=\"0\" width=\"643\" cellspacing=\"0\" cellpadding=\"0\">\n<tbody>\n<tr style=\"height: 13.50pt;\">\n<td style=\"height: 13.50pt; width: 72.00pt;\" width=\"96\" height=\"18\">Especifica\u00e7\u00e3o<\/td>\n<td style=\"width: 410.25pt;\" width=\"547\">Detalhes<\/td>\n<\/tr>\n<tr style=\"height: 13.50pt;\">\n<td style=\"height: 13.50pt;\" height=\"18\">Capacidade<\/td>\n<td>10ml<\/td>\n<\/tr>\n<tr style=\"height: 13.50pt;\">\n<td style=\"height: 13.50pt;\" height=\"18\">Dimens\u00f5es<\/td>\n<td>18\u00d784mm (Di\u00e2metro \u00d7 Altura)<\/td>\n<\/tr>\n<tr style=\"height: 13.50pt;\">\n<td style=\"height: 13.50pt;\" height=\"18\">Material<\/td>\n<td>Vidro transparente\/colorido, caneta rollerball, tampa de metal<\/td>\n<\/tr>\n<tr style=\"height: 13.50pt;\">\n<td style=\"height: 13.50pt;\" height=\"18\">Formato de garrafa<\/td>\n<td>Caneta cil\u00edndrica fina com mecanismo rollerball<\/td>\n<\/tr>\n<tr style=\"height: 13.50pt;\">\n<td style=\"height: 13.50pt;\" height=\"18\">Escopo de personaliza\u00e7\u00e3o<\/td>\n<td>Cor, acabamento, material da caneta rollerball, tampas<\/td>\n<\/tr>\n<tr style=\"height: 13.50pt;\">\n<td style=\"height: 13.50pt;\" height=\"18\">Artesanato<\/td>\n<td>Moldagem de vidro de precis\u00e3o, texturiza\u00e7\u00e3o, montagem de mecanismo de rollerball<\/td>\n<\/tr>\n<tr style=\"height: 13.50pt;\">\n<td style=\"height: 13.50pt;\" height=\"18\">Finalidade do produto<\/td>\n<td>Frascos Roll-on para \u00d3leos Essenciais, Frascos para \u00d3leos Perfumados<\/td>\n<\/tr>\n<tr style=\"height: 13.50pt;\">\n<td style=\"height: 13.50pt;\" height=\"18\">Ind\u00fastrias adequadas<\/td>\n<td>Marcas de aromaterapia, marcas de cosm\u00e9ticos<\/td>\n<\/tr>\n<\/tbody>\n<\/table>\n<h2>Hist\u00f3ria de sucesso<\/h2>\n<p>Um dos nossos frascos roll-on de vidro transparente de 10 ml com padr\u00e3o de diamante e tampa prateada foi escolhido por uma empresa de bem-estar do Texas que precisava utiliz\u00e1-lo como recipiente para \u00f3leos essenciais. O frasco elegante se encaixa perfeitamente nos kits de viagem a\u00e9rea, o que resultou em um aumento de 40% nas vendas nesse formato. A concentra\u00e7\u00e3o de 10 ml est\u00e1 de acordo com as diretrizes da TSA e pode ser reutilizada mais de 30 vezes. O enorme sucesso da empresa resultou em um pedido de 3 milh\u00f5es de frascos e um contrato de fornecimento de dois anos com uma das maiores redes varejistas do pa\u00eds.<\/p>\n<h2>Personaliza\u00e7\u00e3o de frascos roll-on para \u00f3leos essenciais<\/h2>\n<ul>\n<li>Frasco de vidro com prote\u00e7\u00e3o UV: Este frasco fino est\u00e1 dispon\u00edvel em vidro \u00e2mbar s\u00f3lido ou azul cobalto e pode ser usado com misturas de \u00f3leos essenciais fotossens\u00edveis.<\/li>\n<li>Padr\u00f5es em relevo no vidro: Personalize a garrafa de vidro com desenhos em relevo, incluindo nomes de marcas, desenhos geom\u00e9tricos ou desenhos da natureza.<\/li>\n<li>Rollerball Duplo: Possui uma tampa com duas esferas em vez de uma \u00fanica, para permitir a aplica\u00e7\u00e3o em grandes \u00e1reas no menor tempo poss\u00edvel.<\/li>\n<\/ul>","protected":false},"excerpt":{"rendered":"<p>Frascos roll-on de 10ml para \u00f3leos essenciais com esferas de metal ou vidro e tampas coloridas. Frascos roll-on resistentes, ideais para viagens. Amostras gr\u00e1tis.<\/p>","protected":false},"featured_media":5921,"template":"","meta":{"postBodyCss":"","postBodyMargin":[],"postBodyPadding":[],"postBodyBackground":{"backgroundType":"classic","gradient":""}},"product_brand":[],"product_cat":[15,104,16],"product_tag":[],"class_list":{"0":"post-5918","1":"product","2":"type-product","3":"status-publish","4":"has-post-thumbnail","6":"product_cat-glass-containers","7":"product_cat-roller-ball-bottles","8":"product_cat-glass-bottles","10":"first","11":"instock","12":"shipping-taxable","13":"product-type-simple"},"jetpack_sharing_enabled":true,"_links":{"self":[{"href":"https:\/\/minghanggroup.com\/pt\/wp-json\/wp\/v2\/product\/5918","targetHints":{"allow":["GET"]}}],"collection":[{"href":"https:\/\/minghanggroup.com\/pt\/wp-json\/wp\/v2\/product"}],"about":[{"href":"https:\/\/minghanggroup.com\/pt\/wp-json\/wp\/v2\/types\/product"}],"wp:featuredmedia":[{"embeddable":true,"href":"https:\/\/minghanggroup.com\/pt\/wp-json\/wp\/v2\/media\/5921"}],"wp:attachment":[{"href":"https:\/\/minghanggroup.com\/pt\/wp-json\/wp\/v2\/media?parent=5918"}],"wp:term":[{"taxonomy":"product_brand","embeddable":true,"href":"https:\/\/minghanggroup.com\/pt\/wp-json\/wp\/v2\/product_brand?post=5918"},{"taxonomy":"product_cat","embeddable":true,"href":"https:\/\/minghanggroup.com\/pt\/wp-json\/wp\/v2\/product_cat?post=5918"},{"taxonomy":"product_tag","embeddable":true,"href":"https:\/\/minghanggroup.com\/pt\/wp-json\/wp\/v2\/product_tag?post=5918"}],"curies":[{"name":"wp","href":"https:\/\/api.w.org\/{rel}","templated":true}]}}