{"id":5913,"date":"2026-03-04T13:37:38","date_gmt":"2026-03-04T05:37:38","guid":{"rendered":"https:\/\/minghanggroup.com\/?post_type=product&#038;p=5913"},"modified":"2026-03-04T13:37:41","modified_gmt":"2026-03-04T05:37:41","slug":"mini-roll-on-perfume-bottles-wholesale","status":"publish","type":"product","link":"https:\/\/minghanggroup.com\/pt\/produto\/mini-roll-on-perfume-bottles-wholesale\/","title":{"rendered":"Frascos de perfume roll-on mini de 1ml a 5ml no atacado"},"content":{"rendered":"<p>Cansado de perfumes que vazam em frascos roll-on baratos? Nossos frascos roll-on de 5ml resolvem esse problema. Frascos de vidro transparente de alta qualidade, ideais para transporte sem vazamentos e preserva\u00e7\u00e3o de \u00f3leos essenciais. Tamanho do frasco? 5ml (perfeito para viagens). Roll-on? Mecanismo de rolo de vidro de precis\u00e3o.<\/p>\n<h2>Caracter\u00edsticas do produto<\/h2>\n<ul>\n<li><strong>Sele\u00e7\u00e3o de vidro \u00e2mbar e transparente:<\/strong> O vidro \u00e2mbar pode ajudar a bloquear a luz para f\u00f3rmulas sens\u00edveis, enquanto o vidro transparente oferece a vantagem de poder ver o conte\u00fado imediatamente.<\/li>\n<li><strong>Constru\u00e7\u00e3o com tampa de rosca \u00e0 prova de vazamentos:<\/strong> Um gargalo roscado garante uma veda\u00e7\u00e3o herm\u00e9tica, de modo que o vazamento ser\u00e1 bastante reduzido, mesmo durante o transporte.<\/li>\n<li><strong>Formato cil\u00edndrico compacto:<\/strong> O design fino e reto do aparelho \u00e9, portanto, muito pr\u00e1tico para viagens, pois voc\u00ea pode facilmente guard\u00e1-lo na sua bolsa ou at\u00e9 mesmo no bolso.<\/li>\n<\/ul>\n<h2>Especifica\u00e7\u00f5es principais<\/h2>\n<table style=\"border-collapse: collapse; width: 80%; margin-left: auto; margin-right: auto;\" border=\"0\" width=\"360\" cellspacing=\"0\" cellpadding=\"0\">\n<tbody>\n<tr style=\"height: 13.50pt;\">\n<td style=\"height: 13.5pt; width: 54pt; text-align: center;\" width=\"72\" height=\"18\">Capacidade (ml)<\/td>\n<td style=\"width: 54pt; text-align: center;\" width=\"72\">Dimens\u00f5es (mm)<\/td>\n<td style=\"width: 54pt; text-align: center;\" width=\"72\">Cor do vidro<\/td>\n<td style=\"width: 54pt; text-align: center;\" width=\"72\">Material do rolo<\/td>\n<td style=\"width: 54pt; text-align: center;\" width=\"72\">Aplicativo<\/td>\n<\/tr>\n<tr style=\"height: 13.50pt;\">\n<td style=\"height: 13.5pt; text-align: center;\" align=\"right\" height=\"18\">1<\/td>\n<td style=\"text-align: center;\">16 \u00d7 7<\/td>\n<td class=\"et2\" style=\"text-align: center;\" rowspan=\"4\">Transparente\/\u00c2mbar<\/td>\n<td class=\"et2\" style=\"text-align: center;\" rowspan=\"4\">Vidro\/A\u00e7o inoxid\u00e1vel\/Pl\u00e1stico<\/td>\n<td class=\"et2\" style=\"text-align: center;\" rowspan=\"4\">Cont\u00e9m s\u00e9runs, ess\u00eancias, \u00f3leos essenciais e perfumes.<\/td>\n<\/tr>\n<tr style=\"height: 13.50pt;\">\n<td style=\"height: 13.5pt; text-align: center;\" align=\"right\" height=\"18\">2<\/td>\n<td style=\"text-align: center;\">16 \u00d7 11<\/td>\n<\/tr>\n<tr style=\"height: 13.50pt;\">\n<td style=\"height: 13.5pt; text-align: center;\" align=\"right\" height=\"18\">3<\/td>\n<td style=\"text-align: center;\">16 \u00d7 20<\/td>\n<\/tr>\n<tr style=\"height: 13.50pt;\">\n<td style=\"height: 13.5pt; text-align: center;\" align=\"right\" height=\"18\">5<\/td>\n<td style=\"text-align: center;\">16 \u00d7 29<\/td>\n<\/tr>\n<\/tbody>\n<\/table>\n<h2>Caso de sucesso<\/h2>\n<p>Uma das marcas de perfumes que trabalha com misturas concentradas de \u00f3leos essenciais encomendou nossos frascos roll-on de vidro \u00e2mbar para armazenar suas amostras. Eles escolheram um roll-on de a\u00e7o inoxid\u00e1vel para uma aplica\u00e7\u00e3o mais suave e maior compatibilidade com f\u00f3rmulas \u00e0 base de \u00f3leo; a tampa preta fosca refor\u00e7a a personalidade da marca. Al\u00e9m disso, a marca possui impress\u00e3o serigr\u00e1fica no frasco de vidro, e o logotipo e as instru\u00e7\u00f5es de uso n\u00e3o est\u00e3o fixados no r\u00f3tulo devido ao risco de desprendimento.<\/p>\n<p>A substitui\u00e7\u00e3o dos frascos roll-on tradicionais por frascos personalizados resultou em uma redu\u00e7\u00e3o de 37% e 45% nas devolu\u00e7\u00f5es por vazamento e em um aumento nas recompras por parte dos distribuidores estrangeiros, respectivamente. Isso garantiu a continuidade do pedido em grande volume em v\u00e1rios ciclos de produ\u00e7\u00e3o.<\/p>\n<h2>Op\u00e7\u00f5es de personaliza\u00e7\u00e3o<\/h2>\n<ol>\n<li><strong>Sele\u00e7\u00e3o do material da esfera de rolo:<\/strong> Podemos fornecer esferas roll-on de a\u00e7o inoxid\u00e1vel, vidro ou pedras preciosas (como jade) que combinam bem com diferentes tipos de f\u00f3rmulas e est\u00e3o alinhadas com o posicionamento da marca.<\/li>\n<li><strong>Op\u00e7\u00f5es de revestimento colorido:<\/strong> Al\u00e9m de aplicar revestimentos em spray personalizados, como preto fosco, branco fosco ou cores Pantone espec\u00edficas da marca sobre vidro transparente ou \u00e2mbar, voc\u00ea tamb\u00e9m pode usar a criatividade com diferentes tipos de acabamento e texturas.<\/li>\n<li><strong>Varia\u00e7\u00f5es no acabamento da tampa:<\/strong> Ao alterar o acabamento das tampas para brilhante, fosco, dourado eletrodepositado, ouro rosa ou alum\u00ednio escovado, voc\u00ea poder\u00e1 conferir ao seu produto uma apar\u00eancia mais luxuosa.<\/li>\n<\/ol>","protected":false},"excerpt":{"rendered":"<p>Frascos roll-on premium em vidro \u00e2mbar e transparente. Frascos de 5ml com aplicador roll-on e esfera de a\u00e7o lisa. Fornecimento direto da f\u00e1brica, amostras gr\u00e1tis e op\u00e7\u00f5es de personaliza\u00e7\u00e3o em grandes quantidades.<\/p>","protected":false},"featured_media":5917,"template":"","meta":{"postBodyCss":"","postBodyMargin":[],"postBodyPadding":[],"postBodyBackground":{"backgroundType":"classic","gradient":""}},"product_brand":[],"product_cat":[16,104,15],"product_tag":[],"class_list":{"0":"post-5913","1":"product","2":"type-product","3":"status-publish","4":"has-post-thumbnail","6":"product_cat-glass-bottles","7":"product_cat-roller-ball-bottles","8":"product_cat-glass-containers","10":"first","11":"instock","12":"shipping-taxable","13":"product-type-simple"},"jetpack_sharing_enabled":true,"_links":{"self":[{"href":"https:\/\/minghanggroup.com\/pt\/wp-json\/wp\/v2\/product\/5913","targetHints":{"allow":["GET"]}}],"collection":[{"href":"https:\/\/minghanggroup.com\/pt\/wp-json\/wp\/v2\/product"}],"about":[{"href":"https:\/\/minghanggroup.com\/pt\/wp-json\/wp\/v2\/types\/product"}],"wp:featuredmedia":[{"embeddable":true,"href":"https:\/\/minghanggroup.com\/pt\/wp-json\/wp\/v2\/media\/5917"}],"wp:attachment":[{"href":"https:\/\/minghanggroup.com\/pt\/wp-json\/wp\/v2\/media?parent=5913"}],"wp:term":[{"taxonomy":"product_brand","embeddable":true,"href":"https:\/\/minghanggroup.com\/pt\/wp-json\/wp\/v2\/product_brand?post=5913"},{"taxonomy":"product_cat","embeddable":true,"href":"https:\/\/minghanggroup.com\/pt\/wp-json\/wp\/v2\/product_cat?post=5913"},{"taxonomy":"product_tag","embeddable":true,"href":"https:\/\/minghanggroup.com\/pt\/wp-json\/wp\/v2\/product_tag?post=5913"}],"curies":[{"name":"wp","href":"https:\/\/api.w.org\/{rel}","templated":true}]}}