{"id":5908,"date":"2026-03-03T15:57:50","date_gmt":"2026-03-03T07:57:50","guid":{"rendered":"https:\/\/minghanggroup.com\/?post_type=product&#038;p=5908"},"modified":"2026-03-03T15:57:52","modified_gmt":"2026-03-03T07:57:52","slug":"gold-oil-roller-bottles-for-packaging-wholesale","status":"publish","type":"product","link":"https:\/\/minghanggroup.com\/pt\/produto\/gold-oil-roller-bottles-for-packaging-wholesale\/","title":{"rendered":"Frascos roll-on de \u00f3leo dourado de 6ml a 12ml para embalagem no atacado"},"content":{"rendered":"<p>Nossos frascos roll-on para \u00f3leos essenciais apresentam detalhes luxuosos em dourado sobre vidro transparente \u2014 alta qualidade para envio \u00e0 prova de vazamentos e aplica\u00e7\u00e3o f\u00e1cil. Tamanho do frasco? De 6 ml (ideal para amostras de viagem de 30 ml) a 12 ml. Mecanismo roll-on de vidro de precis\u00e3o. Seu \u00f3leo essencial desliza suavemente.<\/p>\n<h2>Caracter\u00edsticas do produto<\/h2>\n<ul>\n<li><strong>Acabamento decorativo galvanizado:<\/strong> A moldura externa banhada a ouro agrega apelo visual e proporciona um alto n\u00edvel de sofistica\u00e7\u00e3o e luxo.<\/li>\n<li><strong>Pain\u00e9is de vidro texturizado:<\/strong> Desenhos decorativos com alto n\u00edvel de detalhe e textura ornamental s\u00e3o aplicados no corpo da garrafa.<\/li>\n<li><strong>Diversos estilos de bon\u00e9:<\/strong> Tampas com borlas, tampas ornamentais esculpidas ou tampas de rosca simples podem ser usadas para proporcionar uma variedade de apar\u00eancias.<\/li>\n<\/ul>\n<h2>Especifica\u00e7\u00f5es principais<\/h2>\n<table style=\"border-collapse: collapse; width: 80%; margin-left: auto; margin-right: auto;\" border=\"0\" width=\"360\" cellspacing=\"0\" cellpadding=\"0\">\n<tbody>\n<tr style=\"height: 13.50pt;\">\n<td style=\"height: 13.5pt; width: 54pt; text-align: center;\" width=\"72\" height=\"18\">Capacidade (ml)<\/td>\n<td style=\"width: 54pt; text-align: center;\" width=\"72\">Di\u00e2metro do pesco\u00e7o (cm)<\/td>\n<td style=\"width: 54pt; text-align: center;\" width=\"72\">Altura<\/td>\n<td style=\"width: 54pt; text-align: center;\" width=\"72\">Material do rolo<\/td>\n<td style=\"width: 54pt; text-align: center;\" width=\"72\">Terminar<\/td>\n<\/tr>\n<tr style=\"height: 13.50pt;\">\n<td style=\"height: 13.5pt; text-align: center;\" align=\"right\" height=\"18\">6<\/td>\n<td style=\"text-align: center;\" align=\"right\">2.35<\/td>\n<td class=\"et2\" style=\"text-align: center;\" rowspan=\"3\">Varia<\/td>\n<td class=\"et2\" style=\"text-align: center;\" rowspan=\"3\">Vidro\/A\u00e7o inoxid\u00e1vel\/Pl\u00e1stico<\/td>\n<td class=\"et2\" style=\"text-align: center;\" rowspan=\"3\">Detalhes em dourado<\/td>\n<\/tr>\n<tr style=\"height: 13.50pt;\">\n<td style=\"height: 13.5pt; text-align: center;\" align=\"right\" height=\"18\">10<\/td>\n<td style=\"text-align: center;\" align=\"right\">2.7<\/td>\n<\/tr>\n<tr style=\"height: 13.50pt;\">\n<td style=\"height: 13.5pt; text-align: center;\" align=\"right\" height=\"18\">12<\/td>\n<td style=\"text-align: center;\" align=\"right\">2.8<\/td>\n<\/tr>\n<\/tbody>\n<\/table>\n<h2>Caso de sucesso<\/h2>\n<p>Uma das marcas de perfumes precisava de uma embalagem que refletisse luxo e, por fim, optou pelo nosso frasco roll-on de 10ml. Escolheram um aplicador roll-on em a\u00e7o inoxid\u00e1vel para facilitar a aplica\u00e7\u00e3o do \u00f3leo perfumado e adicionaram detalhes em ouro para combinar com as cores da marca. Al\u00e9m disso, uma grava\u00e7\u00e3o personalizada com o nome da marca foi feita na tampa.<\/p>\n<p>O cliente tamb\u00e9m relatou que as vendas no varejo aumentaram 34% ap\u00f3s seis meses do lan\u00e7amento, em compara\u00e7\u00e3o com a embalagem antiga. Ap\u00f3s o pedido inicial de 15 mil garrafas, fizeram outros tr\u00eas pedidos em grande quantidade em menos de um ano, e o total de vendas aumentou em quase 60%.<\/p>\n<h2>Op\u00e7\u00f5es de personaliza\u00e7\u00e3o<\/h2>\n<ol>\n<li><strong>Materiais da bola de rolo:<\/strong> Selecione esferas de a\u00e7o inoxid\u00e1vel, vidro ou pl\u00e1stico para obter diferentes efeitos de aplica\u00e7\u00e3o.<\/li>\n<li><strong>Grava\u00e7\u00e3o personalizada em bon\u00e9s:<\/strong> Grava\u00e7\u00e3o a laser de marcas, desenhos ou edi\u00e7\u00f5es limitadas na superf\u00edcie da tampa.<\/li>\n<li><strong>Personaliza\u00e7\u00e3o de borlas:<\/strong> Escolha o comprimento, o material e a cor da borla de acordo com os motivos sazonais ou culturais.<\/li>\n<\/ol>","protected":false},"excerpt":{"rendered":"<p>Elegantes frascos roll-on para \u00f3leos essenciais com design em vidro dourado em relevo, ideais para aplica\u00e7\u00e3o de \u00f3leos essenciais. Fornecimento direto da f\u00e1brica com possibilidade de personaliza\u00e7\u00e3o em grandes quantidades.<\/p>","protected":false},"featured_media":5912,"template":"","meta":{"postBodyCss":"","postBodyMargin":[],"postBodyPadding":[],"postBodyBackground":{"backgroundType":"classic","gradient":""}},"product_brand":[],"product_cat":[15,104,16],"product_tag":[],"class_list":{"0":"post-5908","1":"product","2":"type-product","3":"status-publish","4":"has-post-thumbnail","6":"product_cat-glass-containers","7":"product_cat-roller-ball-bottles","8":"product_cat-glass-bottles","10":"first","11":"instock","12":"shipping-taxable","13":"product-type-simple"},"jetpack_sharing_enabled":true,"_links":{"self":[{"href":"https:\/\/minghanggroup.com\/pt\/wp-json\/wp\/v2\/product\/5908","targetHints":{"allow":["GET"]}}],"collection":[{"href":"https:\/\/minghanggroup.com\/pt\/wp-json\/wp\/v2\/product"}],"about":[{"href":"https:\/\/minghanggroup.com\/pt\/wp-json\/wp\/v2\/types\/product"}],"wp:featuredmedia":[{"embeddable":true,"href":"https:\/\/minghanggroup.com\/pt\/wp-json\/wp\/v2\/media\/5912"}],"wp:attachment":[{"href":"https:\/\/minghanggroup.com\/pt\/wp-json\/wp\/v2\/media?parent=5908"}],"wp:term":[{"taxonomy":"product_brand","embeddable":true,"href":"https:\/\/minghanggroup.com\/pt\/wp-json\/wp\/v2\/product_brand?post=5908"},{"taxonomy":"product_cat","embeddable":true,"href":"https:\/\/minghanggroup.com\/pt\/wp-json\/wp\/v2\/product_cat?post=5908"},{"taxonomy":"product_tag","embeddable":true,"href":"https:\/\/minghanggroup.com\/pt\/wp-json\/wp\/v2\/product_tag?post=5908"}],"curies":[{"name":"wp","href":"https:\/\/api.w.org\/{rel}","templated":true}]}}