{"id":5900,"date":"2026-03-03T13:20:35","date_gmt":"2026-03-03T05:20:35","guid":{"rendered":"https:\/\/minghanggroup.com\/?post_type=product&#038;p=5900"},"modified":"2026-03-03T14:16:22","modified_gmt":"2026-03-03T06:16:22","slug":"metallic-finish-glass-dropper-oil-bottle-wholesale","status":"publish","type":"product","link":"https:\/\/minghanggroup.com\/pt\/produto\/metallic-finish-glass-dropper-oil-bottle-wholesale\/","title":{"rendered":"Frasco de vidro com conta-gotas e acabamento met\u00e1lico, 5ml a 100ml, para venda por atacado."},"content":{"rendered":"<p>Este frasco conta-gotas para \u00f3leo possui um acabamento met\u00e1lico brilhante, dispon\u00edvel em dourado e prateado, em v\u00e1rios tamanhos e com diferentes tipos de tampas conta-gotas para garantir a dosagem precisa do \u00f3leo.<\/p>\n<h2>Caracter\u00edsticas do produto<\/h2>\n<ul>\n<li><strong>Brilho met\u00e1lico de alto impacto:<\/strong> O revestimento em ouro ou prata \u00e9 impec\u00e1vel e produz um impacto imediato de luxo.<\/li>\n<li><strong>Design cil\u00edndrico simples:<\/strong> Trata-se de um design cil\u00edndrico simples, por\u00e9m robusto, t\u00e3o forte e simples que proporciona uma experi\u00eancia de alta qualidade e grande estabilidade.<\/li>\n<li><strong>Op\u00e7\u00f5es m\u00faltiplas do bon\u00e9:<\/strong> Existe uma tampa de press\u00e3o ou de rosca, que \u00e9 pr\u00e1tica e segura.<\/li>\n<\/ul>\n<h2 style=\"text-align: left;\">Especifica\u00e7\u00f5es principais<\/h2>\n<table class=\"aligncenter\" style=\"border-collapse: collapse; width: 425.27pt;\" border=\"0\" width=\"567\" cellspacing=\"0\" cellpadding=\"0\">\n<tbody>\n<tr style=\"height: 13.50pt;\">\n<td style=\"height: 13.50pt; width: 123.00pt;\" width=\"164\" height=\"18\">Especifica\u00e7\u00e3o<\/td>\n<td style=\"width: 302.25pt;\" width=\"403\">Detalhes<\/td>\n<\/tr>\n<tr style=\"height: 13.50pt;\">\n<td style=\"height: 13.50pt;\" height=\"18\">Capacidade<\/td>\n<td>5 ml, 10 ml, 15 ml, 20 ml, 30 ml, 50 ml, 100 ml<\/td>\n<\/tr>\n<tr style=\"height: 13.50pt;\">\n<td style=\"height: 13.50pt;\" height=\"18\">Dimens\u00f5es<\/td>\n<td>2,2\u00d77,3cm a 4,4\u00d713,4cm (Di\u00e2metro \u00d7 Altura)<\/td>\n<\/tr>\n<tr style=\"height: 13.50pt;\">\n<td style=\"height: 13.50pt;\" height=\"18\">Material<\/td>\n<td>Vidro com acabamento eletrodepositado em ouro ou prata<\/td>\n<\/tr>\n<tr style=\"height: 13.50pt;\">\n<td style=\"height: 13.50pt;\" height=\"18\">Formato de garrafa<\/td>\n<td>Cilindro com conjunto de conta-gotas<\/td>\n<\/tr>\n<tr style=\"height: 13.50pt;\">\n<td style=\"height: 13.50pt;\" height=\"18\">Escopo de personaliza\u00e7\u00e3o<\/td>\n<td>Tamanho, cor, acabamento, tampas, tipo de conta-gotas<\/td>\n<\/tr>\n<tr style=\"height: 13.50pt;\">\n<td style=\"height: 13.50pt;\" height=\"18\">Artesanato<\/td>\n<td>Revestimento dur\u00e1vel de alto brilho; roscas precisas.<\/td>\n<\/tr>\n<tr style=\"height: 13.50pt;\">\n<td style=\"height: 13.50pt;\" height=\"18\">Finalidade do produto<\/td>\n<td>Frascos para \u00f3leos faciais, frascos conta-gotas de vidro para atacado<\/td>\n<\/tr>\n<tr style=\"height: 13.50pt;\">\n<td style=\"height: 13.50pt;\" height=\"18\">Ind\u00fastrias adequadas<\/td>\n<td>Cosm\u00e9ticos de luxo, marcas de cuidados com a pele<\/td>\n<\/tr>\n<\/tbody>\n<\/table>\n<h2>Caso de Sucesso: Cole\u00e7\u00e3o Met\u00e1lica de uma Marca de Cuidados com a Pele de Los Angeles<\/h2>\n<p>Uma das marcas de cuidados com a pele mais badaladas de Los Angeles encomendou um frasco de \u00f3leo de 30ml com conta-gotas dourado e tampa especial de press\u00e3o. O design inovador do frasco viralizou rapidamente nas redes sociais, gerando mais de 100 mil coment\u00e1rios. A embalagem de 30ml garante um produto suficiente para 60 dias de uso. Essa embalagem se tornou o padr\u00e3o para todos os seus s\u00e9runs, e a marca, muito satisfeita com o resultado, encomendou mais 1,8 milh\u00e3o de frascos.<\/p>\n<h2>Personaliza\u00e7\u00e3o de frascos conta-gotas de vidro para venda por atacado<\/h2>\n<ul>\n<li>Acabamentos met\u00e1licos: ouro rosa, cobre, cinza-chumbo, cromo preto ou hologr\u00e1fico.<\/li>\n<li>Acabamentos met\u00e1licos foscos e brilhantes: Acabamento espelhado fosco e brilhante. Dispon\u00edvel em acabamento escovado, normal e acetinado fosco espelhado.<\/li>\n<li>Bon\u00e9s personalizados com relevo: Bon\u00e9s de metal ou pl\u00e1stico com relevo, desenhados com padr\u00f5es em alto-relevo ou logotipos bordados.<\/li>\n<\/ul>","protected":false},"excerpt":{"rendered":"<p>Frasco conta-gotas de luxo com acabamento em ouro e prata eletrodepositados. Frascos conta-gotas de vidro para s\u00e9runs de luxo no atacado. Amostras gr\u00e1tis dispon\u00edveis. Envio r\u00e1pido.<\/p>","protected":false},"featured_media":5904,"template":"","meta":{"postBodyCss":"","postBodyMargin":[],"postBodyPadding":[],"postBodyBackground":{"backgroundType":"classic","gradient":""}},"product_brand":[],"product_cat":[15,87,16],"product_tag":[],"class_list":{"0":"post-5900","1":"product","2":"type-product","3":"status-publish","4":"has-post-thumbnail","6":"product_cat-glass-containers","7":"product_cat-dropper-bottles","8":"product_cat-glass-bottles","10":"first","11":"instock","12":"shipping-taxable","13":"product-type-simple"},"jetpack_sharing_enabled":true,"_links":{"self":[{"href":"https:\/\/minghanggroup.com\/pt\/wp-json\/wp\/v2\/product\/5900","targetHints":{"allow":["GET"]}}],"collection":[{"href":"https:\/\/minghanggroup.com\/pt\/wp-json\/wp\/v2\/product"}],"about":[{"href":"https:\/\/minghanggroup.com\/pt\/wp-json\/wp\/v2\/types\/product"}],"wp:featuredmedia":[{"embeddable":true,"href":"https:\/\/minghanggroup.com\/pt\/wp-json\/wp\/v2\/media\/5904"}],"wp:attachment":[{"href":"https:\/\/minghanggroup.com\/pt\/wp-json\/wp\/v2\/media?parent=5900"}],"wp:term":[{"taxonomy":"product_brand","embeddable":true,"href":"https:\/\/minghanggroup.com\/pt\/wp-json\/wp\/v2\/product_brand?post=5900"},{"taxonomy":"product_cat","embeddable":true,"href":"https:\/\/minghanggroup.com\/pt\/wp-json\/wp\/v2\/product_cat?post=5900"},{"taxonomy":"product_tag","embeddable":true,"href":"https:\/\/minghanggroup.com\/pt\/wp-json\/wp\/v2\/product_tag?post=5900"}],"curies":[{"name":"wp","href":"https:\/\/api.w.org\/{rel}","templated":true}]}}