{"id":5866,"date":"2026-03-02T15:28:45","date_gmt":"2026-03-02T07:28:45","guid":{"rendered":"https:\/\/minghanggroup.com\/?post_type=product&#038;p=5866"},"modified":"2026-03-03T09:14:31","modified_gmt":"2026-03-03T01:14:31","slug":"clear-glass-bottles-for-essential-oils-bulk","status":"publish","type":"product","link":"https:\/\/minghanggroup.com\/pt\/produto\/clear-glass-bottles-for-essential-oils-bulk\/","title":{"rendered":"Frascos de vidro transparente de 20 ml a 100 ml para \u00f3leos essenciais (a granel)"},"content":{"rendered":"<p>Cansado(a) de \u00f3leos essenciais desbotarem em recipientes transparentes? Nossos frascos de vidro para \u00f3leos essenciais resolvem esse problema. Os frascos de vidro com conta-gotas, dispon\u00edveis para pedidos em grande quantidade, possuem acabamento fosco \u2014 vidro de alta qualidade que bloqueia os raios UV e proporciona uma sensa\u00e7\u00e3o luxuosa ao toque. Tamanhos dispon\u00edveis? De 20 ml (perfeito para amostras de 30 ml) a 100 ml. Conta-gotas? Frascos de vidro de precis\u00e3o com conta-gotas.<\/p>\n<h2>Caracter\u00edsticas do produto<\/h2>\n<ul>\n<li><strong>Acabamentos multissuperf\u00edcies:<\/strong> Possui uma variedade de vidros de alta transpar\u00eancia e acabamentos em vidro fosco modernos, dispon\u00edveis em diversas marcas.<\/li>\n<li><strong>Op\u00e7\u00f5es de capacidade variadas:<\/strong> Oferece diversas op\u00e7\u00f5es de volume para se adequar a embalagens de viagem, varejo ou profissionais.<\/li>\n<li><strong>Design de rosca segura no pesco\u00e7o:<\/strong> A estrutura de veda\u00e7\u00e3o herm\u00e9tica evita vazamentos durante o armazenamento e o transporte.<\/li>\n<\/ul>\n<h2>Especifica\u00e7\u00f5es principais<\/h2>\n<p>&nbsp;<\/p>\n<table style=\"border-collapse: collapse; width: 80%; margin-left: auto; margin-right: auto;\" border=\"0\" width=\"288\" cellspacing=\"0\" cellpadding=\"0\">\n<tbody>\n<tr style=\"height: 13.50pt;\">\n<td style=\"height: 13.5pt; width: 54pt; text-align: center;\" width=\"72\" height=\"18\">Capacidade<\/td>\n<td style=\"width: 54pt; text-align: center;\" width=\"72\">Dimens\u00f5es (\u00d8 x A)<\/td>\n<td style=\"width: 54pt; text-align: center;\" width=\"72\">Terminar<\/td>\n<td style=\"width: 54pt; text-align: center;\" width=\"72\">Acess\u00f3rios<\/td>\n<\/tr>\n<tr style=\"height: 13.50pt;\">\n<td style=\"height: 13.5pt; text-align: center;\" align=\"right\" height=\"18\">20<\/td>\n<td style=\"text-align: center;\">3,7 \u00d7 7,8<\/td>\n<td class=\"et2\" style=\"text-align: center;\" rowspan=\"7\">Fosco\/Transparente<\/td>\n<td class=\"et2\" style=\"text-align: center;\" rowspan=\"7\">Conta-gotas de borracha + veda\u00e7\u00e3o interna<\/td>\n<\/tr>\n<tr style=\"height: 13.50pt;\">\n<td style=\"height: 13.5pt; text-align: center;\" align=\"right\" height=\"18\">30<\/td>\n<td style=\"text-align: center;\">3,7 \u00d7 9,1<\/td>\n<\/tr>\n<tr style=\"height: 13.50pt;\">\n<td style=\"height: 13.5pt; text-align: center;\" align=\"right\" height=\"18\">50<\/td>\n<td style=\"text-align: center;\">3,7 \u00d7 10,5<\/td>\n<\/tr>\n<tr style=\"height: 13.50pt;\">\n<td style=\"height: 13.5pt; text-align: center;\" align=\"right\" height=\"18\">60<\/td>\n<td style=\"text-align: center;\">3,7 \u00d7 13,2<\/td>\n<\/tr>\n<tr style=\"height: 13.50pt;\">\n<td style=\"height: 13.5pt; text-align: center;\" align=\"right\" height=\"18\">80<\/td>\n<td style=\"text-align: center;\">3,9 \u00d7 14,2<\/td>\n<\/tr>\n<tr style=\"height: 13.50pt;\">\n<td style=\"height: 13.5pt; text-align: center;\" align=\"right\" height=\"18\">100<\/td>\n<td style=\"text-align: center;\">4,1 \u00d7 15,5<\/td>\n<\/tr>\n<\/tbody>\n<\/table>\n<h2>Caso de sucesso<\/h2>\n<p>Uma marca de cuidados com a pele (com sede nos EUA), prestes a lan\u00e7ar um novo s\u00e9rum de vitamina C, optou pelo nosso frasco conta-gotas de vidro de 60 ml por estar dispon\u00edvel em vers\u00f5es transparente e fosca. O cliente escolheu um frasco fosco de 30 ml para a linha principal de s\u00e9runs e um frasco transparente de 15 ml para viagens. Criamos um gargalo em alum\u00ednio dourado fosco para combinar com a paleta de cores da marca. Al\u00e9m disso, utilizamos serigrafia branca com superf\u00edcie resistente a riscos para garantir a visibilidade do logotipo da marca durante o transporte e a venda no varejo.<\/p>\n<p>As vendas online aumentaram 29% tr\u00eas meses ap\u00f3s o lan\u00e7amento do produto, e a marca adotou essa embalagem como padr\u00e3o para seu s\u00e9rum.<\/p>\n<h2>Op\u00e7\u00f5es de personaliza\u00e7\u00e3o<\/h2>\n<ol>\n<li><strong>Melhoria do acabamento da gola met\u00e1lica:<\/strong> Selecione um acabamento met\u00e1lico mais elegante, como escovado, fosco, brilhante ou anodizado.<\/li>\n<li><strong>Marca\u00e7\u00f5es de medidas impressas:<\/strong> Ao utilizar formula\u00e7\u00f5es de uso profissional, adicione pequenas marca\u00e7\u00f5es de volume na pipeta.<\/li>\n<li><strong>Adi\u00e7\u00e3o do plugue interno:<\/strong> Adicione um redutor ou um tamp\u00e3o na parte interna para regular a vaz\u00e3o de l\u00edquidos mais finos.<\/li>\n<\/ol>","protected":false},"excerpt":{"rendered":"<p>Frascos de vidro resistentes para \u00f3leos essenciais com conta-gotas de precis\u00e3o, dispon\u00edveis em grandes quantidades. Fornecimento direto da f\u00e1brica com op\u00e7\u00e3o de personaliza\u00e7\u00e3o em grandes volumes.<\/p>","protected":false},"featured_media":5879,"template":"","meta":{"postBodyCss":"","postBodyMargin":[],"postBodyPadding":[],"postBodyBackground":{"backgroundType":"classic","gradient":""}},"product_brand":[],"product_cat":[15,87,16],"product_tag":[],"class_list":{"0":"post-5866","1":"product","2":"type-product","3":"status-publish","4":"has-post-thumbnail","6":"product_cat-glass-containers","7":"product_cat-dropper-bottles","8":"product_cat-glass-bottles","10":"first","11":"instock","12":"shipping-taxable","13":"product-type-simple"},"jetpack_sharing_enabled":true,"_links":{"self":[{"href":"https:\/\/minghanggroup.com\/pt\/wp-json\/wp\/v2\/product\/5866","targetHints":{"allow":["GET"]}}],"collection":[{"href":"https:\/\/minghanggroup.com\/pt\/wp-json\/wp\/v2\/product"}],"about":[{"href":"https:\/\/minghanggroup.com\/pt\/wp-json\/wp\/v2\/types\/product"}],"wp:featuredmedia":[{"embeddable":true,"href":"https:\/\/minghanggroup.com\/pt\/wp-json\/wp\/v2\/media\/5879"}],"wp:attachment":[{"href":"https:\/\/minghanggroup.com\/pt\/wp-json\/wp\/v2\/media?parent=5866"}],"wp:term":[{"taxonomy":"product_brand","embeddable":true,"href":"https:\/\/minghanggroup.com\/pt\/wp-json\/wp\/v2\/product_brand?post=5866"},{"taxonomy":"product_cat","embeddable":true,"href":"https:\/\/minghanggroup.com\/pt\/wp-json\/wp\/v2\/product_cat?post=5866"},{"taxonomy":"product_tag","embeddable":true,"href":"https:\/\/minghanggroup.com\/pt\/wp-json\/wp\/v2\/product_tag?post=5866"}],"curies":[{"name":"wp","href":"https:\/\/api.w.org\/{rel}","templated":true}]}}