{"id":5825,"date":"2026-03-02T14:06:07","date_gmt":"2026-03-02T06:06:07","guid":{"rendered":"https:\/\/minghanggroup.com\/?post_type=product&#038;p=5825"},"modified":"2026-03-02T16:55:41","modified_gmt":"2026-03-02T08:55:41","slug":"amber-frosted-essential-oil-glass-bottles-wholesale","status":"publish","type":"product","link":"https:\/\/minghanggroup.com\/pt\/produto\/amber-frosted-essential-oil-glass-bottles-wholesale\/","title":{"rendered":"Frascos de vidro \u00e2mbar fosco para \u00f3leos essenciais, de 20ml a 50ml, para venda por atacado."},"content":{"rendered":"<p>Cansado de ver seus \u00f3leos essenciais desbotarem em frascos transparentes? Nossos frascos conta-gotas de vidro \u00e2mbar fosco resolvem esse problema. Frascos de vidro para \u00f3leos essenciais com prote\u00e7\u00e3o UV e um acabamento \u00e2mbar suave \u2014 alta qualidade para envio \u00e0 prova de vazamentos e preserva\u00e7\u00e3o dos \u00f3leos essenciais. Embalagens que valorizam sua marca, n\u00e3o apenas armazenam seu l\u00edquido. Tamanhos dispon\u00edveis? De 20 ml (perfeito para amostras de 30 ml) a 50 ml. Conta-gotas? Frascos de vidro de precis\u00e3o com conta-gotas. Seus \u00f3leos essenciais permanecem vibrantes.<\/p>\n<h2>Caracter\u00edsticas do produto<\/h2>\n<ul>\n<li><strong>Prote\u00e7\u00e3o \u00e2mbar com bloqueio UV:<\/strong> O vidro \u00e2mbar filtra os raios UV, o que \u00e9 crucial para a estabilidade dos \u00f3leos essenciais. Sem desbotamento, sem degrada\u00e7\u00e3o.<\/li>\n<li><strong>Conta-gotas de borracha de precis\u00e3o:<\/strong> Frasco conta-gotas de vidro com ponta de borracha = dosagem precisa. Sem desperd\u00edcio de tintura.<\/li>\n<li><strong>Toler\u00e2ncia de tamanho:<\/strong> Frascos roll-on de 20ml, fornecimento a granel de 50ml. A gama de tamanhos atende a todas as necessidades de \u00f3leo.<\/li>\n<\/ul>\n<h2>Especifica\u00e7\u00f5es principais<\/h2>\n<table style=\"border-collapse: collapse; width: 80%; margin-left: auto; margin-right: auto;\" border=\"0\" width=\"288\" cellspacing=\"0\" cellpadding=\"0\">\n<tbody>\n<tr style=\"height: 13.50pt;\">\n<td style=\"height: 13.5pt; width: 54pt; text-align: center;\" width=\"72\" height=\"18\">Capacidade (ml)<\/td>\n<td style=\"width: 54pt; text-align: center;\" width=\"72\">Dimens\u00f5es (cm)<\/td>\n<td style=\"width: 54pt; text-align: center;\" width=\"72\">Terminar<\/td>\n<td style=\"width: 54pt; text-align: center;\" width=\"72\">Acess\u00f3rios<\/td>\n<\/tr>\n<tr style=\"height: 13.50pt;\">\n<td style=\"height: 13.5pt; text-align: center;\" align=\"right\" height=\"18\">20<\/td>\n<td style=\"text-align: center;\">4,0 \u00d7 8,8<\/td>\n<td class=\"et2\" style=\"text-align: center;\" rowspan=\"3\">\u00c2mbar Fosco<\/td>\n<td class=\"et2\" style=\"text-align: center;\" rowspan=\"3\">Conta-gotas de borracha + veda\u00e7\u00e3o interna<\/td>\n<\/tr>\n<tr style=\"height: 13.50pt;\">\n<td style=\"height: 13.5pt; text-align: center;\" align=\"right\" height=\"18\">30<\/td>\n<td style=\"text-align: center;\">4,0 \u00d7 10,5<\/td>\n<\/tr>\n<tr style=\"height: 13.50pt;\">\n<td style=\"height: 13.5pt; text-align: center;\" align=\"right\" height=\"18\">50<\/td>\n<td style=\"text-align: center;\">4,0 \u00d7 13,5<\/td>\n<\/tr>\n<\/tbody>\n<\/table>\n<h2>Caso de sucesso<\/h2>\n<p>Nosso frasco conta-gotas de vidro fosco de 30 ml foi escolhido por uma marca de cosm\u00e9ticos. Eles utilizaram o processo de serigrafia branca e verniz fosco protetor para refor\u00e7ar a imagem da marca e maximizar a curvatura do ombro do frasco, de forma a acomodar o tamanho e as dimens\u00f5es do r\u00f3tulo. A marca tamb\u00e9m optou por um conta-gotas com formato diferenciado de l\u00e2mpada, que se destaca nas prateleiras.<\/p>\n<p>As vendas no varejo da marca cresceram 36 meses ap\u00f3s o lan\u00e7amento da nova embalagem. O cliente fez seis grandes encomendas no primeiro ano de opera\u00e7\u00e3o, devido \u00e0 excelente aceita\u00e7\u00e3o do produto no mercado.<\/p>\n<h2>Personaliza\u00e7\u00e3o de frascos conta-gotas de vidro por atacado<\/h2>\n<ol>\n<li><strong>Op\u00e7\u00f5es de cores para a gola com revestimento eletrol\u00edtico:<\/strong> Disponibilizamos acabamentos em ouro, ouro fosco, prata, preto ou ouro rosa para atender a diferentes posicionamentos de marca.<\/li>\n<li><strong>Varia\u00e7\u00e3o de textura fosca:<\/strong> Selecione entre acabamento fosco fino, fosco intenso ou fosco parcial (design de janela transparente) para adicionar \u00e0 camada visual.<\/li>\n<li><strong>M\u00e9todos de aplica\u00e7\u00e3o do logotipo:<\/strong> Promova a serigrafia, a estampagem a quente, a impress\u00e3o UV ou a grava\u00e7\u00e3o a laser para impulsionar as marcas.<\/li>\n<\/ol>","protected":false},"excerpt":{"rendered":"<p>Os frascos de vidro para \u00f3leos essenciais possuem uma base espessa exclusiva com acabamento antiderrapante, adequados para diversas ocasi\u00f5es. Envio direto da f\u00e1brica, entrega r\u00e1pida.<\/p>","protected":false},"featured_media":5865,"template":"","meta":{"postBodyCss":"","postBodyMargin":[],"postBodyPadding":[],"postBodyBackground":{"backgroundType":"classic","gradient":""}},"product_brand":[],"product_cat":[15,87,16],"product_tag":[],"class_list":{"0":"post-5825","1":"product","2":"type-product","3":"status-publish","4":"has-post-thumbnail","6":"product_cat-glass-containers","7":"product_cat-dropper-bottles","8":"product_cat-glass-bottles","10":"first","11":"instock","12":"shipping-taxable","13":"product-type-simple"},"jetpack_sharing_enabled":true,"_links":{"self":[{"href":"https:\/\/minghanggroup.com\/pt\/wp-json\/wp\/v2\/product\/5825","targetHints":{"allow":["GET"]}}],"collection":[{"href":"https:\/\/minghanggroup.com\/pt\/wp-json\/wp\/v2\/product"}],"about":[{"href":"https:\/\/minghanggroup.com\/pt\/wp-json\/wp\/v2\/types\/product"}],"wp:featuredmedia":[{"embeddable":true,"href":"https:\/\/minghanggroup.com\/pt\/wp-json\/wp\/v2\/media\/5865"}],"wp:attachment":[{"href":"https:\/\/minghanggroup.com\/pt\/wp-json\/wp\/v2\/media?parent=5825"}],"wp:term":[{"taxonomy":"product_brand","embeddable":true,"href":"https:\/\/minghanggroup.com\/pt\/wp-json\/wp\/v2\/product_brand?post=5825"},{"taxonomy":"product_cat","embeddable":true,"href":"https:\/\/minghanggroup.com\/pt\/wp-json\/wp\/v2\/product_cat?post=5825"},{"taxonomy":"product_tag","embeddable":true,"href":"https:\/\/minghanggroup.com\/pt\/wp-json\/wp\/v2\/product_tag?post=5825"}],"curies":[{"name":"wp","href":"https:\/\/api.w.org\/{rel}","templated":true}]}}