{"id":5823,"date":"2026-03-02T11:56:50","date_gmt":"2026-03-02T03:56:50","guid":{"rendered":"https:\/\/minghanggroup.com\/?post_type=product&#038;p=5823"},"modified":"2026-03-02T13:52:30","modified_gmt":"2026-03-02T05:52:30","slug":"gold-gourd-essential-oil-bottles-and-droppers-bulk","status":"publish","type":"product","link":"https:\/\/minghanggroup.com\/pt\/produto\/gold-gourd-essential-oil-bottles-and-droppers-bulk\/","title":{"rendered":"Frascos e conta-gotas para \u00f3leo essencial de caba\u00e7a dourada, de 10 ml a 100 ml (em grandes quantidades)"},"content":{"rendered":"<p>Os frascos e conta-gotas desses \u00f3leos essenciais possuem um design exclusivo em forma de caba\u00e7a dupla, feitos de vidro brilhante banhado a ouro, com uma tampa conta-gotas correspondente tamb\u00e9m em ouro e uma ponta de silicone branca e macia para dispensar as gotas com precis\u00e3o.<\/p>\n<h2>Caracter\u00edsticas do produto<\/h2>\n<ul>\n<li><strong>Formato da caba\u00e7a:<\/strong> A boa sorte, a sa\u00fade e a harmonia s\u00e3o simbolizadas pela auspiciosa forma de caba\u00e7a dupla.<\/li>\n<li><strong>Revestimento em ouro deslumbrante:<\/strong> O revestimento dourado brilhante dar\u00e1 instantaneamente um toque sofisticado e elegante.<\/li>\n<li><strong>Conta-gotas correspondente:<\/strong> A tampa conta-gotas dourada inclu\u00edda, cujo formato esf\u00e9rico branco foi cuidadosamente projetado, garante um encaixe est\u00e9tico ideal entre a tampa e o frasco.<\/li>\n<\/ul>\n<h2 style=\"text-align: left;\">Especifica\u00e7\u00f5es principais<\/h2>\n<table class=\"aligncenter\" style=\"border-collapse: collapse; width: 447.77pt;\" border=\"0\" width=\"597\" cellspacing=\"0\" cellpadding=\"0\">\n<tbody>\n<tr style=\"height: 13.50pt;\">\n<td style=\"height: 13.50pt; width: 115.50pt;\" width=\"154\" height=\"18\">Especifica\u00e7\u00e3o<\/td>\n<td style=\"width: 332.25pt;\" width=\"443\">Detalhes<\/td>\n<\/tr>\n<tr style=\"height: 13.50pt;\">\n<td style=\"height: 13.50pt;\" height=\"18\">Capacidade<\/td>\n<td>10 ml, 20 ml, 30 ml, 50 ml, 100 ml<\/td>\n<\/tr>\n<tr style=\"height: 13.50pt;\">\n<td style=\"height: 13.50pt;\" height=\"18\">Dimens\u00f5es<\/td>\n<td>3\u00d75,3cm a 5,6\u00d712,5cm (Di\u00e2metro \u00d7 Altura)<\/td>\n<\/tr>\n<tr style=\"height: 13.50pt;\">\n<td style=\"height: 13.50pt;\" height=\"18\">Material<\/td>\n<td>Vidro com revestimento espelhado em ouro<\/td>\n<\/tr>\n<tr style=\"height: 13.50pt;\">\n<td style=\"height: 13.50pt;\" height=\"18\">Formato de garrafa<\/td>\n<td>Formato tradicional de caba\u00e7a de dupla esfera<\/td>\n<\/tr>\n<tr style=\"height: 13.50pt;\">\n<td style=\"height: 13.50pt;\" height=\"18\">Escopo de personaliza\u00e7\u00e3o<\/td>\n<td>Acabamento cromado, aplica\u00e7\u00e3o de pedras preciosas, acabamento, tampas<\/td>\n<\/tr>\n<tr style=\"height: 13.50pt;\">\n<td style=\"height: 13.50pt;\" height=\"18\">Artesanato<\/td>\n<td>T\u00e9cnica complexa de sopro de vidro para formato de caba\u00e7a.<\/td>\n<\/tr>\n<tr style=\"height: 13.50pt;\">\n<td style=\"height: 13.50pt;\" height=\"18\">Finalidade do produto<\/td>\n<td>Frascos de vidro com conta-gotas, frascos para \u00f3leos essenciais e conta-gotas.<\/td>\n<\/tr>\n<tr style=\"height: 13.50pt;\">\n<td style=\"height: 13.50pt;\" height=\"18\">Ind\u00fastrias adequadas<\/td>\n<td>Marcas de aromaterapia de luxo, fornecedores de presentes de bem-estar<\/td>\n<\/tr>\n<\/tbody>\n<\/table>\n<h2>Caso de Sucesso: Cole\u00e7\u00e3o Exclusiva de uma Marca de Fragr\u00e2ncias de Luxo do Oriente M\u00e9dio<\/h2>\n<p>Uma das marcas de fragr\u00e2ncias mais conhecidas do Oriente M\u00e9dio escolheu nosso frasco de \u00f3leo dourado de 30ml sem conta-gotas, com um cristal Swarovski na base do gargalo. A tradi\u00e7\u00e3o cultural da marca, que valorizava o formato de caba\u00e7a, impulsionou as vendas do produto em 70% no mercado local. O revestimento em ouro ajuda a evitar a oxida\u00e7\u00e3o e a descolora\u00e7\u00e3o dos \u00f3leos essenciais, mantendo-os brilhantes por mais de cinco anos. O sucesso foi estrondoso e o pr\u00f3ximo pedido da marca foi de 750.000 frascos, formando um pacote exclusivo com todos os seus \u00f3leos essenciais de luxo.<\/p>\n<h2>Personaliza\u00e7\u00e3o de frascos e conta-gotas para \u00f3leos essenciais<\/h2>\n<ul>\n<li>Outros revestimentos: Dispon\u00edvel no formato de caba\u00e7a em ouro rosa, ouro antigo, prata ou cromo preto.<\/li>\n<li>Tamanho e Propor\u00e7\u00e3o: Modificando as porcentagens das duas esferas, a forma da caba\u00e7a ser\u00e1 interpretada de uma maneira mais moderna ou tradicional.<\/li>\n<li>Ornamento: Adicione vidro fundido em forma de folhas ao pesco\u00e7o ou fixe uma pequena ponta de alguma pedra semipreciosa na cintura.<\/li>\n<\/ul>","protected":false},"excerpt":{"rendered":"<p>Frascos elegantes para \u00f3leos essenciais com conta-gotas em design de caba\u00e7a dourada. Frascos dur\u00e1veis \u200b\u200bcom conta-gotas em diversos tamanhos. Envio r\u00e1pido para compras em grande quantidade. Em estoque.<\/p>","protected":false},"featured_media":5824,"template":"","meta":{"postBodyCss":"","postBodyMargin":[],"postBodyPadding":[],"postBodyBackground":{"backgroundType":"classic","gradient":""}},"product_brand":[],"product_cat":[15,87,16],"product_tag":[],"class_list":{"0":"post-5823","1":"product","2":"type-product","3":"status-publish","4":"has-post-thumbnail","6":"product_cat-glass-containers","7":"product_cat-dropper-bottles","8":"product_cat-glass-bottles","10":"first","11":"instock","12":"shipping-taxable","13":"product-type-simple"},"jetpack_sharing_enabled":true,"_links":{"self":[{"href":"https:\/\/minghanggroup.com\/pt\/wp-json\/wp\/v2\/product\/5823","targetHints":{"allow":["GET"]}}],"collection":[{"href":"https:\/\/minghanggroup.com\/pt\/wp-json\/wp\/v2\/product"}],"about":[{"href":"https:\/\/minghanggroup.com\/pt\/wp-json\/wp\/v2\/types\/product"}],"wp:featuredmedia":[{"embeddable":true,"href":"https:\/\/minghanggroup.com\/pt\/wp-json\/wp\/v2\/media\/5824"}],"wp:attachment":[{"href":"https:\/\/minghanggroup.com\/pt\/wp-json\/wp\/v2\/media?parent=5823"}],"wp:term":[{"taxonomy":"product_brand","embeddable":true,"href":"https:\/\/minghanggroup.com\/pt\/wp-json\/wp\/v2\/product_brand?post=5823"},{"taxonomy":"product_cat","embeddable":true,"href":"https:\/\/minghanggroup.com\/pt\/wp-json\/wp\/v2\/product_cat?post=5823"},{"taxonomy":"product_tag","embeddable":true,"href":"https:\/\/minghanggroup.com\/pt\/wp-json\/wp\/v2\/product_tag?post=5823"}],"curies":[{"name":"wp","href":"https:\/\/api.w.org\/{rel}","templated":true}]}}