{"id":5818,"date":"2026-03-02T08:48:32","date_gmt":"2026-03-02T00:48:32","guid":{"rendered":"https:\/\/minghanggroup.com\/?post_type=product&#038;p=5818"},"modified":"2026-03-03T13:29:25","modified_gmt":"2026-03-03T05:29:25","slug":"frosted-white-glass-dropper-bottles-wholesale","status":"publish","type":"product","link":"https:\/\/minghanggroup.com\/pt\/produto\/frosted-white-glass-dropper-bottles-wholesale\/","title":{"rendered":"Frascos conta-gotas de vidro branco fosco de 5 ml a 100 ml para venda por atacado"},"content":{"rendered":"<p>Esses frascos conta-gotas de vidro possuem uma superf\u00edcie lisa e fosca branca, al\u00e9m de um formato redondo e minimalista. Dispon\u00edveis em diversos tamanhos, contam com tampas conta-gotas de metal brilhante em prata ou ouro rosa, que se integram perfeitamente \u00e0s embalagens de produtos de sa\u00fade e cuidados com a pele de alta qualidade.<\/p>\n<h2>Caracter\u00edsticas do produto<\/h2>\n<ul>\n<li><strong>Textura fosca:<\/strong> A superf\u00edcie de vidro branco fosco \u00e9 suave ao toque e tem um aspecto sofisticado, n\u00e3o sendo poss\u00edvel marcar com impress\u00f5es digitais.<\/li>\n<li><strong>Sistema de gotejamento de precis\u00e3o:<\/strong> O conta-gotas com ponta de silicone integrada \u00e9 um conta-gotas de vidro que permite dispersar o produto com precis\u00e3o.<\/li>\n<li><strong>Seis tamanhos:<\/strong> Sete op\u00e7\u00f5es de tamanho, variando de 5ml a 100ml, para atender a amostras, tamanhos de viagem e o produto em tamanho normal.<\/li>\n<\/ul>\n<h2 style=\"text-align: left;\">Especifica\u00e7\u00f5es principais<\/h2>\n<table class=\"aligncenter\" style=\"border-collapse: collapse; width: 447.77pt;\" border=\"0\" width=\"597\" cellspacing=\"0\" cellpadding=\"0\">\n<tbody>\n<tr style=\"height: 13.50pt;\">\n<td style=\"height: 13.50pt; width: 115.50pt;\" width=\"154\" height=\"18\">Especifica\u00e7\u00e3o<\/td>\n<td style=\"width: 332.25pt;\" width=\"443\">Detalhes<\/td>\n<\/tr>\n<tr style=\"height: 13.50pt;\">\n<td style=\"height: 13.50pt;\" height=\"18\">Capacidade<\/td>\n<td>5 ml, 10 ml, 15 ml, 20 ml, 30 ml, 50 ml, 100 ml<\/td>\n<\/tr>\n<tr style=\"height: 13.50pt;\">\n<td style=\"height: 13.50pt;\" height=\"18\">Dimens\u00f5es<\/td>\n<td>2,2\u00d77,3cm a 4,5\u00d713,5cm (Di\u00e2metro \u00d7 Altura)<\/td>\n<\/tr>\n<tr style=\"height: 13.50pt;\">\n<td style=\"height: 13.50pt;\" height=\"18\">Material<\/td>\n<td>Vidro branco fosco, conta-gotas de vidro<\/td>\n<\/tr>\n<tr style=\"height: 13.50pt;\">\n<td style=\"height: 13.50pt;\" height=\"18\">Formato de garrafa<\/td>\n<td>Cilindro curto com conjunto de gotejador<\/td>\n<\/tr>\n<tr style=\"height: 13.50pt;\">\n<td style=\"height: 13.50pt;\" height=\"18\">Escopo de personaliza\u00e7\u00e3o<\/td>\n<td>Tamanho, Cor, Acabamento, Ponta Conta-gotas<\/td>\n<\/tr>\n<tr style=\"height: 13.50pt;\">\n<td style=\"height: 13.50pt;\" height=\"18\">Artesanato<\/td>\n<td>Moldagem de vidro de precis\u00e3o com tratamento de superf\u00edcie fosca<\/td>\n<\/tr>\n<tr style=\"height: 13.50pt;\">\n<td style=\"height: 13.50pt;\" height=\"18\">Finalidade do produto<\/td>\n<td>Frascos de luxo para s\u00e9runs, frascos de vidro com conta-gotas.<\/td>\n<\/tr>\n<tr style=\"height: 13.50pt;\">\n<td style=\"height: 13.50pt;\" height=\"18\">Ind\u00fastrias adequadas<\/td>\n<td>Marcas de luxo para cuidados com a pele, empresas de aromaterapia<\/td>\n<\/tr>\n<\/tbody>\n<\/table>\n<h2>Hist\u00f3ria de sucesso<\/h2>\n<p>Nosso frasco de vidro branco fosco de 30 ml com conta-gotas de vidro, tampa em tom ros\u00e9 e serigrafia minimalista com letras foi personalizado por uma empresa n\u00f3rdica de cuidados com a pele com foco no minimalismo. O fato da textura fosca ser uma caracter\u00edstica marcante do design foi mencionado mais de 50.000 vezes nas redes sociais. O conta-gotas de vidro garante que o produto n\u00e3o entre em contato com as f\u00f3rmulas sens\u00edveis. A capacidade de 30 ml \u00e9 suficiente para 60 dias. A marca obteve grande sucesso e, posteriormente, encomendou mais 2,5 milh\u00f5es de frascos para atender \u00e0 demanda de sua expans\u00e3o global nos mercados asi\u00e1tico e norte-americano.<\/p>\n<h2>Personaliza\u00e7\u00e3o de frascos conta-gotas de vidro<\/h2>\n<ul>\n<li><strong>Acabamentos da tampa met\u00e1lica:<\/strong> As tampas met\u00e1licas est\u00e3o dispon\u00edveis em qualquer um dos seguintes acabamentos: dourado escovado, preto fosco, cromado polido ou PVD personalizado.<\/li>\n<li><strong>Acabamentos foscos com imers\u00e3o em cor:<\/strong> Outras cores pastel suaves (rosa blush e verde s\u00e1lvia) tamb\u00e9m possuem acabamento fosco, al\u00e9m do branco tradicional.<\/li>\n<li><strong>Conta-gotas de vidro graduado:<\/strong> Esta vers\u00e3o inclui gradua\u00e7\u00f5es gravadas permanentemente nos conta-gotas de vidro para facilitar a realiza\u00e7\u00e3o de testes cient\u00edficos ou a confec\u00e7\u00e3o de ferramentas de bricolagem de alta precis\u00e3o.<\/li>\n<\/ul>","protected":false},"excerpt":{"rendered":"<p>Frasco de vidro premium com conta-gotas, em branco fosco. Diversos tamanhos de frascos com conta-gotas para s\u00e9runs e \u00f3leos. Amostras gr\u00e1tis dispon\u00edveis.<\/p>","protected":false},"featured_media":5820,"template":"","meta":{"postBodyCss":"","postBodyMargin":[],"postBodyPadding":[],"postBodyBackground":{"backgroundType":"classic","gradient":""}},"product_brand":[],"product_cat":[15,87,16],"product_tag":[],"class_list":{"0":"post-5818","1":"product","2":"type-product","3":"status-publish","4":"has-post-thumbnail","6":"product_cat-glass-containers","7":"product_cat-dropper-bottles","8":"product_cat-glass-bottles","10":"first","11":"instock","12":"shipping-taxable","13":"product-type-simple"},"jetpack_sharing_enabled":true,"_links":{"self":[{"href":"https:\/\/minghanggroup.com\/pt\/wp-json\/wp\/v2\/product\/5818","targetHints":{"allow":["GET"]}}],"collection":[{"href":"https:\/\/minghanggroup.com\/pt\/wp-json\/wp\/v2\/product"}],"about":[{"href":"https:\/\/minghanggroup.com\/pt\/wp-json\/wp\/v2\/types\/product"}],"wp:featuredmedia":[{"embeddable":true,"href":"https:\/\/minghanggroup.com\/pt\/wp-json\/wp\/v2\/media\/5820"}],"wp:attachment":[{"href":"https:\/\/minghanggroup.com\/pt\/wp-json\/wp\/v2\/media?parent=5818"}],"wp:term":[{"taxonomy":"product_brand","embeddable":true,"href":"https:\/\/minghanggroup.com\/pt\/wp-json\/wp\/v2\/product_brand?post=5818"},{"taxonomy":"product_cat","embeddable":true,"href":"https:\/\/minghanggroup.com\/pt\/wp-json\/wp\/v2\/product_cat?post=5818"},{"taxonomy":"product_tag","embeddable":true,"href":"https:\/\/minghanggroup.com\/pt\/wp-json\/wp\/v2\/product_tag?post=5818"}],"curies":[{"name":"wp","href":"https:\/\/api.w.org\/{rel}","templated":true}]}}