{"id":5808,"date":"2026-02-28T14:37:41","date_gmt":"2026-02-28T06:37:41","guid":{"rendered":"https:\/\/minghanggroup.com\/?post_type=product&#038;p=5808"},"modified":"2026-02-28T15:09:50","modified_gmt":"2026-02-28T07:09:50","slug":"colored-empty-bottles-with-dropper-wholesale","status":"publish","type":"product","link":"https:\/\/minghanggroup.com\/pt\/produto\/colored-empty-bottles-with-dropper-wholesale\/","title":{"rendered":"Frascos vazios coloridos de 20ml, 30ml, 40ml e 50ml com conta-gotas para venda por atacado."},"content":{"rendered":"<p>O frasco com conta-gotas de vidro tem um esquema de cores que lembra um macaron, com um formato elegante e cil\u00edndrico, e um conta-gotas de vidro acoplado, o que o torna a melhor op\u00e7\u00e3o para armazenar s\u00e9runs, \u00f3leos faciais e outros produtos.<\/p>\n<h2>Caracter\u00edsticas do produto<\/h2>\n<ul>\n<li><strong>Paleta de cores dos macarons:<\/strong> Est\u00e1 dispon\u00edvel em quatro cores de macarons, incluindo laranja, rosa, verde claro e f\u00facsia, o que \u00e9 esteticamente agrad\u00e1vel e chama a aten\u00e7\u00e3o devido ao p\u00fablico jovem consumidor de produtos de beleza.<\/li>\n<li><strong>V\u00e1rios tamanhos para facilitar o transporte:<\/strong> Oferece quatro tamanhos de capacidade para atender \u00e0s necessidades de dispensa\u00e7\u00e3o de amostras e portabilidade de s\u00e9runs, \u00f3leos e outros produtos para cuidados com a pele.<\/li>\n<li><strong>Design simples de garrafa cil\u00edndrica:<\/strong> O design cil\u00edndrico da garrafa \u00e9 reto, o que facilita o armazenamento e o manuseio. Al\u00e9m disso, ocupa menos espa\u00e7o na vitrine, podendo ser utilizada em uma ampla variedade de expositores e recipientes para transporte.<\/li>\n<\/ul>\n<h2 style=\"text-align: left;\">Especifica\u00e7\u00f5es principais<\/h2>\n<table class=\"aligncenter\" style=\"border-collapse: collapse; width: 419.27pt;\" border=\"0\" width=\"559\" cellspacing=\"0\" cellpadding=\"0\">\n<tbody>\n<tr style=\"height: 13.50pt;\">\n<td style=\"height: 13.50pt; width: 115.50pt;\" width=\"154\" height=\"18\">Especifica\u00e7\u00e3o<\/td>\n<td style=\"width: 303.75pt;\" width=\"405\">Detalhes<\/td>\n<\/tr>\n<tr style=\"height: 13.50pt;\">\n<td style=\"height: 13.50pt;\" height=\"18\">Capacidade<\/td>\n<td>20ml, 30ml, 40ml, 50ml<\/td>\n<\/tr>\n<tr style=\"height: 13.50pt;\">\n<td style=\"height: 13.50pt;\" height=\"18\">Dimens\u00f5es<\/td>\n<td>3,7\u00d78cm a 3,7\u00d711,8cm (Di\u00e2metro \u00d7 Altura)<\/td>\n<\/tr>\n<tr style=\"height: 13.50pt;\">\n<td style=\"height: 13.50pt;\" height=\"18\">Material<\/td>\n<td>Vidro (com revestimento\/acabamento colorido)<\/td>\n<\/tr>\n<tr style=\"height: 13.50pt;\">\n<td style=\"height: 13.50pt;\" height=\"18\">Formato de garrafa<\/td>\n<td>Cilindro de paredes retas<\/td>\n<\/tr>\n<tr style=\"height: 13.50pt;\">\n<td style=\"height: 13.50pt;\" height=\"18\">Escopo de personaliza\u00e7\u00e3o<\/td>\n<td>Cor, tamanho, material da tampa\/conta-gotas, acabamento da superf\u00edcie<\/td>\n<\/tr>\n<tr style=\"height: 13.50pt;\">\n<td style=\"height: 13.50pt;\" height=\"18\">Artesanato<\/td>\n<td>Moldagem de vidro de precis\u00e3o com aplica\u00e7\u00e3o de cor<\/td>\n<\/tr>\n<tr style=\"height: 13.50pt;\">\n<td style=\"height: 13.50pt;\" height=\"18\">Finalidade do produto<\/td>\n<td>Amostras de cosm\u00e9ticos, frascos com conta-gotas.<\/td>\n<\/tr>\n<tr style=\"height: 13.50pt;\">\n<td style=\"height: 13.50pt;\" height=\"18\">Ind\u00fastrias adequadas<\/td>\n<td>Cosm\u00e9ticos, marcas de beleza independentes<\/td>\n<\/tr>\n<\/tbody>\n<\/table>\n<h2>Hist\u00f3ria de sucesso<\/h2>\n<p>Uma das maiores empresas que enviam assinaturas de produtos de beleza solicitou o uso de nossos frascos de 30ml com conta-gotas em sua pr\u00f3pria paleta de cores, mas com a textura lisa modificada para um acabamento fosco em verde menta. Esse sistema de cores permite que os assinantes tomem decis\u00f5es r\u00e1pidas sobre o tipo de produto e reduza em 25% as solicita\u00e7\u00f5es ao servi\u00e7o de atendimento ao cliente. O frasco de 30ml \u00e9 suficiente para um m\u00eas. Devido ao desempenho excepcional do produto, a empresa, que precisava de um suprimento para o ano todo, encomendou posteriormente 1,5 milh\u00e3o de frascos.<\/p>\n<h2>Personaliza\u00e7\u00e3o de frascos com conta-gotas<\/h2>\n<ul>\n<li>Cartela de cores personalizada: Crie sua pr\u00f3pria combina\u00e7\u00e3o de cores suaves ou vibrantes para uma de suas marcas.<\/li>\n<li>Efeitos brilhantes ou perolados: Part\u00edculas finas de brilho ou efeito perolado podem ser adicionadas ao revestimento colorido para torn\u00e1-lo visualmente atraente.<\/li>\n<li>\u00c9 opaco ou transparente: \u00c9 fornecido em frascos transparentes e opacos.<\/li>\n<\/ul>","protected":false},"excerpt":{"rendered":"<p>Frascos coloridos com conta-gotas em v\u00e1rios tamanhos, na cor macaron. Perfeitos para amostras de produtos para a pele e kits de viagem. Direto da f\u00e1brica, garantindo vantagem competitiva no atacado.<\/p>","protected":false},"featured_media":5809,"template":"","meta":{"postBodyCss":"","postBodyMargin":[],"postBodyPadding":[],"postBodyBackground":{"backgroundType":"classic","gradient":""}},"product_brand":[],"product_cat":[15,87,16],"product_tag":[],"class_list":{"0":"post-5808","1":"product","2":"type-product","3":"status-publish","4":"has-post-thumbnail","6":"product_cat-glass-containers","7":"product_cat-dropper-bottles","8":"product_cat-glass-bottles","10":"first","11":"instock","12":"shipping-taxable","13":"product-type-simple"},"jetpack_sharing_enabled":true,"_links":{"self":[{"href":"https:\/\/minghanggroup.com\/pt\/wp-json\/wp\/v2\/product\/5808","targetHints":{"allow":["GET"]}}],"collection":[{"href":"https:\/\/minghanggroup.com\/pt\/wp-json\/wp\/v2\/product"}],"about":[{"href":"https:\/\/minghanggroup.com\/pt\/wp-json\/wp\/v2\/types\/product"}],"wp:featuredmedia":[{"embeddable":true,"href":"https:\/\/minghanggroup.com\/pt\/wp-json\/wp\/v2\/media\/5809"}],"wp:attachment":[{"href":"https:\/\/minghanggroup.com\/pt\/wp-json\/wp\/v2\/media?parent=5808"}],"wp:term":[{"taxonomy":"product_brand","embeddable":true,"href":"https:\/\/minghanggroup.com\/pt\/wp-json\/wp\/v2\/product_brand?post=5808"},{"taxonomy":"product_cat","embeddable":true,"href":"https:\/\/minghanggroup.com\/pt\/wp-json\/wp\/v2\/product_cat?post=5808"},{"taxonomy":"product_tag","embeddable":true,"href":"https:\/\/minghanggroup.com\/pt\/wp-json\/wp\/v2\/product_tag?post=5808"}],"curies":[{"name":"wp","href":"https:\/\/api.w.org\/{rel}","templated":true}]}}