{"id":5807,"date":"2026-02-28T16:26:20","date_gmt":"2026-02-28T08:26:20","guid":{"rendered":"https:\/\/minghanggroup.com\/?post_type=product&#038;p=5807"},"modified":"2026-02-28T16:33:05","modified_gmt":"2026-02-28T08:33:05","slug":"frosted-dropper-glass-bottles-bulk","status":"publish","type":"product","link":"https:\/\/minghanggroup.com\/pt\/produto\/frosted-dropper-glass-bottles-bulk\/","title":{"rendered":"Frascos de vidro fosco com conta-gotas, de 20 ml a 100 ml (em grande quantidade)"},"content":{"rendered":"<p>Seu \u00f3leo essencial merece uma embalagem t\u00e3o luxuosa quanto o aroma. Nossa linha de frascos conta-gotas de vidro fosco transforma frascos de vidro comuns em recipientes indispens\u00e1veis. Frascos conta-gotas de vidro premium com acabamento fosco \u2014 alta qualidade para envio \u00e0 prova de vazamentos e prote\u00e7\u00e3o UV. Embalagens que vendem sua marca de \u00f3leo essencial, e n\u00e3o apenas a armazenam. Tamanho do frasco? De 20 ml (perfeito para amostras de 30 ml) a 100 ml. Conta-gotas? Frascos de vidro de precis\u00e3o com conta-gotas.<\/p>\n<h2>Caracter\u00edsticas do produto<\/h2>\n<ul>\n<li><strong>Acabamento fosco fosco:<\/strong> A textura fosca e macia ao toque confere um visual sofisticado e tamb\u00e9m proporciona uma pegada confort\u00e1vel e antiderrapante.<\/li>\n<li><strong>Tampa conta-gotas estilo natural:<\/strong> O design da gola em madeira, com seus veios ou tonalidades, cria um estilo simples, ecol\u00f3gico e inspirador.<\/li>\n<li><strong>Op\u00e7\u00f5es de diferentes capacidades:<\/strong> Voc\u00ea pode escolher entre v\u00e1rios tamanhos para acomodar diferentes linhas de produtos de cuidados com a pele ou \u00f3leos essenciais.<\/li>\n<\/ul>\n<h2>Especifica\u00e7\u00f5es principais<\/h2>\n<table style=\"border-collapse: collapse; width: 80%; margin-left: auto; margin-right: auto;\" border=\"0\" width=\"288\" cellspacing=\"0\" cellpadding=\"0\">\n<tbody>\n<tr style=\"height: 13.50pt;\">\n<td style=\"height: 13.5pt; width: 54pt; text-align: center;\" width=\"72\" height=\"18\">Capacidade (ml)<\/td>\n<td style=\"width: 54pt; text-align: center;\" width=\"72\">Dimens\u00f5es (cm)<\/td>\n<td style=\"width: 54pt; text-align: center;\" width=\"72\">Terminar<\/td>\n<td style=\"width: 54pt; text-align: center;\" width=\"72\">Tipo de tampa<\/td>\n<\/tr>\n<tr style=\"height: 13.50pt;\">\n<td style=\"height: 13.5pt; text-align: center;\" align=\"right\" height=\"18\">20<\/td>\n<td style=\"text-align: center;\">3,7 \u00d7 7,8<\/td>\n<td class=\"et2\" style=\"text-align: center;\" rowspan=\"7\">Fosco<\/td>\n<td class=\"et2\" style=\"text-align: center;\" rowspan=\"7\">Textura de madeira + Conta-gotas branco<\/td>\n<\/tr>\n<tr style=\"height: 13.50pt;\">\n<td style=\"height: 13.5pt; text-align: center;\" align=\"right\" height=\"18\">30<\/td>\n<td style=\"text-align: center;\">3,7 \u00d7 9,5<\/td>\n<\/tr>\n<tr style=\"height: 13.50pt;\">\n<td style=\"height: 13.5pt; text-align: center;\" align=\"right\" height=\"18\">40<\/td>\n<td style=\"text-align: center;\">3,7 \u00d7 10,7<\/td>\n<\/tr>\n<tr style=\"height: 13.50pt;\">\n<td style=\"height: 13.5pt; text-align: center;\" align=\"right\" height=\"18\">50<\/td>\n<td style=\"text-align: center;\">3,7 \u00d7 11,7<\/td>\n<\/tr>\n<tr style=\"height: 13.50pt;\">\n<td style=\"height: 13.5pt; text-align: center;\" align=\"right\" height=\"18\">60<\/td>\n<td style=\"text-align: center;\">3,7 \u00d7 13,3<\/td>\n<\/tr>\n<tr style=\"height: 13.50pt;\">\n<td style=\"height: 13.5pt; text-align: center;\" align=\"right\" height=\"18\">80<\/td>\n<td style=\"text-align: center;\">3,9 \u00d7 14,4<\/td>\n<\/tr>\n<tr style=\"height: 13.50pt;\">\n<td style=\"height: 13.5pt; text-align: center;\" align=\"right\" height=\"18\">100<\/td>\n<td style=\"text-align: center;\">4,2 \u00d7 15,8<\/td>\n<\/tr>\n<\/tbody>\n<\/table>\n<h2>Caso de sucesso<\/h2>\n<p>Nosso frasco conta-gotas de vidro fosco de 60ml, fabricado na Austr\u00e1lia, foi escolhido por uma marca de beleza natural. Trabalhamos com a leveza do acabamento fosco para torn\u00e1-lo suave e semitransparente o suficiente para real\u00e7ar sutilmente a cor natural dos \u00f3leos essenciais, sem parecer exagerado. Tamb\u00e9m aplicamos serigrafia branca para que o r\u00f3tulo se ajustasse perfeitamente ao tamanho do frasco e personalizamos o r\u00f3tulo com o nome da nossa marca para aumentar o reconhecimento da mesma.<\/p>\n<p>As vendas no varejo da marca cresceram 36% em quatro meses desde o lan\u00e7amento da nova embalagem, e os clientes frequentemente mencionam a textura fosca e a beleza natural em suas avalia\u00e7\u00f5es de produtos. Em virtude da boa aceita\u00e7\u00e3o do produto pelo mercado, o cliente optou por utilizar esta linha de frascos conta-gotas foscos como embalagem padr\u00e3o para todos os seus \u00f3leos essenciais faciais.<\/p>\n<h2>Op\u00e7\u00f5es de personaliza\u00e7\u00e3o<\/h2>\n<ol>\n<li><strong>Melhoria do material da tampa de madeira:<\/strong> Permita que os clientes escolham entre bambu verdadeiro, madeira maci\u00e7a ou op\u00e7\u00f5es de ABS com padr\u00f5es de madeira, que foram tratadas para resist\u00eancia \u00e0 umidade.<\/li>\n<li><strong>Logotipo em relevo ou baixo-relevo:<\/strong> Colocar um logotipo gravado na parte inferior da garrafa ou no colarinho de madeira \u00e9 uma forma sutil de manter a marca na mente do cliente.<\/li>\n<li><strong>Revestimentos de superf\u00edcie especiais:<\/strong> Voc\u00ea pode adicionar uma camada anti-impress\u00e3o digital ou um acabamento macio ao toque para tornar o produto mais confort\u00e1vel de segurar.<\/li>\n<\/ol>","protected":false},"excerpt":{"rendered":"<p>Frascos conta-gotas de vidro fosted em estilo natural para \u00f3leos essenciais. Frascos conta-gotas de vidro com prote\u00e7\u00e3o UV para venda por atacado. Tampas de madeira personalizadas. Amostras gr\u00e1tis.<\/p>","protected":false},"featured_media":5815,"template":"","meta":{"postBodyCss":"","postBodyMargin":[],"postBodyPadding":[],"postBodyBackground":{"backgroundType":"classic","gradient":""}},"product_brand":[],"product_cat":[15,87,16],"product_tag":[],"class_list":{"0":"post-5807","1":"product","2":"type-product","3":"status-publish","4":"has-post-thumbnail","6":"product_cat-glass-containers","7":"product_cat-dropper-bottles","8":"product_cat-glass-bottles","10":"first","11":"instock","12":"shipping-taxable","13":"product-type-simple"},"jetpack_sharing_enabled":true,"_links":{"self":[{"href":"https:\/\/minghanggroup.com\/pt\/wp-json\/wp\/v2\/product\/5807","targetHints":{"allow":["GET"]}}],"collection":[{"href":"https:\/\/minghanggroup.com\/pt\/wp-json\/wp\/v2\/product"}],"about":[{"href":"https:\/\/minghanggroup.com\/pt\/wp-json\/wp\/v2\/types\/product"}],"wp:featuredmedia":[{"embeddable":true,"href":"https:\/\/minghanggroup.com\/pt\/wp-json\/wp\/v2\/media\/5815"}],"wp:attachment":[{"href":"https:\/\/minghanggroup.com\/pt\/wp-json\/wp\/v2\/media?parent=5807"}],"wp:term":[{"taxonomy":"product_brand","embeddable":true,"href":"https:\/\/minghanggroup.com\/pt\/wp-json\/wp\/v2\/product_brand?post=5807"},{"taxonomy":"product_cat","embeddable":true,"href":"https:\/\/minghanggroup.com\/pt\/wp-json\/wp\/v2\/product_cat?post=5807"},{"taxonomy":"product_tag","embeddable":true,"href":"https:\/\/minghanggroup.com\/pt\/wp-json\/wp\/v2\/product_tag?post=5807"}],"curies":[{"name":"wp","href":"https:\/\/api.w.org\/{rel}","templated":true}]}}