{"id":5798,"date":"2026-02-28T14:26:05","date_gmt":"2026-02-28T06:26:05","guid":{"rendered":"https:\/\/minghanggroup.com\/?post_type=product&#038;p=5798"},"modified":"2026-02-28T14:26:07","modified_gmt":"2026-02-28T06:26:07","slug":"pink-gradient-essential-oil-bottles-wholesale","status":"publish","type":"product","link":"https:\/\/minghanggroup.com\/pt\/produto\/pink-gradient-essential-oil-bottles-wholesale\/","title":{"rendered":"Frascos de \u00f3leo essencial com degrad\u00ea rosa de 5ml a 100ml para venda por atacado."},"content":{"rendered":"<p>Seu \u00f3leo essencial merece uma embalagem t\u00e3o bonita quanto eficiente. Nossos frascos para \u00f3leos essenciais no atacado apresentam um suave degrad\u00ea rosa \u2014 vidro que transita do transparente ao rosa claro \u2014 perfeito para marcas modernas de \u00f3leos essenciais. Frascos conta-gotas feitos de vidro premium com prote\u00e7\u00e3o UV. Tamanhos dispon\u00edveis? De 5 ml (amostras pequenas de 30 ml) a 100 ml. Conta-gotas? Design preciso em vidro. Seu \u00f3leo essencial permanece vibrante por mais tempo.<\/p>\n<h2>Caracter\u00edsticas do produto<\/h2>\n<ul>\n<li><strong>Acabamento em degrad\u00ea rosa:<\/strong> Efeito de cor fria, variando do transparente ao rosa suave, que torna o produto mais atraente e o diferencia no mercado.<\/li>\n<li><strong>Sistema de gotejamento de precis\u00e3o:<\/strong> Este dispositivo \u00e9 equipado com uma pipeta de vidro e uma pera de borracha macia, permitindo uma dispensa\u00e7\u00e3o muito precisa e facilmente control\u00e1vel.<\/li>\n<li><strong>Design de rosca segura no pesco\u00e7o:<\/strong> Essa caracter\u00edstica do design garantir\u00e1 que o frasco fique hermeticamente fechado e, portanto, evitar\u00e1 vazamentos do produto durante o armazenamento e o transporte.<\/li>\n<\/ul>\n<h2>Especifica\u00e7\u00f5es principais<\/h2>\n<table style=\"border-collapse: collapse; width: 80%; margin-left: auto; margin-right: auto;\" border=\"0\" width=\"288\" cellspacing=\"0\" cellpadding=\"0\">\n<tbody>\n<tr style=\"height: 13.50pt;\">\n<td style=\"height: 13.5pt; width: 54pt; text-align: center;\" width=\"72\" height=\"18\">Capacidade (ml)<\/td>\n<td style=\"width: 54pt; text-align: center;\" width=\"72\">Dimens\u00f5es (cm)<\/td>\n<td style=\"width: 54pt; text-align: center;\" width=\"72\">Cor<\/td>\n<td style=\"width: 54pt; text-align: center;\" width=\"72\">Op\u00e7\u00f5es de conta-gotas<\/td>\n<\/tr>\n<tr style=\"height: 13.50pt;\">\n<td style=\"height: 13.5pt; text-align: center;\" align=\"right\" height=\"18\">5<\/td>\n<td style=\"text-align: center;\">2,2 \u00d7 7,3<\/td>\n<td class=\"et2\" style=\"text-align: center;\" rowspan=\"7\">Rosa degrad\u00ea<\/td>\n<td class=\"et2\" style=\"text-align: center;\" rowspan=\"7\">Rosa, branco, dourado\u2026<\/td>\n<\/tr>\n<tr style=\"height: 13.50pt;\">\n<td style=\"height: 13.5pt; text-align: center;\" align=\"right\" height=\"18\">10<\/td>\n<td style=\"text-align: center;\">2,5 \u00d7 8,1<\/td>\n<\/tr>\n<tr style=\"height: 13.50pt;\">\n<td style=\"height: 13.5pt; text-align: center;\" align=\"right\" height=\"18\">15<\/td>\n<td style=\"text-align: center;\">2,8 \u00d7 8,7<\/td>\n<\/tr>\n<tr style=\"height: 13.50pt;\">\n<td style=\"height: 13.5pt; text-align: center;\" align=\"right\" height=\"18\">20<\/td>\n<td style=\"text-align: center;\">2,8 \u00d7 9,4<\/td>\n<\/tr>\n<tr style=\"height: 13.50pt;\">\n<td style=\"height: 13.5pt; text-align: center;\" align=\"right\" height=\"18\">30<\/td>\n<td style=\"text-align: center;\">3,3 \u00d7 10,1<\/td>\n<\/tr>\n<tr style=\"height: 13.50pt;\">\n<td style=\"height: 13.5pt; text-align: center;\" align=\"right\" height=\"18\">50<\/td>\n<td style=\"text-align: center;\">3,6 \u00d7 11,3<\/td>\n<\/tr>\n<tr style=\"height: 13.50pt;\">\n<td style=\"height: 13.5pt; text-align: center;\" align=\"right\" height=\"18\">100<\/td>\n<td style=\"text-align: center;\">4,5 \u00d7 13,5<\/td>\n<\/tr>\n<\/tbody>\n<\/table>\n<h2>Caso de sucesso<\/h2>\n<p>Uma das marcas independentes de cuidados com a pele da \u00c1sia decidiu usar nosso frasco conta-gotas de 100ml com degrad\u00ea rosa para lan\u00e7ar uma nova linha de s\u00e9rum iluminador voltada para o p\u00fablico feminino jovem do Sudeste Asi\u00e1tico. Para tornar a impress\u00e3o mais dur\u00e1vel, adicionamos detalhes como o gargalo banhado a ouro rosa, a logomarca gravada a quente e um painel de etiqueta fosco.<\/p>\n<p>Um m\u00eas depois, seis meses ap\u00f3s o lan\u00e7amento da nova embalagem online, a marca registrou um aumento de 41% nas vendas. O cliente fez oito pedidos repetidos em grande quantidade no ano seguinte.<\/p>\n<h2>Dicas de personaliza\u00e7\u00e3o<\/h2>\n<ol>\n<li><strong>Op\u00e7\u00f5es de cabe\u00e7ote de gotejamento:<\/strong> Voc\u00ea pode escolher l\u00e2mpadas de silicone de v\u00e1rias cores (branca, rosa, preta) ou colares com acabamento met\u00e1lico, como dourado, ouro rosa ou prata fosca.<\/li>\n<li><strong>Sele\u00e7\u00e3o de acabamento em vidro:<\/strong> Aplique pel\u00edcula brilhante, fosca ou com toque suave para real\u00e7ar a sensa\u00e7\u00e3o sensual e o aspecto luxuoso do produto.<\/li>\n<li><strong>Marcas gravadas ou em relevo:<\/strong> Personalize a base ou a parte superior da garrafa com o logotipo da marca em relevo para um estilo sofisticado e luxuoso.<\/li>\n<\/ol>","protected":false},"excerpt":{"rendered":"<p>Nossa f\u00e1brica oferece frascos para \u00f3leos essenciais no atacado. Esses frascos conta-gotas s\u00e3o fornecidos diretamente da f\u00e1brica, podem ser personalizados em grandes quantidades e t\u00eam envio r\u00e1pido.<\/p>","protected":false},"featured_media":5806,"template":"","meta":{"postBodyCss":"","postBodyMargin":[],"postBodyPadding":[],"postBodyBackground":{"backgroundType":"classic","gradient":""}},"product_brand":[],"product_cat":[15,87,16],"product_tag":[],"class_list":{"0":"post-5798","1":"product","2":"type-product","3":"status-publish","4":"has-post-thumbnail","6":"product_cat-glass-containers","7":"product_cat-dropper-bottles","8":"product_cat-glass-bottles","10":"first","11":"instock","12":"shipping-taxable","13":"product-type-simple"},"jetpack_sharing_enabled":true,"_links":{"self":[{"href":"https:\/\/minghanggroup.com\/pt\/wp-json\/wp\/v2\/product\/5798","targetHints":{"allow":["GET"]}}],"collection":[{"href":"https:\/\/minghanggroup.com\/pt\/wp-json\/wp\/v2\/product"}],"about":[{"href":"https:\/\/minghanggroup.com\/pt\/wp-json\/wp\/v2\/types\/product"}],"wp:featuredmedia":[{"embeddable":true,"href":"https:\/\/minghanggroup.com\/pt\/wp-json\/wp\/v2\/media\/5806"}],"wp:attachment":[{"href":"https:\/\/minghanggroup.com\/pt\/wp-json\/wp\/v2\/media?parent=5798"}],"wp:term":[{"taxonomy":"product_brand","embeddable":true,"href":"https:\/\/minghanggroup.com\/pt\/wp-json\/wp\/v2\/product_brand?post=5798"},{"taxonomy":"product_cat","embeddable":true,"href":"https:\/\/minghanggroup.com\/pt\/wp-json\/wp\/v2\/product_cat?post=5798"},{"taxonomy":"product_tag","embeddable":true,"href":"https:\/\/minghanggroup.com\/pt\/wp-json\/wp\/v2\/product_tag?post=5798"}],"curies":[{"name":"wp","href":"https:\/\/api.w.org\/{rel}","templated":true}]}}