{"id":5793,"date":"2026-02-28T11:33:41","date_gmt":"2026-02-28T03:33:41","guid":{"rendered":"https:\/\/minghanggroup.com\/?post_type=product&#038;p=5793"},"modified":"2026-02-28T13:52:14","modified_gmt":"2026-02-28T05:52:14","slug":"clear-glass-empty-dropper-bottles-with-lids-wholesale","status":"publish","type":"product","link":"https:\/\/minghanggroup.com\/pt\/produto\/clear-glass-empty-dropper-bottles-with-lids-wholesale\/","title":{"rendered":"Frascos conta-gotas vazios de vidro transparente de 20 ml, 30 ml e 50 ml com tampas - Atacado"},"content":{"rendered":"<p>Esses frascos conta-gotas vazios s\u00e3o feitos de vidro transparente puro de alta qualidade, com formato cil\u00edndrico, topo arredondado e tampas conta-gotas em prata e ouro met\u00e1licos, o que confere aos frascos um toque elegante e contempor\u00e2neo.<\/p>\n<h2>Caracter\u00edsticas do produto<\/h2>\n<ul>\n<li><strong>Estilo de design contempor\u00e2neo:<\/strong> As linhas simples e o vidro ultratransparente conferem uma apar\u00eancia contempor\u00e2nea e sofisticada.<\/li>\n<li><strong>Tampas met\u00e1licas premium:<\/strong> As tampas est\u00e3o dispon\u00edveis em modelos de rosca, de bot\u00e3o de press\u00e3o e conta-gotas, todas com um toque agrad\u00e1vel.<\/li>\n<li><strong>Tamanhos de bon\u00e9 ideais:<\/strong> Tr\u00eas tamanhos de tampa convenientes (20ml, 30ml, 50ml) s\u00e3o adequados para a maioria dos soros, \u00f3leos essenciais e tinturas.<\/li>\n<\/ul>\n<h2 style=\"text-align: left;\">Especifica\u00e7\u00f5es principais<\/h2>\n<table class=\"aligncenter\" style=\"border-collapse: collapse; width: 419.27pt;\" border=\"0\" width=\"559\" cellspacing=\"0\" cellpadding=\"0\">\n<tbody>\n<tr style=\"height: 13.50pt;\">\n<td style=\"height: 13.50pt; width: 115.50pt;\" width=\"154\" height=\"18\">Especifica\u00e7\u00e3o<\/td>\n<td style=\"width: 303.75pt;\" width=\"405\">Detalhes<\/td>\n<\/tr>\n<tr style=\"height: 13.50pt;\">\n<td style=\"height: 13.50pt;\" height=\"18\">Capacidade<\/td>\n<td>20 ml, 30 ml, 50 ml<\/td>\n<\/tr>\n<tr style=\"height: 13.50pt;\">\n<td style=\"height: 13.50pt;\" height=\"18\">Dimens\u00f5es<\/td>\n<td>3,8\u00d79,8cm a 3,8\u00d712,1cm (Di\u00e2metro \u00d7 Altura)<\/td>\n<\/tr>\n<tr style=\"height: 13.50pt;\">\n<td style=\"height: 13.50pt;\" height=\"18\">Material<\/td>\n<td>Vidro transparente, bulbo de silicone, tampas de metal<\/td>\n<\/tr>\n<tr style=\"height: 13.50pt;\">\n<td style=\"height: 13.50pt;\" height=\"18\">Formato de garrafa<\/td>\n<td>Cilindro de lados retos com conjunto de conta-gotas<\/td>\n<\/tr>\n<tr style=\"height: 13.50pt;\">\n<td style=\"height: 13.50pt;\" height=\"18\">Escopo de personaliza\u00e7\u00e3o<\/td>\n<td>Tampas, Tamanho, Cor, Acabamento<\/td>\n<\/tr>\n<tr style=\"height: 13.50pt;\">\n<td style=\"height: 13.50pt;\" height=\"18\">Artesanato<\/td>\n<td>Moldagem de vidro de precis\u00e3o, montagem de conta-gotas de vidro<\/td>\n<\/tr>\n<tr style=\"height: 13.50pt;\">\n<td style=\"height: 13.50pt;\" height=\"18\">Finalidade do produto<\/td>\n<td>Frascos conta-gotas a granel, frascos para tinturas<\/td>\n<\/tr>\n<tr style=\"height: 13.50pt;\">\n<td style=\"height: 13.50pt;\" height=\"18\">Ind\u00fastrias adequadas<\/td>\n<td>Empresas de cuidados com a pele, aromaterapia<\/td>\n<\/tr>\n<\/tbody>\n<\/table>\n<h2>Hist\u00f3ria de Sucesso: Uma S\u00e9rie Exclusiva de uma Misturadora de \u00d3leos Essenciais Canadense<\/h2>\n<p>Nossos frascos conta-gotas vazios de 30 ml com tampa prateada de bot\u00e3o de press\u00e3o e r\u00f3tulos bot\u00e2nicos personalizados com serigrafia foram encomendados por uma das empresas canadenses de mistura de \u00f3leos essenciais. O design preciso do conta-gotas permite ao usu\u00e1rio dispensar de 2 a 3 gotas por vez, aumentando a vida \u00fatil dos produtos em 30%. O frasco de 30 ml \u00e9 ideal para seus \u00f3leos essenciais misturados mais renomados. A empresa encomendou outro lote de 900.000 frascos com o objetivo de atender \u00e0 demanda de seu parceiro, garantindo um suprimento de 18 meses para seu distribuidor na Am\u00e9rica do Norte.<\/p>\n<h2>Op\u00e7\u00f5es de personaliza\u00e7\u00e3o para frascos conta-gotas em grande quantidade<\/h2>\n<ul>\n<li>Cores de vidro personalizadas: Garrafas de vidro com tonalidade \u00e2mbar s\u00e3o usadas para proteger subst\u00e2ncias fotossens\u00edveis, incluindo algumas vitaminas ou \u00f3leos essenciais.<\/li>\n<li>Cores personalizadas da tampa e do conta-gotas: As cores da tampa e do bico de silicone podem ser personalizadas de acordo com as cores da marca.<\/li>\n<li>Grava\u00e7\u00e3o a laser: A grava\u00e7\u00e3o a laser \u00e9 feita nos r\u00f3tulos das garrafas (c\u00f3digos de lotes pequenos), logotipos de marcas ou c\u00f3digos QR.<\/li>\n<\/ul>","protected":false},"excerpt":{"rendered":"<p>Frascos conta-gotas vazios premium em grandes quantidades. Nossos frascos conta-gotas de vidro em grandes quantidades oferecem um design cil\u00edndrico elegante com tampas de alto brilho. Direto da f\u00e1brica, entrega r\u00e1pida.<\/p>","protected":false},"featured_media":5800,"template":"","meta":{"postBodyCss":"","postBodyMargin":[],"postBodyPadding":[],"postBodyBackground":{"backgroundType":"classic","gradient":""}},"product_brand":[],"product_cat":[15,87,16],"product_tag":[],"class_list":{"0":"post-5793","1":"product","2":"type-product","3":"status-publish","4":"has-post-thumbnail","6":"product_cat-glass-containers","7":"product_cat-dropper-bottles","8":"product_cat-glass-bottles","10":"first","11":"instock","12":"shipping-taxable","13":"product-type-simple"},"jetpack_sharing_enabled":true,"_links":{"self":[{"href":"https:\/\/minghanggroup.com\/pt\/wp-json\/wp\/v2\/product\/5793","targetHints":{"allow":["GET"]}}],"collection":[{"href":"https:\/\/minghanggroup.com\/pt\/wp-json\/wp\/v2\/product"}],"about":[{"href":"https:\/\/minghanggroup.com\/pt\/wp-json\/wp\/v2\/types\/product"}],"wp:featuredmedia":[{"embeddable":true,"href":"https:\/\/minghanggroup.com\/pt\/wp-json\/wp\/v2\/media\/5800"}],"wp:attachment":[{"href":"https:\/\/minghanggroup.com\/pt\/wp-json\/wp\/v2\/media?parent=5793"}],"wp:term":[{"taxonomy":"product_brand","embeddable":true,"href":"https:\/\/minghanggroup.com\/pt\/wp-json\/wp\/v2\/product_brand?post=5793"},{"taxonomy":"product_cat","embeddable":true,"href":"https:\/\/minghanggroup.com\/pt\/wp-json\/wp\/v2\/product_cat?post=5793"},{"taxonomy":"product_tag","embeddable":true,"href":"https:\/\/minghanggroup.com\/pt\/wp-json\/wp\/v2\/product_tag?post=5793"}],"curies":[{"name":"wp","href":"https:\/\/api.w.org\/{rel}","templated":true}]}}