{"id":5788,"date":"2026-02-28T11:53:54","date_gmt":"2026-02-28T03:53:54","guid":{"rendered":"https:\/\/minghanggroup.com\/?post_type=product&#038;p=5788"},"modified":"2026-02-28T11:53:56","modified_gmt":"2026-02-28T03:53:56","slug":"custom-black-dropper-bottles-wholesale","status":"publish","type":"product","link":"https:\/\/minghanggroup.com\/pt\/produto\/custom-black-dropper-bottles-wholesale\/","title":{"rendered":"Frascos conta-gotas pretos personalizados de 5 ml a 100 ml para venda por atacado."},"content":{"rendered":"<p>Cansado de frascos de \u00f3leo essencial vazando ou desbotando ao sol? Nossos frascos conta-gotas pretos resolvem esse problema. Os frascos conta-gotas pretos com prote\u00e7\u00e3o UV protegem seu \u00f3leo essencial dos danos causados \u200b\u200bpela luz. Fabricados em vidro premium, na cor preta para bloquear os raios UV e garantir um transporte seguro e sem vazamentos. Embalagens ideais para a sua marca de \u00f3leo essencial. Tamanhos dispon\u00edveis? De 5 ml (perfeito para amostras de 30 ml) a 100 ml. Conta-gotas? Frascos de vidro de precis\u00e3o com conta-gotas. Seu \u00f3leo essencial permanece fresco.<\/p>\n<h2>Caracter\u00edsticas do produto<\/h2>\n<ul>\n<li><strong>Prote\u00e7\u00e3o UV completa:<\/strong> O vidro preto impede a penetra\u00e7\u00e3o dos raios UV prejudiciais, o que \u00e9 essencial para preservar a estabilidade dos \u00f3leos essenciais.<\/li>\n<li><strong>Dosagem precisa:<\/strong> \u00c9 um frasco conta-gotas de vidro, o que permite uma dosagem muito precisa. Voc\u00ea n\u00e3o precisa mais desperdi\u00e7ar tintura ou \u00f3leo essencial.<\/li>\n<li><strong>Variabilidade de tamanho:<\/strong> 5 ml \u00e9 adequado para recipientes pequenos, enquanto 100 ml \u00e9 ideal para grandes quantidades. Essa variedade de tamanhos atende exatamente \u00e0s necessidades de qualquer \u00f3leo essencial.<\/li>\n<\/ul>\n<h2>Especifica\u00e7\u00f5es principais<\/h2>\n<table style=\"border-collapse: collapse; width: 80%; margin-left: auto; margin-right: auto;\" border=\"0\" width=\"288\" cellspacing=\"0\" cellpadding=\"0\">\n<tbody>\n<tr style=\"height: 13.50pt;\">\n<td style=\"height: 13.5pt; width: 54pt; text-align: center;\" width=\"72\" height=\"18\">Capacidade (ml)<\/td>\n<td style=\"width: 54pt; text-align: center;\" width=\"72\">Dimens\u00f5es (cm)<\/td>\n<td style=\"width: 54pt; text-align: center;\" width=\"72\">Cor<\/td>\n<td style=\"width: 54pt; text-align: center;\" width=\"72\">Op\u00e7\u00f5es de conta-gotas<\/td>\n<\/tr>\n<tr style=\"height: 13.50pt;\">\n<td style=\"height: 13.5pt; text-align: center;\" align=\"right\" height=\"18\">5<\/td>\n<td style=\"text-align: center;\">2,2 \u00d7 7,2<\/td>\n<td class=\"et2\" style=\"text-align: center;\" rowspan=\"7\">Preto<\/td>\n<td class=\"et2\" style=\"text-align: center;\" rowspan=\"7\">Padr\u00e3o \/ Colorido<\/td>\n<\/tr>\n<tr style=\"height: 13.50pt;\">\n<td style=\"height: 13.5pt; text-align: center;\" align=\"right\" height=\"18\">10<\/td>\n<td style=\"text-align: center;\">2,5 \u00d7 8,0<\/td>\n<\/tr>\n<tr style=\"height: 13.50pt;\">\n<td style=\"height: 13.5pt; text-align: center;\" align=\"right\" height=\"18\">15<\/td>\n<td style=\"text-align: center;\">2,8 \u00d7 8,2<\/td>\n<\/tr>\n<tr style=\"height: 13.50pt;\">\n<td style=\"height: 13.5pt; text-align: center;\" align=\"right\" height=\"18\">20<\/td>\n<td style=\"text-align: center;\">2,9 \u00d7 9,3<\/td>\n<\/tr>\n<tr style=\"height: 13.50pt;\">\n<td style=\"height: 13.5pt; text-align: center;\" align=\"right\" height=\"18\">30<\/td>\n<td style=\"text-align: center;\">3,3 \u00d7 10,1<\/td>\n<\/tr>\n<tr style=\"height: 13.50pt;\">\n<td style=\"height: 13.5pt; text-align: center;\" align=\"right\" height=\"18\">50<\/td>\n<td style=\"text-align: center;\">3,7 \u00d7 11,4<\/td>\n<\/tr>\n<tr style=\"height: 13.50pt;\">\n<td style=\"height: 13.5pt; text-align: center;\" align=\"right\" height=\"18\">100<\/td>\n<td style=\"text-align: center;\">4,4 \u00d7 13,5<\/td>\n<\/tr>\n<\/tbody>\n<\/table>\n<h2>Caso de sucesso<\/h2>\n<p>Uma empresa sediada no Reino Unido, fabricante de produtos de cuidados com a pele de marca pr\u00f3pria, decidiu substituir a embalagem do seu s\u00e9rum de vitamina C de alta concentra\u00e7\u00e3o pelo nosso frasco conta-gotas preto de 50 ml. O cliente optou por uma tampa preta fosca com textura canelada, que oferece melhor ader\u00eancia, e pelo logotipo prateado da marca gravado no gargalo, para maior reconhecimento da marca. Tamb\u00e9m foram aplicados um revestimento resistente a riscos e conta-gotas graduados de vidro de 1 ml para dosagem precisa.<\/p>\n<p>Cinco meses ap\u00f3s o lan\u00e7amento da embalagem reformulada, o cliente relatou um crescimento de 38% nas vendas online. No ano seguinte, a marca encomendou sete grandes quantidades de estoque, o que resultou em um aumento de 80% nas compras anuais.<\/p>\n<h2>Dicas de personaliza\u00e7\u00e3o<\/h2>\n<ol>\n<li><strong>Acabamento na gola:<\/strong> Personaliza\u00e7\u00e3o dos acabamentos das bra\u00e7adeiras: Todas as bra\u00e7adeiras de alum\u00ednio podem receber acabamento de acordo com as prefer\u00eancias dos clientes: fosco, brilhante, escovado ou galvanizado (ouro, prata, ouro rosa, etc.).<\/li>\n<li><strong>Design \u00e0 prova de adultera\u00e7\u00e3o e evidente:<\/strong> A primeira caracter\u00edstica \u00e9 o lacre de seguran\u00e7a, anel de inviolabilidade ou faixa termoencolh\u00edvel, como op\u00e7\u00e3o para aumentar o n\u00edvel de conformidade e seguran\u00e7a do seu produto.<\/li>\n<li><strong>Melhoria do revestimento da superf\u00edcie:<\/strong> O acabamento fosco em spray, suave ao toque e resistente a riscos, pode ser aplicado na superf\u00edcie, proporcionando um aumento significativo tanto na sensa\u00e7\u00e3o ao toque quanto na vida \u00fatil do produto.<\/li>\n<\/ol>","protected":false},"excerpt":{"rendered":"<p>Frascos conta-gotas pretos premium para \u00f3leos essenciais. Frascos conta-gotas no atacado com prote\u00e7\u00e3o UV. Cores personalizadas. Evita vazamentos. Amostras gr\u00e1tis. Envio r\u00e1pido.<\/p>","protected":false},"featured_media":5797,"template":"","meta":{"postBodyCss":"","postBodyMargin":[],"postBodyPadding":[],"postBodyBackground":{"backgroundType":"classic","gradient":""}},"product_brand":[],"product_cat":[15,87,16],"product_tag":[],"class_list":{"0":"post-5788","1":"product","2":"type-product","3":"status-publish","4":"has-post-thumbnail","6":"product_cat-glass-containers","7":"product_cat-dropper-bottles","8":"product_cat-glass-bottles","10":"first","11":"instock","12":"shipping-taxable","13":"product-type-simple"},"jetpack_sharing_enabled":true,"_links":{"self":[{"href":"https:\/\/minghanggroup.com\/pt\/wp-json\/wp\/v2\/product\/5788","targetHints":{"allow":["GET"]}}],"collection":[{"href":"https:\/\/minghanggroup.com\/pt\/wp-json\/wp\/v2\/product"}],"about":[{"href":"https:\/\/minghanggroup.com\/pt\/wp-json\/wp\/v2\/types\/product"}],"wp:featuredmedia":[{"embeddable":true,"href":"https:\/\/minghanggroup.com\/pt\/wp-json\/wp\/v2\/media\/5797"}],"wp:attachment":[{"href":"https:\/\/minghanggroup.com\/pt\/wp-json\/wp\/v2\/media?parent=5788"}],"wp:term":[{"taxonomy":"product_brand","embeddable":true,"href":"https:\/\/minghanggroup.com\/pt\/wp-json\/wp\/v2\/product_brand?post=5788"},{"taxonomy":"product_cat","embeddable":true,"href":"https:\/\/minghanggroup.com\/pt\/wp-json\/wp\/v2\/product_cat?post=5788"},{"taxonomy":"product_tag","embeddable":true,"href":"https:\/\/minghanggroup.com\/pt\/wp-json\/wp\/v2\/product_tag?post=5788"}],"curies":[{"name":"wp","href":"https:\/\/api.w.org\/{rel}","templated":true}]}}