{"id":5787,"date":"2026-02-28T10:21:55","date_gmt":"2026-02-28T02:21:55","guid":{"rendered":"https:\/\/minghanggroup.com\/?post_type=product&#038;p=5787"},"modified":"2026-02-28T11:34:40","modified_gmt":"2026-02-28T03:34:40","slug":"clear-tincture-bottles-for-essential-oils-bulk","status":"publish","type":"product","link":"https:\/\/minghanggroup.com\/pt\/produto\/clear-tincture-bottles-for-essential-oils-bulk\/","title":{"rendered":"Frascos transparentes para tintura de \u00f3leos essenciais, 20ml, 30ml e 50ml (a granel)"},"content":{"rendered":"<p>Esses frascos para tintura t\u00eam um formato cil\u00edndrico, fino e curto, com vidro de fundo grosso e ultratransparente, tampas conta-gotas de metal dourado ou prateado e tampas de silicone branco para facilitar a dosagem e garantir um fechamento herm\u00e9tico.<\/p>\n<h2>Caracter\u00edsticas do produto<\/h2>\n<ul>\n<li><strong>Design de garrafa de luxo:<\/strong> O design do frasco \u00e9 feito de vidro de alta transpar\u00eancia e fundo espesso, com uma tampa conta-gotas met\u00e1lica para criar um grande apelo visual para o produto.<\/li>\n<li><strong>Op\u00e7\u00f5es de bon\u00e9s elegantes:<\/strong> Tampas douradas com bot\u00e3o de press\u00e3o, tampas douradas com rosca ou tampas prateadas com conta-gotas: todas conferem um ar de sofistica\u00e7\u00e3o e estilo.<\/li>\n<li><strong>Conta-gotas de silicone de precis\u00e3o:<\/strong> O conta-gotas de silicone fornecido \u00e9 branco para garantir a precis\u00e3o necess\u00e1ria na dosagem.<\/li>\n<\/ul>\n<h2 style=\"text-align: left;\">Especifica\u00e7\u00f5es principais<\/h2>\n<table class=\"aligncenter\" style=\"border-collapse: collapse; width: 419.27pt;\" border=\"0\" width=\"559\" cellspacing=\"0\" cellpadding=\"0\">\n<tbody>\n<tr style=\"height: 13.50pt;\">\n<td style=\"height: 13.50pt; width: 115.50pt;\" width=\"154\" height=\"18\">Especifica\u00e7\u00e3o<\/td>\n<td style=\"width: 303.75pt;\" width=\"405\">Detalhes<\/td>\n<\/tr>\n<tr style=\"height: 13.50pt;\">\n<td style=\"height: 13.50pt;\" height=\"18\">Capacidade<\/td>\n<td>20 ml, 30 ml, 50 ml<\/td>\n<\/tr>\n<tr style=\"height: 13.50pt;\">\n<td style=\"height: 13.50pt;\" height=\"18\">Dimens\u00f5es<\/td>\n<td>3,8\u00d79,8cm a 3,8\u00d712,1cm (Di\u00e2metro \u00d7 Altura)<\/td>\n<\/tr>\n<tr style=\"height: 13.50pt;\">\n<td style=\"height: 13.50pt;\" height=\"18\">Material<\/td>\n<td>Vidro transparente com fundo grosso, silicone, tampas de metal<\/td>\n<\/tr>\n<tr style=\"height: 13.50pt;\">\n<td style=\"height: 13.50pt;\" height=\"18\">Formato de garrafa<\/td>\n<td>Cilindro com base espessa e conjunto de conta-gotas<\/td>\n<\/tr>\n<tr style=\"height: 13.50pt;\">\n<td style=\"height: 13.50pt;\" height=\"18\">Escopo de personaliza\u00e7\u00e3o<\/td>\n<td>Tampas, Cor, Acabamento, Ponta Conta-gotas<\/td>\n<\/tr>\n<tr style=\"height: 13.50pt;\">\n<td style=\"height: 13.50pt;\" height=\"18\">Artesanato<\/td>\n<td>Moldagem de vidro de precis\u00e3o para paredes espessas<\/td>\n<\/tr>\n<tr style=\"height: 13.50pt;\">\n<td style=\"height: 13.50pt;\" height=\"18\">Finalidade do produto<\/td>\n<td>Frascos conta-gotas para tinturas, frascos para \u00f3leos de CBD<\/td>\n<\/tr>\n<tr style=\"height: 13.50pt;\">\n<td style=\"height: 13.50pt;\" height=\"18\">Ind\u00fastrias adequadas<\/td>\n<td>Marcas de suplementos de ervas, empresas de CBD<\/td>\n<\/tr>\n<\/tbody>\n<\/table>\n<h2>Hist\u00f3ria de Sucesso: Uma Linha de Produtos Premium de uma Empresa de CBD do Colorado<\/h2>\n<p>Nossos frascos de tintura de 30 ml com tampas de rosca douradas e tabela de dosagem personalizada foram selecionados por uma empresa de CBD do Colorado. O frasco de vidro resistente previne eficazmente a fotodegrada\u00e7\u00e3o, aumentando a pot\u00eancia do s\u00e9rum em 25%. O conta-gotas preciso garante a dosagem exata de 1 ml a cada uso. Devido ao enorme sucesso do produto, a empresa encomendou mais 1,2 milh\u00e3o de frascos para distribuir em sua rede varejista nacional.<\/p>\n<h2>Personaliza\u00e7\u00e3o de frascos conta-gotas para tinturas<\/h2>\n<ul>\n<li>Cores personalizadas para a tampa e o conta-gotas: Tanto a tampa quanto a pera de silicone podem ser encomendadas na cor que corresponda a uma determinada marca, conforme indicado na paleta de cores.<\/li>\n<li>Grava\u00e7\u00e3o personalizada na tampa: Selecione qualquer logotipo ou monograma para gravar na tampa do conta-gotas e ter uma marca personalizada.<\/li>\n<li>Trava de seguran\u00e7a infantil: Incorpora um mecanismo de press\u00e3o ou aperto para girar na tampa do conta-gotas.<\/li>\n<\/ul>","protected":false},"excerpt":{"rendered":"<p>Descubra frascos de tintura premium com bulbo de silicone branco e acabamento met\u00e1lico. Esses frascos conta-gotas para tintura est\u00e3o prontos para personaliza\u00e7\u00e3o imediata com sua marca.<\/p>","protected":false},"featured_media":5791,"template":"","meta":{"postBodyCss":"","postBodyMargin":[],"postBodyPadding":[],"postBodyBackground":{"backgroundType":"classic","gradient":""}},"product_brand":[],"product_cat":[15,87,16],"product_tag":[],"class_list":{"0":"post-5787","1":"product","2":"type-product","3":"status-publish","4":"has-post-thumbnail","6":"product_cat-glass-containers","7":"product_cat-dropper-bottles","8":"product_cat-glass-bottles","10":"first","11":"instock","12":"shipping-taxable","13":"product-type-simple"},"jetpack_sharing_enabled":true,"_links":{"self":[{"href":"https:\/\/minghanggroup.com\/pt\/wp-json\/wp\/v2\/product\/5787","targetHints":{"allow":["GET"]}}],"collection":[{"href":"https:\/\/minghanggroup.com\/pt\/wp-json\/wp\/v2\/product"}],"about":[{"href":"https:\/\/minghanggroup.com\/pt\/wp-json\/wp\/v2\/types\/product"}],"wp:featuredmedia":[{"embeddable":true,"href":"https:\/\/minghanggroup.com\/pt\/wp-json\/wp\/v2\/media\/5791"}],"wp:attachment":[{"href":"https:\/\/minghanggroup.com\/pt\/wp-json\/wp\/v2\/media?parent=5787"}],"wp:term":[{"taxonomy":"product_brand","embeddable":true,"href":"https:\/\/minghanggroup.com\/pt\/wp-json\/wp\/v2\/product_brand?post=5787"},{"taxonomy":"product_cat","embeddable":true,"href":"https:\/\/minghanggroup.com\/pt\/wp-json\/wp\/v2\/product_cat?post=5787"},{"taxonomy":"product_tag","embeddable":true,"href":"https:\/\/minghanggroup.com\/pt\/wp-json\/wp\/v2\/product_tag?post=5787"}],"curies":[{"name":"wp","href":"https:\/\/api.w.org\/{rel}","templated":true}]}}