{"id":5782,"date":"2026-02-28T09:04:02","date_gmt":"2026-02-28T01:04:02","guid":{"rendered":"https:\/\/minghanggroup.com\/?post_type=product&#038;p=5782"},"modified":"2026-02-28T16:39:44","modified_gmt":"2026-02-28T08:39:44","slug":"clear-glass-bottles-with-dropper-wholesale","status":"publish","type":"product","link":"https:\/\/minghanggroup.com\/pt\/produto\/clear-glass-bottles-with-dropper-wholesale\/","title":{"rendered":"Frascos de vidro transparente de 5 ml a 100 ml com conta-gotas para venda por atacado."},"content":{"rendered":"<p>Os frascos de vidro com conta-gotas s\u00e3o de alta qualidade, com corpo de vidro cristalino e linhas suaves e elegantes. Est\u00e3o dispon\u00edveis em diferentes tamanhos e com tampas conta-gotas modernas em dourado, prateado, preto e com efeito madeira, ideais para acondicionar \u00f3leos essenciais e s\u00e9runs.<\/p>\n<h2>Caracter\u00edsticas do produto<\/h2>\n<ul>\n<li><strong>Sistema de gotejamento de precis\u00e3o:<\/strong> O conta-gotas e a pera integrados s\u00e3o projetados de forma a liberar o l\u00edquido de maneira controlada.<\/li>\n<li><strong>Op\u00e7\u00f5es de limite:<\/strong> Selecione entre uma ampla variedade de op\u00e7\u00f5es de tampas (dourada, prateada, preta, imita\u00e7\u00e3o de madeira) para combinar com o estilo da sua marca.<\/li>\n<li><strong>Tamanhos de bon\u00e9 ajust\u00e1veis:<\/strong> Sete tamanhos entre 5ml e 100ml, que podem ser ajustados para atender a diversas necessidades, incluindo tamanhos de amostra at\u00e9 produtos de grande porte.<\/li>\n<\/ul>\n<h2 style=\"text-align: left;\">Especifica\u00e7\u00f5es principais<\/h2>\n<table class=\"aligncenter\" style=\"border-collapse: collapse; width: 419.27pt;\" border=\"0\" width=\"559\" cellspacing=\"0\" cellpadding=\"0\">\n<tbody>\n<tr style=\"height: 13.50pt;\">\n<td style=\"height: 13.50pt; width: 115.50pt;\" width=\"154\" height=\"18\">Especifica\u00e7\u00e3o<\/td>\n<td style=\"width: 303.75pt;\" width=\"405\">Detalhes<\/td>\n<\/tr>\n<tr style=\"height: 13.50pt;\">\n<td style=\"height: 13.50pt;\" height=\"18\">Capacidade<\/td>\n<td>5 ml, 10 ml, 15 ml, 20 ml, 30 ml, 50 ml, 100 ml<\/td>\n<\/tr>\n<tr style=\"height: 13.50pt;\">\n<td style=\"height: 13.50pt;\" height=\"18\">Dimens\u00f5es<\/td>\n<td>2,2\u00d77,3cm a 4,5\u00d713,5cm (Di\u00e2metro \u00d7 Altura)<\/td>\n<\/tr>\n<tr style=\"height: 13.50pt;\">\n<td style=\"height: 13.50pt;\" height=\"18\">Material<\/td>\n<td>Vidro transparente, bulbo de silicone<\/td>\n<\/tr>\n<tr style=\"height: 13.50pt;\">\n<td style=\"height: 13.50pt;\" height=\"18\">Formato de garrafa<\/td>\n<td>Cilindro com conjunto de conta-gotas<\/td>\n<\/tr>\n<tr style=\"height: 13.50pt;\">\n<td style=\"height: 13.50pt;\" height=\"18\">Escopo de personaliza\u00e7\u00e3o<\/td>\n<td>Cor, Tampas, Acabamento, Tipo de Ponta Conta-Gotas<\/td>\n<\/tr>\n<tr style=\"height: 13.50pt;\">\n<td style=\"height: 13.50pt;\" height=\"18\">Artesanato<\/td>\n<td>Sopro de vidro de precis\u00e3o, montagem de conta-gotas de vidro<\/td>\n<\/tr>\n<tr style=\"height: 13.50pt;\">\n<td style=\"height: 13.50pt;\" height=\"18\">Finalidade do produto<\/td>\n<td>Frascos conta-gotas para venda por atacado, frascos para \u00f3leos essenciais.<\/td>\n<\/tr>\n<tr style=\"height: 13.50pt;\">\n<td style=\"height: 13.50pt;\" height=\"18\">Ind\u00fastrias adequadas<\/td>\n<td>Marcas de cosm\u00e9ticos, empresas de cuidados com a pele<\/td>\n<\/tr>\n<\/tbody>\n<\/table>\n<h2>Caso de sucesso: marca coreana de s\u00e9rum anuncia linha de cuidados com a pele.<\/h2>\n<p>Uma marca coreana de cuidados com a pele, que est\u00e1 fazendo grande sucesso, escolheu vender seus produtos em nossos frascos conta-gotas de vidro de 30ml com tampas douradas impressas e r\u00f3tulos lisos. O frasco do s\u00e9rum \u00e9 de vidro transl\u00facido, o que demonstra a pureza do produto e aumenta a confian\u00e7a do consumidor. O conta-gotas preciso permite dispensar 0,5ml a cada uso, aumentando a vida \u00fatil do produto em 20%. A excelente aceita\u00e7\u00e3o no mercado j\u00e1 levou a marca a encomendar mais 2 milh\u00f5es de frascos para atender \u00e0 crescente demanda nos mercados internacionais de e-commerce e varejo.<\/p>\n<h2>Personaliza\u00e7\u00e3o de frascos conta-gotas no atacado<\/h2>\n<ul>\n<li>Cores das garrafas de vidro: Dispon\u00edveis em transparente, \u00e2mbar ou azul cobalto, essas cores podem ser usadas para oferecer prote\u00e7\u00e3o UV ou para refor\u00e7ar a marca.<\/li>\n<li>Acabamentos foscos\/mate: para obter um toque suave e luxuoso, aplique um acabamento fosco nas garrafas de vidro.<\/li>\n<li>Dosadores graduados: Para medir com precis\u00e3o, adicione gradua\u00e7\u00f5es aos conta-gotas (ex.: 0,5 ml, 1 ml).<\/li>\n<\/ul>","protected":false},"excerpt":{"rendered":"<p>Frascos conta-gotas em tamanhos graduados, dispon\u00edveis para venda por atacado. Frascos de vidro de alta transpar\u00eancia com bulbo conta-gotas para \u00f3leos e tinturas. Solicite amostras gr\u00e1tis.<\/p>","protected":false},"featured_media":5784,"template":"","meta":{"postBodyCss":"","postBodyMargin":[],"postBodyPadding":[],"postBodyBackground":{"backgroundType":"classic","gradient":""}},"product_brand":[],"product_cat":[15,87,16],"product_tag":[],"class_list":{"0":"post-5782","1":"product","2":"type-product","3":"status-publish","4":"has-post-thumbnail","6":"product_cat-glass-containers","7":"product_cat-dropper-bottles","8":"product_cat-glass-bottles","10":"first","11":"instock","12":"shipping-taxable","13":"product-type-simple"},"jetpack_sharing_enabled":true,"_links":{"self":[{"href":"https:\/\/minghanggroup.com\/pt\/wp-json\/wp\/v2\/product\/5782","targetHints":{"allow":["GET"]}}],"collection":[{"href":"https:\/\/minghanggroup.com\/pt\/wp-json\/wp\/v2\/product"}],"about":[{"href":"https:\/\/minghanggroup.com\/pt\/wp-json\/wp\/v2\/types\/product"}],"wp:featuredmedia":[{"embeddable":true,"href":"https:\/\/minghanggroup.com\/pt\/wp-json\/wp\/v2\/media\/5784"}],"wp:attachment":[{"href":"https:\/\/minghanggroup.com\/pt\/wp-json\/wp\/v2\/media?parent=5782"}],"wp:term":[{"taxonomy":"product_brand","embeddable":true,"href":"https:\/\/minghanggroup.com\/pt\/wp-json\/wp\/v2\/product_brand?post=5782"},{"taxonomy":"product_cat","embeddable":true,"href":"https:\/\/minghanggroup.com\/pt\/wp-json\/wp\/v2\/product_cat?post=5782"},{"taxonomy":"product_tag","embeddable":true,"href":"https:\/\/minghanggroup.com\/pt\/wp-json\/wp\/v2\/product_tag?post=5782"}],"curies":[{"name":"wp","href":"https:\/\/api.w.org\/{rel}","templated":true}]}}