{"id":5777,"date":"2026-02-27T16:38:54","date_gmt":"2026-02-27T08:38:54","guid":{"rendered":"https:\/\/minghanggroup.com\/?post_type=product&#038;p=5777"},"modified":"2026-02-27T16:47:14","modified_gmt":"2026-02-27T08:47:14","slug":"amber-dropper-bottles-for-essential-oils-bulk","status":"publish","type":"product","link":"https:\/\/minghanggroup.com\/pt\/produto\/amber-dropper-bottles-for-essential-oils-bulk\/","title":{"rendered":"Frascos conta-gotas \u00e2mbar de 5 ml a 100 ml para \u00f3leos essenciais (a granel)"},"content":{"rendered":"<p>Nossos frascos conta-gotas \u00e2mbar resolvem esse problema. Os frascos conta-gotas para \u00f3leos essenciais com vidro \u00e2mbar com prote\u00e7\u00e3o UV mant\u00eam seu \u00f3leo essencial puro. Frascos de vidro feitos de vidro borossilicato premium \u2014 \u00e2mbar para prote\u00e7\u00e3o UV, transparente para visibilidade. Embalagem ideal para a sua marca de \u00f3leos essenciais. Tamanho do frasco? De 5 ml (perfeito para amostras de 30 ml) a 100 ml. Conta-gotas? Design de precis\u00e3o em frasco de vidro conta-gotas. Seu \u00f3leo essencial permanece fresco.<\/p>\n<h2>Caracter\u00edsticas do produto<\/h2>\n<ul>\n<li><strong>Poder de prote\u00e7\u00e3o UV:<\/strong> O vidro \u00e2mbar bloqueia a luz ultravioleta, o que \u00e9 de vital import\u00e2ncia para a estabilidade dos \u00f3leos essenciais. Sem desbotamento e sem degrada\u00e7\u00e3o.<\/li>\n<li><strong>Dosagem de precis\u00e3o:<\/strong> Um frasco conta-gotas de vidro garante uma dosagem precisa. Chega de desperd\u00edcio de tintura ou \u00f3leo essencial.<\/li>\n<li><strong>Flexibilidade de tamanho:<\/strong> 5 ml para roll-on, em recipientes, 100 ml para fornecimento a granel. A variedade de tamanhos atende a todas as necessidades de \u00f3leos essenciais.<\/li>\n<\/ul>\n<h2>Especifica\u00e7\u00f5es principais<\/h2>\n<table style=\"border-collapse: collapse; width: 80%; margin-left: auto; margin-right: auto;\" border=\"0\" width=\"288\" cellspacing=\"0\" cellpadding=\"0\">\n<tbody>\n<tr style=\"height: 13.50pt;\">\n<td style=\"height: 13.5pt; width: 54pt; text-align: center;\" width=\"72\" height=\"18\">Capacidade (ml)<\/td>\n<td style=\"width: 54pt; text-align: center;\" width=\"72\">Dimens\u00f5es (cm)<\/td>\n<td style=\"width: 54pt; text-align: center;\" width=\"72\">Cor<\/td>\n<td style=\"width: 54pt; text-align: center;\" width=\"72\">Acess\u00f3rios<\/td>\n<\/tr>\n<tr style=\"height: 13.50pt;\">\n<td style=\"height: 13.5pt; text-align: center;\" align=\"right\" height=\"18\">5<\/td>\n<td style=\"text-align: center;\">2,2 \u00d7 5,0<\/td>\n<td class=\"et2\" style=\"text-align: center;\" rowspan=\"7\">\u00c2mbar ou personalizado<\/td>\n<td class=\"et2\" style=\"text-align: center;\" rowspan=\"7\">An\u00e9is antifurto, an\u00e9is galvanizados, pontas de conta-gotas multicoloridas<\/td>\n<\/tr>\n<tr style=\"height: 13.50pt;\">\n<td style=\"height: 13.5pt; text-align: center;\" align=\"right\" height=\"18\">10<\/td>\n<td style=\"text-align: center;\">2,5 \u00d7 5,8<\/td>\n<\/tr>\n<tr style=\"height: 13.50pt;\">\n<td style=\"height: 13.5pt; text-align: center;\" align=\"right\" height=\"18\">15<\/td>\n<td style=\"text-align: center;\">2,9 \u00d7 6,5<\/td>\n<\/tr>\n<tr style=\"height: 13.50pt;\">\n<td style=\"height: 13.5pt; text-align: center;\" align=\"right\" height=\"18\">20<\/td>\n<td style=\"text-align: center;\">2,9 \u00d7 7,1<\/td>\n<\/tr>\n<tr style=\"height: 13.50pt;\">\n<td style=\"height: 13.5pt; text-align: center;\" align=\"right\" height=\"18\">30<\/td>\n<td style=\"text-align: center;\">3,3 \u00d7 7,8<\/td>\n<\/tr>\n<tr style=\"height: 13.50pt;\">\n<td style=\"height: 13.5pt; text-align: center;\" align=\"right\" height=\"18\">50<\/td>\n<td style=\"text-align: center;\">3,7 \u00d7 9,2<\/td>\n<\/tr>\n<tr style=\"height: 13.50pt;\">\n<td style=\"height: 13.5pt; text-align: center;\" align=\"right\" height=\"18\">100<\/td>\n<td style=\"text-align: center;\">4,5 \u00d7 11,2<\/td>\n<\/tr>\n<\/tbody>\n<\/table>\n<h2>Caso de sucesso<\/h2>\n<p>Nossos frascos conta-gotas de vidro \u00e2mbar foram escolhidos por uma empresa canadense de cosm\u00e9ticos naturais para o relan\u00e7amento de sua marca de \u00f3leo facial de alta qualidade. Aspectos visualmente diferenciados, como um anel de alum\u00ednio com grava\u00e7\u00e3o dourada no gargalo, uma tampa preta fosca com textura canelada (para melhor ader\u00eancia), um conta-gotas de vidro calibrado com gradua\u00e7\u00e3o de 0,25 ml para um controle de dosagem mais preciso e um painel fosco para o r\u00f3tulo, que melhora a ader\u00eancia da serigrafia, tamb\u00e9m foram inclu\u00eddos.<\/p>\n<p>Ap\u00f3s a introdu\u00e7\u00e3o da nova embalagem, o cliente afirmou que as vendas aumentaram 32% nos dois primeiros trimestres, impulsionadas principalmente pela maior consist\u00eancia dos produtos e pela melhor visibilidade nas prateleiras. A marca realizou seis grandes pedidos repetidos em 10 meses, o que representa um aumento de 65% no volume de compras em compara\u00e7\u00e3o com o ano anterior.<\/p>\n<h2>Sugest\u00f5es de personaliza\u00e7\u00e3o<\/h2>\n<ol>\n<li><strong>Atualiza\u00e7\u00e3o do Dropper:<\/strong> Adicione tampas galvanizadas para garantir o transporte \u00e0 prova de vazamentos. Op\u00e7\u00f5es de cores diferentes para as pontas dos conta-gotas.<\/li>\n<li><strong>Economias em compras por atacado:<\/strong> Compre frascos conta-gotas \u00e2mbar em grandes quantidades e aproveite amostras gr\u00e1tis e pre\u00e7os diferenciados.<\/li>\n<li><strong>Prote\u00e7\u00e3o UV:<\/strong> O vidro \u00e2mbar para \u00f3leo \u00e9 um \u00f3timo filtro UV natural para \u00f3leos essenciais; seus \u00f3leos essenciais n\u00e3o desbotar\u00e3o mais.<\/li>\n<\/ol>","protected":false},"excerpt":{"rendered":"<p>Frascos conta-gotas \u00e2mbar para \u00f3leos essenciais. Frascos conta-gotas para \u00f3leos essenciais com prote\u00e7\u00e3o UV para grandes quantidades. Cores personalizadas. Envio direto da f\u00e1brica. Amostras gr\u00e1tis.<\/p>","protected":false},"featured_media":5781,"template":"","meta":{"postBodyCss":"","postBodyMargin":[],"postBodyPadding":[],"postBodyBackground":{"backgroundType":"classic","gradient":""}},"product_brand":[],"product_cat":[15,87,16],"product_tag":[],"class_list":{"0":"post-5777","1":"product","2":"type-product","3":"status-publish","4":"has-post-thumbnail","6":"product_cat-glass-containers","7":"product_cat-dropper-bottles","8":"product_cat-glass-bottles","10":"first","11":"instock","12":"shipping-taxable","13":"product-type-simple"},"jetpack_sharing_enabled":true,"_links":{"self":[{"href":"https:\/\/minghanggroup.com\/pt\/wp-json\/wp\/v2\/product\/5777","targetHints":{"allow":["GET"]}}],"collection":[{"href":"https:\/\/minghanggroup.com\/pt\/wp-json\/wp\/v2\/product"}],"about":[{"href":"https:\/\/minghanggroup.com\/pt\/wp-json\/wp\/v2\/types\/product"}],"wp:featuredmedia":[{"embeddable":true,"href":"https:\/\/minghanggroup.com\/pt\/wp-json\/wp\/v2\/media\/5781"}],"wp:attachment":[{"href":"https:\/\/minghanggroup.com\/pt\/wp-json\/wp\/v2\/media?parent=5777"}],"wp:term":[{"taxonomy":"product_brand","embeddable":true,"href":"https:\/\/minghanggroup.com\/pt\/wp-json\/wp\/v2\/product_brand?post=5777"},{"taxonomy":"product_cat","embeddable":true,"href":"https:\/\/minghanggroup.com\/pt\/wp-json\/wp\/v2\/product_cat?post=5777"},{"taxonomy":"product_tag","embeddable":true,"href":"https:\/\/minghanggroup.com\/pt\/wp-json\/wp\/v2\/product_tag?post=5777"}],"curies":[{"name":"wp","href":"https:\/\/api.w.org\/{rel}","templated":true}]}}