{"id":5767,"date":"2026-02-27T15:09:42","date_gmt":"2026-02-27T07:09:42","guid":{"rendered":"https:\/\/minghanggroup.com\/?post_type=product&#038;p=5767"},"modified":"2026-04-14T10:26:24","modified_gmt":"2026-04-14T02:26:24","slug":"boston-small-syrup-bottles-with-vintage-design-bulk","status":"publish","type":"product","link":"https:\/\/minghanggroup.com\/pt\/produto\/boston-small-syrup-bottles-with-vintage-design-bulk\/","title":{"rendered":"Frascos de xarope Boston Small de 15ml a 250ml com design vintage (em grande quantidade)"},"content":{"rendered":"<p>Fabricamos frascos de xarope de tamanho reduzido com um design vintage que atende perfeitamente \u00e0s suas necessidades de embalagem farmac\u00eautica. Esses frascos vintage para xarope possuem uma boca estreita (2024 mm), ideal para medicamentos l\u00edquidos, xaropes ou extratos \u2013 diga adeus a derramamentos e gotejamentos indesejados. Voc\u00ea ficar\u00e1 encantado com o fato de o vidro \u00e2mbar n\u00e3o s\u00f3 proteger o medicamento da luz, como tamb\u00e9m conferir um toque cl\u00e1ssico \u00e0 sua linha de produtos farmac\u00eauticos.<\/p>\n<h2>Caracter\u00edsticas do produto<\/h2>\n<ul>\n<li><strong>Formato cl\u00e1ssico Boston Round:<\/strong> Corpo cil\u00edndrico atemporal com ombros arredondados, um estilo de embalagem profissional e facilmente reconhec\u00edvel.<\/li>\n<li><strong>Vidro de prote\u00e7\u00e3o UV \u00e2mbar:<\/strong> Reduz significativamente a exposi\u00e7\u00e3o \u00e0 luz, mantendo assim a integridade de l\u00edquidos sens\u00edveis \u00e0 luz.<\/li>\n<li><strong>Op\u00e7\u00f5es de capacidade m\u00faltipla:<\/strong> Oferecemos diversas op\u00e7\u00f5es de tamanho para atender \u00e0s necessidades de diferentes quantidades de xarope, extrato ou solu\u00e7\u00e3o.<\/li>\n<\/ul>\n<h2>Especifica\u00e7\u00f5es principais<\/h2>\n<table style=\"border-collapse: collapse; width: 80%; margin-left: auto; margin-right: auto;\" border=\"0\" width=\"360\" cellspacing=\"0\" cellpadding=\"0\">\n<tbody>\n<tr style=\"height: 13.50pt;\">\n<td style=\"height: 13.5pt; width: 54pt; text-align: center;\" width=\"72\" height=\"18\">Capacidade (ml)<\/td>\n<td style=\"width: 54pt; text-align: center;\" width=\"72\">Tamanho (cm)<\/td>\n<td style=\"width: 54pt; text-align: center;\" width=\"72\">Di\u00e2metro do pesco\u00e7o (mm)<\/td>\n<td style=\"width: 54pt; text-align: center;\" width=\"72\">Cor<\/td>\n<td style=\"width: 54pt; text-align: center;\" width=\"72\">Recurso<\/td>\n<\/tr>\n<tr style=\"height: 13.50pt;\">\n<td style=\"height: 13.5pt; text-align: center;\" align=\"right\" height=\"18\">15<\/td>\n<td style=\"text-align: center;\">2,7 \u00d7 6,75<\/td>\n<td style=\"text-align: center;\" align=\"right\">28<\/td>\n<td class=\"et2\" style=\"text-align: center;\" rowspan=\"5\">\u00c2mbar<\/td>\n<td class=\"et2\" style=\"text-align: center;\" rowspan=\"5\">Design de boca estreita<\/td>\n<\/tr>\n<tr style=\"height: 13.50pt;\">\n<td style=\"height: 13.5pt; text-align: center;\" align=\"right\" height=\"18\">30<\/td>\n<td style=\"text-align: center;\">3,3 \u00d7 7,88<\/td>\n<td style=\"text-align: center;\" align=\"right\">20<\/td>\n<\/tr>\n<tr style=\"height: 13.50pt;\">\n<td style=\"height: 13.5pt; text-align: center;\" align=\"right\" height=\"18\">60<\/td>\n<td style=\"text-align: center;\">4,08 \u00d7 9,39<\/td>\n<td style=\"text-align: center;\" align=\"right\">20<\/td>\n<\/tr>\n<tr style=\"height: 13.50pt;\">\n<td style=\"height: 13.5pt; text-align: center;\" align=\"right\" height=\"18\">120<\/td>\n<td style=\"text-align: center;\">4,84 \u00d7 11,53<\/td>\n<td style=\"text-align: center;\" align=\"right\">22<\/td>\n<\/tr>\n<tr style=\"height: 13.50pt;\">\n<td style=\"height: 13.5pt; text-align: center;\" align=\"right\" height=\"18\">250<\/td>\n<td style=\"text-align: center;\">6,2 \u00d7 14,0<\/td>\n<td style=\"text-align: center;\" align=\"right\">24<\/td>\n<\/tr>\n<\/tbody>\n<\/table>\n<h2>Caso de sucesso<\/h2>\n<p>Nossas garrafas de xarope redondas de 60 ml na cor \u00e2mbar, da marca Boston, foram escolhidas por uma empresa familiar de xaropes de ervas. Eles encomendaram um vidro \u00e2mbar mais espesso para oferecer melhor prote\u00e7\u00e3o contra raios UV e com marca\u00e7\u00f5es de volume em relevo na base para facilitar a medi\u00e7\u00e3o. Al\u00e9m disso, imprimiram seu logotipo minimalista nas garrafas de vidro para refor\u00e7ar a marca e substitu\u00edram os r\u00f3tulos de papel pelo n\u00famero do lote.<\/p>\n<p>Ap\u00f3s a mudan\u00e7a no uso de frascos personalizados, a marca registrou uma redu\u00e7\u00e3o de 38% nas reclama\u00e7\u00f5es de vazamentos durante o transporte e um aumento de 32% nas compras recorrentes no atacado em lojas de suplementos nutricionais. Al\u00e9m disso, continuaram realizando pedidos em grande volume em v\u00e1rios ciclos de produ\u00e7\u00e3o consecutivos.<\/p>\n<h2>Sua dica personalizada<\/h2>\n<ol>\n<li><strong>Serigrafia, impress\u00e3o em tela e estampagem a quente:<\/strong> Impress\u00e3o direta, estampagem a quente met\u00e1lica ou acabamento com tinta fosca s\u00e3o usados \u200b\u200bpara dar uma apar\u00eancia sofisticada \u00e0 prateleira.<\/li>\n<li><strong>Acabamento fosco ou mate na superf\u00edcie:<\/strong> Tenha um olhar atento para revelar uma superf\u00edcie fosca que facilita o manuseio e confere um aspecto luxuoso e exclusivo.<\/li>\n<li><strong>Conjuntos de embalagens personalizadas:<\/strong> Forne\u00e7a seus produtos juntamente com tampas, conta-gotas e embalagens externas combinando, na mesma tonalidade de cor, para obter uma apar\u00eancia de marca completa.<\/li>\n<\/ol>","protected":false},"excerpt":{"rendered":"<p>Garrafas de xarope pequenas e resistentes em vidro \u00e2mbar com um visual cl\u00e1ssico. Garrafas de xarope vintage direto da f\u00e1brica, fornecimento em grandes quantidades, amostras gr\u00e1tis e tamanhos personalizados dispon\u00edveis.<\/p>","protected":false},"featured_media":5775,"template":"","meta":{"postBodyCss":"","postBodyMargin":[],"postBodyPadding":[],"postBodyBackground":{"backgroundType":"classic","gradient":""}},"product_brand":[],"product_cat":[15,86,16],"product_tag":[88,102,112],"class_list":{"0":"post-5767","1":"product","2":"type-product","3":"status-publish","4":"has-post-thumbnail","6":"product_cat-glass-containers","7":"product_cat-glass-medicine-bottles","8":"product_cat-glass-bottles","9":"product_tag-medicine-syrup-bottles","10":"product_tag-pharmaceutical-syrup-bottles","11":"product_tag-soap-dispensers","13":"first","14":"instock","15":"shipping-taxable","16":"product-type-simple"},"jetpack_sharing_enabled":true,"_links":{"self":[{"href":"https:\/\/minghanggroup.com\/pt\/wp-json\/wp\/v2\/product\/5767","targetHints":{"allow":["GET"]}}],"collection":[{"href":"https:\/\/minghanggroup.com\/pt\/wp-json\/wp\/v2\/product"}],"about":[{"href":"https:\/\/minghanggroup.com\/pt\/wp-json\/wp\/v2\/types\/product"}],"wp:featuredmedia":[{"embeddable":true,"href":"https:\/\/minghanggroup.com\/pt\/wp-json\/wp\/v2\/media\/5775"}],"wp:attachment":[{"href":"https:\/\/minghanggroup.com\/pt\/wp-json\/wp\/v2\/media?parent=5767"}],"wp:term":[{"taxonomy":"product_brand","embeddable":true,"href":"https:\/\/minghanggroup.com\/pt\/wp-json\/wp\/v2\/product_brand?post=5767"},{"taxonomy":"product_cat","embeddable":true,"href":"https:\/\/minghanggroup.com\/pt\/wp-json\/wp\/v2\/product_cat?post=5767"},{"taxonomy":"product_tag","embeddable":true,"href":"https:\/\/minghanggroup.com\/pt\/wp-json\/wp\/v2\/product_tag?post=5767"}],"curies":[{"name":"wp","href":"https:\/\/api.w.org\/{rel}","templated":true}]}}