{"id":5764,"date":"2026-02-27T11:51:14","date_gmt":"2026-02-27T03:51:14","guid":{"rendered":"https:\/\/minghanggroup.com\/?post_type=product&#038;p=5764"},"modified":"2026-04-14T10:25:02","modified_gmt":"2026-04-14T02:25:02","slug":"cobalt-blue-glass-empty-syrup-bottles-wholesale","status":"publish","type":"product","link":"https:\/\/minghanggroup.com\/pt\/produto\/cobalt-blue-glass-empty-syrup-bottles-wholesale\/","title":{"rendered":"Frascos de vidro azul cobalto vazios para xarope, de 15 ml a 500 ml, para venda por atacado."},"content":{"rendered":"<p>Este tipo de frasco vazio para xarope possui um elegante corpo de vidro azul cobalto e um formato cil\u00edndrico tradicional com ombros arredondados e lisos, al\u00e9m de um gargalo estreito com rosca convencional, sendo ideal para fornecedores farmac\u00eauticos e fabricantes de xarope.<\/p>\n<h2>Caracter\u00edsticas do produto<\/h2>\n<ul>\n<li><strong>Excelente prote\u00e7\u00e3o UV:<\/strong> O vidro azul cobalto tem um efeito de bloqueio positivo em diversos comprimentos de onda da luz que s\u00e3o prejudiciais aos olhos humanos.<\/li>\n<li><strong>Design cil\u00edndrico est\u00e1vel:<\/strong> O formato cil\u00edndrico do design \u00e9 curto e largo, o que o torna muito est\u00e1vel e proporciona ao usu\u00e1rio uma pegada confort\u00e1vel e segura.<\/li>\n<li><strong>Capacidades graduadas:<\/strong> Seis marca\u00e7\u00f5es de volume precisas (de 15 ml a 500 ml) s\u00e3o ideais em termos de tamanhos de produto.<\/li>\n<\/ul>\n<h2 style=\"text-align: left;\">Especifica\u00e7\u00f5es principais<\/h2>\n<table class=\"aligncenter\" style=\"border-collapse: collapse; width: 444.77pt;\" border=\"0\" width=\"593\" cellspacing=\"0\" cellpadding=\"0\">\n<tbody>\n<tr style=\"height: 13.50pt;\">\n<td style=\"height: 13.50pt; width: 115.50pt;\" width=\"154\" height=\"18\">Especifica\u00e7\u00e3o<\/td>\n<td style=\"width: 329.25pt;\" width=\"439\">Detalhes<\/td>\n<\/tr>\n<tr style=\"height: 13.50pt;\">\n<td style=\"height: 13.50pt;\" height=\"18\">Capacidade<\/td>\n<td>15ml, 30ml, 60ml, 120ml, 250ml, 500ml<\/td>\n<\/tr>\n<tr style=\"height: 13.50pt;\">\n<td style=\"height: 13.50pt;\" height=\"18\">Dimens\u00f5es<\/td>\n<td>2,5\u00d76,83cm a 7,46\u00d716,87cm (Di\u00e2metro \u00d7 Altura)<\/td>\n<\/tr>\n<tr style=\"height: 13.50pt;\">\n<td style=\"height: 13.50pt;\" height=\"18\">Material<\/td>\n<td>Vidro azul cobalto de grau farmac\u00eautico<\/td>\n<\/tr>\n<tr style=\"height: 13.50pt;\">\n<td style=\"height: 13.50pt;\" height=\"18\">Formato de garrafa<\/td>\n<td>Cilindro curto e largo com ombros arredondados<\/td>\n<\/tr>\n<tr style=\"height: 13.50pt;\">\n<td style=\"height: 13.50pt;\" height=\"18\">Escopo de personaliza\u00e7\u00e3o<\/td>\n<td>Tamanho, Cor, Tampas, Acabamento<\/td>\n<\/tr>\n<tr style=\"height: 13.50pt;\">\n<td style=\"height: 13.50pt;\" height=\"18\">Artesanato<\/td>\n<td>Sopro de vidro de precis\u00e3o<\/td>\n<\/tr>\n<tr style=\"height: 13.50pt;\">\n<td style=\"height: 13.50pt;\" height=\"18\">Finalidade do produto<\/td>\n<td>Garrafas de vidro para xarope no atacado, garrafas de vidro para xarope<\/td>\n<\/tr>\n<tr style=\"height: 13.50pt;\">\n<td style=\"height: 13.50pt;\" height=\"18\">Ind\u00fastrias adequadas<\/td>\n<td>Fabricantes de produtos farmac\u00eauticos, fabricantes de suplementos<\/td>\n<\/tr>\n<\/tbody>\n<\/table>\n<h2>Hist\u00f3ria de sucesso<\/h2>\n<p>Nossas garrafas de xarope vazias de 30 ml na cor azul cobalto foram escolhidas por uma importante empresa de suplementos nutricionais da Calif\u00f3rnia, que recebeu um acabamento fosco no corpo da garrafa e um r\u00f3tulo dourado impresso em serigrafia. Os resultados foram impressionantes: a garrafa de vidro azul cobalto oferece mais de 99% de prote\u00e7\u00e3o contra raios UV\/luz vis\u00edvel, o que aumenta diretamente a vida \u00fatil do produto em 40%. Essa embalagem elegante aumentou o custo de varejo da garrafa em 20% em compara\u00e7\u00e3o com a garrafa transparente usada anteriormente. As taxas de convers\u00e3o online do novo produto aumentaram 15%. Com base nesses resultados de alto desempenho, a empresa fez um novo pedido de 750.000 garrafas.<\/p>\n<h2>Personaliza\u00e7\u00e3o de garrafas de vidro para xarope (venda por atacado)<\/h2>\n<ul>\n<li><strong>Acabamento fosco ou mate:<\/strong> O acabamento totalmente fosco proporciona uma apar\u00eancia suave, luxuosa e inviol\u00e1vel.<\/li>\n<li><strong>Garfo espec\u00edfico para canote retr\u00e1til:<\/strong> Trata-se de uma rosca de gargalo projetada com um di\u00e2metro interno para encaixar com precis\u00e3o em componentes de conta-gotas de vidro de alta precis\u00e3o.<\/li>\n<li><strong>Acabamentos especiais para as tampas:<\/strong> Est\u00e3o dispon\u00edveis acabamentos para a tampa que combinam com o vidro azul, incluindo prata fosca, dourado ou branco.<\/li>\n<\/ul>","protected":false},"excerpt":{"rendered":"<p>Frascos de xarope vazios personalizados em azul cobalto. Nossos frascos de xarope de vidro para atacado s\u00e3o compat\u00edveis com diversos tipos de tampas para uso farmac\u00eautico ou em medicamentos. Suporte profissional para OEMs.<\/p>","protected":false},"featured_media":5769,"template":"","meta":{"postBodyCss":"","postBodyMargin":[],"postBodyPadding":[],"postBodyBackground":{"backgroundType":"classic","gradient":""}},"product_brand":[],"product_cat":[15,86,16],"product_tag":[88,102,112],"class_list":{"0":"post-5764","1":"product","2":"type-product","3":"status-publish","4":"has-post-thumbnail","6":"product_cat-glass-containers","7":"product_cat-glass-medicine-bottles","8":"product_cat-glass-bottles","9":"product_tag-medicine-syrup-bottles","10":"product_tag-pharmaceutical-syrup-bottles","11":"product_tag-soap-dispensers","13":"first","14":"instock","15":"shipping-taxable","16":"product-type-simple"},"jetpack_sharing_enabled":true,"_links":{"self":[{"href":"https:\/\/minghanggroup.com\/pt\/wp-json\/wp\/v2\/product\/5764","targetHints":{"allow":["GET"]}}],"collection":[{"href":"https:\/\/minghanggroup.com\/pt\/wp-json\/wp\/v2\/product"}],"about":[{"href":"https:\/\/minghanggroup.com\/pt\/wp-json\/wp\/v2\/types\/product"}],"wp:featuredmedia":[{"embeddable":true,"href":"https:\/\/minghanggroup.com\/pt\/wp-json\/wp\/v2\/media\/5769"}],"wp:attachment":[{"href":"https:\/\/minghanggroup.com\/pt\/wp-json\/wp\/v2\/media?parent=5764"}],"wp:term":[{"taxonomy":"product_brand","embeddable":true,"href":"https:\/\/minghanggroup.com\/pt\/wp-json\/wp\/v2\/product_brand?post=5764"},{"taxonomy":"product_cat","embeddable":true,"href":"https:\/\/minghanggroup.com\/pt\/wp-json\/wp\/v2\/product_cat?post=5764"},{"taxonomy":"product_tag","embeddable":true,"href":"https:\/\/minghanggroup.com\/pt\/wp-json\/wp\/v2\/product_tag?post=5764"}],"curies":[{"name":"wp","href":"https:\/\/api.w.org\/{rel}","templated":true}]}}