{"id":5758,"date":"2026-02-27T11:16:23","date_gmt":"2026-02-27T03:16:23","guid":{"rendered":"https:\/\/minghanggroup.com\/?post_type=product&#038;p=5758"},"modified":"2026-04-14T10:25:26","modified_gmt":"2026-04-14T02:25:26","slug":"pharmaceutical-glass-bottles-with-screw-neck-bulk","status":"publish","type":"product","link":"https:\/\/minghanggroup.com\/pt\/produto\/pharmaceutical-glass-bottles-with-screw-neck-bulk\/","title":{"rendered":"Frascos de vidro farmac\u00eauticos de 15 ml a 1000 ml com tampa de rosca, a granel."},"content":{"rendered":"<p>Esses frascos de vidro farmac\u00eautico s\u00e3o \u00e2mbar ou transparentes, com corpo cil\u00edndrico convencional, ombros arredondados e gargalo fino com rosca precisa. Est\u00e3o dispon\u00edveis em sete tamanhos para atender a todas as necessidades de aplica\u00e7\u00f5es profissionais.<\/p>\n<h2>Caracter\u00edsticas do produto<\/h2>\n<ul>\n<li><strong>Escolha do material:<\/strong> Dispon\u00edvel em vidro transparente ou \u00e2mbar, que permite f\u00e1cil acesso ao conte\u00fado do produto ou alto n\u00edvel de prote\u00e7\u00e3o UV.<\/li>\n<li><strong>Corpo cil\u00edndrico est\u00e1vel:<\/strong> O corpo \u00e9 curto e arredondado, o que o torna muito est\u00e1vel durante a instala\u00e7\u00e3o e o manuseio.<\/li>\n<li><strong>Assento seguro:<\/strong> O gargalo roscado padr\u00e3o oferece ampla compatibilidade com diferentes tipos de tampas, proporcionando uma veda\u00e7\u00e3o segura e \u00e0 prova de vazamentos.<\/li>\n<\/ul>\n<h2 style=\"text-align: left;\">Especifica\u00e7\u00f5es principais<\/h2>\n<table class=\"aligncenter\" style=\"border-collapse: collapse; width: 447.77pt;\" border=\"0\" width=\"597\" cellspacing=\"0\" cellpadding=\"0\">\n<tbody>\n<tr style=\"height: 13.50pt;\">\n<td style=\"height: 13.50pt; width: 115.50pt;\" width=\"154\" height=\"18\">Especifica\u00e7\u00e3o<\/td>\n<td style=\"width: 332.25pt;\" width=\"443\">Detalhes<\/td>\n<\/tr>\n<tr style=\"height: 13.50pt;\">\n<td style=\"height: 13.50pt;\" height=\"18\">Capacidade<\/td>\n<td>15ml, 30ml, 60ml, 120ml, 250ml, 500ml, 1000ml<\/td>\n<\/tr>\n<tr style=\"height: 13.50pt;\">\n<td style=\"height: 13.50pt;\" height=\"18\">Dimens\u00f5es<\/td>\n<td>2,5\u00d76,83cm a 9,45\u00d720,57cm (Di\u00e2metro \u00d7 Altura)<\/td>\n<\/tr>\n<tr style=\"height: 13.50pt;\">\n<td style=\"height: 13.50pt;\" height=\"18\">Material<\/td>\n<td>Vidro transparente ou \u00e2mbar, de grau farmac\u00eautico.<\/td>\n<\/tr>\n<tr style=\"height: 13.50pt;\">\n<td style=\"height: 13.50pt;\" height=\"18\">Formato de garrafa<\/td>\n<td>Cilindro curto e largo com gargalo estreito e roscado<\/td>\n<\/tr>\n<tr style=\"height: 13.50pt;\">\n<td style=\"height: 13.50pt;\" height=\"18\">Escopo de personaliza\u00e7\u00e3o<\/td>\n<td>Cor, Acabamento, Tampas, Tamanho<\/td>\n<\/tr>\n<tr style=\"height: 13.50pt;\">\n<td style=\"height: 13.50pt;\" height=\"18\">Artesanato<\/td>\n<td>Sopro de vidro de precis\u00e3o para constru\u00e7\u00f5es robustas e est\u00e1veis.<\/td>\n<\/tr>\n<tr style=\"height: 13.50pt;\">\n<td style=\"height: 13.50pt;\" height=\"18\">Finalidade do produto<\/td>\n<td>Xarope em frasco de vidro, frascos para l\u00edquidos orais<\/td>\n<\/tr>\n<tr style=\"height: 13.50pt;\">\n<td style=\"height: 13.50pt;\" height=\"18\">Ind\u00fastrias adequadas<\/td>\n<td>Fabricantes de produtos farmac\u00eauticos, farm\u00e1cias de manipula\u00e7\u00e3o<\/td>\n<\/tr>\n<\/tbody>\n<\/table>\n<h2>Caso de sucesso: Uma linha de produtos especializados de uma farm\u00e1cia<\/h2>\n<p>Uma das maiores redes de farm\u00e1cias do leste dos Estados Unidos desenvolveu uma marca de tintura de ervas. Eles escolheram nosso xarope em frasco de vidro \u00e2mbar de 60 ml, para o qual personalizaram o corpo fosco do frasco e a rotulagem usando uma serigrafia. O frasco de vidro \u00e2mbar ajuda a bloquear a luz, prolongando a vida \u00fatil da tintura pela metade. A capacidade de 60 ml \u00e9 suficiente para um m\u00eas. O sucesso da linha de produtos oferecida pela farm\u00e1cia fez com que eles encomendassem mais 1,5 milh\u00e3o de frascos para garantir o abastecimento de suas 20 lojas durante 18 meses.<\/p>\n<h2>Personaliza\u00e7\u00e3o de frascos de vidro para produtos farmac\u00eauticos<\/h2>\n<ul>\n<li>Cores de vidro personalizadas: Tamb\u00e9m podemos fornecer aos nossos clientes cores de vidro personalizadas resistentes aos raios UV, como azul cobalto, verde ou outras, al\u00e9m do vidro transparente\/\u00e2mbar.<\/li>\n<li>Tampas dosadoras: As tampas dosadoras integradas proporcionam uma dosagem precisa (ex.: 5 ml) a cada pressionamento.<\/li>\n<li>Design com bocal largo: Existem modelos com bocal largo para facilitar o manuseio e o transporte de produtos concentrados ou o seu enchimento.<\/li>\n<li>Anel de seguran\u00e7a no gargalo: Um anel retr\u00e1til perfurado ou um anel de pl\u00e1stico fr\u00e1gil \u00e9 colocado sob a tampa para proporcionar seguran\u00e7a adicional.<\/li>\n<\/ul>","protected":false},"excerpt":{"rendered":"<p>Frascos de vidro para uso farmac\u00eautico, nas cores \u00e2mbar e transparente. Esses frascos para xarope possuem um gargalo estreito com rosca para veda\u00e7\u00e3o segura e herm\u00e9tica. Envio r\u00e1pido!<\/p>","protected":false},"featured_media":5763,"template":"","meta":{"postBodyCss":"","postBodyMargin":[],"postBodyPadding":[],"postBodyBackground":{"backgroundType":"classic","gradient":""}},"product_brand":[],"product_cat":[15,86,16],"product_tag":[88,102,112],"class_list":{"0":"post-5758","1":"product","2":"type-product","3":"status-publish","4":"has-post-thumbnail","6":"product_cat-glass-containers","7":"product_cat-glass-medicine-bottles","8":"product_cat-glass-bottles","9":"product_tag-medicine-syrup-bottles","10":"product_tag-pharmaceutical-syrup-bottles","11":"product_tag-soap-dispensers","13":"first","14":"instock","15":"shipping-taxable","16":"product-type-simple"},"jetpack_sharing_enabled":true,"_links":{"self":[{"href":"https:\/\/minghanggroup.com\/pt\/wp-json\/wp\/v2\/product\/5758","targetHints":{"allow":["GET"]}}],"collection":[{"href":"https:\/\/minghanggroup.com\/pt\/wp-json\/wp\/v2\/product"}],"about":[{"href":"https:\/\/minghanggroup.com\/pt\/wp-json\/wp\/v2\/types\/product"}],"wp:featuredmedia":[{"embeddable":true,"href":"https:\/\/minghanggroup.com\/pt\/wp-json\/wp\/v2\/media\/5763"}],"wp:attachment":[{"href":"https:\/\/minghanggroup.com\/pt\/wp-json\/wp\/v2\/media?parent=5758"}],"wp:term":[{"taxonomy":"product_brand","embeddable":true,"href":"https:\/\/minghanggroup.com\/pt\/wp-json\/wp\/v2\/product_brand?post=5758"},{"taxonomy":"product_cat","embeddable":true,"href":"https:\/\/minghanggroup.com\/pt\/wp-json\/wp\/v2\/product_cat?post=5758"},{"taxonomy":"product_tag","embeddable":true,"href":"https:\/\/minghanggroup.com\/pt\/wp-json\/wp\/v2\/product_tag?post=5758"}],"curies":[{"name":"wp","href":"https:\/\/api.w.org\/{rel}","templated":true}]}}