{"id":5749,"date":"2026-02-27T10:42:39","date_gmt":"2026-02-27T02:42:39","guid":{"rendered":"https:\/\/minghanggroup.com\/?post_type=product&#038;p=5749"},"modified":"2026-03-02T13:22:37","modified_gmt":"2026-03-02T05:22:37","slug":"wide-mouth-glass-pharmaceutical-bottles-bulk","status":"publish","type":"product","link":"https:\/\/minghanggroup.com\/pt\/produto\/wide-mouth-glass-pharmaceutical-bottles-bulk\/","title":{"rendered":"Frascos de vidro farmac\u00eauticos de boca larga de 60 ml a 500 ml a granel"},"content":{"rendered":"<p>Fabricamos frascos farmac\u00eauticos de vidro projetados especificamente para atender \u00e0s suas necessidades de comprimidos e medicamentos. Esses frascos para comprimidos possuem uma boca larga (at\u00e9 50 mm) que facilita o carregamento de c\u00e1psulas, comprimidos ou medicamentos \u2014 chega de dificuldades com aberturas min\u00fasculas. Perfeitos para frascos de medicamentos prescritos, recipientes para vitaminas ou sistemas organizadores, eles s\u00e3o ideais para farm\u00e1cias, distribuidores atacadistas e fabricantes parceiros que exigem confiabilidade.<\/p>\n<h2>Caracter\u00edsticas do produto<\/h2>\n<ul>\n<li><strong>Ampla abertura pela boca:<\/strong> Carregue c\u00e1psulas ou comprimidos facilmente, sem derramar, em apenas alguns segundos.<\/li>\n<li><strong>Cor protetora UV:<\/strong> Nossos frascos de vidro \u00e2mbar e azul s\u00e3o uma \u00f3tima solu\u00e7\u00e3o para proteger medicamentos da degrada\u00e7\u00e3o pela luz.<\/li>\n<li><strong>Tampa de rosca segura:<\/strong> Mantenha seus medicamentos frescos com uma tampa de rosca \u00e0 prova de vazamentos.<\/li>\n<\/ul>\n<h2>Especifica\u00e7\u00f5es principais<\/h2>\n<table style=\"border-collapse: collapse; width: 80%; margin-left: auto; margin-right: auto;\" border=\"0\" width=\"360\" cellspacing=\"0\" cellpadding=\"0\">\n<tbody>\n<tr style=\"height: 13.50pt;\">\n<td style=\"height: 13.5pt; width: 54pt; text-align: center;\" width=\"72\" height=\"18\">Capacidade (ml)<\/td>\n<td style=\"width: 54pt; text-align: center;\" width=\"72\">Tamanho (cm)<\/td>\n<td style=\"width: 54pt; text-align: center;\" width=\"72\">Di\u00e2metro interno\/externo (mm)<\/td>\n<td style=\"width: 54pt; text-align: center;\" width=\"72\">Cores<\/td>\n<td style=\"width: 54pt; text-align: center;\" width=\"72\">Recurso<\/td>\n<\/tr>\n<tr style=\"height: 13.50pt;\">\n<td style=\"height: 13.5pt; text-align: center;\" align=\"right\" height=\"18\">60<\/td>\n<td style=\"text-align: center;\">4,45 \u00d7 7,55<\/td>\n<td class=\"et2\" style=\"text-align: center;\" rowspan=\"2\">28 \/ 34<\/td>\n<td class=\"et2\" style=\"text-align: center;\" rowspan=\"10\">\u00c2mbar, Azul<\/td>\n<td class=\"et2\" style=\"text-align: center;\" rowspan=\"10\">Boca larga, adequada para c\u00e1psulas ou comprimidos.<\/td>\n<\/tr>\n<tr style=\"height: 13.50pt;\">\n<td style=\"height: 13.5pt; text-align: center;\" align=\"right\" height=\"18\">75<\/td>\n<td style=\"text-align: center;\">4,53 \u00d7 8,25<\/td>\n<\/tr>\n<tr style=\"height: 13.50pt;\">\n<td style=\"height: 13.5pt; text-align: center;\" align=\"right\" height=\"18\">100<\/td>\n<td style=\"text-align: center;\">5,0 \u00d7 8,75<\/td>\n<td class=\"et2\" style=\"text-align: center;\" rowspan=\"3\">34 \/ 40<\/td>\n<\/tr>\n<tr style=\"height: 13.50pt;\">\n<td style=\"height: 13.5pt; text-align: center;\" align=\"right\" height=\"18\">120<\/td>\n<td style=\"text-align: center;\">5,28 \u00d7 9,5<\/td>\n<\/tr>\n<tr style=\"height: 13.50pt;\">\n<td style=\"height: 13.5pt; text-align: center;\" align=\"right\" height=\"18\">150<\/td>\n<td style=\"text-align: center;\">5,6 \u00d7 10,0<\/td>\n<\/tr>\n<tr style=\"height: 13.50pt;\">\n<td style=\"height: 13.5pt; text-align: center;\" align=\"right\" height=\"18\">200<\/td>\n<td style=\"text-align: center;\">6,14 \u00d7 10,95<\/td>\n<td class=\"et2\" style=\"text-align: center;\" rowspan=\"2\">Exterior: 42<\/td>\n<\/tr>\n<tr style=\"height: 13.50pt;\">\n<td style=\"height: 13.5pt; text-align: center;\" align=\"right\" height=\"18\">250<\/td>\n<td style=\"text-align: center;\">6,53 \u00d7 11,75<\/td>\n<\/tr>\n<tr style=\"height: 13.50pt;\">\n<td style=\"height: 13.5pt; text-align: center;\" align=\"right\" height=\"18\">300<\/td>\n<td style=\"text-align: center;\">6,82 \u00d7 12,65<\/td>\n<td class=\"et2\" style=\"text-align: center;\" rowspan=\"2\">42 \/ 50<\/td>\n<\/tr>\n<tr style=\"height: 13.50pt;\">\n<td style=\"height: 13.5pt; text-align: center;\" align=\"right\" height=\"18\">400<\/td>\n<td style=\"text-align: center;\">7,47 \u00d7 13,65<\/td>\n<\/tr>\n<tr style=\"height: 13.50pt;\">\n<td style=\"height: 13.5pt; text-align: center;\" align=\"right\" height=\"18\">500<\/td>\n<td style=\"text-align: center;\">8,0 \u00d7 14,7<\/td>\n<td style=\"text-align: center;\">Exterior: 50<\/td>\n<\/tr>\n<\/tbody>\n<\/table>\n<h2>Caso de sucesso<\/h2>\n<p>Uma empresa local de suplementos alimentares na Austr\u00e1lia decidiu usar nossos frascos de vidro farmac\u00eauticos de boca larga de 120 ml para embalar sua linha de comprimidos fitoter\u00e1picos de alta qualidade. Optaram por utilizar marca\u00e7\u00f5es de volume em relevo na base, uma tampa preta fosca com o logotipo prateado estampado a quente e um painel de r\u00f3tulo fosco para que os r\u00f3tulos adesivos n\u00e3o sejam afetados pela umidade do ambiente de varejo.<\/p>\n<p>Ap\u00f3s a reformula\u00e7\u00e3o da embalagem, o cliente relatou que, seis meses depois, as vendas aumentaram 35% e a recompra pelos clientes tamb\u00e9m cresceu. Isso levou \u00e0 aquisi\u00e7\u00e3o das garrafas de vidro para produtos farmac\u00eauticos diversas vezes ao longo do ano seguinte.<\/p>\n<h2>Sua dica de personaliza\u00e7\u00e3o<\/h2>\n<ol>\n<li><strong>Logotipos em relevo ou baixo-relevo:<\/strong> Considere adicionar um logotipo ou texto em relevo ou baixo-relevo na garrafa, que servir\u00e1 como uma identifica\u00e7\u00e3o permanente da marca. Isso n\u00e3o s\u00f3 proporcionar\u00e1 uma apar\u00eancia luxuosa, como tamb\u00e9m aumentar\u00e1 o reconhecimento da marca.<\/li>\n<li><strong>Marca\u00e7\u00f5es de capacidade personalizadas:<\/strong> Considere a possibilidade de utilizar marcadores de capacidade em forma de molde ou impress\u00e3o para facilitar o reconhecimento do volume, ajudando assim os usu\u00e1rios a se familiarizarem com o produto.<\/li>\n<li><strong>Design e personaliza\u00e7\u00e3o de bon\u00e9s:<\/strong> Voc\u00ea pode escolher entre uma ampla variedade de cores e materiais para as tampas, ou at\u00e9 mesmo adicionar relevo personalizado ou estampagem a quente para os fechos, conferindo \u00e0 sua marca uma identidade \u00fanica.<\/li>\n<\/ol>","protected":false},"excerpt":{"rendered":"<p>Frascos de vidro para armazenamento de produtos farmac\u00eauticos no atacado. Frascos para comprimidos com boca larga, na cor \u00e2mbar\/azul. Op\u00e7\u00f5es de r\u00f3tulos e tampas personalizadas. Fabricante de confian\u00e7a.<\/p>","protected":false},"featured_media":5757,"template":"","meta":{"postBodyCss":"","postBodyMargin":[],"postBodyPadding":[],"postBodyBackground":{"backgroundType":"classic","gradient":""}},"product_brand":[],"product_cat":[15,86,16],"product_tag":[89],"class_list":{"0":"post-5749","1":"product","2":"type-product","3":"status-publish","4":"has-post-thumbnail","6":"product_cat-glass-containers","7":"product_cat-glass-medicine-bottles","8":"product_cat-glass-bottles","9":"product_tag-glass-pill-bottles","11":"first","12":"instock","13":"shipping-taxable","14":"product-type-simple"},"jetpack_sharing_enabled":true,"_links":{"self":[{"href":"https:\/\/minghanggroup.com\/pt\/wp-json\/wp\/v2\/product\/5749","targetHints":{"allow":["GET"]}}],"collection":[{"href":"https:\/\/minghanggroup.com\/pt\/wp-json\/wp\/v2\/product"}],"about":[{"href":"https:\/\/minghanggroup.com\/pt\/wp-json\/wp\/v2\/types\/product"}],"wp:featuredmedia":[{"embeddable":true,"href":"https:\/\/minghanggroup.com\/pt\/wp-json\/wp\/v2\/media\/5757"}],"wp:attachment":[{"href":"https:\/\/minghanggroup.com\/pt\/wp-json\/wp\/v2\/media?parent=5749"}],"wp:term":[{"taxonomy":"product_brand","embeddable":true,"href":"https:\/\/minghanggroup.com\/pt\/wp-json\/wp\/v2\/product_brand?post=5749"},{"taxonomy":"product_cat","embeddable":true,"href":"https:\/\/minghanggroup.com\/pt\/wp-json\/wp\/v2\/product_cat?post=5749"},{"taxonomy":"product_tag","embeddable":true,"href":"https:\/\/minghanggroup.com\/pt\/wp-json\/wp\/v2\/product_tag?post=5749"}],"curies":[{"name":"wp","href":"https:\/\/api.w.org\/{rel}","templated":true}]}}