{"id":5747,"date":"2026-02-27T09:17:59","date_gmt":"2026-02-27T01:17:59","guid":{"rendered":"https:\/\/minghanggroup.com\/?post_type=product&#038;p=5747"},"modified":"2026-03-02T15:48:25","modified_gmt":"2026-03-02T07:48:25","slug":"amber-pharmaceutical-bottles-for-syrup-bulk","status":"publish","type":"product","link":"https:\/\/minghanggroup.com\/pt\/produto\/amber-pharmaceutical-bottles-for-syrup-bulk\/","title":{"rendered":"Frascos \u00e2mbar de 30 ml a 500 ml para xarope a granel."},"content":{"rendered":"<p>Esses frascos farmac\u00eauticos t\u00eam um formato oval arredondado e apar\u00eancia envelhecida, com vidro \u00e2mbar escuro que oferece excelente prote\u00e7\u00e3o a l\u00edquidos fotossens\u00edveis devido \u00e0 prote\u00e7\u00e3o UV. O gargalo rosqueado \u00e9 estreito e garante um fechamento herm\u00e9tico. Dispon\u00edvel em diversos tamanhos para atender a diferentes necessidades.<\/p>\n<h2>Caracter\u00edsticas do produto<\/h2>\n<ul>\n<li><strong>Maior prote\u00e7\u00e3o contra a luz:<\/strong> O vidro \u00e2mbar oferece boa prote\u00e7\u00e3o a ingredientes fotossens\u00edveis, pois preserva a pot\u00eancia e a estabilidade dos mesmos.<\/li>\n<li><strong>Gargalo com rosca segura:<\/strong> A rosca padr\u00e3o garante uma veda\u00e7\u00e3o segura com a variedade de tampas compat\u00edveis.<\/li>\n<li><strong>V\u00e1rios tamanhos:<\/strong> Est\u00e1 dispon\u00edvel em nove tamanhos diferentes (de 30 ml a 500 ml), dependendo do volume e da dosagem do produto necess\u00e1rio.<\/li>\n<\/ul>\n<h2 style=\"text-align: left;\">Especifica\u00e7\u00f5es principais<\/h2>\n<table class=\"aligncenter\" style=\"border-collapse: collapse; width: 447.77pt;\" border=\"0\" width=\"597\" cellspacing=\"0\" cellpadding=\"0\">\n<tbody>\n<tr style=\"height: 13.50pt;\">\n<td style=\"height: 13.50pt; width: 115.50pt;\" width=\"154\" height=\"18\">Especifica\u00e7\u00e3o<\/td>\n<td style=\"width: 332.25pt;\" width=\"443\">Detalhes<\/td>\n<\/tr>\n<tr style=\"height: 13.50pt;\">\n<td style=\"height: 13.50pt;\" height=\"18\">Capacidade<\/td>\n<td>30ml, 60ml, 100ml, 125ml, 150ml, 200ml, 250ml, 300ml, 500ml<\/td>\n<\/tr>\n<tr style=\"height: 13.50pt;\">\n<td style=\"height: 13.50pt;\" height=\"18\">Dimens\u00f5es<\/td>\n<td>3,5\u00d76,7cm a 7,68\u00d717,68cm (Di\u00e2metro \u00d7 Altura)<\/td>\n<\/tr>\n<tr style=\"height: 13.50pt;\">\n<td style=\"height: 13.50pt;\" height=\"18\">Material<\/td>\n<td>Vidro \u00e2mbar de grau farmac\u00eautico<\/td>\n<\/tr>\n<tr style=\"height: 13.50pt;\">\n<td style=\"height: 13.50pt;\" height=\"18\">Formato de garrafa<\/td>\n<td>Cilindro liso com gargalo estreito e roscado<\/td>\n<\/tr>\n<tr style=\"height: 13.50pt;\">\n<td style=\"height: 13.50pt;\" height=\"18\">Escopo de personaliza\u00e7\u00e3o<\/td>\n<td>Cor, formato, tamanho, tampas<\/td>\n<\/tr>\n<tr style=\"height: 13.50pt;\">\n<td style=\"height: 13.50pt;\" height=\"18\">Artesanato<\/td>\n<td>Sopro de vidro de precis\u00e3o, prote\u00e7\u00e3o UV<\/td>\n<\/tr>\n<tr style=\"height: 13.50pt;\">\n<td style=\"height: 13.50pt;\" height=\"18\">Finalidade do produto<\/td>\n<td>Frascos farmac\u00eauticos para xaropes e tinturas de ervas.<\/td>\n<\/tr>\n<tr style=\"height: 13.50pt;\">\n<td style=\"height: 13.50pt;\" height=\"18\">Ind\u00fastrias adequadas<\/td>\n<td>Fabricantes de produtos farmac\u00eauticos, empresas de nutrac\u00eauticos<\/td>\n<\/tr>\n<\/tbody>\n<\/table>\n<h2>Caso de Sucesso: Nova Linha de Produtos de uma Empresa de Suplementos do Meio-Oeste<\/h2>\n<p>Uma das empresas de suplementos do Meio-Oeste americano, que oferece vitamina D l\u00edquida e xarope de sabugueiro, lan\u00e7ou uma nova linha. Eles escolheram nossos frascos \u00e2mbar de 125 ml para o xarope, com tabela de dosagem impressa e tampas de seguran\u00e7a para crian\u00e7as. Os frascos de vidro \u00e2mbar t\u00eam 99,5% de prote\u00e7\u00e3o UV, o que prolonga a estabilidade do produto em 40%. O volume de 125 ml corresponde \u00e0 quantidade necess\u00e1ria para 30 dias de tratamento. Foi um enorme sucesso e a empresa encomendou mais 3 milh\u00f5es de frascos para atender \u00e0 demanda de sua crescente rede de varejo nos pr\u00f3ximos dois anos.<\/p>\n<h2>Personaliza\u00e7\u00e3o de Frascos Farmac\u00eauticos<\/h2>\n<ul>\n<li>Cor \u00e2mbar personalizada: O \u00e2mbar pode variar de um tom mel claro a um marrom escuro.<\/li>\n<li>Sistema de tampas: Tampas dispon\u00edveis: conta-gotas, tampas dosadoras, conta-gotas ou bombas de pulveriza\u00e7\u00e3o.<\/li>\n<li>Rotulagem t\u00e1til: Incorpore Braille ou outros detalhes t\u00e1teis vis\u00edveis na garrafa para atender aos requisitos de acessibilidade.<\/li>\n<li>Serigrafia: Impress\u00e3o direta de instru\u00e7\u00f5es de dosagem, r\u00f3tulos ou s\u00edmbolos de medicamentos.<\/li>\n<\/ul>","protected":false},"excerpt":{"rendered":"<p>Frascos \u00e2mbar para xarope e frascos farmac\u00eauticos com tampa de rosca est\u00e3o dispon\u00edveis em nove tamanhos e s\u00e3o ideais para embalar medicamentos fotossens\u00edveis. Amostras gr\u00e1tis.<\/p>","protected":false},"featured_media":5751,"template":"","meta":{"postBodyCss":"","postBodyMargin":[],"postBodyPadding":[],"postBodyBackground":{"backgroundType":"classic","gradient":""}},"product_brand":[],"product_cat":[15,86,16],"product_tag":[88,102],"class_list":{"0":"post-5747","1":"product","2":"type-product","3":"status-publish","4":"has-post-thumbnail","6":"product_cat-glass-containers","7":"product_cat-glass-medicine-bottles","8":"product_cat-glass-bottles","9":"product_tag-medicine-syrup-bottles","10":"product_tag-pharmaceutical-syrup-bottles","12":"first","13":"instock","14":"shipping-taxable","15":"product-type-simple"},"jetpack_sharing_enabled":true,"_links":{"self":[{"href":"https:\/\/minghanggroup.com\/pt\/wp-json\/wp\/v2\/product\/5747","targetHints":{"allow":["GET"]}}],"collection":[{"href":"https:\/\/minghanggroup.com\/pt\/wp-json\/wp\/v2\/product"}],"about":[{"href":"https:\/\/minghanggroup.com\/pt\/wp-json\/wp\/v2\/types\/product"}],"wp:featuredmedia":[{"embeddable":true,"href":"https:\/\/minghanggroup.com\/pt\/wp-json\/wp\/v2\/media\/5751"}],"wp:attachment":[{"href":"https:\/\/minghanggroup.com\/pt\/wp-json\/wp\/v2\/media?parent=5747"}],"wp:term":[{"taxonomy":"product_brand","embeddable":true,"href":"https:\/\/minghanggroup.com\/pt\/wp-json\/wp\/v2\/product_brand?post=5747"},{"taxonomy":"product_cat","embeddable":true,"href":"https:\/\/minghanggroup.com\/pt\/wp-json\/wp\/v2\/product_cat?post=5747"},{"taxonomy":"product_tag","embeddable":true,"href":"https:\/\/minghanggroup.com\/pt\/wp-json\/wp\/v2\/product_tag?post=5747"}],"curies":[{"name":"wp","href":"https:\/\/api.w.org\/{rel}","templated":true}]}}