{"id":5742,"date":"2026-02-26T16:41:30","date_gmt":"2026-02-26T08:41:30","guid":{"rendered":"https:\/\/minghanggroup.com\/?post_type=product&#038;p=5742"},"modified":"2026-03-02T15:53:39","modified_gmt":"2026-03-02T07:53:39","slug":"glass-wide-mouth-reagent-bottles-wholesale","status":"publish","type":"product","link":"https:\/\/minghanggroup.com\/pt\/produto\/glass-wide-mouth-reagent-bottles-wholesale\/","title":{"rendered":"Frascos de vidro de boca larga para reagentes, de 30 ml a 1000 ml, para venda por atacado."},"content":{"rendered":"<p>Voc\u00ea n\u00e3o est\u00e1 apenas armazenando p\u00f3s \u2014 est\u00e1 protegendo sua pesquisa. Nossos frascos de reagentes com boca larga resolvem de vez os problemas de derramamento de p\u00f3. As op\u00e7\u00f5es de frascos \u00e2mbar protegem s\u00f3lidos sens\u00edveis \u00e0 luz. Frascos de vidro borossilicato, transparentes para melhor visualiza\u00e7\u00e3o e \u00e2mbar para prote\u00e7\u00e3o UV. Embalagens farmac\u00eauticas ideais para o seu laborat\u00f3rio. Tamanhos dispon\u00edveis? De 30 ml (doses m\u00ednimas) a 1000 ml. Tampa? Tampas de rosca seguras. Seu medicamento ou reagente permanece puro.<\/p>\n<h2>Caracter\u00edsticas do produto<\/h2>\n<ul>\n<li><strong>Design de boca larga:<\/strong> A grande abertura facilita o enchimento, a dispensa\u00e7\u00e3o e a limpeza, sendo perfeita para reagentes s\u00f3lidos, p\u00f3s e gr\u00e2nulos.<\/li>\n<li><strong>Excelente desempenho de veda\u00e7\u00e3o:<\/strong> Os frascos podem ser selados com rolhas de vidro esmerilado ou tampas herm\u00e9ticas para evitar eficazmente a contamina\u00e7\u00e3o e a entrada de umidade.<\/li>\n<li><strong>Op\u00e7\u00f5es de capacidade variadas:<\/strong> Dispon\u00edvel em diferentes tamanhos para atender \u00e0s necessidades de armazenamento em laborat\u00f3rio, pesquisa e ind\u00fastria.<\/li>\n<\/ul>\n<h2>Especifica\u00e7\u00f5es principais<\/h2>\n<table style=\"border-collapse: collapse; width: 80%; margin-left: auto; margin-right: auto;\" border=\"0\" width=\"360\" cellspacing=\"0\" cellpadding=\"0\">\n<tbody>\n<tr style=\"height: 13.50pt;\">\n<td style=\"height: 13.5pt; width: 54pt; text-align: center;\" width=\"72\" height=\"18\">Capacidade (ml)<\/td>\n<td style=\"width: 54pt; text-align: center;\" width=\"72\">Tamanho (cm)<\/td>\n<td style=\"width: 54pt; text-align: center;\" width=\"72\">Di\u00e2metros interno\/externo (mm)<\/td>\n<td style=\"width: 54pt; text-align: center;\" width=\"72\">Cor<\/td>\n<td style=\"width: 54pt; text-align: center;\" width=\"72\">Caracter\u00edsticas<\/td>\n<\/tr>\n<tr style=\"height: 13.50pt;\">\n<td style=\"height: 13.5pt; text-align: center;\" align=\"right\" height=\"18\">30<\/td>\n<td style=\"text-align: center;\">3,95 \u00d7 7,6<\/td>\n<td class=\"et2\" style=\"text-align: center;\">30.0 \/ 32<\/td>\n<td class=\"et2\" style=\"text-align: center;\" rowspan=\"6\">Transparente\/\u00c2mbar<\/td>\n<td class=\"et2\" style=\"text-align: center;\" rowspan=\"6\">Boca larga<\/td>\n<\/tr>\n<tr style=\"height: 13.50pt;\">\n<td style=\"height: 13.5pt; text-align: center;\" align=\"right\" height=\"18\">60<\/td>\n<td style=\"text-align: center;\">4,47 \u00d7 9,27<\/td>\n<td class=\"et2\" style=\"text-align: center;\">27.0 \/ 35<\/td>\n<\/tr>\n<tr style=\"height: 13.50pt;\">\n<td style=\"height: 13.5pt; text-align: center;\" align=\"right\" height=\"18\">125<\/td>\n<td style=\"text-align: center;\">5,41 \u00d7 11,0<\/td>\n<td class=\"et2\" style=\"text-align: center;\">38.0 \/ 43<\/td>\n<\/tr>\n<tr style=\"height: 13.50pt;\">\n<td style=\"height: 13.5pt; text-align: center;\" align=\"right\" height=\"18\">250<\/td>\n<td style=\"text-align: center;\">6,65 \u00d7 16,63<\/td>\n<td class=\"et2\" style=\"text-align: center;\">42.0 \/ 50<\/td>\n<\/tr>\n<tr style=\"height: 13.50pt;\">\n<td style=\"height: 13.5pt; text-align: center;\" align=\"right\" height=\"18\">500<\/td>\n<td style=\"text-align: center;\">8,22 \u00d7 17,6<\/td>\n<td class=\"et2\" style=\"text-align: center;\">49.0 \/ 58<\/td>\n<\/tr>\n<tr style=\"height: 13.50pt;\">\n<td style=\"height: 13.5pt; text-align: center;\" align=\"right\" height=\"18\">1000<\/td>\n<td style=\"text-align: center;\">10,18 \u00d7 21,17<\/td>\n<td class=\"et2\" style=\"text-align: center;\">58.0 \/ 66<\/td>\n<\/tr>\n<\/tbody>\n<\/table>\n<h2>Caso de sucesso<\/h2>\n<p>Um fornecedor alem\u00e3o de materiais para pesquisa qu\u00edmica decidiu substituir sua linha de embalagens de laborat\u00f3rio por nossa linha de frascos de reagentes de boca larga. Fornecemos frascos de reagentes na cor \u00e2mbar, que possuem maior \u00edndice de bloqueio UV, oferecendo maior prote\u00e7\u00e3o a materiais fotossens\u00edveis. Al\u00e9m disso, gravamos em relevo a capacidade dos frascos, aplicamos um painel de etiqueta branca em cer\u00e2mica resistente a solventes e refor\u00e7amos a base do frasco para torn\u00e1-lo mais pesado e, assim, mais resistente durante o transporte para mercados internacionais.<\/p>\n<p>Ap\u00f3s dois trimestres de uso dos nossos frascos de reagentes pelo distribuidor, este relatou um aumento de 26% no volume de vendas em compara\u00e7\u00e3o com a linha de reagentes embalados anteriormente. As reclama\u00e7\u00f5es de clientes relacionadas a vazamentos foram reduzidas em mais de 40%, o que contribuiu para aumentar a confian\u00e7a do cliente na marca. Houve 5 pedidos repetidos em 12 meses.<\/p>\n<h2>Dicas de personaliza\u00e7\u00e3o para voc\u00ea<\/h2>\n<ol>\n<li><strong>Marca\u00e7\u00e3o de capacidade personalizada:<\/strong> Incorpore escalas de medi\u00e7\u00e3o moldadas ou impressas (ml\/oz) para permitir medi\u00e7\u00f5es precisas em laborat\u00f3rio e reconhecimento r\u00e1pido.<\/li>\n<li><strong>Logotipo em relevo ou baixo-relevo:<\/strong> Coloque o logotipo da marca ou o c\u00f3digo do lote no corpo ou no fundo da garrafa para criar uma identidade visual duradoura.<\/li>\n<li><strong>Op\u00e7\u00f5es de tratamento de superf\u00edcie:<\/strong> Adicione recursos de manuseio seguro em laborat\u00f3rio por meio de pain\u00e9is de rotulagem foscos, revestimento fosco em spray ou textura antiderrapante.<\/li>\n<\/ol>","protected":false},"excerpt":{"rendered":"<p>Frasco de reagente premium com boca larga, transparente ou \u00e2mbar, para armazenamento em laborat\u00f3rio. Fornecimento direto da f\u00e1brica com personaliza\u00e7\u00e3o em grandes quantidades e envio r\u00e1pido. Amostra gr\u00e1tis.<\/p>","protected":false},"featured_media":5746,"template":"","meta":{"postBodyCss":"","postBodyMargin":[],"postBodyPadding":[],"postBodyBackground":{"backgroundType":"classic","gradient":""}},"product_brand":[],"product_cat":[15,86,16],"product_tag":[89,103,90],"class_list":{"0":"post-5742","1":"product","2":"type-product","3":"status-publish","4":"has-post-thumbnail","6":"product_cat-glass-containers","7":"product_cat-glass-medicine-bottles","8":"product_cat-glass-bottles","9":"product_tag-glass-pill-bottles","10":"product_tag-pharmacy-jars","11":"product_tag-reagent-bottles","13":"first","14":"instock","15":"shipping-taxable","16":"product-type-simple"},"jetpack_sharing_enabled":true,"_links":{"self":[{"href":"https:\/\/minghanggroup.com\/pt\/wp-json\/wp\/v2\/product\/5742","targetHints":{"allow":["GET"]}}],"collection":[{"href":"https:\/\/minghanggroup.com\/pt\/wp-json\/wp\/v2\/product"}],"about":[{"href":"https:\/\/minghanggroup.com\/pt\/wp-json\/wp\/v2\/types\/product"}],"wp:featuredmedia":[{"embeddable":true,"href":"https:\/\/minghanggroup.com\/pt\/wp-json\/wp\/v2\/media\/5746"}],"wp:attachment":[{"href":"https:\/\/minghanggroup.com\/pt\/wp-json\/wp\/v2\/media?parent=5742"}],"wp:term":[{"taxonomy":"product_brand","embeddable":true,"href":"https:\/\/minghanggroup.com\/pt\/wp-json\/wp\/v2\/product_brand?post=5742"},{"taxonomy":"product_cat","embeddable":true,"href":"https:\/\/minghanggroup.com\/pt\/wp-json\/wp\/v2\/product_cat?post=5742"},{"taxonomy":"product_tag","embeddable":true,"href":"https:\/\/minghanggroup.com\/pt\/wp-json\/wp\/v2\/product_tag?post=5742"}],"curies":[{"name":"wp","href":"https:\/\/api.w.org\/{rel}","templated":true}]}}