{"id":5733,"date":"2026-02-26T15:19:13","date_gmt":"2026-02-26T07:19:13","guid":{"rendered":"https:\/\/minghanggroup.com\/?post_type=product&#038;p=5733"},"modified":"2026-03-02T15:53:18","modified_gmt":"2026-03-02T07:53:18","slug":"glass-reagent-bottles-for-laboratory-use-bulk","status":"publish","type":"product","link":"https:\/\/minghanggroup.com\/pt\/produto\/glass-reagent-bottles-for-laboratory-use-bulk\/","title":{"rendered":"Frascos de vidro para reagentes, de 30 ml a 1000 ml, para uso em laborat\u00f3rio (em grandes quantidades)"},"content":{"rendered":"<p>Voc\u00ea n\u00e3o est\u00e1 apenas armazenando reagentes, mas tamb\u00e9m protegendo seus experimentos. Nossos frascos para reagentes foram projetados para atender \u00e0s exig\u00eancias de laborat\u00f3rios que buscam precis\u00e3o. Utilizamos vidro borossilicato na fabrica\u00e7\u00e3o dos frascos, que podem ser transparentes (permitindo a visualiza\u00e7\u00e3o de l\u00edquidos claros), \u00e2mbar (devido \u00e0 sensibilidade \u00e0 luz do medicamento ou reagente), etc. Os padr\u00f5es de embalagens farmac\u00eauticas est\u00e3o em conformidade com a realidade do laborat\u00f3rio. Tamanho do frasco? Entre 30 ml (adequado para amostras de tamanho de dram) e 1000 ml. Tampa? Tampas de rosca seguras. Seu reagente permanece purificado da bancada \u00e0 prateleira.<\/p>\n<h2>Caracter\u00edsticas do produto<\/h2>\n<ul>\n<li><strong>Seguran\u00e7a para pesco\u00e7o estreito:<\/strong> O design de boca estreita e precisa evita derramamentos ao despejar. Trave os recipientes firmemente, sem mais vazamentos de l\u00edquidos.<\/li>\n<li><strong>\u00c2mbar claro e protetor:<\/strong> Frascos de vidro \u00e2mbar protegem os corantes dos danos causados \u200b\u200bpelos raios UV. Os transparentes s\u00e3o perfeitos para verificar a cor do l\u00edquido. Ambos ajudam a manter a estabilidade do medicamento.<\/li>\n<li><strong>Efici\u00eancia no atacado:<\/strong> Adquira frascos de vidro para reagentes no atacado. Tenha r\u00f3tulos personalizados, recipientes terap\u00eauticos em diversos formatos e amostras dentro do seu or\u00e7amento. Sua cadeia de suprimentos ficou mais eficiente.<\/li>\n<\/ul>\n<h2>Especifica\u00e7\u00f5es principais<\/h2>\n<table style=\"border-collapse: collapse; width: 80%; margin-left: auto; margin-right: auto;\" border=\"0\" width=\"360\" cellspacing=\"0\" cellpadding=\"0\">\n<tbody>\n<tr style=\"height: 13.50pt;\">\n<td style=\"height: 13.5pt; width: 54pt; text-align: center;\" width=\"72\" height=\"18\">Capacidade (ml)<\/td>\n<td style=\"width: 54pt; text-align: center;\" width=\"72\">Tamanho (cm)<\/td>\n<td style=\"width: 54pt; text-align: center;\" width=\"72\">Di\u00e2metros interno\/externo (mm)<\/td>\n<td style=\"width: 54pt; text-align: center;\" width=\"72\">Cor<\/td>\n<td style=\"width: 54pt; text-align: center;\" width=\"72\">Material<\/td>\n<\/tr>\n<tr style=\"height: 13.50pt;\">\n<td style=\"height: 13.5pt; text-align: center;\" align=\"right\" height=\"18\">30<\/td>\n<td style=\"text-align: center;\">3,89 \u00d7 7,81<\/td>\n<td class=\"et2\" style=\"text-align: center;\">16.2 \/ 26<\/td>\n<td class=\"et2\" style=\"text-align: center;\" rowspan=\"6\">Transparente\/\u00c2mbar<\/td>\n<td class=\"et2\" style=\"text-align: center;\" rowspan=\"6\">Vidro borossilicato<\/td>\n<\/tr>\n<tr style=\"height: 13.50pt;\">\n<td style=\"height: 13.5pt; text-align: center;\" align=\"right\" height=\"18\">60<\/td>\n<td style=\"text-align: center;\">4,51 \u00d7 8,72<\/td>\n<td class=\"et2\" style=\"text-align: center;\">16.5 \/ 26<\/td>\n<\/tr>\n<tr style=\"height: 13.50pt;\">\n<td style=\"height: 13.5pt; text-align: center;\" align=\"right\" height=\"18\">125<\/td>\n<td style=\"text-align: center;\">5,25 \u00d7 11,50<\/td>\n<td class=\"et2\" style=\"text-align: center;\">18.6 \/ 30<\/td>\n<\/tr>\n<tr style=\"height: 13.50pt;\">\n<td style=\"height: 13.5pt; text-align: center;\" align=\"right\" height=\"18\">250<\/td>\n<td style=\"text-align: center;\">7,00 \u00d7 13,89<\/td>\n<td class=\"et2\" style=\"text-align: center;\">22.4 \/ 35<\/td>\n<\/tr>\n<tr style=\"height: 13.50pt;\">\n<td style=\"height: 13.5pt; text-align: center;\" align=\"right\" height=\"18\">500<\/td>\n<td style=\"text-align: center;\">8,16 \u00d7 16,98<\/td>\n<td class=\"et2\" style=\"text-align: center;\">27.0 \/ 40<\/td>\n<\/tr>\n<tr style=\"height: 13.50pt;\">\n<td style=\"height: 13.5pt; text-align: center;\" align=\"right\" height=\"18\">1000<\/td>\n<td style=\"text-align: center;\">10,38 \u00d7 21,08<\/td>\n<td class=\"et2\" style=\"text-align: center;\">33.2 \/ 48<\/td>\n<\/tr>\n<\/tbody>\n<\/table>\n<h2>Caso de sucesso<\/h2>\n<p>Uma empresa farmac\u00eautica buscava uma solu\u00e7\u00e3o de embalagem confi\u00e1vel para seus reagentes l\u00edquidos sens\u00edveis. Eles escolheram nossos frascos de vidro transparente para reagentes. A empresa optou por uma superf\u00edcie lisa e transparente para facilitar a visualiza\u00e7\u00e3o do conte\u00fado, al\u00e9m de grava\u00e7\u00e3o a laser para exibir claramente o nome do l\u00edquido em seu interior.<\/p>\n<p>A empresa farmac\u00eautica relatou uma redu\u00e7\u00e3o de 30% nas quebras e um aumento de 25% nas recompras, o que a levou a continuar fazendo pedidos em grande quantidade nos trimestres seguintes.<\/p>\n<h2>Personaliza\u00e7\u00e3o para voc\u00ea<\/h2>\n<ol>\n<li><strong>Etiquetagem serigrafada:<\/strong> Cole etiquetas serigrafadas, n\u00fameros de lote ou s\u00edmbolos de perigo no vidro para que n\u00e3o sejam removidos ao descascar e possam ser lidos facilmente a longo prazo.<\/li>\n<li><strong>Vidro transparente ou \u00e2mbar:<\/strong> Selecione vidro transparente ou \u00e2mbar para atender \u00e0s necessidades de materiais sens\u00edveis \u00e0 luz, de forma a criar o melhor ambiente de armazenamento.<\/li>\n<li><strong>Marca\u00e7\u00f5es de medi\u00e7\u00e3o graduadas:<\/strong> Adicione marca\u00e7\u00f5es de volume na garrafa, gravadas ou impressas, para que o conte\u00fado possa ser medido com precis\u00e3o e lido com facilidade.<\/li>\n<\/ol>","protected":false},"excerpt":{"rendered":"<p>Frascos de vidro para reagentes, ideais para o armazenamento seguro de produtos qu\u00edmicos. Fabrica\u00e7\u00e3o direta da f\u00e1brica, com op\u00e7\u00f5es de personaliza\u00e7\u00e3o em grandes quantidades e amostras gr\u00e1tis para uso em laborat\u00f3rio e padr\u00f5es da ind\u00fastria.<\/p>","protected":false},"featured_media":5741,"template":"","meta":{"postBodyCss":"","postBodyMargin":[],"postBodyPadding":[],"postBodyBackground":{"backgroundType":"classic","gradient":""}},"product_brand":[],"product_cat":[15,86,16],"product_tag":[103,90],"class_list":{"0":"post-5733","1":"product","2":"type-product","3":"status-publish","4":"has-post-thumbnail","6":"product_cat-glass-containers","7":"product_cat-glass-medicine-bottles","8":"product_cat-glass-bottles","9":"product_tag-pharmacy-jars","10":"product_tag-reagent-bottles","12":"first","13":"instock","14":"shipping-taxable","15":"product-type-simple"},"jetpack_sharing_enabled":true,"_links":{"self":[{"href":"https:\/\/minghanggroup.com\/pt\/wp-json\/wp\/v2\/product\/5733","targetHints":{"allow":["GET"]}}],"collection":[{"href":"https:\/\/minghanggroup.com\/pt\/wp-json\/wp\/v2\/product"}],"about":[{"href":"https:\/\/minghanggroup.com\/pt\/wp-json\/wp\/v2\/types\/product"}],"wp:featuredmedia":[{"embeddable":true,"href":"https:\/\/minghanggroup.com\/pt\/wp-json\/wp\/v2\/media\/5741"}],"wp:attachment":[{"href":"https:\/\/minghanggroup.com\/pt\/wp-json\/wp\/v2\/media?parent=5733"}],"wp:term":[{"taxonomy":"product_brand","embeddable":true,"href":"https:\/\/minghanggroup.com\/pt\/wp-json\/wp\/v2\/product_brand?post=5733"},{"taxonomy":"product_cat","embeddable":true,"href":"https:\/\/minghanggroup.com\/pt\/wp-json\/wp\/v2\/product_cat?post=5733"},{"taxonomy":"product_tag","embeddable":true,"href":"https:\/\/minghanggroup.com\/pt\/wp-json\/wp\/v2\/product_tag?post=5733"}],"curies":[{"name":"wp","href":"https:\/\/api.w.org\/{rel}","templated":true}]}}